{"id":9651,"date":"2025-05-11T11:36:07","date_gmt":"2025-05-11T11:36:07","guid":{"rendered":"https:\/\/www.nomadecrafts.com\/?post_type=product&#038;p=9651"},"modified":"2026-03-31T10:51:13","modified_gmt":"2026-03-31T10:51:13","slug":"cordouan-lighthouse-lamp-pattern","status":"publish","type":"product","link":"https:\/\/www.nomadecrafts.com\/tr\/store\/cordouan-lighthouse-lamp-pattern\/","title":{"rendered":"Cordouan Deniz Feneri Lamba Deseni"},"content":{"rendered":"<p>Bu fiziksel bir \u00fcr\u00fcn de\u011fil, dijital PDF dosyalar\u0131ndan olu\u015fan bir settir:<\/p>\n<p>\ud83d\udcd8 \u0130landaki foto\u011fraflarda (PDF, AI, DXF, SVG) g\u00f6sterilen projenin deseni.<br \/>\n\ud83d\udcd4 Projenin tamamlanmas\u0131 i\u00e7in gereken t\u00fcm ad\u0131mlar\u0131 anlatan resimli e\u011fitim.<\/p>\n<p>\ud83d\udca1 Bu desen, US letter, A4 ve A2 versiyonlar\u0131n\u0131n yan\u0131 s\u0131ra (Glowforge, XTool vb.) gibi lazer kesim makineleri veya kesim plotterlar\u0131 (Cricut) ile kullan\u0131labilir hale getirmek i\u00e7in 3 farkl\u0131 vekt\u00f6r dosya format\u0131nda sunulmaktad\u0131r.<\/p>","protected":false},"excerpt":{"rendered":"<p>Bu deseni sat\u0131n al\u0131n ve deri ile benzersiz ve mimari a\u00e7\u0131dan do\u011fru bir deniz feneri lambas\u0131 i\u00e7in \u00f6\u011freticiyi takip edin. Fransa'da bulunan as\u0131rl\u0131k Cordouan deniz fenerinden esinlenerek modellenmi\u015ftir.<\/p>\n<hr \/>\n<p><strong>\u0130lgili e\u011fitim:<\/strong> <a href=\"https:\/\/www.nomadecrafts.com\/tr\/cordouan-lighthouse-lamp\/\">Cordouan Deniz Feneri Lambas\u0131<\/a><\/p>","protected":false},"featured_media":12505,"comment_status":"open","ping_status":"closed","template":"","meta":{"_vp_format_video_url":"","_vp_image_focal_point":[]},"product_brand":[423],"product_cat":[399,1129],"product_tag":[565,1127,1128,448,562,541,556,1126,543,538,557,561,544,560,564,552,545,1125,553,539,504],"class_list":{"0":"post-9651","1":"product","2":"type-product","3":"status-publish","4":"has-post-thumbnail","6":"product_brand-nomadecrafts","7":"product_cat-home-decor","8":"product_cat-lamps","9":"product_tag-advanced-leather-project","10":"product_tag-architectural-leather-art","11":"product_tag-cordouan-lighthouse","12":"product_tag-craft-tutorial","13":"product_tag-cricut-leather-design","14":"product_tag-cricut-template","15":"product_tag-custom-leather-lamp","16":"product_tag-decorative-lamp","17":"product_tag-diy-leather-project","18":"product_tag-dxf-file","19":"product_tag-handmade-lamp-pattern","20":"product_tag-laser-cut-leather-art","21":"product_tag-laser-cutting-project","22":"product_tag-leather-home-decor","23":"product_tag-leathercraft-for-beginners","24":"product_tag-leathercraft-lamp-design","25":"product_tag-leatherworking-tutorial","26":"product_tag-living-room-lamp","27":"product_tag-pdf-leather-pattern","28":"product_tag-svg-file","29":"product_tag-vector-files-for-laser-cutting","31":"first","32":"instock","33":"featured","34":"downloadable","35":"virtual","36":"sold-individually","37":"purchasable","38":"product-type-simple"},"yoast_head":"<!-- This site is optimized with the Yoast SEO plugin v27.4 - https:\/\/yoast.com\/product\/yoast-seo-wordpress\/ -->\n<title>Cordouan Lighthouse Lamp Pattern - NomadeCrafts<\/title>\n<meta name=\"description\" content=\"Create a stunning and architecturally accurate Cordouan lighthouse lamp with leather! This leathercraft pattern comes with PDF &amp; vector files.\" \/>\n<meta name=\"robots\" content=\"index, follow, max-snippet:-1, max-image-preview:large, max-video-preview:-1\" \/>\n<link rel=\"canonical\" href=\"https:\/\/www.nomadecrafts.com\/tr\/store\/cordouan-lighthouse-lamp-pattern\/\" \/>\n<meta property=\"og:locale\" content=\"tr_TR\" \/>\n<meta property=\"og:type\" content=\"article\" \/>\n<meta property=\"og:title\" content=\"Cordouan Lighthouse Lamp Pattern - NomadeCrafts\" \/>\n<meta property=\"og:description\" content=\"Create a stunning and architecturally accurate Cordouan lighthouse lamp with leather! This leathercraft pattern comes with PDF &amp; vector files.\" \/>\n<meta property=\"og:url\" content=\"https:\/\/www.nomadecrafts.com\/tr\/store\/cordouan-lighthouse-lamp-pattern\/\" \/>\n<meta property=\"og:site_name\" content=\"NomadeCrafts\" \/>\n<meta property=\"article:modified_time\" content=\"2026-03-31T10:51:13+00:00\" \/>\n<meta property=\"og:image\" content=\"https:\/\/www.nomadecrafts.com\/wp-content\/uploads\/2026\/03\/Lighthouse_lamp_leather_pattern_listing_photos_Main-scaled.webp\" \/>\n\t<meta property=\"og:image:width\" content=\"2560\" \/>\n\t<meta property=\"og:image:height\" content=\"2560\" \/>\n\t<meta property=\"og:image:type\" content=\"image\/webp\" \/>\n<meta name=\"twitter:card\" content=\"summary_large_image\" \/>\n<script type=\"application\/ld+json\" class=\"yoast-schema-graph\">{\"@context\":\"https:\\\/\\\/schema.org\",\"@graph\":[{\"@type\":\"WebPage\",\"@id\":\"https:\\\/\\\/www.nomadecrafts.com\\\/store\\\/cordouan-lighthouse-lamp-pattern\\\/\",\"url\":\"https:\\\/\\\/www.nomadecrafts.com\\\/store\\\/cordouan-lighthouse-lamp-pattern\\\/\",\"name\":\"Cordouan Lighthouse Lamp Pattern - NomadeCrafts\",\"isPartOf\":{\"@id\":\"https:\\\/\\\/www.nomadecrafts.com\\\/#website\"},\"primaryImageOfPage\":{\"@id\":\"https:\\\/\\\/www.nomadecrafts.com\\\/store\\\/cordouan-lighthouse-lamp-pattern\\\/#primaryimage\"},\"image\":{\"@id\":\"https:\\\/\\\/www.nomadecrafts.com\\\/store\\\/cordouan-lighthouse-lamp-pattern\\\/#primaryimage\"},\"thumbnailUrl\":\"https:\\\/\\\/www.nomadecrafts.com\\\/wp-content\\\/uploads\\\/2026\\\/03\\\/Lighthouse_lamp_leather_pattern_listing_photos_Main-scaled.webp\",\"datePublished\":\"2025-05-11T11:36:07+00:00\",\"dateModified\":\"2026-03-31T10:51:13+00:00\",\"description\":\"Create a stunning and architecturally accurate Cordouan lighthouse lamp with leather! This leathercraft pattern comes with PDF & vector files.\",\"breadcrumb\":{\"@id\":\"https:\\\/\\\/www.nomadecrafts.com\\\/store\\\/cordouan-lighthouse-lamp-pattern\\\/#breadcrumb\"},\"inLanguage\":\"tr\",\"potentialAction\":[{\"@type\":\"ReadAction\",\"target\":[\"https:\\\/\\\/www.nomadecrafts.com\\\/store\\\/cordouan-lighthouse-lamp-pattern\\\/\"]}]},{\"@type\":\"ImageObject\",\"inLanguage\":\"tr\",\"@id\":\"https:\\\/\\\/www.nomadecrafts.com\\\/store\\\/cordouan-lighthouse-lamp-pattern\\\/#primaryimage\",\"url\":\"https:\\\/\\\/www.nomadecrafts.com\\\/wp-content\\\/uploads\\\/2026\\\/03\\\/Lighthouse_lamp_leather_pattern_listing_photos_Main-scaled.webp\",\"contentUrl\":\"https:\\\/\\\/www.nomadecrafts.com\\\/wp-content\\\/uploads\\\/2026\\\/03\\\/Lighthouse_lamp_leather_pattern_listing_photos_Main-scaled.webp\",\"width\":2560,\"height\":2560},{\"@type\":\"BreadcrumbList\",\"@id\":\"https:\\\/\\\/www.nomadecrafts.com\\\/store\\\/cordouan-lighthouse-lamp-pattern\\\/#breadcrumb\",\"itemListElement\":[{\"@type\":\"ListItem\",\"position\":1,\"name\":\"Home\",\"item\":\"https:\\\/\\\/www.nomadecrafts.com\\\/\"},{\"@type\":\"ListItem\",\"position\":2,\"name\":\"Pattern Store\",\"item\":\"https:\\\/\\\/www.nomadecrafts.com\\\/store\\\/\"},{\"@type\":\"ListItem\",\"position\":3,\"name\":\"Cordouan Lighthouse Lamp Pattern\"}]},{\"@type\":\"WebSite\",\"@id\":\"https:\\\/\\\/www.nomadecrafts.com\\\/#website\",\"url\":\"https:\\\/\\\/www.nomadecrafts.com\\\/\",\"name\":\"Nomade Crafts&Dreams\",\"description\":\"Your Leathercraft Haven: Patterns, Tutorials, and Inspiration\",\"publisher\":{\"@id\":\"https:\\\/\\\/www.nomadecrafts.com\\\/#organization\"},\"potentialAction\":[{\"@type\":\"SearchAction\",\"target\":{\"@type\":\"EntryPoint\",\"urlTemplate\":\"https:\\\/\\\/www.nomadecrafts.com\\\/?s={search_term_string}\"},\"query-input\":{\"@type\":\"PropertyValueSpecification\",\"valueRequired\":true,\"valueName\":\"search_term_string\"}}],\"inLanguage\":\"tr\"},{\"@type\":\"Organization\",\"@id\":\"https:\\\/\\\/www.nomadecrafts.com\\\/#organization\",\"name\":\"Nomadecraftsanddreams\",\"url\":\"https:\\\/\\\/www.nomadecrafts.com\\\/\",\"logo\":{\"@type\":\"ImageObject\",\"inLanguage\":\"tr\",\"@id\":\"https:\\\/\\\/www.nomadecrafts.com\\\/#\\\/schema\\\/logo\\\/image\\\/\",\"url\":\"https:\\\/\\\/nomadecrafts.com\\\/wp-content\\\/uploads\\\/2020\\\/11\\\/Nomade_logo_draft_bold.svg_.png\",\"contentUrl\":\"https:\\\/\\\/nomadecrafts.com\\\/wp-content\\\/uploads\\\/2020\\\/11\\\/Nomade_logo_draft_bold.svg_.png\",\"width\":1000,\"height\":1000,\"caption\":\"Nomadecraftsanddreams\"},\"image\":{\"@id\":\"https:\\\/\\\/www.nomadecrafts.com\\\/#\\\/schema\\\/logo\\\/image\\\/\"},\"sameAs\":[\"https:\\\/\\\/www.instagram.com\\\/nomadecraftsanddreams\\\/\",\"https:\\\/\\\/www.pinterest.es\\\/nomadecraftsanddreams\\\/\",\"https:\\\/\\\/www.youtube.com\\\/channel\\\/UCKbAvDv7gdbmYTozbI-FCGg\"]}]}<\/script>\n<!-- \/ Yoast SEO plugin. -->","yoast_head_json":{"title":"Cordouan Deniz Feneri Lamba Deseni - NomadeCrafts","description":"Deri ile \u00e7arp\u0131c\u0131 ve mimari a\u00e7\u0131dan do\u011fru bir Cordouan deniz feneri lambas\u0131 yarat\u0131n! Bu deri i\u015fleme deseni PDF ve vekt\u00f6r dosyalar\u0131yla birlikte gelir.","robots":{"index":"index","follow":"follow","max-snippet":"max-snippet:-1","max-image-preview":"max-image-preview:large","max-video-preview":"max-video-preview:-1"},"canonical":"https:\/\/www.nomadecrafts.com\/tr\/store\/cordouan-lighthouse-lamp-pattern\/","og_locale":"tr_TR","og_type":"article","og_title":"Cordouan Lighthouse Lamp Pattern - NomadeCrafts","og_description":"Create a stunning and architecturally accurate Cordouan lighthouse lamp with leather! This leathercraft pattern comes with PDF & vector files.","og_url":"https:\/\/www.nomadecrafts.com\/tr\/store\/cordouan-lighthouse-lamp-pattern\/","og_site_name":"NomadeCrafts","article_modified_time":"2026-03-31T10:51:13+00:00","og_image":[{"width":2560,"height":2560,"url":"https:\/\/www.nomadecrafts.com\/wp-content\/uploads\/2026\/03\/Lighthouse_lamp_leather_pattern_listing_photos_Main-scaled.webp","type":"image\/webp"}],"twitter_card":"summary_large_image","schema":{"@context":"https:\/\/schema.org","@graph":[{"@type":"WebPage","@id":"https:\/\/www.nomadecrafts.com\/store\/cordouan-lighthouse-lamp-pattern\/","url":"https:\/\/www.nomadecrafts.com\/store\/cordouan-lighthouse-lamp-pattern\/","name":"Cordouan Deniz Feneri Lamba Deseni - NomadeCrafts","isPartOf":{"@id":"https:\/\/www.nomadecrafts.com\/#website"},"primaryImageOfPage":{"@id":"https:\/\/www.nomadecrafts.com\/store\/cordouan-lighthouse-lamp-pattern\/#primaryimage"},"image":{"@id":"https:\/\/www.nomadecrafts.com\/store\/cordouan-lighthouse-lamp-pattern\/#primaryimage"},"thumbnailUrl":"https:\/\/www.nomadecrafts.com\/wp-content\/uploads\/2026\/03\/Lighthouse_lamp_leather_pattern_listing_photos_Main-scaled.webp","datePublished":"2025-05-11T11:36:07+00:00","dateModified":"2026-03-31T10:51:13+00:00","description":"Deri ile \u00e7arp\u0131c\u0131 ve mimari a\u00e7\u0131dan do\u011fru bir Cordouan deniz feneri lambas\u0131 yarat\u0131n! Bu deri i\u015fleme deseni PDF ve vekt\u00f6r dosyalar\u0131yla birlikte gelir.","breadcrumb":{"@id":"https:\/\/www.nomadecrafts.com\/store\/cordouan-lighthouse-lamp-pattern\/#breadcrumb"},"inLanguage":"tr","potentialAction":[{"@type":"ReadAction","target":["https:\/\/www.nomadecrafts.com\/store\/cordouan-lighthouse-lamp-pattern\/"]}]},{"@type":"ImageObject","inLanguage":"tr","@id":"https:\/\/www.nomadecrafts.com\/store\/cordouan-lighthouse-lamp-pattern\/#primaryimage","url":"https:\/\/www.nomadecrafts.com\/wp-content\/uploads\/2026\/03\/Lighthouse_lamp_leather_pattern_listing_photos_Main-scaled.webp","contentUrl":"https:\/\/www.nomadecrafts.com\/wp-content\/uploads\/2026\/03\/Lighthouse_lamp_leather_pattern_listing_photos_Main-scaled.webp","width":2560,"height":2560},{"@type":"BreadcrumbList","@id":"https:\/\/www.nomadecrafts.com\/store\/cordouan-lighthouse-lamp-pattern\/#breadcrumb","itemListElement":[{"@type":"ListItem","position":1,"name":"Home","item":"https:\/\/www.nomadecrafts.com\/"},{"@type":"ListItem","position":2,"name":"Pattern Store","item":"https:\/\/www.nomadecrafts.com\/store\/"},{"@type":"ListItem","position":3,"name":"Cordouan Lighthouse Lamp Pattern"}]},{"@type":"WebSite","@id":"https:\/\/www.nomadecrafts.com\/#website","url":"https:\/\/www.nomadecrafts.com\/","name":"Nomade El Sanatlar\u0131 ve R\u00fcyalar","description":"Deri El Sanatlar\u0131 Cennetiniz: Desenler, E\u011fitimler ve \u0130lham","publisher":{"@id":"https:\/\/www.nomadecrafts.com\/#organization"},"potentialAction":[{"@type":"SearchAction","target":{"@type":"EntryPoint","urlTemplate":"https:\/\/www.nomadecrafts.com\/?s={search_term_string}"},"query-input":{"@type":"PropertyValueSpecification","valueRequired":true,"valueName":"search_term_string"}}],"inLanguage":"tr"},{"@type":"Organization","@id":"https:\/\/www.nomadecrafts.com\/#organization","name":"Nomadecraftsanddreams","url":"https:\/\/www.nomadecrafts.com\/","logo":{"@type":"ImageObject","inLanguage":"tr","@id":"https:\/\/www.nomadecrafts.com\/#\/schema\/logo\/image\/","url":"https:\/\/nomadecrafts.com\/wp-content\/uploads\/2020\/11\/Nomade_logo_draft_bold.svg_.png","contentUrl":"https:\/\/nomadecrafts.com\/wp-content\/uploads\/2020\/11\/Nomade_logo_draft_bold.svg_.png","width":1000,"height":1000,"caption":"Nomadecraftsanddreams"},"image":{"@id":"https:\/\/www.nomadecrafts.com\/#\/schema\/logo\/image\/"},"sameAs":["https:\/\/www.instagram.com\/nomadecraftsanddreams\/","https:\/\/www.pinterest.es\/nomadecraftsanddreams\/","https:\/\/www.youtube.com\/channel\/UCKbAvDv7gdbmYTozbI-FCGg"]}]}},"_links":{"self":[{"href":"https:\/\/www.nomadecrafts.com\/tr\/wp-json\/wp\/v2\/product\/9651","targetHints":{"allow":["GET"]}}],"collection":[{"href":"https:\/\/www.nomadecrafts.com\/tr\/wp-json\/wp\/v2\/product"}],"about":[{"href":"https:\/\/www.nomadecrafts.com\/tr\/wp-json\/wp\/v2\/types\/product"}],"replies":[{"embeddable":true,"href":"https:\/\/www.nomadecrafts.com\/tr\/wp-json\/wp\/v2\/comments?post=9651"}],"wp:featuredmedia":[{"embeddable":true,"href":"https:\/\/www.nomadecrafts.com\/tr\/wp-json\/wp\/v2\/media\/12505"}],"wp:attachment":[{"href":"https:\/\/www.nomadecrafts.com\/tr\/wp-json\/wp\/v2\/media?parent=9651"}],"wp:term":[{"taxonomy":"product_brand","embeddable":true,"href":"https:\/\/www.nomadecrafts.com\/tr\/wp-json\/wp\/v2\/product_brand?post=9651"},{"taxonomy":"product_cat","embeddable":true,"href":"https:\/\/www.nomadecrafts.com\/tr\/wp-json\/wp\/v2\/product_cat?post=9651"},{"taxonomy":"product_tag","embeddable":true,"href":"https:\/\/www.nomadecrafts.com\/tr\/wp-json\/wp\/v2\/product_tag?post=9651"}],"curies":[{"name":"wp","href":"https:\/\/api.w.org\/{rel}","templated":true}]}}