{"id":8625,"date":"2025-02-27T07:56:59","date_gmt":"2025-02-27T07:56:59","guid":{"rendered":"https:\/\/www.nomadecrafts.com\/?post_type=product&#038;p=8625"},"modified":"2026-02-17T00:49:00","modified_gmt":"2026-02-17T00:49:00","slug":"ox-plush-pattern","status":"publish","type":"product","link":"https:\/\/www.nomadecrafts.com\/tr\/store\/ox-plush-pattern\/","title":{"rendered":"\u00d6k\u00fcz Pelu\u015f Desen"},"content":{"rendered":"<p>\ud83c\udf1f <strong>Bu desen herkes i\u00e7in \u00fccretsizdir!<\/strong> \ud83c\udf1f<br \/>\nYarat\u0131c\u0131l\u0131\u011f\u0131n herkes i\u00e7in eri\u015filebilir olmas\u0131 gerekti\u011fine inan\u0131yorum, bu y\u00fczden bu deseni tamamen \u00fccretsiz indirebilirsiniz. Ancak, bu tasar\u0131m\u0131 be\u011fendiyseniz ve yararl\u0131 bulduysan\u0131z, istedi\u011finiz miktarda katk\u0131da bulunabilirsiniz. Deste\u011finiz, el sanatlar\u0131 toplulu\u011fu i\u00e7in daha y\u00fcksek kaliteli desenler ve e\u011fitimler olu\u015fturmama yard\u0131mc\u0131 oluyor.<\/p>\n<p>Her katk\u0131, ne kadar k\u00fc\u00e7\u00fck olursa olsun, b\u00fcy\u00fck bir fark yarat\u0131r ve deri i\u015f\u00e7ili\u011fine olan tutkumu payla\u015fmaya devam etmemi sa\u011flar. Bu yolculu\u011fun bir par\u00e7as\u0131 oldu\u011funuz i\u00e7in te\u015fekk\u00fcr ederim\u2014deste\u011finiz d\u00fcnyalar anlam\u0131na geliyor!<\/p>\n<p><strong>\u00dccretsiz indirin veya ne kadar \u00f6demeniz gerekti\u011fini d\u00fc\u015f\u00fcn\u00fcyorsan\u0131z onu \u00f6deyin.<\/strong><\/p>","protected":false},"excerpt":{"rendered":"<p>Kendi k\u00fc\u00e7\u00fck deri \u00f6k\u00fcz pelu\u015funuzu yapmak i\u00e7in e\u011fitimi takip edin!<\/p>\n<hr \/>\n<p><strong>\u0130lgili e\u011fitim:<\/strong> <a href=\"https:\/\/www.nomadecrafts.com\/tr\/stuffed-leather-ox\/\">Doldurulmu\u015f Deri \u00d6k\u00fcz<\/a><\/p>","protected":false},"featured_media":8667,"comment_status":"open","ping_status":"closed","template":"","meta":{"_vp_format_video_url":"","_vp_image_focal_point":[]},"product_brand":[423],"product_cat":[495],"product_tag":[],"class_list":{"0":"post-8625","1":"product","2":"type-product","3":"status-publish","4":"has-post-thumbnail","6":"product_brand-nomadecrafts","7":"product_cat-free-patterns","9":"first","10":"instock","11":"downloadable","12":"virtual","13":"sold-individually","14":"purchasable","15":"product-type-simple"},"yoast_head":"<!-- This site is optimized with the Yoast SEO plugin v27.4 - https:\/\/yoast.com\/product\/yoast-seo-wordpress\/ -->\n<title>Ox Plush Pattern - NomadeCrafts<\/title>\n<meta name=\"robots\" content=\"index, follow, max-snippet:-1, max-image-preview:large, max-video-preview:-1\" \/>\n<link rel=\"canonical\" href=\"https:\/\/www.nomadecrafts.com\/tr\/store\/ox-plush-pattern\/\" \/>\n<meta property=\"og:locale\" content=\"tr_TR\" \/>\n<meta property=\"og:type\" content=\"article\" \/>\n<meta property=\"og:title\" content=\"Ox Plush Pattern - NomadeCrafts\" \/>\n<meta property=\"og:description\" content=\"Follow along the tutorial to make your own little leather ox plush!    Related tutorial: Stuffed Leather Ox\" \/>\n<meta property=\"og:url\" content=\"https:\/\/www.nomadecrafts.com\/tr\/store\/ox-plush-pattern\/\" \/>\n<meta property=\"og:site_name\" content=\"NomadeCrafts\" \/>\n<meta property=\"article:modified_time\" content=\"2026-02-17T00:49:00+00:00\" \/>\n<meta property=\"og:image\" content=\"https:\/\/www.nomadecrafts.com\/wp-content\/uploads\/2025\/02\/Etsy_featured_template_First-scaled.jpg\" \/>\n\t<meta property=\"og:image:width\" content=\"2560\" \/>\n\t<meta property=\"og:image:height\" content=\"1916\" \/>\n\t<meta property=\"og:image:type\" content=\"image\/jpeg\" \/>\n<meta name=\"twitter:card\" content=\"summary_large_image\" \/>\n<meta name=\"twitter:label1\" content=\"Tahmini okuma s\u00fcresi\" \/>\n\t<meta name=\"twitter:data1\" content=\"1 dakika\" \/>\n<script type=\"application\/ld+json\" class=\"yoast-schema-graph\">{\"@context\":\"https:\\\/\\\/schema.org\",\"@graph\":[{\"@type\":\"WebPage\",\"@id\":\"https:\\\/\\\/www.nomadecrafts.com\\\/store\\\/ox-plush-pattern\\\/\",\"url\":\"https:\\\/\\\/www.nomadecrafts.com\\\/store\\\/ox-plush-pattern\\\/\",\"name\":\"Ox Plush Pattern - NomadeCrafts\",\"isPartOf\":{\"@id\":\"https:\\\/\\\/www.nomadecrafts.com\\\/#website\"},\"primaryImageOfPage\":{\"@id\":\"https:\\\/\\\/www.nomadecrafts.com\\\/store\\\/ox-plush-pattern\\\/#primaryimage\"},\"image\":{\"@id\":\"https:\\\/\\\/www.nomadecrafts.com\\\/store\\\/ox-plush-pattern\\\/#primaryimage\"},\"thumbnailUrl\":\"https:\\\/\\\/www.nomadecrafts.com\\\/wp-content\\\/uploads\\\/2025\\\/02\\\/Etsy_featured_template_First-scaled.jpg\",\"datePublished\":\"2025-02-27T07:56:59+00:00\",\"dateModified\":\"2026-02-17T00:49:00+00:00\",\"breadcrumb\":{\"@id\":\"https:\\\/\\\/www.nomadecrafts.com\\\/store\\\/ox-plush-pattern\\\/#breadcrumb\"},\"inLanguage\":\"tr\",\"potentialAction\":[{\"@type\":\"ReadAction\",\"target\":[\"https:\\\/\\\/www.nomadecrafts.com\\\/store\\\/ox-plush-pattern\\\/\"]}]},{\"@type\":\"ImageObject\",\"inLanguage\":\"tr\",\"@id\":\"https:\\\/\\\/www.nomadecrafts.com\\\/store\\\/ox-plush-pattern\\\/#primaryimage\",\"url\":\"https:\\\/\\\/www.nomadecrafts.com\\\/wp-content\\\/uploads\\\/2025\\\/02\\\/Etsy_featured_template_First-scaled.jpg\",\"contentUrl\":\"https:\\\/\\\/www.nomadecrafts.com\\\/wp-content\\\/uploads\\\/2025\\\/02\\\/Etsy_featured_template_First-scaled.jpg\",\"width\":2560,\"height\":1916},{\"@type\":\"BreadcrumbList\",\"@id\":\"https:\\\/\\\/www.nomadecrafts.com\\\/store\\\/ox-plush-pattern\\\/#breadcrumb\",\"itemListElement\":[{\"@type\":\"ListItem\",\"position\":1,\"name\":\"Home\",\"item\":\"https:\\\/\\\/www.nomadecrafts.com\\\/\"},{\"@type\":\"ListItem\",\"position\":2,\"name\":\"Pattern Store\",\"item\":\"https:\\\/\\\/www.nomadecrafts.com\\\/store\\\/\"},{\"@type\":\"ListItem\",\"position\":3,\"name\":\"Ox Plush Pattern\"}]},{\"@type\":\"WebSite\",\"@id\":\"https:\\\/\\\/www.nomadecrafts.com\\\/#website\",\"url\":\"https:\\\/\\\/www.nomadecrafts.com\\\/\",\"name\":\"Nomade Crafts&Dreams\",\"description\":\"Your Leathercraft Haven: Patterns, Tutorials, and Inspiration\",\"publisher\":{\"@id\":\"https:\\\/\\\/www.nomadecrafts.com\\\/#organization\"},\"potentialAction\":[{\"@type\":\"SearchAction\",\"target\":{\"@type\":\"EntryPoint\",\"urlTemplate\":\"https:\\\/\\\/www.nomadecrafts.com\\\/?s={search_term_string}\"},\"query-input\":{\"@type\":\"PropertyValueSpecification\",\"valueRequired\":true,\"valueName\":\"search_term_string\"}}],\"inLanguage\":\"tr\"},{\"@type\":\"Organization\",\"@id\":\"https:\\\/\\\/www.nomadecrafts.com\\\/#organization\",\"name\":\"Nomadecraftsanddreams\",\"url\":\"https:\\\/\\\/www.nomadecrafts.com\\\/\",\"logo\":{\"@type\":\"ImageObject\",\"inLanguage\":\"tr\",\"@id\":\"https:\\\/\\\/www.nomadecrafts.com\\\/#\\\/schema\\\/logo\\\/image\\\/\",\"url\":\"https:\\\/\\\/nomadecrafts.com\\\/wp-content\\\/uploads\\\/2020\\\/11\\\/Nomade_logo_draft_bold.svg_.png\",\"contentUrl\":\"https:\\\/\\\/nomadecrafts.com\\\/wp-content\\\/uploads\\\/2020\\\/11\\\/Nomade_logo_draft_bold.svg_.png\",\"width\":1000,\"height\":1000,\"caption\":\"Nomadecraftsanddreams\"},\"image\":{\"@id\":\"https:\\\/\\\/www.nomadecrafts.com\\\/#\\\/schema\\\/logo\\\/image\\\/\"},\"sameAs\":[\"https:\\\/\\\/www.instagram.com\\\/nomadecraftsanddreams\\\/\",\"https:\\\/\\\/www.pinterest.es\\\/nomadecraftsanddreams\\\/\",\"https:\\\/\\\/www.youtube.com\\\/channel\\\/UCKbAvDv7gdbmYTozbI-FCGg\"]}]}<\/script>\n<!-- \/ Yoast SEO plugin. -->","yoast_head_json":{"title":"\u00d6k\u00fcz Pelu\u015f Desen - NomadeCrafts","robots":{"index":"index","follow":"follow","max-snippet":"max-snippet:-1","max-image-preview":"max-image-preview:large","max-video-preview":"max-video-preview:-1"},"canonical":"https:\/\/www.nomadecrafts.com\/tr\/store\/ox-plush-pattern\/","og_locale":"tr_TR","og_type":"article","og_title":"Ox Plush Pattern - NomadeCrafts","og_description":"Follow along the tutorial to make your own little leather ox plush!    Related tutorial: Stuffed Leather Ox","og_url":"https:\/\/www.nomadecrafts.com\/tr\/store\/ox-plush-pattern\/","og_site_name":"NomadeCrafts","article_modified_time":"2026-02-17T00:49:00+00:00","og_image":[{"width":2560,"height":1916,"url":"https:\/\/www.nomadecrafts.com\/wp-content\/uploads\/2025\/02\/Etsy_featured_template_First-scaled.jpg","type":"image\/jpeg"}],"twitter_card":"summary_large_image","twitter_misc":{"Tahmini okuma s\u00fcresi":"1 dakika"},"schema":{"@context":"https:\/\/schema.org","@graph":[{"@type":"WebPage","@id":"https:\/\/www.nomadecrafts.com\/store\/ox-plush-pattern\/","url":"https:\/\/www.nomadecrafts.com\/store\/ox-plush-pattern\/","name":"\u00d6k\u00fcz Pelu\u015f Desen - NomadeCrafts","isPartOf":{"@id":"https:\/\/www.nomadecrafts.com\/#website"},"primaryImageOfPage":{"@id":"https:\/\/www.nomadecrafts.com\/store\/ox-plush-pattern\/#primaryimage"},"image":{"@id":"https:\/\/www.nomadecrafts.com\/store\/ox-plush-pattern\/#primaryimage"},"thumbnailUrl":"https:\/\/www.nomadecrafts.com\/wp-content\/uploads\/2025\/02\/Etsy_featured_template_First-scaled.jpg","datePublished":"2025-02-27T07:56:59+00:00","dateModified":"2026-02-17T00:49:00+00:00","breadcrumb":{"@id":"https:\/\/www.nomadecrafts.com\/store\/ox-plush-pattern\/#breadcrumb"},"inLanguage":"tr","potentialAction":[{"@type":"ReadAction","target":["https:\/\/www.nomadecrafts.com\/store\/ox-plush-pattern\/"]}]},{"@type":"ImageObject","inLanguage":"tr","@id":"https:\/\/www.nomadecrafts.com\/store\/ox-plush-pattern\/#primaryimage","url":"https:\/\/www.nomadecrafts.com\/wp-content\/uploads\/2025\/02\/Etsy_featured_template_First-scaled.jpg","contentUrl":"https:\/\/www.nomadecrafts.com\/wp-content\/uploads\/2025\/02\/Etsy_featured_template_First-scaled.jpg","width":2560,"height":1916},{"@type":"BreadcrumbList","@id":"https:\/\/www.nomadecrafts.com\/store\/ox-plush-pattern\/#breadcrumb","itemListElement":[{"@type":"ListItem","position":1,"name":"Home","item":"https:\/\/www.nomadecrafts.com\/"},{"@type":"ListItem","position":2,"name":"Pattern Store","item":"https:\/\/www.nomadecrafts.com\/store\/"},{"@type":"ListItem","position":3,"name":"Ox Plush Pattern"}]},{"@type":"WebSite","@id":"https:\/\/www.nomadecrafts.com\/#website","url":"https:\/\/www.nomadecrafts.com\/","name":"Nomade El Sanatlar\u0131 ve R\u00fcyalar","description":"Deri El Sanatlar\u0131 Cennetiniz: Desenler, E\u011fitimler ve \u0130lham","publisher":{"@id":"https:\/\/www.nomadecrafts.com\/#organization"},"potentialAction":[{"@type":"SearchAction","target":{"@type":"EntryPoint","urlTemplate":"https:\/\/www.nomadecrafts.com\/?s={search_term_string}"},"query-input":{"@type":"PropertyValueSpecification","valueRequired":true,"valueName":"search_term_string"}}],"inLanguage":"tr"},{"@type":"Organization","@id":"https:\/\/www.nomadecrafts.com\/#organization","name":"Nomadecraftsanddreams","url":"https:\/\/www.nomadecrafts.com\/","logo":{"@type":"ImageObject","inLanguage":"tr","@id":"https:\/\/www.nomadecrafts.com\/#\/schema\/logo\/image\/","url":"https:\/\/nomadecrafts.com\/wp-content\/uploads\/2020\/11\/Nomade_logo_draft_bold.svg_.png","contentUrl":"https:\/\/nomadecrafts.com\/wp-content\/uploads\/2020\/11\/Nomade_logo_draft_bold.svg_.png","width":1000,"height":1000,"caption":"Nomadecraftsanddreams"},"image":{"@id":"https:\/\/www.nomadecrafts.com\/#\/schema\/logo\/image\/"},"sameAs":["https:\/\/www.instagram.com\/nomadecraftsanddreams\/","https:\/\/www.pinterest.es\/nomadecraftsanddreams\/","https:\/\/www.youtube.com\/channel\/UCKbAvDv7gdbmYTozbI-FCGg"]}]}},"_links":{"self":[{"href":"https:\/\/www.nomadecrafts.com\/tr\/wp-json\/wp\/v2\/product\/8625","targetHints":{"allow":["GET"]}}],"collection":[{"href":"https:\/\/www.nomadecrafts.com\/tr\/wp-json\/wp\/v2\/product"}],"about":[{"href":"https:\/\/www.nomadecrafts.com\/tr\/wp-json\/wp\/v2\/types\/product"}],"replies":[{"embeddable":true,"href":"https:\/\/www.nomadecrafts.com\/tr\/wp-json\/wp\/v2\/comments?post=8625"}],"wp:featuredmedia":[{"embeddable":true,"href":"https:\/\/www.nomadecrafts.com\/tr\/wp-json\/wp\/v2\/media\/8667"}],"wp:attachment":[{"href":"https:\/\/www.nomadecrafts.com\/tr\/wp-json\/wp\/v2\/media?parent=8625"}],"wp:term":[{"taxonomy":"product_brand","embeddable":true,"href":"https:\/\/www.nomadecrafts.com\/tr\/wp-json\/wp\/v2\/product_brand?post=8625"},{"taxonomy":"product_cat","embeddable":true,"href":"https:\/\/www.nomadecrafts.com\/tr\/wp-json\/wp\/v2\/product_cat?post=8625"},{"taxonomy":"product_tag","embeddable":true,"href":"https:\/\/www.nomadecrafts.com\/tr\/wp-json\/wp\/v2\/product_tag?post=8625"}],"curies":[{"name":"wp","href":"https:\/\/api.w.org\/{rel}","templated":true}]}}