{"id":5743,"date":"2024-01-05T22:47:35","date_gmt":"2024-01-05T22:47:35","guid":{"rendered":"https:\/\/www.nomadecrafts.com\/product\/6-forest-animals-keychains-patterns-leathercraft-patterns-pack-tutorial-pdf-ai-eps-svg\/"},"modified":"2026-03-28T16:18:43","modified_gmt":"2026-03-28T16:18:43","slug":"6-forest-animals-keychains-patterns-pack","status":"publish","type":"product","link":"https:\/\/www.nomadecrafts.com\/tr\/store\/6-forest-animals-keychains-patterns-pack\/","title":{"rendered":"6 Orman Hayvanlar\u0131 Anahtarl\u0131k Desen Paketi"},"content":{"rendered":"<p>Orman hayvanlar\u0131 temas\u0131na uygun 6 farkl\u0131 \u015fablondan birini se\u00e7in:<\/p>\n<p style=\"text-align: center;\">\u2600 Tav\u015fan \u2600 Kurt \u2600 Tilki \u2600 Geyik \u2600 Ay\u0131 \u2600 At \u2600<\/p>\n<hr \/>\n<p>&nbsp;<\/p>\n<p>Bu <strong>fiziksel bir \u00fcr\u00fcn de\u011fil<\/strong>, a\u015fa\u011f\u0131dakileri i\u00e7eren bir dizi dijital dosyad\u0131r:<\/p>\n<ul>\n<li>Listedeki foto\u011fraflarda sergilenen projelerin desenleri (PDF, AI, DXF, SVG).<\/li>\n<li>Projeleri tamamlamak i\u00e7in gereken t\u00fcm ad\u0131mlar\u0131 anlatan resimli bir e\u011fitim.<\/li>\n<\/ul>\n<p>Bu desen hem US letter hem de A4 versiyonunda sunulmaktad\u0131r, ayr\u0131ca lazer kesim makinelerinde (Glowforge, XTool vb.) veya kesim plotterlar\u0131nda (Cricut) kullan\u0131labilir olmas\u0131 i\u00e7in 3 farkl\u0131 vekt\u00f6r dosya format\u0131nda da sunulmaktad\u0131r.<\/p>","protected":false},"excerpt":{"rendered":"<p>Bu modeli sat\u0131n al\u0131n ve e\u011fitim videosunu izleyerek kendinize \u00f6zel deri anahtarl\u0131\u011f\u0131n\u0131z\u0131 yap\u0131n!<\/p>\n<hr \/>\n<p><strong>\u0130lgili e\u011fitim:<\/strong> <a href=\"https:\/\/www.nomadecrafts.com\/tr\/making-leather-keychains-6-forest-animals\/\">6 Orman Hayvan\u0131 Deri Anahtarl\u0131k Yap\u0131m\u0131<\/a><\/p>","protected":false},"featured_media":8890,"comment_status":"open","ping_status":"closed","template":"","meta":{"_vp_format_video_url":"","_vp_image_focal_point":[]},"product_brand":[],"product_cat":[393],"product_tag":[565,691,676,684,562,541,677,680,696,682,543,538,683,671,694,697,675,685,561,544,679,690,681,695,606,673,688,692,672,564,595,545,693,687,678,553,539,590,504,689,674,686],"class_list":{"0":"post-5743","1":"product","2":"type-product","3":"status-publish","4":"has-post-thumbnail","6":"product_cat-bag-charms","7":"product_tag-advanced-leather-project","8":"product_tag-animal-jewelry-charms","9":"product_tag-animal-keychain-patterns","10":"product_tag-animal-lover-gift","11":"product_tag-cricut-leather-design","12":"product_tag-cricut-template","13":"product_tag-custom-leather-charms","14":"product_tag-customizable-bag-charms","15":"product_tag-diy-animal-keychains","16":"product_tag-diy-leather-charms","17":"product_tag-diy-leather-project","18":"product_tag-dxf-file","19":"product_tag-forest-animal-patterns","20":"product_tag-forest-animals-bag-charms","21":"product_tag-forest-themed-leather-art","22":"product_tag-fox-deer-bear-raccoon-owl-squirrel-patterns","23":"product_tag-handmade-bag-charms","24":"product_tag-handmade-leather-keychains","25":"product_tag-laser-cut-leather-art","26":"product_tag-laser-cutting-project","27":"product_tag-leather-accessory-patterns","28":"product_tag-leather-animal-decor","29":"product_tag-leather-animal-keychains","30":"product_tag-leather-animal-set","31":"product_tag-leather-animal-tutorial","32":"product_tag-leather-bag-charms","33":"product_tag-leather-forest-decor","34":"product_tag-leather-woodland-creatures","35":"product_tag-leathercraft-animal-patterns","36":"product_tag-leathercraft-for-beginners","37":"product_tag-leathercraft-tutorial","38":"product_tag-leatherworking-tutorial","39":"product_tag-nature-lover-gift","40":"product_tag-nature-themed-charm","41":"product_tag-nature-themed-gift","42":"product_tag-pdf-leather-pattern","43":"product_tag-svg-file","44":"product_tag-unique-leather-gift","45":"product_tag-vector-files-for-laser-cutting","46":"product_tag-wildlife-gift-idea","47":"product_tag-wildlife-leather-craft","48":"product_tag-woodland-creature-leather-craft","50":"first","51":"instock","52":"downloadable","53":"virtual","54":"sold-individually","55":"purchasable","56":"product-type-simple"},"yoast_head":"<!-- This site is optimized with the Yoast SEO plugin v27.4 - https:\/\/yoast.com\/product\/yoast-seo-wordpress\/ -->\n<title>6 Forest Animals Keychains Patterns Pack - NomadeCrafts<\/title>\n<meta name=\"description\" content=\"Craft 6 adorable forest animal bag charms with this leathercraft pattern. Includes PDF &amp; vector files for laser cutting. Great for nature lovers!\" \/>\n<meta name=\"robots\" content=\"index, follow, max-snippet:-1, max-image-preview:large, max-video-preview:-1\" \/>\n<link rel=\"canonical\" href=\"https:\/\/www.nomadecrafts.com\/tr\/store\/6-forest-animals-keychains-patterns-pack\/\" \/>\n<meta property=\"og:locale\" content=\"tr_TR\" \/>\n<meta property=\"og:type\" content=\"article\" \/>\n<meta property=\"og:title\" content=\"6 Forest Animals Keychains Patterns Pack - NomadeCrafts\" \/>\n<meta property=\"og:description\" content=\"Craft 6 adorable forest animal bag charms with this leathercraft pattern. Includes PDF &amp; vector files for laser cutting. Great for nature lovers!\" \/>\n<meta property=\"og:url\" content=\"https:\/\/www.nomadecrafts.com\/tr\/store\/6-forest-animals-keychains-patterns-pack\/\" \/>\n<meta property=\"og:site_name\" content=\"NomadeCrafts\" \/>\n<meta property=\"article:modified_time\" content=\"2026-03-28T16:18:43+00:00\" \/>\n<meta property=\"og:image\" content=\"https:\/\/www.nomadecrafts.com\/wp-content\/uploads\/2024\/01\/Etsy_featured-scaled.jpg\" \/>\n\t<meta property=\"og:image:width\" content=\"2560\" \/>\n\t<meta property=\"og:image:height\" content=\"1916\" \/>\n\t<meta property=\"og:image:type\" content=\"image\/jpeg\" \/>\n<meta name=\"twitter:card\" content=\"summary_large_image\" \/>\n<script type=\"application\/ld+json\" class=\"yoast-schema-graph\">{\"@context\":\"https:\\\/\\\/schema.org\",\"@graph\":[{\"@type\":\"WebPage\",\"@id\":\"https:\\\/\\\/www.nomadecrafts.com\\\/store\\\/6-forest-animals-keychains-patterns-pack\\\/\",\"url\":\"https:\\\/\\\/www.nomadecrafts.com\\\/store\\\/6-forest-animals-keychains-patterns-pack\\\/\",\"name\":\"6 Forest Animals Keychains Patterns Pack - NomadeCrafts\",\"isPartOf\":{\"@id\":\"https:\\\/\\\/www.nomadecrafts.com\\\/#website\"},\"primaryImageOfPage\":{\"@id\":\"https:\\\/\\\/www.nomadecrafts.com\\\/store\\\/6-forest-animals-keychains-patterns-pack\\\/#primaryimage\"},\"image\":{\"@id\":\"https:\\\/\\\/www.nomadecrafts.com\\\/store\\\/6-forest-animals-keychains-patterns-pack\\\/#primaryimage\"},\"thumbnailUrl\":\"https:\\\/\\\/www.nomadecrafts.com\\\/wp-content\\\/uploads\\\/2024\\\/01\\\/Etsy_featured-scaled.jpg\",\"datePublished\":\"2024-01-05T22:47:35+00:00\",\"dateModified\":\"2026-03-28T16:18:43+00:00\",\"description\":\"Craft 6 adorable forest animal bag charms with this leathercraft pattern. Includes PDF & vector files for laser cutting. Great for nature lovers!\",\"breadcrumb\":{\"@id\":\"https:\\\/\\\/www.nomadecrafts.com\\\/store\\\/6-forest-animals-keychains-patterns-pack\\\/#breadcrumb\"},\"inLanguage\":\"tr\",\"potentialAction\":[{\"@type\":\"ReadAction\",\"target\":[\"https:\\\/\\\/www.nomadecrafts.com\\\/store\\\/6-forest-animals-keychains-patterns-pack\\\/\"]}]},{\"@type\":\"ImageObject\",\"inLanguage\":\"tr\",\"@id\":\"https:\\\/\\\/www.nomadecrafts.com\\\/store\\\/6-forest-animals-keychains-patterns-pack\\\/#primaryimage\",\"url\":\"https:\\\/\\\/www.nomadecrafts.com\\\/wp-content\\\/uploads\\\/2024\\\/01\\\/Etsy_featured-scaled.jpg\",\"contentUrl\":\"https:\\\/\\\/www.nomadecrafts.com\\\/wp-content\\\/uploads\\\/2024\\\/01\\\/Etsy_featured-scaled.jpg\",\"width\":2560,\"height\":1916},{\"@type\":\"BreadcrumbList\",\"@id\":\"https:\\\/\\\/www.nomadecrafts.com\\\/store\\\/6-forest-animals-keychains-patterns-pack\\\/#breadcrumb\",\"itemListElement\":[{\"@type\":\"ListItem\",\"position\":1,\"name\":\"Home\",\"item\":\"https:\\\/\\\/www.nomadecrafts.com\\\/\"},{\"@type\":\"ListItem\",\"position\":2,\"name\":\"Pattern Store\",\"item\":\"https:\\\/\\\/www.nomadecrafts.com\\\/store\\\/\"},{\"@type\":\"ListItem\",\"position\":3,\"name\":\"6 Forest Animals Keychains Patterns Pack\"}]},{\"@type\":\"WebSite\",\"@id\":\"https:\\\/\\\/www.nomadecrafts.com\\\/#website\",\"url\":\"https:\\\/\\\/www.nomadecrafts.com\\\/\",\"name\":\"Nomade Crafts&Dreams\",\"description\":\"Your Leathercraft Haven: Patterns, Tutorials, and Inspiration\",\"publisher\":{\"@id\":\"https:\\\/\\\/www.nomadecrafts.com\\\/#organization\"},\"potentialAction\":[{\"@type\":\"SearchAction\",\"target\":{\"@type\":\"EntryPoint\",\"urlTemplate\":\"https:\\\/\\\/www.nomadecrafts.com\\\/?s={search_term_string}\"},\"query-input\":{\"@type\":\"PropertyValueSpecification\",\"valueRequired\":true,\"valueName\":\"search_term_string\"}}],\"inLanguage\":\"tr\"},{\"@type\":\"Organization\",\"@id\":\"https:\\\/\\\/www.nomadecrafts.com\\\/#organization\",\"name\":\"Nomadecraftsanddreams\",\"url\":\"https:\\\/\\\/www.nomadecrafts.com\\\/\",\"logo\":{\"@type\":\"ImageObject\",\"inLanguage\":\"tr\",\"@id\":\"https:\\\/\\\/www.nomadecrafts.com\\\/#\\\/schema\\\/logo\\\/image\\\/\",\"url\":\"https:\\\/\\\/nomadecrafts.com\\\/wp-content\\\/uploads\\\/2020\\\/11\\\/Nomade_logo_draft_bold.svg_.png\",\"contentUrl\":\"https:\\\/\\\/nomadecrafts.com\\\/wp-content\\\/uploads\\\/2020\\\/11\\\/Nomade_logo_draft_bold.svg_.png\",\"width\":1000,\"height\":1000,\"caption\":\"Nomadecraftsanddreams\"},\"image\":{\"@id\":\"https:\\\/\\\/www.nomadecrafts.com\\\/#\\\/schema\\\/logo\\\/image\\\/\"},\"sameAs\":[\"https:\\\/\\\/www.instagram.com\\\/nomadecraftsanddreams\\\/\",\"https:\\\/\\\/www.pinterest.es\\\/nomadecraftsanddreams\\\/\",\"https:\\\/\\\/www.youtube.com\\\/channel\\\/UCKbAvDv7gdbmYTozbI-FCGg\"]}]}<\/script>\n<!-- \/ Yoast SEO plugin. -->","yoast_head_json":{"title":"6 Orman Hayvanlar\u0131 Anahtarl\u0131k Desen Paketi - NomadeCrafts","description":"Bu deri i\u015f\u00e7ili\u011fi deseniyle 6 adet sevimli orman hayvan\u0131 \u00e7anta s\u00fcs\u00fc yap\u0131n. Lazer kesim i\u00e7in PDF ve vekt\u00f6r dosyalar\u0131 i\u00e7erir. Do\u011fa severler i\u00e7in harika!","robots":{"index":"index","follow":"follow","max-snippet":"max-snippet:-1","max-image-preview":"max-image-preview:large","max-video-preview":"max-video-preview:-1"},"canonical":"https:\/\/www.nomadecrafts.com\/tr\/store\/6-forest-animals-keychains-patterns-pack\/","og_locale":"tr_TR","og_type":"article","og_title":"6 Forest Animals Keychains Patterns Pack - NomadeCrafts","og_description":"Craft 6 adorable forest animal bag charms with this leathercraft pattern. Includes PDF & vector files for laser cutting. Great for nature lovers!","og_url":"https:\/\/www.nomadecrafts.com\/tr\/store\/6-forest-animals-keychains-patterns-pack\/","og_site_name":"NomadeCrafts","article_modified_time":"2026-03-28T16:18:43+00:00","og_image":[{"width":2560,"height":1916,"url":"https:\/\/www.nomadecrafts.com\/wp-content\/uploads\/2024\/01\/Etsy_featured-scaled.jpg","type":"image\/jpeg"}],"twitter_card":"summary_large_image","schema":{"@context":"https:\/\/schema.org","@graph":[{"@type":"WebPage","@id":"https:\/\/www.nomadecrafts.com\/store\/6-forest-animals-keychains-patterns-pack\/","url":"https:\/\/www.nomadecrafts.com\/store\/6-forest-animals-keychains-patterns-pack\/","name":"6 Orman Hayvanlar\u0131 Anahtarl\u0131k Desen Paketi - NomadeCrafts","isPartOf":{"@id":"https:\/\/www.nomadecrafts.com\/#website"},"primaryImageOfPage":{"@id":"https:\/\/www.nomadecrafts.com\/store\/6-forest-animals-keychains-patterns-pack\/#primaryimage"},"image":{"@id":"https:\/\/www.nomadecrafts.com\/store\/6-forest-animals-keychains-patterns-pack\/#primaryimage"},"thumbnailUrl":"https:\/\/www.nomadecrafts.com\/wp-content\/uploads\/2024\/01\/Etsy_featured-scaled.jpg","datePublished":"2024-01-05T22:47:35+00:00","dateModified":"2026-03-28T16:18:43+00:00","description":"Bu deri i\u015f\u00e7ili\u011fi deseniyle 6 adet sevimli orman hayvan\u0131 \u00e7anta s\u00fcs\u00fc yap\u0131n. Lazer kesim i\u00e7in PDF ve vekt\u00f6r dosyalar\u0131 i\u00e7erir. Do\u011fa severler i\u00e7in harika!","breadcrumb":{"@id":"https:\/\/www.nomadecrafts.com\/store\/6-forest-animals-keychains-patterns-pack\/#breadcrumb"},"inLanguage":"tr","potentialAction":[{"@type":"ReadAction","target":["https:\/\/www.nomadecrafts.com\/store\/6-forest-animals-keychains-patterns-pack\/"]}]},{"@type":"ImageObject","inLanguage":"tr","@id":"https:\/\/www.nomadecrafts.com\/store\/6-forest-animals-keychains-patterns-pack\/#primaryimage","url":"https:\/\/www.nomadecrafts.com\/wp-content\/uploads\/2024\/01\/Etsy_featured-scaled.jpg","contentUrl":"https:\/\/www.nomadecrafts.com\/wp-content\/uploads\/2024\/01\/Etsy_featured-scaled.jpg","width":2560,"height":1916},{"@type":"BreadcrumbList","@id":"https:\/\/www.nomadecrafts.com\/store\/6-forest-animals-keychains-patterns-pack\/#breadcrumb","itemListElement":[{"@type":"ListItem","position":1,"name":"Home","item":"https:\/\/www.nomadecrafts.com\/"},{"@type":"ListItem","position":2,"name":"Pattern Store","item":"https:\/\/www.nomadecrafts.com\/store\/"},{"@type":"ListItem","position":3,"name":"6 Forest Animals Keychains Patterns Pack"}]},{"@type":"WebSite","@id":"https:\/\/www.nomadecrafts.com\/#website","url":"https:\/\/www.nomadecrafts.com\/","name":"Nomade El Sanatlar\u0131 ve R\u00fcyalar","description":"Deri El Sanatlar\u0131 Cennetiniz: Desenler, E\u011fitimler ve \u0130lham","publisher":{"@id":"https:\/\/www.nomadecrafts.com\/#organization"},"potentialAction":[{"@type":"SearchAction","target":{"@type":"EntryPoint","urlTemplate":"https:\/\/www.nomadecrafts.com\/?s={search_term_string}"},"query-input":{"@type":"PropertyValueSpecification","valueRequired":true,"valueName":"search_term_string"}}],"inLanguage":"tr"},{"@type":"Organization","@id":"https:\/\/www.nomadecrafts.com\/#organization","name":"Nomadecraftsanddreams","url":"https:\/\/www.nomadecrafts.com\/","logo":{"@type":"ImageObject","inLanguage":"tr","@id":"https:\/\/www.nomadecrafts.com\/#\/schema\/logo\/image\/","url":"https:\/\/nomadecrafts.com\/wp-content\/uploads\/2020\/11\/Nomade_logo_draft_bold.svg_.png","contentUrl":"https:\/\/nomadecrafts.com\/wp-content\/uploads\/2020\/11\/Nomade_logo_draft_bold.svg_.png","width":1000,"height":1000,"caption":"Nomadecraftsanddreams"},"image":{"@id":"https:\/\/www.nomadecrafts.com\/#\/schema\/logo\/image\/"},"sameAs":["https:\/\/www.instagram.com\/nomadecraftsanddreams\/","https:\/\/www.pinterest.es\/nomadecraftsanddreams\/","https:\/\/www.youtube.com\/channel\/UCKbAvDv7gdbmYTozbI-FCGg"]}]}},"_links":{"self":[{"href":"https:\/\/www.nomadecrafts.com\/tr\/wp-json\/wp\/v2\/product\/5743","targetHints":{"allow":["GET"]}}],"collection":[{"href":"https:\/\/www.nomadecrafts.com\/tr\/wp-json\/wp\/v2\/product"}],"about":[{"href":"https:\/\/www.nomadecrafts.com\/tr\/wp-json\/wp\/v2\/types\/product"}],"replies":[{"embeddable":true,"href":"https:\/\/www.nomadecrafts.com\/tr\/wp-json\/wp\/v2\/comments?post=5743"}],"wp:featuredmedia":[{"embeddable":true,"href":"https:\/\/www.nomadecrafts.com\/tr\/wp-json\/wp\/v2\/media\/8890"}],"wp:attachment":[{"href":"https:\/\/www.nomadecrafts.com\/tr\/wp-json\/wp\/v2\/media?parent=5743"}],"wp:term":[{"taxonomy":"product_brand","embeddable":true,"href":"https:\/\/www.nomadecrafts.com\/tr\/wp-json\/wp\/v2\/product_brand?post=5743"},{"taxonomy":"product_cat","embeddable":true,"href":"https:\/\/www.nomadecrafts.com\/tr\/wp-json\/wp\/v2\/product_cat?post=5743"},{"taxonomy":"product_tag","embeddable":true,"href":"https:\/\/www.nomadecrafts.com\/tr\/wp-json\/wp\/v2\/product_tag?post=5743"}],"curies":[{"name":"wp","href":"https:\/\/api.w.org\/{rel}","templated":true}]}}