{"id":11801,"date":"2026-01-11T10:12:17","date_gmt":"2026-01-11T10:12:17","guid":{"rendered":"https:\/\/www.nomadecrafts.com\/?post_type=product&#038;p=11801"},"modified":"2026-05-06T05:47:03","modified_gmt":"2026-05-06T05:47:03","slug":"lion-bag-charm-pattern","status":"publish","type":"product","link":"https:\/\/www.nomadecrafts.com\/tr\/store\/lion-bag-charm-pattern\/","title":{"rendered":"Aslan \u00c7anta S\u00fcs\u00fc"},"content":{"rendered":"<p>Bu <strong>fiziksel bir \u00fcr\u00fcn de\u011fil<\/strong>, a\u015fa\u011f\u0131dakileri i\u00e7eren bir dizi dijital dosyad\u0131r:<\/p>\n<ul>\n<li>\u0130lan foto\u011fraflar\u0131nda (PDF, AI, DXF, SVG) sergilenen projenin deseni.<\/li>\n<li>Projenin tamamlanmas\u0131 i\u00e7in gereken t\u00fcm ad\u0131mlar\u0131 anlatan resimli e\u011fitim.<\/li>\n<\/ul>\n<p>Bu desen hem US letter hem de A4 versiyonunda sunulmaktad\u0131r, ayr\u0131ca lazer kesim makinelerinde (Glowforge, XTool vb.) veya kesim plotterlar\u0131nda (Cricut) kullan\u0131labilir olmas\u0131 i\u00e7in 3 farkl\u0131 vekt\u00f6r dosya format\u0131nda da sunulmaktad\u0131r.<\/p>","protected":false},"excerpt":{"rendered":"<p>Bu kal\u0131b\u0131 sat\u0131n al\u0131n ve talimatlar\u0131 takip ederek deriden kendi aslan \u00e7anta aksesuar\u0131n\u0131z\u0131 yap\u0131n.<\/p>\n<hr \/>\n<p><strong>\u0130lgili e\u011fitim:<\/strong> <a href=\"\/tr\/lion-bag-charm\/\">Aslan \u00c7anta S\u00fcs\u00fc<\/a><\/p>","protected":false},"featured_media":11896,"comment_status":"open","ping_status":"closed","template":"","meta":{"_vp_format_video_url":"","_vp_image_focal_point":[]},"product_brand":[423],"product_cat":[393],"product_tag":[494,441,448,562,434,541,621,624,483,707,447,426,626,543,538,702,694,619,629,1153,482,561,544,623,690,606,617,688,425,424,564,595,545,693,687,678,553,433,539,590,432,504,484,689,674,686],"class_list":{"0":"post-11801","1":"product","2":"type-product","3":"status-publish","4":"has-post-thumbnail","6":"product_brand-nomadecrafts","7":"product_cat-bag-charms","8":"product_tag-animal-bag-charm","9":"product_tag-bag-charms","10":"product_tag-craft-tutorial","11":"product_tag-cricut-leather-design","12":"product_tag-cricut-project","13":"product_tag-cricut-template","14":"product_tag-custom-leather-charm","15":"product_tag-customizable-bag-charm","16":"product_tag-cute-keychain","17":"product_tag-diy-animal-keychain","18":"product_tag-diy-crafts","19":"product_tag-diy-leather","20":"product_tag-diy-leather-charm","21":"product_tag-diy-leather-project","22":"product_tag-dxf-file","23":"product_tag-forest-animal-pattern","24":"product_tag-forest-themed-leather-art","25":"product_tag-handmade-bag-charm","26":"product_tag-handmade-leather-keychain","27":"product_tag-honey-bee-hive","28":"product_tag-kids-crafts","29":"product_tag-laser-cut-leather-art","30":"product_tag-laser-cutting-project","31":"product_tag-leather-accessory-pattern","32":"product_tag-leather-animal-decor","33":"product_tag-leather-animal-tutorial","34":"product_tag-leather-bag-charm","35":"product_tag-leather-forest-decor","36":"product_tag-leather-pattern","37":"product_tag-leathercraft","38":"product_tag-leathercraft-for-beginners","39":"product_tag-leathercraft-tutorial","40":"product_tag-leatherworking-tutorial","41":"product_tag-nature-lover-gift","42":"product_tag-nature-themed-charm","43":"product_tag-nature-themed-gift","44":"product_tag-pdf-leather-pattern","45":"product_tag-svg-dxf-pattern","46":"product_tag-svg-file","47":"product_tag-unique-leather-gift","48":"product_tag-vector-files","49":"product_tag-vector-files-for-laser-cutting","50":"product_tag-whimsical-crafts","51":"product_tag-wildlife-gift-idea","52":"product_tag-wildlife-leather-craft","53":"product_tag-woodland-creature-leather-craft","55":"first","56":"instock","57":"featured","58":"downloadable","59":"virtual","60":"sold-individually","61":"purchasable","62":"product-type-simple"},"yoast_head":"<!-- This site is optimized with the Yoast SEO plugin v27.4 - https:\/\/yoast.com\/product\/yoast-seo-wordpress\/ -->\n<title>Lion Bag Charm - NomadeCrafts<\/title>\n<meta name=\"description\" content=\"Create your own leather lion bag charm with our easy-to-follow pattern and tutorial. Start your next leatherworking project now! (PDF &amp; SVG files provided)\" \/>\n<meta name=\"robots\" content=\"index, follow, max-snippet:-1, max-image-preview:large, max-video-preview:-1\" \/>\n<link rel=\"canonical\" href=\"https:\/\/www.nomadecrafts.com\/tr\/store\/lion-bag-charm-pattern\/\" \/>\n<meta property=\"og:locale\" content=\"tr_TR\" \/>\n<meta property=\"og:type\" content=\"article\" \/>\n<meta property=\"og:title\" content=\"Lion Bag Charm - NomadeCrafts\" \/>\n<meta property=\"og:description\" content=\"Create your own leather lion bag charm with our easy-to-follow pattern and tutorial. Start your next leatherworking project now! (PDF &amp; SVG files provided)\" \/>\n<meta property=\"og:url\" content=\"https:\/\/www.nomadecrafts.com\/tr\/store\/lion-bag-charm-pattern\/\" \/>\n<meta property=\"og:site_name\" content=\"NomadeCrafts\" \/>\n<meta property=\"article:modified_time\" content=\"2026-05-06T05:47:03+00:00\" \/>\n<meta property=\"og:image\" content=\"https:\/\/www.nomadecrafts.com\/wp-content\/uploads\/2026\/02\/Lion_bag_charm_etsy_featured_Main_result-scaled.webp\" \/>\n\t<meta property=\"og:image:width\" content=\"2560\" \/>\n\t<meta property=\"og:image:height\" content=\"1916\" \/>\n\t<meta property=\"og:image:type\" content=\"image\/webp\" \/>\n<meta name=\"twitter:card\" content=\"summary_large_image\" \/>\n<script type=\"application\/ld+json\" class=\"yoast-schema-graph\">{\"@context\":\"https:\\\/\\\/schema.org\",\"@graph\":[{\"@type\":\"WebPage\",\"@id\":\"https:\\\/\\\/www.nomadecrafts.com\\\/store\\\/lion-bag-charm-pattern\\\/\",\"url\":\"https:\\\/\\\/www.nomadecrafts.com\\\/store\\\/lion-bag-charm-pattern\\\/\",\"name\":\"Lion Bag Charm - NomadeCrafts\",\"isPartOf\":{\"@id\":\"https:\\\/\\\/www.nomadecrafts.com\\\/#website\"},\"primaryImageOfPage\":{\"@id\":\"https:\\\/\\\/www.nomadecrafts.com\\\/store\\\/lion-bag-charm-pattern\\\/#primaryimage\"},\"image\":{\"@id\":\"https:\\\/\\\/www.nomadecrafts.com\\\/store\\\/lion-bag-charm-pattern\\\/#primaryimage\"},\"thumbnailUrl\":\"https:\\\/\\\/www.nomadecrafts.com\\\/wp-content\\\/uploads\\\/2026\\\/02\\\/Lion_bag_charm_etsy_featured_Main_result-scaled.webp\",\"datePublished\":\"2026-01-11T10:12:17+00:00\",\"dateModified\":\"2026-05-06T05:47:03+00:00\",\"description\":\"Create your own leather lion bag charm with our easy-to-follow pattern and tutorial. Start your next leatherworking project now! (PDF & SVG files provided)\",\"breadcrumb\":{\"@id\":\"https:\\\/\\\/www.nomadecrafts.com\\\/store\\\/lion-bag-charm-pattern\\\/#breadcrumb\"},\"inLanguage\":\"tr\",\"potentialAction\":[{\"@type\":\"ReadAction\",\"target\":[\"https:\\\/\\\/www.nomadecrafts.com\\\/store\\\/lion-bag-charm-pattern\\\/\"]}]},{\"@type\":\"ImageObject\",\"inLanguage\":\"tr\",\"@id\":\"https:\\\/\\\/www.nomadecrafts.com\\\/store\\\/lion-bag-charm-pattern\\\/#primaryimage\",\"url\":\"https:\\\/\\\/www.nomadecrafts.com\\\/wp-content\\\/uploads\\\/2026\\\/02\\\/Lion_bag_charm_etsy_featured_Main_result-scaled.webp\",\"contentUrl\":\"https:\\\/\\\/www.nomadecrafts.com\\\/wp-content\\\/uploads\\\/2026\\\/02\\\/Lion_bag_charm_etsy_featured_Main_result-scaled.webp\",\"width\":2560,\"height\":1916},{\"@type\":\"BreadcrumbList\",\"@id\":\"https:\\\/\\\/www.nomadecrafts.com\\\/store\\\/lion-bag-charm-pattern\\\/#breadcrumb\",\"itemListElement\":[{\"@type\":\"ListItem\",\"position\":1,\"name\":\"Home\",\"item\":\"https:\\\/\\\/www.nomadecrafts.com\\\/\"},{\"@type\":\"ListItem\",\"position\":2,\"name\":\"Pattern Store\",\"item\":\"https:\\\/\\\/www.nomadecrafts.com\\\/store\\\/\"},{\"@type\":\"ListItem\",\"position\":3,\"name\":\"Lion Bag Charm\"}]},{\"@type\":\"WebSite\",\"@id\":\"https:\\\/\\\/www.nomadecrafts.com\\\/#website\",\"url\":\"https:\\\/\\\/www.nomadecrafts.com\\\/\",\"name\":\"Nomade Crafts&Dreams\",\"description\":\"Your Leathercraft Haven: Patterns, Tutorials, and Inspiration\",\"publisher\":{\"@id\":\"https:\\\/\\\/www.nomadecrafts.com\\\/#organization\"},\"potentialAction\":[{\"@type\":\"SearchAction\",\"target\":{\"@type\":\"EntryPoint\",\"urlTemplate\":\"https:\\\/\\\/www.nomadecrafts.com\\\/?s={search_term_string}\"},\"query-input\":{\"@type\":\"PropertyValueSpecification\",\"valueRequired\":true,\"valueName\":\"search_term_string\"}}],\"inLanguage\":\"tr\"},{\"@type\":\"Organization\",\"@id\":\"https:\\\/\\\/www.nomadecrafts.com\\\/#organization\",\"name\":\"Nomadecraftsanddreams\",\"url\":\"https:\\\/\\\/www.nomadecrafts.com\\\/\",\"logo\":{\"@type\":\"ImageObject\",\"inLanguage\":\"tr\",\"@id\":\"https:\\\/\\\/www.nomadecrafts.com\\\/#\\\/schema\\\/logo\\\/image\\\/\",\"url\":\"https:\\\/\\\/nomadecrafts.com\\\/wp-content\\\/uploads\\\/2020\\\/11\\\/Nomade_logo_draft_bold.svg_.png\",\"contentUrl\":\"https:\\\/\\\/nomadecrafts.com\\\/wp-content\\\/uploads\\\/2020\\\/11\\\/Nomade_logo_draft_bold.svg_.png\",\"width\":1000,\"height\":1000,\"caption\":\"Nomadecraftsanddreams\"},\"image\":{\"@id\":\"https:\\\/\\\/www.nomadecrafts.com\\\/#\\\/schema\\\/logo\\\/image\\\/\"},\"sameAs\":[\"https:\\\/\\\/www.instagram.com\\\/nomadecraftsanddreams\\\/\",\"https:\\\/\\\/www.pinterest.es\\\/nomadecraftsanddreams\\\/\",\"https:\\\/\\\/www.youtube.com\\\/channel\\\/UCKbAvDv7gdbmYTozbI-FCGg\"]}]}<\/script>\n<!-- \/ Yoast SEO plugin. -->","yoast_head_json":{"title":"Aslan \u00c7anta S\u00fcs\u00fc - NomadeCrafts","description":"Kolay anla\u015f\u0131l\u0131r kal\u0131p ve e\u011fitim k\u0131lavuzumuzla kendi deri aslan \u00e7anta aksesuar\u0131n\u0131z\u0131 yarat\u0131n. Bir sonraki deri i\u015fleme projenize \u015fimdi ba\u015flay\u0131n! (PDF ve SVG dosyalar\u0131 dahildir)","robots":{"index":"index","follow":"follow","max-snippet":"max-snippet:-1","max-image-preview":"max-image-preview:large","max-video-preview":"max-video-preview:-1"},"canonical":"https:\/\/www.nomadecrafts.com\/tr\/store\/lion-bag-charm-pattern\/","og_locale":"tr_TR","og_type":"article","og_title":"Lion Bag Charm - NomadeCrafts","og_description":"Create your own leather lion bag charm with our easy-to-follow pattern and tutorial. Start your next leatherworking project now! (PDF & SVG files provided)","og_url":"https:\/\/www.nomadecrafts.com\/tr\/store\/lion-bag-charm-pattern\/","og_site_name":"NomadeCrafts","article_modified_time":"2026-05-06T05:47:03+00:00","og_image":[{"width":2560,"height":1916,"url":"https:\/\/www.nomadecrafts.com\/wp-content\/uploads\/2026\/02\/Lion_bag_charm_etsy_featured_Main_result-scaled.webp","type":"image\/webp"}],"twitter_card":"summary_large_image","schema":{"@context":"https:\/\/schema.org","@graph":[{"@type":"WebPage","@id":"https:\/\/www.nomadecrafts.com\/store\/lion-bag-charm-pattern\/","url":"https:\/\/www.nomadecrafts.com\/store\/lion-bag-charm-pattern\/","name":"Aslan \u00c7anta S\u00fcs\u00fc - NomadeCrafts","isPartOf":{"@id":"https:\/\/www.nomadecrafts.com\/#website"},"primaryImageOfPage":{"@id":"https:\/\/www.nomadecrafts.com\/store\/lion-bag-charm-pattern\/#primaryimage"},"image":{"@id":"https:\/\/www.nomadecrafts.com\/store\/lion-bag-charm-pattern\/#primaryimage"},"thumbnailUrl":"https:\/\/www.nomadecrafts.com\/wp-content\/uploads\/2026\/02\/Lion_bag_charm_etsy_featured_Main_result-scaled.webp","datePublished":"2026-01-11T10:12:17+00:00","dateModified":"2026-05-06T05:47:03+00:00","description":"Kolay anla\u015f\u0131l\u0131r kal\u0131p ve e\u011fitim k\u0131lavuzumuzla kendi deri aslan \u00e7anta aksesuar\u0131n\u0131z\u0131 yarat\u0131n. Bir sonraki deri i\u015fleme projenize \u015fimdi ba\u015flay\u0131n! (PDF ve SVG dosyalar\u0131 dahildir)","breadcrumb":{"@id":"https:\/\/www.nomadecrafts.com\/store\/lion-bag-charm-pattern\/#breadcrumb"},"inLanguage":"tr","potentialAction":[{"@type":"ReadAction","target":["https:\/\/www.nomadecrafts.com\/store\/lion-bag-charm-pattern\/"]}]},{"@type":"ImageObject","inLanguage":"tr","@id":"https:\/\/www.nomadecrafts.com\/store\/lion-bag-charm-pattern\/#primaryimage","url":"https:\/\/www.nomadecrafts.com\/wp-content\/uploads\/2026\/02\/Lion_bag_charm_etsy_featured_Main_result-scaled.webp","contentUrl":"https:\/\/www.nomadecrafts.com\/wp-content\/uploads\/2026\/02\/Lion_bag_charm_etsy_featured_Main_result-scaled.webp","width":2560,"height":1916},{"@type":"BreadcrumbList","@id":"https:\/\/www.nomadecrafts.com\/store\/lion-bag-charm-pattern\/#breadcrumb","itemListElement":[{"@type":"ListItem","position":1,"name":"Home","item":"https:\/\/www.nomadecrafts.com\/"},{"@type":"ListItem","position":2,"name":"Pattern Store","item":"https:\/\/www.nomadecrafts.com\/store\/"},{"@type":"ListItem","position":3,"name":"Lion Bag Charm"}]},{"@type":"WebSite","@id":"https:\/\/www.nomadecrafts.com\/#website","url":"https:\/\/www.nomadecrafts.com\/","name":"Nomade El Sanatlar\u0131 ve R\u00fcyalar","description":"Deri El Sanatlar\u0131 Cennetiniz: Desenler, E\u011fitimler ve \u0130lham","publisher":{"@id":"https:\/\/www.nomadecrafts.com\/#organization"},"potentialAction":[{"@type":"SearchAction","target":{"@type":"EntryPoint","urlTemplate":"https:\/\/www.nomadecrafts.com\/?s={search_term_string}"},"query-input":{"@type":"PropertyValueSpecification","valueRequired":true,"valueName":"search_term_string"}}],"inLanguage":"tr"},{"@type":"Organization","@id":"https:\/\/www.nomadecrafts.com\/#organization","name":"Nomadecraftsanddreams","url":"https:\/\/www.nomadecrafts.com\/","logo":{"@type":"ImageObject","inLanguage":"tr","@id":"https:\/\/www.nomadecrafts.com\/#\/schema\/logo\/image\/","url":"https:\/\/nomadecrafts.com\/wp-content\/uploads\/2020\/11\/Nomade_logo_draft_bold.svg_.png","contentUrl":"https:\/\/nomadecrafts.com\/wp-content\/uploads\/2020\/11\/Nomade_logo_draft_bold.svg_.png","width":1000,"height":1000,"caption":"Nomadecraftsanddreams"},"image":{"@id":"https:\/\/www.nomadecrafts.com\/#\/schema\/logo\/image\/"},"sameAs":["https:\/\/www.instagram.com\/nomadecraftsanddreams\/","https:\/\/www.pinterest.es\/nomadecraftsanddreams\/","https:\/\/www.youtube.com\/channel\/UCKbAvDv7gdbmYTozbI-FCGg"]}]}},"_links":{"self":[{"href":"https:\/\/www.nomadecrafts.com\/tr\/wp-json\/wp\/v2\/product\/11801","targetHints":{"allow":["GET"]}}],"collection":[{"href":"https:\/\/www.nomadecrafts.com\/tr\/wp-json\/wp\/v2\/product"}],"about":[{"href":"https:\/\/www.nomadecrafts.com\/tr\/wp-json\/wp\/v2\/types\/product"}],"replies":[{"embeddable":true,"href":"https:\/\/www.nomadecrafts.com\/tr\/wp-json\/wp\/v2\/comments?post=11801"}],"wp:featuredmedia":[{"embeddable":true,"href":"https:\/\/www.nomadecrafts.com\/tr\/wp-json\/wp\/v2\/media\/11896"}],"wp:attachment":[{"href":"https:\/\/www.nomadecrafts.com\/tr\/wp-json\/wp\/v2\/media?parent=11801"}],"wp:term":[{"taxonomy":"product_brand","embeddable":true,"href":"https:\/\/www.nomadecrafts.com\/tr\/wp-json\/wp\/v2\/product_brand?post=11801"},{"taxonomy":"product_cat","embeddable":true,"href":"https:\/\/www.nomadecrafts.com\/tr\/wp-json\/wp\/v2\/product_cat?post=11801"},{"taxonomy":"product_tag","embeddable":true,"href":"https:\/\/www.nomadecrafts.com\/tr\/wp-json\/wp\/v2\/product_tag?post=11801"}],"curies":[{"name":"wp","href":"https:\/\/api.w.org\/{rel}","templated":true}]}}