{"id":5838,"date":"2024-01-06T17:48:16","date_gmt":"2024-01-06T17:48:16","guid":{"rendered":"https:\/\/www.nomadecrafts.com\/?page_id=5838"},"modified":"2025-10-01T10:51:01","modified_gmt":"2025-10-01T10:51:01","slug":"terms-and-conditions","status":"publish","type":"page","link":"https:\/\/www.nomadecrafts.com\/tr\/terms-and-conditions\/","title":{"rendered":"\u015eartlar ve Ko\u015fullar"},"content":{"rendered":"<h1 class=\"nm-block-heading wp-block-heading has-text-align-center\">\u015eartlar ve Ko\u015fullar<\/h1>\n\n\n\n<p>NomadeCrafts Ltd. taraf\u0131ndan i\u015fletilen NomadeCrafts&#039;a ho\u015f geldiniz. Web sitemize eri\u015ferek veya web sitemizi kullanarak, <a href=\"http:\/\/www.nomadecrafts.com\/tr\/\">www.nomadecrafts.com<\/a>ve dijital \u00fcr\u00fcnlerimizi sat\u0131n alarak, a\u015fa\u011f\u0131daki kullan\u0131m \u015fartlar\u0131na ve ko\u015fullar\u0131na uymay\u0131 ve bunlara ba\u011fl\u0131 kalmay\u0131 kabul edersiniz. L\u00fctfen dijital \u00fcr\u00fcnlerimizden herhangi birini sat\u0131n almadan veya kullanmadan \u00f6nce bu \u015fartlar\u0131 dikkatlice okuyun.<\/p>\n\n\n\n<h3 class=\"nm-block-heading wp-block-heading\">1. \u015eartlar\u0131n Kabul\u00fc<\/h3>\n\n\n\n<p>Web sitemize eri\u015ferek veya web sitemizi kullanarak ve dijital \u00fcr\u00fcnlerimizi sat\u0131n alarak, bu h\u00fck\u00fcm ve ko\u015fullara, bizim <a href=\"\/tr\/privacy-policy\/\">Gizlilik Politikas\u0131<\/a>ve web sitemizde yay\u0131nlanan di\u011fer t\u00fcm politikalar ve y\u00f6nergeler.<\/p>\n\n\n\n<h3 class=\"nm-block-heading wp-block-heading\">2. Dijital \u00dcr\u00fcnler<\/h3>\n\n\n\n<p>Web sitemiz, deri i\u015f\u00e7ili\u011fi desenleri ve talimatlar\u0131 dahil ancak bunlarla s\u0131n\u0131rl\u0131 olmamak \u00fczere dijital \u00fcr\u00fcnler sunmaktad\u0131r (&quot;Desenler&quot;). Bu Desenleri sat\u0131n alarak, a\u015fa\u011f\u0131daki \u015fartlar\u0131 kabul etmi\u015f olursunuz.<\/p>\n\n\n\n<h3 class=\"nm-block-heading wp-block-heading\">3. \u0130zin Verilen Kullan\u0131m<\/h3>\n\n\n\n<p>Sat\u0131n al\u0131nan Desenleri ki\u015fisel kullan\u0131m i\u00e7in ve ayr\u0131ca sat\u0131\u015fa y\u00f6nelik \u00fcr\u00fcnler olu\u015fturmak i\u00e7in kullanabilirsiniz. Ancak Desenleri herhangi bir \u015fekilde da\u011f\u0131tman\u0131z veya yeniden satman\u0131z kesinlikle yasakt\u0131r; buna Desenlerden yap\u0131lm\u0131\u015f akrilik \u015fablonlar\u0131n sat\u0131\u015f\u0131 da dahildir ancak bunlarla s\u0131n\u0131rl\u0131 de\u011fildir. Ayr\u0131ca, logolar, bi\u00e7imlendirme ve genel d\u00fczen dahil olmak \u00fczere desen dosyalar\u0131n\u0131n herhangi bir grafik \u00f6\u011fesini kopyalamak kesinlikle yasakt\u0131r.<\/p>\n\n\n\n<h3 class=\"nm-block-heading wp-block-heading\">4. At\u00f6lyeler<\/h3>\n\n\n\n<p>Desenlerin at\u00f6lye \u00e7al\u0131\u015fmalar\u0131 i\u00e7in kullan\u0131lmas\u0131 durumunda, her kat\u0131l\u0131mc\u0131 i\u00e7in Desenin bir kopyas\u0131 sat\u0131n al\u0131nmal\u0131 ve bu, kat\u0131l\u0131mc\u0131n\u0131n kullan\u0131m\u0131na lisans g\u00f6revi g\u00f6rmelidir.<\/p>\n\n\n\n<h3 class=\"nm-block-heading wp-block-heading\">5. Kendin Yap Kitleri<\/h3>\n\n\n\n<p>Desenleri kullanarak bitmi\u015f \u00fcr\u00fcn\u00fc yapmak i\u00e7in gerekli malzemeleri i\u00e7eren Kendin Yap (DIY) kitleri olu\u015fturabilir ve satabilirsiniz. Ancak, Desen kitin temel bir par\u00e7as\u0131 oldu\u011fundan, satt\u0131\u011f\u0131n\u0131z her bir kit i\u00e7in ayr\u0131 bir Desen lisans\u0131 (yani sat\u0131n al\u0131nm\u0131\u015f tek bir Desen) gereklidir. Bu, da\u011f\u0131t\u0131lan her birim i\u00e7in tasar\u0131m \u00e7al\u0131\u015fmas\u0131n\u0131n adil bir \u015fekilde tazmin edilmesini sa\u011flar ve Desenin kendisinin yeniden da\u011f\u0131t\u0131lmas\u0131n\u0131n yasak oldu\u011fu ilkesiyle uyumludur.<\/p>\n\n\n\n<h3 class=\"nm-block-heading wp-block-heading\">6. \u0130ade veya Geri \u00d6deme Yok<\/h3>\n\n\n\n<p>Desenlerin t\u00fcm sat\u0131\u015flar\u0131 nihaidir. Desenler sat\u0131n al\u0131nd\u0131ktan sonra iade veya geri \u00f6deme sunmuyoruz.<\/p>\n\n\n\n<h3 class=\"nm-block-heading wp-block-heading\">7. &quot;Oldu\u011fu Gibi&quot; Sat\u0131l\u0131r\u201c<\/h3>\n\n\n\n<p>Desenler oldu\u011fu gibi sat\u0131lmakta olup, ki\u015fiselle\u015ftirme hizmeti verilmemektedir.<\/p>\n\n\n\n<h3 class=\"nm-block-heading wp-block-heading\">8. \u0130leti\u015fim Bilgileri<\/h3>\n\n\n\n<p>Bu h\u00fck\u00fcm ve ko\u015fullar hakk\u0131nda herhangi bir sorunuz varsa l\u00fctfen bizimle \u015fu adresten ileti\u015fime ge\u00e7in: <a href=\"mailto:alexis@nomadecrafts.com\">alexis@nomadecrafts.com<\/a>.<\/p>\n\n\n\n<p>Web sitemizi kullanarak ve dijital \u00fcr\u00fcnlerimizi sat\u0131n alarak, bu h\u00fck\u00fcm ve ko\u015fullar\u0131 okudu\u011funuzu, anlad\u0131\u011f\u0131n\u0131z\u0131 ve bunlara ba\u011fl\u0131 kalmay\u0131 kabul etti\u011finizi kabul edersiniz. Bu h\u00fck\u00fcm ve ko\u015fullardan herhangi birini kabul etmiyorsan\u0131z, bu siteyi kullanman\u0131z veya eri\u015fmeniz ve dijital \u00fcr\u00fcnlerimizi sat\u0131n alman\u0131z yasakt\u0131r.<\/p>","protected":false},"excerpt":{"rendered":"<p>\u015eartlar ve Ko\u015fullar NomadeCrafts Ltd. taraf\u0131ndan i\u015fletilen NomadeCrafts&#039;e ho\u015f geldiniz. www.nomadecrafts.com adresindeki web sitemize eri\u015ferek veya kullanarak ve dijital \u00fcr\u00fcnlerimizi sat\u0131n alarak, a\u015fa\u011f\u0131daki kullan\u0131m \u015fart ve ko\u015fullar\u0131na uymay\u0131 ve bunlara ba\u011fl\u0131 kalmay\u0131 kabul edersiniz. L\u00fctfen dijital \u00fcr\u00fcnlerimizden herhangi birini sat\u0131n almadan veya kullanmadan \u00f6nce bu \u015fartlar\u0131 dikkatlice okuyun. 1. Kabul\u2026<\/p>","protected":false},"author":1,"featured_media":0,"parent":0,"menu_order":0,"comment_status":"closed","ping_status":"closed","template":"","meta":{"_vp_format_video_url":"","_vp_image_focal_point":[],"footnotes":""},"class_list":["post-5838","page","type-page","status-publish","hentry"],"yoast_head":"<!-- This site is optimized with the Yoast SEO plugin v27.4 - https:\/\/yoast.com\/product\/yoast-seo-wordpress\/ -->\n<title>Terms &amp; Conditions - NomadeCrafts<\/title>\n<meta name=\"robots\" content=\"index, follow, max-snippet:-1, max-image-preview:large, max-video-preview:-1\" \/>\n<link rel=\"canonical\" href=\"https:\/\/www.nomadecrafts.com\/tr\/terms-and-conditions\/\" \/>\n<meta property=\"og:locale\" content=\"tr_TR\" \/>\n<meta property=\"og:type\" content=\"article\" \/>\n<meta property=\"og:title\" content=\"Terms &amp; Conditions - NomadeCrafts\" \/>\n<meta property=\"og:description\" content=\"Terms &amp; Conditions Welcome to NomadeCrafts, operated by NomadeCrafts Ltd. By accessing or using our website, www.nomadecrafts.com, and purchasing our digital goods, you agree to comply with and be bound by the following terms and conditions of use. Please read these terms carefully before purchasing or using any of our digital goods. 1. Acceptance of &hellip;\" \/>\n<meta property=\"og:url\" content=\"https:\/\/www.nomadecrafts.com\/tr\/terms-and-conditions\/\" \/>\n<meta property=\"og:site_name\" content=\"NomadeCrafts\" \/>\n<meta property=\"article:modified_time\" content=\"2025-10-01T10:51:01+00:00\" \/>\n<meta name=\"twitter:card\" content=\"summary_large_image\" \/>\n<meta name=\"twitter:label1\" content=\"Tahmini okuma s\u00fcresi\" \/>\n\t<meta name=\"twitter:data1\" content=\"2 dakika\" \/>\n<script type=\"application\/ld+json\" class=\"yoast-schema-graph\">{\"@context\":\"https:\\\/\\\/schema.org\",\"@graph\":[{\"@type\":\"WebPage\",\"@id\":\"https:\\\/\\\/www.nomadecrafts.com\\\/terms-and-conditions\\\/\",\"url\":\"https:\\\/\\\/www.nomadecrafts.com\\\/terms-and-conditions\\\/\",\"name\":\"Terms & Conditions - NomadeCrafts\",\"isPartOf\":{\"@id\":\"https:\\\/\\\/www.nomadecrafts.com\\\/#website\"},\"datePublished\":\"2024-01-06T17:48:16+00:00\",\"dateModified\":\"2025-10-01T10:51:01+00:00\",\"breadcrumb\":{\"@id\":\"https:\\\/\\\/www.nomadecrafts.com\\\/terms-and-conditions\\\/#breadcrumb\"},\"inLanguage\":\"tr\",\"potentialAction\":[{\"@type\":\"ReadAction\",\"target\":[\"https:\\\/\\\/www.nomadecrafts.com\\\/terms-and-conditions\\\/\"]}]},{\"@type\":\"BreadcrumbList\",\"@id\":\"https:\\\/\\\/www.nomadecrafts.com\\\/terms-and-conditions\\\/#breadcrumb\",\"itemListElement\":[{\"@type\":\"ListItem\",\"position\":1,\"name\":\"Home\",\"item\":\"https:\\\/\\\/www.nomadecrafts.com\\\/\"},{\"@type\":\"ListItem\",\"position\":2,\"name\":\"Terms &#038; Conditions\"}]},{\"@type\":\"WebSite\",\"@id\":\"https:\\\/\\\/www.nomadecrafts.com\\\/#website\",\"url\":\"https:\\\/\\\/www.nomadecrafts.com\\\/\",\"name\":\"Nomade Crafts&Dreams\",\"description\":\"Your Leathercraft Haven: Patterns, Tutorials, and Inspiration\",\"publisher\":{\"@id\":\"https:\\\/\\\/www.nomadecrafts.com\\\/#organization\"},\"potentialAction\":[{\"@type\":\"SearchAction\",\"target\":{\"@type\":\"EntryPoint\",\"urlTemplate\":\"https:\\\/\\\/www.nomadecrafts.com\\\/?s={search_term_string}\"},\"query-input\":{\"@type\":\"PropertyValueSpecification\",\"valueRequired\":true,\"valueName\":\"search_term_string\"}}],\"inLanguage\":\"tr\"},{\"@type\":\"Organization\",\"@id\":\"https:\\\/\\\/www.nomadecrafts.com\\\/#organization\",\"name\":\"Nomadecraftsanddreams\",\"url\":\"https:\\\/\\\/www.nomadecrafts.com\\\/\",\"logo\":{\"@type\":\"ImageObject\",\"inLanguage\":\"tr\",\"@id\":\"https:\\\/\\\/www.nomadecrafts.com\\\/#\\\/schema\\\/logo\\\/image\\\/\",\"url\":\"https:\\\/\\\/nomadecrafts.com\\\/wp-content\\\/uploads\\\/2020\\\/11\\\/Nomade_logo_draft_bold.svg_.png\",\"contentUrl\":\"https:\\\/\\\/nomadecrafts.com\\\/wp-content\\\/uploads\\\/2020\\\/11\\\/Nomade_logo_draft_bold.svg_.png\",\"width\":1000,\"height\":1000,\"caption\":\"Nomadecraftsanddreams\"},\"image\":{\"@id\":\"https:\\\/\\\/www.nomadecrafts.com\\\/#\\\/schema\\\/logo\\\/image\\\/\"},\"sameAs\":[\"https:\\\/\\\/www.instagram.com\\\/nomadecraftsanddreams\\\/\",\"https:\\\/\\\/www.pinterest.es\\\/nomadecraftsanddreams\\\/\",\"https:\\\/\\\/www.youtube.com\\\/channel\\\/UCKbAvDv7gdbmYTozbI-FCGg\"]}]}<\/script>\n<!-- \/ Yoast SEO plugin. -->","yoast_head_json":{"title":"\u015eartlar ve Ko\u015fullar - NomadeCrafts","robots":{"index":"index","follow":"follow","max-snippet":"max-snippet:-1","max-image-preview":"max-image-preview:large","max-video-preview":"max-video-preview:-1"},"canonical":"https:\/\/www.nomadecrafts.com\/tr\/terms-and-conditions\/","og_locale":"tr_TR","og_type":"article","og_title":"Terms & Conditions - NomadeCrafts","og_description":"Terms &amp; Conditions Welcome to NomadeCrafts, operated by NomadeCrafts Ltd. By accessing or using our website, www.nomadecrafts.com, and purchasing our digital goods, you agree to comply with and be bound by the following terms and conditions of use. Please read these terms carefully before purchasing or using any of our digital goods. 1. Acceptance of &hellip;","og_url":"https:\/\/www.nomadecrafts.com\/tr\/terms-and-conditions\/","og_site_name":"NomadeCrafts","article_modified_time":"2025-10-01T10:51:01+00:00","twitter_card":"summary_large_image","twitter_misc":{"Tahmini okuma s\u00fcresi":"2 dakika"},"schema":{"@context":"https:\/\/schema.org","@graph":[{"@type":"WebPage","@id":"https:\/\/www.nomadecrafts.com\/terms-and-conditions\/","url":"https:\/\/www.nomadecrafts.com\/terms-and-conditions\/","name":"\u015eartlar ve Ko\u015fullar - NomadeCrafts","isPartOf":{"@id":"https:\/\/www.nomadecrafts.com\/#website"},"datePublished":"2024-01-06T17:48:16+00:00","dateModified":"2025-10-01T10:51:01+00:00","breadcrumb":{"@id":"https:\/\/www.nomadecrafts.com\/terms-and-conditions\/#breadcrumb"},"inLanguage":"tr","potentialAction":[{"@type":"ReadAction","target":["https:\/\/www.nomadecrafts.com\/terms-and-conditions\/"]}]},{"@type":"BreadcrumbList","@id":"https:\/\/www.nomadecrafts.com\/terms-and-conditions\/#breadcrumb","itemListElement":[{"@type":"ListItem","position":1,"name":"Home","item":"https:\/\/www.nomadecrafts.com\/"},{"@type":"ListItem","position":2,"name":"Terms &#038; Conditions"}]},{"@type":"WebSite","@id":"https:\/\/www.nomadecrafts.com\/#website","url":"https:\/\/www.nomadecrafts.com\/","name":"Nomade El Sanatlar\u0131 ve R\u00fcyalar","description":"Deri El Sanatlar\u0131 Cennetiniz: Desenler, E\u011fitimler ve \u0130lham","publisher":{"@id":"https:\/\/www.nomadecrafts.com\/#organization"},"potentialAction":[{"@type":"SearchAction","target":{"@type":"EntryPoint","urlTemplate":"https:\/\/www.nomadecrafts.com\/?s={search_term_string}"},"query-input":{"@type":"PropertyValueSpecification","valueRequired":true,"valueName":"search_term_string"}}],"inLanguage":"tr"},{"@type":"Organization","@id":"https:\/\/www.nomadecrafts.com\/#organization","name":"Nomadecraftsanddreams","url":"https:\/\/www.nomadecrafts.com\/","logo":{"@type":"ImageObject","inLanguage":"tr","@id":"https:\/\/www.nomadecrafts.com\/#\/schema\/logo\/image\/","url":"https:\/\/nomadecrafts.com\/wp-content\/uploads\/2020\/11\/Nomade_logo_draft_bold.svg_.png","contentUrl":"https:\/\/nomadecrafts.com\/wp-content\/uploads\/2020\/11\/Nomade_logo_draft_bold.svg_.png","width":1000,"height":1000,"caption":"Nomadecraftsanddreams"},"image":{"@id":"https:\/\/www.nomadecrafts.com\/#\/schema\/logo\/image\/"},"sameAs":["https:\/\/www.instagram.com\/nomadecraftsanddreams\/","https:\/\/www.pinterest.es\/nomadecraftsanddreams\/","https:\/\/www.youtube.com\/channel\/UCKbAvDv7gdbmYTozbI-FCGg"]}]}},"_links":{"self":[{"href":"https:\/\/www.nomadecrafts.com\/tr\/wp-json\/wp\/v2\/pages\/5838","targetHints":{"allow":["GET"]}}],"collection":[{"href":"https:\/\/www.nomadecrafts.com\/tr\/wp-json\/wp\/v2\/pages"}],"about":[{"href":"https:\/\/www.nomadecrafts.com\/tr\/wp-json\/wp\/v2\/types\/page"}],"author":[{"embeddable":true,"href":"https:\/\/www.nomadecrafts.com\/tr\/wp-json\/wp\/v2\/users\/1"}],"replies":[{"embeddable":true,"href":"https:\/\/www.nomadecrafts.com\/tr\/wp-json\/wp\/v2\/comments?post=5838"}],"version-history":[{"count":1,"href":"https:\/\/www.nomadecrafts.com\/tr\/wp-json\/wp\/v2\/pages\/5838\/revisions"}],"predecessor-version":[{"id":10554,"href":"https:\/\/www.nomadecrafts.com\/tr\/wp-json\/wp\/v2\/pages\/5838\/revisions\/10554"}],"wp:attachment":[{"href":"https:\/\/www.nomadecrafts.com\/tr\/wp-json\/wp\/v2\/media?parent=5838"}],"curies":[{"name":"wp","href":"https:\/\/api.w.org\/{rel}","templated":true}]}}