{"id":6930,"date":"2024-04-01T17:43:11","date_gmt":"2024-04-01T17:43:11","guid":{"rendered":"https:\/\/www.nomadecrafts.com\/?post_type=product&#038;p=6930"},"modified":"2026-03-31T09:53:16","modified_gmt":"2026-03-31T09:53:16","slug":"easter-egg-candy-box-pattern","status":"publish","type":"product","link":"https:\/\/www.nomadecrafts.com\/pt\/store\/easter-egg-candy-box-pattern\/","title":{"rendered":"Padr\u00e3o de caixa de doces de ovo de P\u00e1scoa"},"content":{"rendered":"<p>Isso \u00e9 <strong>n\u00e3o \u00e9 um produto f\u00edsico<\/strong>, \u00e9 um conjunto de arquivos digitais contendo:<\/p>\n<p>\ud83d\udcd8 O padr\u00e3o do projeto exibido nas fotos do an\u00fancio (PDF, AI, DXF, SVG).<br \/>\n\ud83d\udcd4 Um tutorial ilustrado que descreve todas as etapas necess\u00e1rias para concluir o projeto.<\/p>\n<p>\ud83d\udca1 Este padr\u00e3o \u00e9 oferecido nas vers\u00f5es carta americana e A4, bem como 3 formatos de arquivo vetorial diferentes para torn\u00e1-lo utiliz\u00e1vel com m\u00e1quinas de corte a laser como (Glowforge, XTool etc.) ou plotters de corte (Cricut).<\/p>","protected":false},"excerpt":{"rendered":"<p>Compre este molde e siga o tutorial para fazer sua pr\u00f3pria Caixa de Doces de Ovo de P\u00e1scoa com couro. Voc\u00ea certamente surpreender\u00e1 seus convidados ou entes queridos com esta decora\u00e7\u00e3o de interior \u00fanica!<\/p>\n<hr \/>\n<p><strong>Tutorial relacionado:<\/strong> <a href=\"https:\/\/www.nomadecrafts.com\/pt\/easter-egg-candy-box\/\">Caixa de doces de ovos de P\u00e1scoa<\/a><\/p>","protected":false},"featured_media":12491,"comment_status":"open","ping_status":"closed","template":"","meta":{"_vp_format_video_url":"","_vp_image_focal_point":[]},"product_brand":[423],"product_cat":[399],"product_tag":[565,562,541,961,963,859,965,543,538,973,956,960,966,971,968,857,865,848,959,862,755,854,561,544,970,958,967,974,969,972,964,849,962,957,564,595,545,553,539,590,504],"class_list":{"0":"post-6930","1":"product","2":"type-product","3":"status-publish","4":"has-post-thumbnail","6":"product_brand-nomadecrafts","7":"product_cat-home-decor","8":"product_tag-advanced-leather-project","9":"product_tag-cricut-leather-design","10":"product_tag-cricut-template","11":"product_tag-custom-leather-box","12":"product_tag-customizable-easter-box","13":"product_tag-diy-holiday-project","14":"product_tag-diy-leather-box","15":"product_tag-diy-leather-project","16":"product_tag-dxf-file","17":"product_tag-easter-crafting-kit","18":"product_tag-easter-egg-candy-box","19":"product_tag-easter-egg-pattern","20":"product_tag-easter-gift-idea","21":"product_tag-easter-leather-art","22":"product_tag-easter-leather-craft","23":"product_tag-festive-home-decor","24":"product_tag-festive-leather-art","25":"product_tag-festive-leather-craft","26":"product_tag-handmade-candy-box","27":"product_tag-handmade-holiday-decor","28":"product_tag-handmade-leather-decor","29":"product_tag-holiday-themed-gift","30":"product_tag-laser-cut-leather-art","31":"product_tag-laser-cutting-project","32":"product_tag-leather-box-pattern","33":"product_tag-leather-easter-box","34":"product_tag-leather-easter-decor","35":"product_tag-leather-easter-gift","36":"product_tag-leather-easter-set","37":"product_tag-leather-egg-box","38":"product_tag-leather-egg-design","39":"product_tag-leather-holiday-decor","40":"product_tag-leather-holiday-tutorial","41":"product_tag-leathercraft-easter-pattern","42":"product_tag-leathercraft-for-beginners","43":"product_tag-leathercraft-tutorial","44":"product_tag-leatherworking-tutorial","45":"product_tag-pdf-leather-pattern","46":"product_tag-svg-file","47":"product_tag-unique-leather-gift","48":"product_tag-vector-files-for-laser-cutting","50":"first","51":"instock","52":"featured","53":"downloadable","54":"virtual","55":"sold-individually","56":"purchasable","57":"product-type-simple"},"yoast_head":"<!-- This site is optimized with the Yoast SEO plugin v27.4 - https:\/\/yoast.com\/product\/yoast-seo-wordpress\/ -->\n<title>Easter Egg Candy Box Pattern - NomadeCrafts<\/title>\n<meta name=\"description\" content=\"Create a festive Easter egg candy box with this leathercraft pattern. Includes PDF &amp; vector files for laser cutting. Perfect for Easter gifts!\" \/>\n<meta name=\"robots\" content=\"index, follow, max-snippet:-1, max-image-preview:large, max-video-preview:-1\" \/>\n<link rel=\"canonical\" href=\"https:\/\/www.nomadecrafts.com\/pt\/store\/easter-egg-candy-box-pattern\/\" \/>\n<meta property=\"og:locale\" content=\"pt_PT\" \/>\n<meta property=\"og:type\" content=\"article\" \/>\n<meta property=\"og:title\" content=\"Easter Egg Candy Box Pattern - NomadeCrafts\" \/>\n<meta property=\"og:description\" content=\"Create a festive Easter egg candy box with this leathercraft pattern. Includes PDF &amp; vector files for laser cutting. Perfect for Easter gifts!\" \/>\n<meta property=\"og:url\" content=\"https:\/\/www.nomadecrafts.com\/pt\/store\/easter-egg-candy-box-pattern\/\" \/>\n<meta property=\"og:site_name\" content=\"NomadeCrafts\" \/>\n<meta property=\"article:modified_time\" content=\"2026-03-31T09:53:16+00:00\" \/>\n<meta property=\"og:image\" content=\"https:\/\/www.nomadecrafts.com\/wp-content\/uploads\/2026\/03\/Easter_egg_leather_pattern_listing_photos_Main-scaled.webp\" \/>\n\t<meta property=\"og:image:width\" content=\"2560\" \/>\n\t<meta property=\"og:image:height\" content=\"2560\" \/>\n\t<meta property=\"og:image:type\" content=\"image\/webp\" \/>\n<meta name=\"twitter:card\" content=\"summary_large_image\" \/>\n<script type=\"application\/ld+json\" class=\"yoast-schema-graph\">{\"@context\":\"https:\\\/\\\/schema.org\",\"@graph\":[{\"@type\":\"WebPage\",\"@id\":\"https:\\\/\\\/www.nomadecrafts.com\\\/store\\\/easter-egg-candy-box-pattern\\\/\",\"url\":\"https:\\\/\\\/www.nomadecrafts.com\\\/store\\\/easter-egg-candy-box-pattern\\\/\",\"name\":\"Easter Egg Candy Box Pattern - NomadeCrafts\",\"isPartOf\":{\"@id\":\"https:\\\/\\\/www.nomadecrafts.com\\\/#website\"},\"primaryImageOfPage\":{\"@id\":\"https:\\\/\\\/www.nomadecrafts.com\\\/store\\\/easter-egg-candy-box-pattern\\\/#primaryimage\"},\"image\":{\"@id\":\"https:\\\/\\\/www.nomadecrafts.com\\\/store\\\/easter-egg-candy-box-pattern\\\/#primaryimage\"},\"thumbnailUrl\":\"https:\\\/\\\/www.nomadecrafts.com\\\/wp-content\\\/uploads\\\/2026\\\/03\\\/Easter_egg_leather_pattern_listing_photos_Main-scaled.webp\",\"datePublished\":\"2024-04-01T17:43:11+00:00\",\"dateModified\":\"2026-03-31T09:53:16+00:00\",\"description\":\"Create a festive Easter egg candy box with this leathercraft pattern. Includes PDF & vector files for laser cutting. Perfect for Easter gifts!\",\"breadcrumb\":{\"@id\":\"https:\\\/\\\/www.nomadecrafts.com\\\/store\\\/easter-egg-candy-box-pattern\\\/#breadcrumb\"},\"inLanguage\":\"pt-PT\",\"potentialAction\":[{\"@type\":\"ReadAction\",\"target\":[\"https:\\\/\\\/www.nomadecrafts.com\\\/store\\\/easter-egg-candy-box-pattern\\\/\"]}]},{\"@type\":\"ImageObject\",\"inLanguage\":\"pt-PT\",\"@id\":\"https:\\\/\\\/www.nomadecrafts.com\\\/store\\\/easter-egg-candy-box-pattern\\\/#primaryimage\",\"url\":\"https:\\\/\\\/www.nomadecrafts.com\\\/wp-content\\\/uploads\\\/2026\\\/03\\\/Easter_egg_leather_pattern_listing_photos_Main-scaled.webp\",\"contentUrl\":\"https:\\\/\\\/www.nomadecrafts.com\\\/wp-content\\\/uploads\\\/2026\\\/03\\\/Easter_egg_leather_pattern_listing_photos_Main-scaled.webp\",\"width\":2560,\"height\":2560},{\"@type\":\"BreadcrumbList\",\"@id\":\"https:\\\/\\\/www.nomadecrafts.com\\\/store\\\/easter-egg-candy-box-pattern\\\/#breadcrumb\",\"itemListElement\":[{\"@type\":\"ListItem\",\"position\":1,\"name\":\"Home\",\"item\":\"https:\\\/\\\/www.nomadecrafts.com\\\/\"},{\"@type\":\"ListItem\",\"position\":2,\"name\":\"Pattern Store\",\"item\":\"https:\\\/\\\/www.nomadecrafts.com\\\/store\\\/\"},{\"@type\":\"ListItem\",\"position\":3,\"name\":\"Easter Egg Candy Box Pattern\"}]},{\"@type\":\"WebSite\",\"@id\":\"https:\\\/\\\/www.nomadecrafts.com\\\/#website\",\"url\":\"https:\\\/\\\/www.nomadecrafts.com\\\/\",\"name\":\"Nomade Crafts&Dreams\",\"description\":\"Your Leathercraft Haven: Patterns, Tutorials, and Inspiration\",\"publisher\":{\"@id\":\"https:\\\/\\\/www.nomadecrafts.com\\\/#organization\"},\"potentialAction\":[{\"@type\":\"SearchAction\",\"target\":{\"@type\":\"EntryPoint\",\"urlTemplate\":\"https:\\\/\\\/www.nomadecrafts.com\\\/?s={search_term_string}\"},\"query-input\":{\"@type\":\"PropertyValueSpecification\",\"valueRequired\":true,\"valueName\":\"search_term_string\"}}],\"inLanguage\":\"pt-PT\"},{\"@type\":\"Organization\",\"@id\":\"https:\\\/\\\/www.nomadecrafts.com\\\/#organization\",\"name\":\"Nomadecraftsanddreams\",\"url\":\"https:\\\/\\\/www.nomadecrafts.com\\\/\",\"logo\":{\"@type\":\"ImageObject\",\"inLanguage\":\"pt-PT\",\"@id\":\"https:\\\/\\\/www.nomadecrafts.com\\\/#\\\/schema\\\/logo\\\/image\\\/\",\"url\":\"https:\\\/\\\/nomadecrafts.com\\\/wp-content\\\/uploads\\\/2020\\\/11\\\/Nomade_logo_draft_bold.svg_.png\",\"contentUrl\":\"https:\\\/\\\/nomadecrafts.com\\\/wp-content\\\/uploads\\\/2020\\\/11\\\/Nomade_logo_draft_bold.svg_.png\",\"width\":1000,\"height\":1000,\"caption\":\"Nomadecraftsanddreams\"},\"image\":{\"@id\":\"https:\\\/\\\/www.nomadecrafts.com\\\/#\\\/schema\\\/logo\\\/image\\\/\"},\"sameAs\":[\"https:\\\/\\\/www.instagram.com\\\/nomadecraftsanddreams\\\/\",\"https:\\\/\\\/www.pinterest.es\\\/nomadecraftsanddreams\\\/\",\"https:\\\/\\\/www.youtube.com\\\/channel\\\/UCKbAvDv7gdbmYTozbI-FCGg\"]}]}<\/script>\n<!-- \/ Yoast SEO plugin. -->","yoast_head_json":{"title":"Padr\u00e3o de caixa de doces de ovo de P\u00e1scoa - NomadeCrafts","description":"Crie uma caixa de doces de ovos de P\u00e1scoa festiva com este padr\u00e3o de couro. Inclui arquivos PDF e vetoriais para corte a laser. Perfeito para presentes de P\u00e1scoa!","robots":{"index":"index","follow":"follow","max-snippet":"max-snippet:-1","max-image-preview":"max-image-preview:large","max-video-preview":"max-video-preview:-1"},"canonical":"https:\/\/www.nomadecrafts.com\/pt\/store\/easter-egg-candy-box-pattern\/","og_locale":"pt_PT","og_type":"article","og_title":"Easter Egg Candy Box Pattern - NomadeCrafts","og_description":"Create a festive Easter egg candy box with this leathercraft pattern. Includes PDF & vector files for laser cutting. Perfect for Easter gifts!","og_url":"https:\/\/www.nomadecrafts.com\/pt\/store\/easter-egg-candy-box-pattern\/","og_site_name":"NomadeCrafts","article_modified_time":"2026-03-31T09:53:16+00:00","og_image":[{"width":2560,"height":2560,"url":"https:\/\/www.nomadecrafts.com\/wp-content\/uploads\/2026\/03\/Easter_egg_leather_pattern_listing_photos_Main-scaled.webp","type":"image\/webp"}],"twitter_card":"summary_large_image","schema":{"@context":"https:\/\/schema.org","@graph":[{"@type":"WebPage","@id":"https:\/\/www.nomadecrafts.com\/store\/easter-egg-candy-box-pattern\/","url":"https:\/\/www.nomadecrafts.com\/store\/easter-egg-candy-box-pattern\/","name":"Padr\u00e3o de caixa de doces de ovo de P\u00e1scoa - NomadeCrafts","isPartOf":{"@id":"https:\/\/www.nomadecrafts.com\/#website"},"primaryImageOfPage":{"@id":"https:\/\/www.nomadecrafts.com\/store\/easter-egg-candy-box-pattern\/#primaryimage"},"image":{"@id":"https:\/\/www.nomadecrafts.com\/store\/easter-egg-candy-box-pattern\/#primaryimage"},"thumbnailUrl":"https:\/\/www.nomadecrafts.com\/wp-content\/uploads\/2026\/03\/Easter_egg_leather_pattern_listing_photos_Main-scaled.webp","datePublished":"2024-04-01T17:43:11+00:00","dateModified":"2026-03-31T09:53:16+00:00","description":"Crie uma caixa de doces de ovos de P\u00e1scoa festiva com este padr\u00e3o de couro. Inclui arquivos PDF e vetoriais para corte a laser. Perfeito para presentes de P\u00e1scoa!","breadcrumb":{"@id":"https:\/\/www.nomadecrafts.com\/store\/easter-egg-candy-box-pattern\/#breadcrumb"},"inLanguage":"pt-PT","potentialAction":[{"@type":"ReadAction","target":["https:\/\/www.nomadecrafts.com\/store\/easter-egg-candy-box-pattern\/"]}]},{"@type":"ImageObject","inLanguage":"pt-PT","@id":"https:\/\/www.nomadecrafts.com\/store\/easter-egg-candy-box-pattern\/#primaryimage","url":"https:\/\/www.nomadecrafts.com\/wp-content\/uploads\/2026\/03\/Easter_egg_leather_pattern_listing_photos_Main-scaled.webp","contentUrl":"https:\/\/www.nomadecrafts.com\/wp-content\/uploads\/2026\/03\/Easter_egg_leather_pattern_listing_photos_Main-scaled.webp","width":2560,"height":2560},{"@type":"BreadcrumbList","@id":"https:\/\/www.nomadecrafts.com\/store\/easter-egg-candy-box-pattern\/#breadcrumb","itemListElement":[{"@type":"ListItem","position":1,"name":"Home","item":"https:\/\/www.nomadecrafts.com\/"},{"@type":"ListItem","position":2,"name":"Pattern Store","item":"https:\/\/www.nomadecrafts.com\/store\/"},{"@type":"ListItem","position":3,"name":"Easter Egg Candy Box Pattern"}]},{"@type":"WebSite","@id":"https:\/\/www.nomadecrafts.com\/#website","url":"https:\/\/www.nomadecrafts.com\/","name":"Artesanato e sonhos n\u00f4mades","description":"Your Leathercraft Haven: Padr\u00f5es, Tutoriais e Inspira\u00e7\u00e3o","publisher":{"@id":"https:\/\/www.nomadecrafts.com\/#organization"},"potentialAction":[{"@type":"SearchAction","target":{"@type":"EntryPoint","urlTemplate":"https:\/\/www.nomadecrafts.com\/?s={search_term_string}"},"query-input":{"@type":"PropertyValueSpecification","valueRequired":true,"valueName":"search_term_string"}}],"inLanguage":"pt-PT"},{"@type":"Organization","@id":"https:\/\/www.nomadecrafts.com\/#organization","name":"Nomadecraftsanddreams","url":"https:\/\/www.nomadecrafts.com\/","logo":{"@type":"ImageObject","inLanguage":"pt-PT","@id":"https:\/\/www.nomadecrafts.com\/#\/schema\/logo\/image\/","url":"https:\/\/nomadecrafts.com\/wp-content\/uploads\/2020\/11\/Nomade_logo_draft_bold.svg_.png","contentUrl":"https:\/\/nomadecrafts.com\/wp-content\/uploads\/2020\/11\/Nomade_logo_draft_bold.svg_.png","width":1000,"height":1000,"caption":"Nomadecraftsanddreams"},"image":{"@id":"https:\/\/www.nomadecrafts.com\/#\/schema\/logo\/image\/"},"sameAs":["https:\/\/www.instagram.com\/nomadecraftsanddreams\/","https:\/\/www.pinterest.es\/nomadecraftsanddreams\/","https:\/\/www.youtube.com\/channel\/UCKbAvDv7gdbmYTozbI-FCGg"]}]}},"_links":{"self":[{"href":"https:\/\/www.nomadecrafts.com\/pt\/wp-json\/wp\/v2\/product\/6930","targetHints":{"allow":["GET"]}}],"collection":[{"href":"https:\/\/www.nomadecrafts.com\/pt\/wp-json\/wp\/v2\/product"}],"about":[{"href":"https:\/\/www.nomadecrafts.com\/pt\/wp-json\/wp\/v2\/types\/product"}],"replies":[{"embeddable":true,"href":"https:\/\/www.nomadecrafts.com\/pt\/wp-json\/wp\/v2\/comments?post=6930"}],"wp:featuredmedia":[{"embeddable":true,"href":"https:\/\/www.nomadecrafts.com\/pt\/wp-json\/wp\/v2\/media\/12491"}],"wp:attachment":[{"href":"https:\/\/www.nomadecrafts.com\/pt\/wp-json\/wp\/v2\/media?parent=6930"}],"wp:term":[{"taxonomy":"product_brand","embeddable":true,"href":"https:\/\/www.nomadecrafts.com\/pt\/wp-json\/wp\/v2\/product_brand?post=6930"},{"taxonomy":"product_cat","embeddable":true,"href":"https:\/\/www.nomadecrafts.com\/pt\/wp-json\/wp\/v2\/product_cat?post=6930"},{"taxonomy":"product_tag","embeddable":true,"href":"https:\/\/www.nomadecrafts.com\/pt\/wp-json\/wp\/v2\/product_tag?post=6930"}],"curies":[{"name":"wp","href":"https:\/\/api.w.org\/{rel}","templated":true}]}}