{"id":5757,"date":"2024-01-05T22:47:49","date_gmt":"2024-01-05T22:47:49","guid":{"rendered":"https:\/\/www.nomadecrafts.com\/product\/riveted-skull-mask-sculpture-leathercraft-pattern-and-instructions-pdf-ai-eps-svg\/"},"modified":"2026-03-28T16:16:41","modified_gmt":"2026-03-28T16:16:41","slug":"riveted-skull-mask-sculpture-pattern","status":"publish","type":"product","link":"https:\/\/www.nomadecrafts.com\/pt\/store\/riveted-skull-mask-sculpture-pattern\/","title":{"rendered":"Pacote de m\u00e1scara de caveira rebitada e padr\u00f5es de escultura"},"content":{"rendered":"<p>Este padr\u00e3o vem em 3 vers\u00f5es diferentes: uma vers\u00e3o pequena que se tornar\u00e1 uma \u00f3tima escultura decorativa assustadora, bem como duas vers\u00f5es de m\u00e1scaras, respectivamente dimensionadas para crian\u00e7as e adultos.<\/p>\n<p>Recomendo testar a vers\u00e3o da m\u00e1scara com anteced\u00eancia com papel para garantir que o tamanho seja adequado \u00e0s suas necessidades. Voc\u00ea pode ent\u00e3o usar as vers\u00f5es vetoriais do padr\u00e3o para dimension\u00e1-lo nas dimens\u00f5es ideais, se necess\u00e1rio.<\/p>\n<hr \/>\n<p>&nbsp;<\/p>\n<p>Isso \u00e9 <strong>n\u00e3o \u00e9 um produto f\u00edsico<\/strong>, \u00e9 um conjunto de arquivos digitais contendo:<\/p>\n<ul>\n<li>O padr\u00e3o do projeto exibido nas fotos da listagem (PDF, AI, DXF, SVG).<\/li>\n<li>As instru\u00e7\u00f5es descrevendo todas as etapas necess\u00e1rias para concluir o projeto.<\/li>\n<\/ul>\n<p>Este padr\u00e3o \u00e9 oferecido nas vers\u00f5es carta americana e A4, bem como 3 formatos de arquivo vetorial diferentes para torn\u00e1-lo utiliz\u00e1vel com m\u00e1quinas de corte a laser como (Glowforge, XTool etc.) ou plotters de corte (Cricut).<\/p>\n<p>&nbsp;<\/p>\n<p>&nbsp;<\/p>","protected":false},"excerpt":{"rendered":"<p>Impressione seus amigos no Halloween!<\/p>\n<p>Compre este molde e siga as instru\u00e7\u00f5es para fazer sua pr\u00f3pria m\u00e1scara de caveira ou escultura de couro.<\/p>\n<p>&nbsp;<\/p>","protected":false},"featured_media":8917,"comment_status":"open","ping_status":"closed","template":"","meta":{"_vp_format_video_url":"","_vp_image_focal_point":[]},"product_brand":[],"product_cat":[404],"product_tag":[807,565,562,541,801,804,806,543,815,538,809,817,803,813,755,820,799,561,544,812,819,560,816,805,798,814,802,810,564,797,821,595,545,553,800,808,796,818,811,539,590,504],"class_list":{"0":"post-5757","1":"product","2":"type-product","3":"status-publish","4":"has-post-thumbnail","6":"product_cat-halloween","7":"product_tag-3d-leather-sculpture","8":"product_tag-advanced-leather-project","9":"product_tag-cricut-leather-design","10":"product_tag-cricut-template","11":"product_tag-custom-leather-mask","12":"product_tag-customizable-skull-mask","13":"product_tag-diy-leather-mask","14":"product_tag-diy-leather-project","15":"product_tag-diy-skull-decoration","16":"product_tag-dxf-file","17":"product_tag-gothic-home-decor","18":"product_tag-gothic-leather-art","19":"product_tag-gothic-leather-craft","20":"product_tag-halloween-leather-craft","21":"product_tag-handmade-leather-decor","22":"product_tag-handmade-leather-skull","23":"product_tag-handmade-skull-mask","24":"product_tag-laser-cut-leather-art","25":"product_tag-laser-cutting-project","26":"product_tag-leather-cosplay-mask","27":"product_tag-leather-halloween-mask","28":"product_tag-leather-home-decor","29":"product_tag-leather-mask-pattern","30":"product_tag-leather-skull-art","31":"product_tag-leather-skull-decoration","32":"product_tag-leather-skull-sculpture","33":"product_tag-leather-skull-tutorial","34":"product_tag-leather-wall-decoration","35":"product_tag-leathercraft-for-beginners","36":"product_tag-leathercraft-skull-mask","37":"product_tag-leathercraft-skull-pattern","38":"product_tag-leathercraft-tutorial","39":"product_tag-leatherworking-tutorial","40":"product_tag-pdf-leather-pattern","41":"product_tag-skull-decor-pattern","42":"product_tag-skull-lover-gift","43":"product_tag-skull-mask-pattern","44":"product_tag-skull-themed-decor","45":"product_tag-skull-themed-gift","46":"product_tag-svg-file","47":"product_tag-unique-leather-gift","48":"product_tag-vector-files-for-laser-cutting","50":"first","51":"instock","52":"featured","53":"downloadable","54":"virtual","55":"sold-individually","56":"purchasable","57":"product-type-simple"},"yoast_head":"<!-- This site is optimized with the Yoast SEO plugin v27.4 - https:\/\/yoast.com\/product\/yoast-seo-wordpress\/ -->\n<title>Riveted Skull Mask &amp; Sculpture Patterns Pack - NomadeCrafts<\/title>\n<meta name=\"description\" content=\"Create a skull mask &amp; decoration with this leathercraft pattern. Includes PDF &amp; vector files for laser cutting. Great for Halloween or gothic decor!\" \/>\n<meta name=\"robots\" content=\"index, follow, max-snippet:-1, max-image-preview:large, max-video-preview:-1\" \/>\n<link rel=\"canonical\" href=\"https:\/\/www.nomadecrafts.com\/pt\/store\/riveted-skull-mask-sculpture-pattern\/\" \/>\n<meta property=\"og:locale\" content=\"pt_PT\" \/>\n<meta property=\"og:type\" content=\"article\" \/>\n<meta property=\"og:title\" content=\"Riveted Skull Mask &amp; Sculpture Patterns Pack - NomadeCrafts\" \/>\n<meta property=\"og:description\" content=\"Create a skull mask &amp; decoration with this leathercraft pattern. Includes PDF &amp; vector files for laser cutting. Great for Halloween or gothic decor!\" \/>\n<meta property=\"og:url\" content=\"https:\/\/www.nomadecrafts.com\/pt\/store\/riveted-skull-mask-sculpture-pattern\/\" \/>\n<meta property=\"og:site_name\" content=\"NomadeCrafts\" \/>\n<meta property=\"article:modified_time\" content=\"2026-03-28T16:16:41+00:00\" \/>\n<meta property=\"og:image\" content=\"https:\/\/www.nomadecrafts.com\/wp-content\/uploads\/2024\/01\/Etsy_featured_template_Main-17-scaled.jpg\" \/>\n\t<meta property=\"og:image:width\" content=\"2560\" \/>\n\t<meta property=\"og:image:height\" content=\"1916\" \/>\n\t<meta property=\"og:image:type\" content=\"image\/jpeg\" \/>\n<meta name=\"twitter:card\" content=\"summary_large_image\" \/>\n<meta name=\"twitter:label1\" content=\"Tempo estimado de leitura\" \/>\n\t<meta name=\"twitter:data1\" content=\"1 minuto\" \/>\n<script type=\"application\/ld+json\" class=\"yoast-schema-graph\">{\"@context\":\"https:\\\/\\\/schema.org\",\"@graph\":[{\"@type\":\"WebPage\",\"@id\":\"https:\\\/\\\/www.nomadecrafts.com\\\/store\\\/riveted-skull-mask-sculpture-pattern\\\/\",\"url\":\"https:\\\/\\\/www.nomadecrafts.com\\\/store\\\/riveted-skull-mask-sculpture-pattern\\\/\",\"name\":\"Riveted Skull Mask & Sculpture Patterns Pack - NomadeCrafts\",\"isPartOf\":{\"@id\":\"https:\\\/\\\/www.nomadecrafts.com\\\/#website\"},\"primaryImageOfPage\":{\"@id\":\"https:\\\/\\\/www.nomadecrafts.com\\\/store\\\/riveted-skull-mask-sculpture-pattern\\\/#primaryimage\"},\"image\":{\"@id\":\"https:\\\/\\\/www.nomadecrafts.com\\\/store\\\/riveted-skull-mask-sculpture-pattern\\\/#primaryimage\"},\"thumbnailUrl\":\"https:\\\/\\\/www.nomadecrafts.com\\\/wp-content\\\/uploads\\\/2024\\\/01\\\/Etsy_featured_template_Main-17-scaled.jpg\",\"datePublished\":\"2024-01-05T22:47:49+00:00\",\"dateModified\":\"2026-03-28T16:16:41+00:00\",\"description\":\"Create a skull mask & decoration with this leathercraft pattern. Includes PDF & vector files for laser cutting. Great for Halloween or gothic decor!\",\"breadcrumb\":{\"@id\":\"https:\\\/\\\/www.nomadecrafts.com\\\/store\\\/riveted-skull-mask-sculpture-pattern\\\/#breadcrumb\"},\"inLanguage\":\"pt-PT\",\"potentialAction\":[{\"@type\":\"ReadAction\",\"target\":[\"https:\\\/\\\/www.nomadecrafts.com\\\/store\\\/riveted-skull-mask-sculpture-pattern\\\/\"]}]},{\"@type\":\"ImageObject\",\"inLanguage\":\"pt-PT\",\"@id\":\"https:\\\/\\\/www.nomadecrafts.com\\\/store\\\/riveted-skull-mask-sculpture-pattern\\\/#primaryimage\",\"url\":\"https:\\\/\\\/www.nomadecrafts.com\\\/wp-content\\\/uploads\\\/2024\\\/01\\\/Etsy_featured_template_Main-17-scaled.jpg\",\"contentUrl\":\"https:\\\/\\\/www.nomadecrafts.com\\\/wp-content\\\/uploads\\\/2024\\\/01\\\/Etsy_featured_template_Main-17-scaled.jpg\",\"width\":2560,\"height\":1916},{\"@type\":\"BreadcrumbList\",\"@id\":\"https:\\\/\\\/www.nomadecrafts.com\\\/store\\\/riveted-skull-mask-sculpture-pattern\\\/#breadcrumb\",\"itemListElement\":[{\"@type\":\"ListItem\",\"position\":1,\"name\":\"Home\",\"item\":\"https:\\\/\\\/www.nomadecrafts.com\\\/\"},{\"@type\":\"ListItem\",\"position\":2,\"name\":\"Pattern Store\",\"item\":\"https:\\\/\\\/www.nomadecrafts.com\\\/store\\\/\"},{\"@type\":\"ListItem\",\"position\":3,\"name\":\"Riveted Skull Mask &#038; Sculpture Patterns Pack\"}]},{\"@type\":\"WebSite\",\"@id\":\"https:\\\/\\\/www.nomadecrafts.com\\\/#website\",\"url\":\"https:\\\/\\\/www.nomadecrafts.com\\\/\",\"name\":\"Nomade Crafts&Dreams\",\"description\":\"Your Leathercraft Haven: Patterns, Tutorials, and Inspiration\",\"publisher\":{\"@id\":\"https:\\\/\\\/www.nomadecrafts.com\\\/#organization\"},\"potentialAction\":[{\"@type\":\"SearchAction\",\"target\":{\"@type\":\"EntryPoint\",\"urlTemplate\":\"https:\\\/\\\/www.nomadecrafts.com\\\/?s={search_term_string}\"},\"query-input\":{\"@type\":\"PropertyValueSpecification\",\"valueRequired\":true,\"valueName\":\"search_term_string\"}}],\"inLanguage\":\"pt-PT\"},{\"@type\":\"Organization\",\"@id\":\"https:\\\/\\\/www.nomadecrafts.com\\\/#organization\",\"name\":\"Nomadecraftsanddreams\",\"url\":\"https:\\\/\\\/www.nomadecrafts.com\\\/\",\"logo\":{\"@type\":\"ImageObject\",\"inLanguage\":\"pt-PT\",\"@id\":\"https:\\\/\\\/www.nomadecrafts.com\\\/#\\\/schema\\\/logo\\\/image\\\/\",\"url\":\"https:\\\/\\\/nomadecrafts.com\\\/wp-content\\\/uploads\\\/2020\\\/11\\\/Nomade_logo_draft_bold.svg_.png\",\"contentUrl\":\"https:\\\/\\\/nomadecrafts.com\\\/wp-content\\\/uploads\\\/2020\\\/11\\\/Nomade_logo_draft_bold.svg_.png\",\"width\":1000,\"height\":1000,\"caption\":\"Nomadecraftsanddreams\"},\"image\":{\"@id\":\"https:\\\/\\\/www.nomadecrafts.com\\\/#\\\/schema\\\/logo\\\/image\\\/\"},\"sameAs\":[\"https:\\\/\\\/www.instagram.com\\\/nomadecraftsanddreams\\\/\",\"https:\\\/\\\/www.pinterest.es\\\/nomadecraftsanddreams\\\/\",\"https:\\\/\\\/www.youtube.com\\\/channel\\\/UCKbAvDv7gdbmYTozbI-FCGg\"]}]}<\/script>\n<!-- \/ Yoast SEO plugin. -->","yoast_head_json":{"title":"Pacote de padr\u00f5es de m\u00e1scara e escultura de caveira rebitada - NomadeCrafts","description":"Crie uma m\u00e1scara de caveira e decora\u00e7\u00e3o com este padr\u00e3o de couro. Inclui arquivos PDF e vetoriais para corte a laser. \u00d3timo para decora\u00e7\u00e3o de Halloween ou g\u00f3tica!","robots":{"index":"index","follow":"follow","max-snippet":"max-snippet:-1","max-image-preview":"max-image-preview:large","max-video-preview":"max-video-preview:-1"},"canonical":"https:\/\/www.nomadecrafts.com\/pt\/store\/riveted-skull-mask-sculpture-pattern\/","og_locale":"pt_PT","og_type":"article","og_title":"Riveted Skull Mask & Sculpture Patterns Pack - NomadeCrafts","og_description":"Create a skull mask & decoration with this leathercraft pattern. Includes PDF & vector files for laser cutting. Great for Halloween or gothic decor!","og_url":"https:\/\/www.nomadecrafts.com\/pt\/store\/riveted-skull-mask-sculpture-pattern\/","og_site_name":"NomadeCrafts","article_modified_time":"2026-03-28T16:16:41+00:00","og_image":[{"width":2560,"height":1916,"url":"https:\/\/www.nomadecrafts.com\/wp-content\/uploads\/2024\/01\/Etsy_featured_template_Main-17-scaled.jpg","type":"image\/jpeg"}],"twitter_card":"summary_large_image","twitter_misc":{"Tempo estimado de leitura":"1 minuto"},"schema":{"@context":"https:\/\/schema.org","@graph":[{"@type":"WebPage","@id":"https:\/\/www.nomadecrafts.com\/store\/riveted-skull-mask-sculpture-pattern\/","url":"https:\/\/www.nomadecrafts.com\/store\/riveted-skull-mask-sculpture-pattern\/","name":"Pacote de padr\u00f5es de m\u00e1scara e escultura de caveira rebitada - NomadeCrafts","isPartOf":{"@id":"https:\/\/www.nomadecrafts.com\/#website"},"primaryImageOfPage":{"@id":"https:\/\/www.nomadecrafts.com\/store\/riveted-skull-mask-sculpture-pattern\/#primaryimage"},"image":{"@id":"https:\/\/www.nomadecrafts.com\/store\/riveted-skull-mask-sculpture-pattern\/#primaryimage"},"thumbnailUrl":"https:\/\/www.nomadecrafts.com\/wp-content\/uploads\/2024\/01\/Etsy_featured_template_Main-17-scaled.jpg","datePublished":"2024-01-05T22:47:49+00:00","dateModified":"2026-03-28T16:16:41+00:00","description":"Crie uma m\u00e1scara de caveira e decora\u00e7\u00e3o com este padr\u00e3o de couro. Inclui arquivos PDF e vetoriais para corte a laser. \u00d3timo para decora\u00e7\u00e3o de Halloween ou g\u00f3tica!","breadcrumb":{"@id":"https:\/\/www.nomadecrafts.com\/store\/riveted-skull-mask-sculpture-pattern\/#breadcrumb"},"inLanguage":"pt-PT","potentialAction":[{"@type":"ReadAction","target":["https:\/\/www.nomadecrafts.com\/store\/riveted-skull-mask-sculpture-pattern\/"]}]},{"@type":"ImageObject","inLanguage":"pt-PT","@id":"https:\/\/www.nomadecrafts.com\/store\/riveted-skull-mask-sculpture-pattern\/#primaryimage","url":"https:\/\/www.nomadecrafts.com\/wp-content\/uploads\/2024\/01\/Etsy_featured_template_Main-17-scaled.jpg","contentUrl":"https:\/\/www.nomadecrafts.com\/wp-content\/uploads\/2024\/01\/Etsy_featured_template_Main-17-scaled.jpg","width":2560,"height":1916},{"@type":"BreadcrumbList","@id":"https:\/\/www.nomadecrafts.com\/store\/riveted-skull-mask-sculpture-pattern\/#breadcrumb","itemListElement":[{"@type":"ListItem","position":1,"name":"Home","item":"https:\/\/www.nomadecrafts.com\/"},{"@type":"ListItem","position":2,"name":"Pattern Store","item":"https:\/\/www.nomadecrafts.com\/store\/"},{"@type":"ListItem","position":3,"name":"Riveted Skull Mask &#038; Sculpture Patterns Pack"}]},{"@type":"WebSite","@id":"https:\/\/www.nomadecrafts.com\/#website","url":"https:\/\/www.nomadecrafts.com\/","name":"Artesanato e sonhos n\u00f4mades","description":"Your Leathercraft Haven: Padr\u00f5es, Tutoriais e Inspira\u00e7\u00e3o","publisher":{"@id":"https:\/\/www.nomadecrafts.com\/#organization"},"potentialAction":[{"@type":"SearchAction","target":{"@type":"EntryPoint","urlTemplate":"https:\/\/www.nomadecrafts.com\/?s={search_term_string}"},"query-input":{"@type":"PropertyValueSpecification","valueRequired":true,"valueName":"search_term_string"}}],"inLanguage":"pt-PT"},{"@type":"Organization","@id":"https:\/\/www.nomadecrafts.com\/#organization","name":"Nomadecraftsanddreams","url":"https:\/\/www.nomadecrafts.com\/","logo":{"@type":"ImageObject","inLanguage":"pt-PT","@id":"https:\/\/www.nomadecrafts.com\/#\/schema\/logo\/image\/","url":"https:\/\/nomadecrafts.com\/wp-content\/uploads\/2020\/11\/Nomade_logo_draft_bold.svg_.png","contentUrl":"https:\/\/nomadecrafts.com\/wp-content\/uploads\/2020\/11\/Nomade_logo_draft_bold.svg_.png","width":1000,"height":1000,"caption":"Nomadecraftsanddreams"},"image":{"@id":"https:\/\/www.nomadecrafts.com\/#\/schema\/logo\/image\/"},"sameAs":["https:\/\/www.instagram.com\/nomadecraftsanddreams\/","https:\/\/www.pinterest.es\/nomadecraftsanddreams\/","https:\/\/www.youtube.com\/channel\/UCKbAvDv7gdbmYTozbI-FCGg"]}]}},"_links":{"self":[{"href":"https:\/\/www.nomadecrafts.com\/pt\/wp-json\/wp\/v2\/product\/5757","targetHints":{"allow":["GET"]}}],"collection":[{"href":"https:\/\/www.nomadecrafts.com\/pt\/wp-json\/wp\/v2\/product"}],"about":[{"href":"https:\/\/www.nomadecrafts.com\/pt\/wp-json\/wp\/v2\/types\/product"}],"replies":[{"embeddable":true,"href":"https:\/\/www.nomadecrafts.com\/pt\/wp-json\/wp\/v2\/comments?post=5757"}],"wp:featuredmedia":[{"embeddable":true,"href":"https:\/\/www.nomadecrafts.com\/pt\/wp-json\/wp\/v2\/media\/8917"}],"wp:attachment":[{"href":"https:\/\/www.nomadecrafts.com\/pt\/wp-json\/wp\/v2\/media?parent=5757"}],"wp:term":[{"taxonomy":"product_brand","embeddable":true,"href":"https:\/\/www.nomadecrafts.com\/pt\/wp-json\/wp\/v2\/product_brand?post=5757"},{"taxonomy":"product_cat","embeddable":true,"href":"https:\/\/www.nomadecrafts.com\/pt\/wp-json\/wp\/v2\/product_cat?post=5757"},{"taxonomy":"product_tag","embeddable":true,"href":"https:\/\/www.nomadecrafts.com\/pt\/wp-json\/wp\/v2\/product_tag?post=5757"}],"curies":[{"name":"wp","href":"https:\/\/api.w.org\/{rel}","templated":true}]}}