{"id":5742,"date":"2024-01-05T22:47:35","date_gmt":"2024-01-05T22:47:35","guid":{"rendered":"https:\/\/www.nomadecrafts.com\/product\/raccoon-bag-charm-pattern-leathercraft-pattern-tutorial-pdf-ai-eps-svg\/"},"modified":"2026-03-28T16:18:53","modified_gmt":"2026-03-28T16:18:53","slug":"raccoon-bag-charm-pattern","status":"publish","type":"product","link":"https:\/\/www.nomadecrafts.com\/pt\/store\/raccoon-bag-charm-pattern\/","title":{"rendered":"Padr\u00e3o de charme de bolsa de guaxinim"},"content":{"rendered":"<p>Isso \u00e9 <strong>n\u00e3o \u00e9 um produto f\u00edsico<\/strong>, \u00e9 um conjunto de arquivos digitais contendo:<\/p>\n<ul>\n<li>O padr\u00e3o do projeto exibido nas fotos da listagem (PDF, AI, DXF, SVG).<\/li>\n<li>Um tutorial ilustrado que descreve todas as etapas necess\u00e1rias para concluir o projeto.<\/li>\n<\/ul>\n<p>Este padr\u00e3o \u00e9 oferecido nas vers\u00f5es carta americana e A4, bem como 3 formatos de arquivo vetorial diferentes para torn\u00e1-lo utiliz\u00e1vel com m\u00e1quinas de corte a laser como (Glowforge, XTool etc.) ou plotters de corte (Cricut).<\/p>","protected":false},"excerpt":{"rendered":"<p>Compre este padr\u00e3o e siga o tutorial para fazer sua pr\u00f3pria bolsa de guaxinim com couro.<\/p>\n<hr \/>\n<p><strong>Tutorial relacionado:<\/strong> <a href=\"https:\/\/www.nomadecrafts.com\/pt\/raccoon-bag-charm\/\">Amuleto de bolsa de guaxinim<\/a><\/p>","protected":false},"featured_media":8896,"comment_status":"open","ping_status":"closed","template":"","meta":{"_vp_format_video_url":"","_vp_image_focal_point":[]},"product_brand":[],"product_cat":[393],"product_tag":[565,562,541,621,624,707,626,543,538,702,694,619,629,561,544,623,690,606,617,688,712,705,564,710,595,545,693,687,678,553,709,714,711,715,713,716,539,590,504,689,674,686],"class_list":{"0":"post-5742","1":"product","2":"type-product","3":"status-publish","4":"has-post-thumbnail","6":"product_cat-bag-charms","7":"product_tag-advanced-leather-project","8":"product_tag-cricut-leather-design","9":"product_tag-cricut-template","10":"product_tag-custom-leather-charm","11":"product_tag-customizable-bag-charm","12":"product_tag-diy-animal-keychain","13":"product_tag-diy-leather-charm","14":"product_tag-diy-leather-project","15":"product_tag-dxf-file","16":"product_tag-forest-animal-pattern","17":"product_tag-forest-themed-leather-art","18":"product_tag-handmade-bag-charm","19":"product_tag-handmade-leather-keychain","20":"product_tag-laser-cut-leather-art","21":"product_tag-laser-cutting-project","22":"product_tag-leather-accessory-pattern","23":"product_tag-leather-animal-decor","24":"product_tag-leather-animal-tutorial","25":"product_tag-leather-bag-charm","26":"product_tag-leather-forest-decor","27":"product_tag-leather-raccoon-keychain","28":"product_tag-leather-woodland-creature","29":"product_tag-leathercraft-for-beginners","30":"product_tag-leathercraft-raccoon-pattern","31":"product_tag-leathercraft-tutorial","32":"product_tag-leatherworking-tutorial","33":"product_tag-nature-lover-gift","34":"product_tag-nature-themed-charm","35":"product_tag-nature-themed-gift","36":"product_tag-pdf-leather-pattern","37":"product_tag-raccoon-bag-charm","38":"product_tag-raccoon-jewelry-charm","39":"product_tag-raccoon-keychain-pattern","40":"product_tag-raccoon-leather-decor","41":"product_tag-raccoon-lover-gift","42":"product_tag-raccoon-themed-accessory","43":"product_tag-svg-file","44":"product_tag-unique-leather-gift","45":"product_tag-vector-files-for-laser-cutting","46":"product_tag-wildlife-gift-idea","47":"product_tag-wildlife-leather-craft","48":"product_tag-woodland-creature-leather-craft","50":"first","51":"instock","52":"downloadable","53":"virtual","54":"sold-individually","55":"purchasable","56":"product-type-simple"},"yoast_head":"<!-- This site is optimized with the Yoast SEO plugin v27.4 - https:\/\/yoast.com\/product\/yoast-seo-wordpress\/ -->\n<title>Raccoon Bag Charm Pattern - NomadeCrafts<\/title>\n<meta name=\"description\" content=\"Make a playful raccoon bag charm with this leathercraft pattern. Includes PDF &amp; vector files for laser cutting. Ideal for animal lovers!\" \/>\n<meta name=\"robots\" content=\"index, follow, max-snippet:-1, max-image-preview:large, max-video-preview:-1\" \/>\n<link rel=\"canonical\" href=\"https:\/\/www.nomadecrafts.com\/pt\/store\/raccoon-bag-charm-pattern\/\" \/>\n<meta property=\"og:locale\" content=\"pt_PT\" \/>\n<meta property=\"og:type\" content=\"article\" \/>\n<meta property=\"og:title\" content=\"Raccoon Bag Charm Pattern - NomadeCrafts\" \/>\n<meta property=\"og:description\" content=\"Make a playful raccoon bag charm with this leathercraft pattern. Includes PDF &amp; vector files for laser cutting. Ideal for animal lovers!\" \/>\n<meta property=\"og:url\" content=\"https:\/\/www.nomadecrafts.com\/pt\/store\/raccoon-bag-charm-pattern\/\" \/>\n<meta property=\"og:site_name\" content=\"NomadeCrafts\" \/>\n<meta property=\"article:modified_time\" content=\"2026-03-28T16:18:53+00:00\" \/>\n<meta property=\"og:image\" content=\"https:\/\/www.nomadecrafts.com\/wp-content\/uploads\/2024\/01\/Etsy_featured_template_Main-11-scaled.jpg\" \/>\n\t<meta property=\"og:image:width\" content=\"2560\" \/>\n\t<meta property=\"og:image:height\" content=\"1916\" \/>\n\t<meta property=\"og:image:type\" content=\"image\/jpeg\" \/>\n<meta name=\"twitter:card\" content=\"summary_large_image\" \/>\n<script type=\"application\/ld+json\" class=\"yoast-schema-graph\">{\"@context\":\"https:\\\/\\\/schema.org\",\"@graph\":[{\"@type\":\"WebPage\",\"@id\":\"https:\\\/\\\/www.nomadecrafts.com\\\/store\\\/raccoon-bag-charm-pattern\\\/\",\"url\":\"https:\\\/\\\/www.nomadecrafts.com\\\/store\\\/raccoon-bag-charm-pattern\\\/\",\"name\":\"Raccoon Bag Charm Pattern - NomadeCrafts\",\"isPartOf\":{\"@id\":\"https:\\\/\\\/www.nomadecrafts.com\\\/#website\"},\"primaryImageOfPage\":{\"@id\":\"https:\\\/\\\/www.nomadecrafts.com\\\/store\\\/raccoon-bag-charm-pattern\\\/#primaryimage\"},\"image\":{\"@id\":\"https:\\\/\\\/www.nomadecrafts.com\\\/store\\\/raccoon-bag-charm-pattern\\\/#primaryimage\"},\"thumbnailUrl\":\"https:\\\/\\\/www.nomadecrafts.com\\\/wp-content\\\/uploads\\\/2024\\\/01\\\/Etsy_featured_template_Main-11-scaled.jpg\",\"datePublished\":\"2024-01-05T22:47:35+00:00\",\"dateModified\":\"2026-03-28T16:18:53+00:00\",\"description\":\"Make a playful raccoon bag charm with this leathercraft pattern. Includes PDF & vector files for laser cutting. Ideal for animal lovers!\",\"breadcrumb\":{\"@id\":\"https:\\\/\\\/www.nomadecrafts.com\\\/store\\\/raccoon-bag-charm-pattern\\\/#breadcrumb\"},\"inLanguage\":\"pt-PT\",\"potentialAction\":[{\"@type\":\"ReadAction\",\"target\":[\"https:\\\/\\\/www.nomadecrafts.com\\\/store\\\/raccoon-bag-charm-pattern\\\/\"]}]},{\"@type\":\"ImageObject\",\"inLanguage\":\"pt-PT\",\"@id\":\"https:\\\/\\\/www.nomadecrafts.com\\\/store\\\/raccoon-bag-charm-pattern\\\/#primaryimage\",\"url\":\"https:\\\/\\\/www.nomadecrafts.com\\\/wp-content\\\/uploads\\\/2024\\\/01\\\/Etsy_featured_template_Main-11-scaled.jpg\",\"contentUrl\":\"https:\\\/\\\/www.nomadecrafts.com\\\/wp-content\\\/uploads\\\/2024\\\/01\\\/Etsy_featured_template_Main-11-scaled.jpg\",\"width\":2560,\"height\":1916},{\"@type\":\"BreadcrumbList\",\"@id\":\"https:\\\/\\\/www.nomadecrafts.com\\\/store\\\/raccoon-bag-charm-pattern\\\/#breadcrumb\",\"itemListElement\":[{\"@type\":\"ListItem\",\"position\":1,\"name\":\"Home\",\"item\":\"https:\\\/\\\/www.nomadecrafts.com\\\/\"},{\"@type\":\"ListItem\",\"position\":2,\"name\":\"Pattern Store\",\"item\":\"https:\\\/\\\/www.nomadecrafts.com\\\/store\\\/\"},{\"@type\":\"ListItem\",\"position\":3,\"name\":\"Raccoon Bag Charm Pattern\"}]},{\"@type\":\"WebSite\",\"@id\":\"https:\\\/\\\/www.nomadecrafts.com\\\/#website\",\"url\":\"https:\\\/\\\/www.nomadecrafts.com\\\/\",\"name\":\"Nomade Crafts&Dreams\",\"description\":\"Your Leathercraft Haven: Patterns, Tutorials, and Inspiration\",\"publisher\":{\"@id\":\"https:\\\/\\\/www.nomadecrafts.com\\\/#organization\"},\"potentialAction\":[{\"@type\":\"SearchAction\",\"target\":{\"@type\":\"EntryPoint\",\"urlTemplate\":\"https:\\\/\\\/www.nomadecrafts.com\\\/?s={search_term_string}\"},\"query-input\":{\"@type\":\"PropertyValueSpecification\",\"valueRequired\":true,\"valueName\":\"search_term_string\"}}],\"inLanguage\":\"pt-PT\"},{\"@type\":\"Organization\",\"@id\":\"https:\\\/\\\/www.nomadecrafts.com\\\/#organization\",\"name\":\"Nomadecraftsanddreams\",\"url\":\"https:\\\/\\\/www.nomadecrafts.com\\\/\",\"logo\":{\"@type\":\"ImageObject\",\"inLanguage\":\"pt-PT\",\"@id\":\"https:\\\/\\\/www.nomadecrafts.com\\\/#\\\/schema\\\/logo\\\/image\\\/\",\"url\":\"https:\\\/\\\/nomadecrafts.com\\\/wp-content\\\/uploads\\\/2020\\\/11\\\/Nomade_logo_draft_bold.svg_.png\",\"contentUrl\":\"https:\\\/\\\/nomadecrafts.com\\\/wp-content\\\/uploads\\\/2020\\\/11\\\/Nomade_logo_draft_bold.svg_.png\",\"width\":1000,\"height\":1000,\"caption\":\"Nomadecraftsanddreams\"},\"image\":{\"@id\":\"https:\\\/\\\/www.nomadecrafts.com\\\/#\\\/schema\\\/logo\\\/image\\\/\"},\"sameAs\":[\"https:\\\/\\\/www.instagram.com\\\/nomadecraftsanddreams\\\/\",\"https:\\\/\\\/www.pinterest.es\\\/nomadecraftsanddreams\\\/\",\"https:\\\/\\\/www.youtube.com\\\/channel\\\/UCKbAvDv7gdbmYTozbI-FCGg\"]}]}<\/script>\n<!-- \/ Yoast SEO plugin. -->","yoast_head_json":{"title":"Padr\u00e3o de charme de bolsa de guaxinim - NomadeCrafts","description":"Fa\u00e7a um charmoso saco de guaxinim com este padr\u00e3o de couro. Inclui arquivos PDF e vetoriais para corte a laser. Ideal para amantes de animais!","robots":{"index":"index","follow":"follow","max-snippet":"max-snippet:-1","max-image-preview":"max-image-preview:large","max-video-preview":"max-video-preview:-1"},"canonical":"https:\/\/www.nomadecrafts.com\/pt\/store\/raccoon-bag-charm-pattern\/","og_locale":"pt_PT","og_type":"article","og_title":"Raccoon Bag Charm Pattern - NomadeCrafts","og_description":"Make a playful raccoon bag charm with this leathercraft pattern. Includes PDF & vector files for laser cutting. Ideal for animal lovers!","og_url":"https:\/\/www.nomadecrafts.com\/pt\/store\/raccoon-bag-charm-pattern\/","og_site_name":"NomadeCrafts","article_modified_time":"2026-03-28T16:18:53+00:00","og_image":[{"width":2560,"height":1916,"url":"https:\/\/www.nomadecrafts.com\/wp-content\/uploads\/2024\/01\/Etsy_featured_template_Main-11-scaled.jpg","type":"image\/jpeg"}],"twitter_card":"summary_large_image","schema":{"@context":"https:\/\/schema.org","@graph":[{"@type":"WebPage","@id":"https:\/\/www.nomadecrafts.com\/store\/raccoon-bag-charm-pattern\/","url":"https:\/\/www.nomadecrafts.com\/store\/raccoon-bag-charm-pattern\/","name":"Padr\u00e3o de charme de bolsa de guaxinim - NomadeCrafts","isPartOf":{"@id":"https:\/\/www.nomadecrafts.com\/#website"},"primaryImageOfPage":{"@id":"https:\/\/www.nomadecrafts.com\/store\/raccoon-bag-charm-pattern\/#primaryimage"},"image":{"@id":"https:\/\/www.nomadecrafts.com\/store\/raccoon-bag-charm-pattern\/#primaryimage"},"thumbnailUrl":"https:\/\/www.nomadecrafts.com\/wp-content\/uploads\/2024\/01\/Etsy_featured_template_Main-11-scaled.jpg","datePublished":"2024-01-05T22:47:35+00:00","dateModified":"2026-03-28T16:18:53+00:00","description":"Fa\u00e7a um charmoso saco de guaxinim com este padr\u00e3o de couro. Inclui arquivos PDF e vetoriais para corte a laser. Ideal para amantes de animais!","breadcrumb":{"@id":"https:\/\/www.nomadecrafts.com\/store\/raccoon-bag-charm-pattern\/#breadcrumb"},"inLanguage":"pt-PT","potentialAction":[{"@type":"ReadAction","target":["https:\/\/www.nomadecrafts.com\/store\/raccoon-bag-charm-pattern\/"]}]},{"@type":"ImageObject","inLanguage":"pt-PT","@id":"https:\/\/www.nomadecrafts.com\/store\/raccoon-bag-charm-pattern\/#primaryimage","url":"https:\/\/www.nomadecrafts.com\/wp-content\/uploads\/2024\/01\/Etsy_featured_template_Main-11-scaled.jpg","contentUrl":"https:\/\/www.nomadecrafts.com\/wp-content\/uploads\/2024\/01\/Etsy_featured_template_Main-11-scaled.jpg","width":2560,"height":1916},{"@type":"BreadcrumbList","@id":"https:\/\/www.nomadecrafts.com\/store\/raccoon-bag-charm-pattern\/#breadcrumb","itemListElement":[{"@type":"ListItem","position":1,"name":"Home","item":"https:\/\/www.nomadecrafts.com\/"},{"@type":"ListItem","position":2,"name":"Pattern Store","item":"https:\/\/www.nomadecrafts.com\/store\/"},{"@type":"ListItem","position":3,"name":"Raccoon Bag Charm Pattern"}]},{"@type":"WebSite","@id":"https:\/\/www.nomadecrafts.com\/#website","url":"https:\/\/www.nomadecrafts.com\/","name":"Artesanato e sonhos n\u00f4mades","description":"Your Leathercraft Haven: Padr\u00f5es, Tutoriais e Inspira\u00e7\u00e3o","publisher":{"@id":"https:\/\/www.nomadecrafts.com\/#organization"},"potentialAction":[{"@type":"SearchAction","target":{"@type":"EntryPoint","urlTemplate":"https:\/\/www.nomadecrafts.com\/?s={search_term_string}"},"query-input":{"@type":"PropertyValueSpecification","valueRequired":true,"valueName":"search_term_string"}}],"inLanguage":"pt-PT"},{"@type":"Organization","@id":"https:\/\/www.nomadecrafts.com\/#organization","name":"Nomadecraftsanddreams","url":"https:\/\/www.nomadecrafts.com\/","logo":{"@type":"ImageObject","inLanguage":"pt-PT","@id":"https:\/\/www.nomadecrafts.com\/#\/schema\/logo\/image\/","url":"https:\/\/nomadecrafts.com\/wp-content\/uploads\/2020\/11\/Nomade_logo_draft_bold.svg_.png","contentUrl":"https:\/\/nomadecrafts.com\/wp-content\/uploads\/2020\/11\/Nomade_logo_draft_bold.svg_.png","width":1000,"height":1000,"caption":"Nomadecraftsanddreams"},"image":{"@id":"https:\/\/www.nomadecrafts.com\/#\/schema\/logo\/image\/"},"sameAs":["https:\/\/www.instagram.com\/nomadecraftsanddreams\/","https:\/\/www.pinterest.es\/nomadecraftsanddreams\/","https:\/\/www.youtube.com\/channel\/UCKbAvDv7gdbmYTozbI-FCGg"]}]}},"_links":{"self":[{"href":"https:\/\/www.nomadecrafts.com\/pt\/wp-json\/wp\/v2\/product\/5742","targetHints":{"allow":["GET"]}}],"collection":[{"href":"https:\/\/www.nomadecrafts.com\/pt\/wp-json\/wp\/v2\/product"}],"about":[{"href":"https:\/\/www.nomadecrafts.com\/pt\/wp-json\/wp\/v2\/types\/product"}],"replies":[{"embeddable":true,"href":"https:\/\/www.nomadecrafts.com\/pt\/wp-json\/wp\/v2\/comments?post=5742"}],"wp:featuredmedia":[{"embeddable":true,"href":"https:\/\/www.nomadecrafts.com\/pt\/wp-json\/wp\/v2\/media\/8896"}],"wp:attachment":[{"href":"https:\/\/www.nomadecrafts.com\/pt\/wp-json\/wp\/v2\/media?parent=5742"}],"wp:term":[{"taxonomy":"product_brand","embeddable":true,"href":"https:\/\/www.nomadecrafts.com\/pt\/wp-json\/wp\/v2\/product_brand?post=5742"},{"taxonomy":"product_cat","embeddable":true,"href":"https:\/\/www.nomadecrafts.com\/pt\/wp-json\/wp\/v2\/product_cat?post=5742"},{"taxonomy":"product_tag","embeddable":true,"href":"https:\/\/www.nomadecrafts.com\/pt\/wp-json\/wp\/v2\/product_tag?post=5742"}],"curies":[{"name":"wp","href":"https:\/\/api.w.org\/{rel}","templated":true}]}}