{"id":11610,"date":"2025-12-17T14:02:19","date_gmt":"2025-12-17T14:02:19","guid":{"rendered":"https:\/\/www.nomadecrafts.com\/?post_type=product&#038;p=11610"},"modified":"2026-02-17T00:49:01","modified_gmt":"2026-02-17T00:49:01","slug":"puzzle-christmas-bauble-pattern","status":"publish","type":"product","link":"https:\/\/www.nomadecrafts.com\/pt\/store\/puzzle-christmas-bauble-pattern\/","title":{"rendered":"Quebra-cabe\u00e7a de enfeite de Natal"},"content":{"rendered":"<p>\ud83c\udf1f <strong>Este padr\u00e3o \u00e9 gratuito para todos!<\/strong> \ud83c\udf1f<br \/>\nAcredito que a criatividade deve ser acess\u00edvel a todos, ent\u00e3o voc\u00ea pode baixar este padr\u00e3o completamente gr\u00e1tis. No entanto, se voc\u00ea gostou deste design e achou \u00fatil, voc\u00ea \u00e9 bem-vindo para contribuir com qualquer quantia que quiser. Seu apoio me ajuda a criar mais padr\u00f5es e tutoriais de alta qualidade para a comunidade de artesanato.<\/p>\n<p><strong>Baixe gratuitamente ou pague o que achar que vale a pena.<\/strong><\/p>","protected":false},"excerpt":{"rendered":"<p>Cada contribui\u00e7\u00e3o, n\u00e3o importa qu\u00e3o pequena, faz uma grande diferen\u00e7a e me permite continuar compartilhando minha paix\u00e3o por artesanato em couro. Obrigado por fazer parte desta jornada \u2014 seu apoio significa o mundo!<\/p>\n<hr \/>\n<p><strong>Tutorial relacionado:\u00a0<\/strong><a href=\"https:\/\/www.nomadecrafts.com\/pt\/puzzle-christmas-bauble\/\">O Enfeite de Natal Quebra-Cabe\u00e7a<\/a><\/p>","protected":false},"featured_media":11615,"comment_status":"open","ping_status":"closed","template":"","meta":{"_vp_format_video_url":"","_vp_image_focal_point":[]},"product_brand":[423],"product_cat":[495],"product_tag":[841,486,448,426,425],"class_list":{"0":"post-11610","1":"product","2":"type-product","3":"status-publish","4":"has-post-thumbnail","6":"product_brand-nomadecrafts","7":"product_cat-free-patterns","8":"product_tag-christmas-baubles","9":"product_tag-christmas-crafts","10":"product_tag-craft-tutorial","11":"product_tag-diy-leather","12":"product_tag-leather-pattern","14":"first","15":"instock","16":"downloadable","17":"virtual","18":"sold-individually","19":"purchasable","20":"product-type-simple"},"yoast_head":"<!-- This site is optimized with the Yoast SEO plugin v27.4 - https:\/\/yoast.com\/product\/yoast-seo-wordpress\/ -->\n<title>Puzzle Christmas Bauble Pattern - NomadeCrafts<\/title>\n<meta name=\"robots\" content=\"index, follow, max-snippet:-1, max-image-preview:large, max-video-preview:-1\" \/>\n<link rel=\"canonical\" href=\"https:\/\/www.nomadecrafts.com\/pt\/store\/puzzle-christmas-bauble-pattern\/\" \/>\n<meta property=\"og:locale\" content=\"pt_PT\" \/>\n<meta property=\"og:type\" content=\"article\" \/>\n<meta property=\"og:title\" content=\"Puzzle Christmas Bauble Pattern - NomadeCrafts\" \/>\n<meta property=\"og:description\" content=\"Every contribution, no matter how small, makes a big difference and allows me to keep sharing my passion for leathercraft. Thank you for being part of this journey\u2014your support means the world!    Related tutorial:\u00a0The Puzzle Christmas Bauble\" \/>\n<meta property=\"og:url\" content=\"https:\/\/www.nomadecrafts.com\/pt\/store\/puzzle-christmas-bauble-pattern\/\" \/>\n<meta property=\"og:site_name\" content=\"NomadeCrafts\" \/>\n<meta property=\"article:modified_time\" content=\"2026-02-17T00:49:01+00:00\" \/>\n<meta property=\"og:image\" content=\"https:\/\/www.nomadecrafts.com\/wp-content\/uploads\/2025\/12\/Featured_template_Puzzle-Bauble-Main-scaled.webp\" \/>\n\t<meta property=\"og:image:width\" content=\"2560\" \/>\n\t<meta property=\"og:image:height\" content=\"1916\" \/>\n\t<meta property=\"og:image:type\" content=\"image\/webp\" \/>\n<meta name=\"twitter:card\" content=\"summary_large_image\" \/>\n<script type=\"application\/ld+json\" class=\"yoast-schema-graph\">{\"@context\":\"https:\\\/\\\/schema.org\",\"@graph\":[{\"@type\":\"WebPage\",\"@id\":\"https:\\\/\\\/www.nomadecrafts.com\\\/store\\\/puzzle-christmas-bauble-pattern\\\/\",\"url\":\"https:\\\/\\\/www.nomadecrafts.com\\\/store\\\/puzzle-christmas-bauble-pattern\\\/\",\"name\":\"Puzzle Christmas Bauble Pattern - NomadeCrafts\",\"isPartOf\":{\"@id\":\"https:\\\/\\\/www.nomadecrafts.com\\\/#website\"},\"primaryImageOfPage\":{\"@id\":\"https:\\\/\\\/www.nomadecrafts.com\\\/store\\\/puzzle-christmas-bauble-pattern\\\/#primaryimage\"},\"image\":{\"@id\":\"https:\\\/\\\/www.nomadecrafts.com\\\/store\\\/puzzle-christmas-bauble-pattern\\\/#primaryimage\"},\"thumbnailUrl\":\"https:\\\/\\\/www.nomadecrafts.com\\\/wp-content\\\/uploads\\\/2025\\\/12\\\/Featured_template_Puzzle-Bauble-Main-scaled.webp\",\"datePublished\":\"2025-12-17T14:02:19+00:00\",\"dateModified\":\"2026-02-17T00:49:01+00:00\",\"breadcrumb\":{\"@id\":\"https:\\\/\\\/www.nomadecrafts.com\\\/store\\\/puzzle-christmas-bauble-pattern\\\/#breadcrumb\"},\"inLanguage\":\"pt-PT\",\"potentialAction\":[{\"@type\":\"ReadAction\",\"target\":[\"https:\\\/\\\/www.nomadecrafts.com\\\/store\\\/puzzle-christmas-bauble-pattern\\\/\"]}]},{\"@type\":\"ImageObject\",\"inLanguage\":\"pt-PT\",\"@id\":\"https:\\\/\\\/www.nomadecrafts.com\\\/store\\\/puzzle-christmas-bauble-pattern\\\/#primaryimage\",\"url\":\"https:\\\/\\\/www.nomadecrafts.com\\\/wp-content\\\/uploads\\\/2025\\\/12\\\/Featured_template_Puzzle-Bauble-Main-scaled.webp\",\"contentUrl\":\"https:\\\/\\\/www.nomadecrafts.com\\\/wp-content\\\/uploads\\\/2025\\\/12\\\/Featured_template_Puzzle-Bauble-Main-scaled.webp\",\"width\":2560,\"height\":1916},{\"@type\":\"BreadcrumbList\",\"@id\":\"https:\\\/\\\/www.nomadecrafts.com\\\/store\\\/puzzle-christmas-bauble-pattern\\\/#breadcrumb\",\"itemListElement\":[{\"@type\":\"ListItem\",\"position\":1,\"name\":\"Home\",\"item\":\"https:\\\/\\\/www.nomadecrafts.com\\\/\"},{\"@type\":\"ListItem\",\"position\":2,\"name\":\"Pattern Store\",\"item\":\"https:\\\/\\\/www.nomadecrafts.com\\\/store\\\/\"},{\"@type\":\"ListItem\",\"position\":3,\"name\":\"Puzzle Christmas Bauble Pattern\"}]},{\"@type\":\"WebSite\",\"@id\":\"https:\\\/\\\/www.nomadecrafts.com\\\/#website\",\"url\":\"https:\\\/\\\/www.nomadecrafts.com\\\/\",\"name\":\"Nomade Crafts&Dreams\",\"description\":\"Your Leathercraft Haven: Patterns, Tutorials, and Inspiration\",\"publisher\":{\"@id\":\"https:\\\/\\\/www.nomadecrafts.com\\\/#organization\"},\"potentialAction\":[{\"@type\":\"SearchAction\",\"target\":{\"@type\":\"EntryPoint\",\"urlTemplate\":\"https:\\\/\\\/www.nomadecrafts.com\\\/?s={search_term_string}\"},\"query-input\":{\"@type\":\"PropertyValueSpecification\",\"valueRequired\":true,\"valueName\":\"search_term_string\"}}],\"inLanguage\":\"pt-PT\"},{\"@type\":\"Organization\",\"@id\":\"https:\\\/\\\/www.nomadecrafts.com\\\/#organization\",\"name\":\"Nomadecraftsanddreams\",\"url\":\"https:\\\/\\\/www.nomadecrafts.com\\\/\",\"logo\":{\"@type\":\"ImageObject\",\"inLanguage\":\"pt-PT\",\"@id\":\"https:\\\/\\\/www.nomadecrafts.com\\\/#\\\/schema\\\/logo\\\/image\\\/\",\"url\":\"https:\\\/\\\/nomadecrafts.com\\\/wp-content\\\/uploads\\\/2020\\\/11\\\/Nomade_logo_draft_bold.svg_.png\",\"contentUrl\":\"https:\\\/\\\/nomadecrafts.com\\\/wp-content\\\/uploads\\\/2020\\\/11\\\/Nomade_logo_draft_bold.svg_.png\",\"width\":1000,\"height\":1000,\"caption\":\"Nomadecraftsanddreams\"},\"image\":{\"@id\":\"https:\\\/\\\/www.nomadecrafts.com\\\/#\\\/schema\\\/logo\\\/image\\\/\"},\"sameAs\":[\"https:\\\/\\\/www.instagram.com\\\/nomadecraftsanddreams\\\/\",\"https:\\\/\\\/www.pinterest.es\\\/nomadecraftsanddreams\\\/\",\"https:\\\/\\\/www.youtube.com\\\/channel\\\/UCKbAvDv7gdbmYTozbI-FCGg\"]}]}<\/script>\n<!-- \/ Yoast SEO plugin. -->","yoast_head_json":{"title":"Molde de Enfeite de Natal em Quebra-Cabe\u00e7a - NomadeCrafts","robots":{"index":"index","follow":"follow","max-snippet":"max-snippet:-1","max-image-preview":"max-image-preview:large","max-video-preview":"max-video-preview:-1"},"canonical":"https:\/\/www.nomadecrafts.com\/pt\/store\/puzzle-christmas-bauble-pattern\/","og_locale":"pt_PT","og_type":"article","og_title":"Puzzle Christmas Bauble Pattern - NomadeCrafts","og_description":"Every contribution, no matter how small, makes a big difference and allows me to keep sharing my passion for leathercraft. Thank you for being part of this journey\u2014your support means the world!    Related tutorial:\u00a0The Puzzle Christmas Bauble","og_url":"https:\/\/www.nomadecrafts.com\/pt\/store\/puzzle-christmas-bauble-pattern\/","og_site_name":"NomadeCrafts","article_modified_time":"2026-02-17T00:49:01+00:00","og_image":[{"width":2560,"height":1916,"url":"https:\/\/www.nomadecrafts.com\/wp-content\/uploads\/2025\/12\/Featured_template_Puzzle-Bauble-Main-scaled.webp","type":"image\/webp"}],"twitter_card":"summary_large_image","schema":{"@context":"https:\/\/schema.org","@graph":[{"@type":"WebPage","@id":"https:\/\/www.nomadecrafts.com\/store\/puzzle-christmas-bauble-pattern\/","url":"https:\/\/www.nomadecrafts.com\/store\/puzzle-christmas-bauble-pattern\/","name":"Molde de Enfeite de Natal em Quebra-Cabe\u00e7a - NomadeCrafts","isPartOf":{"@id":"https:\/\/www.nomadecrafts.com\/#website"},"primaryImageOfPage":{"@id":"https:\/\/www.nomadecrafts.com\/store\/puzzle-christmas-bauble-pattern\/#primaryimage"},"image":{"@id":"https:\/\/www.nomadecrafts.com\/store\/puzzle-christmas-bauble-pattern\/#primaryimage"},"thumbnailUrl":"https:\/\/www.nomadecrafts.com\/wp-content\/uploads\/2025\/12\/Featured_template_Puzzle-Bauble-Main-scaled.webp","datePublished":"2025-12-17T14:02:19+00:00","dateModified":"2026-02-17T00:49:01+00:00","breadcrumb":{"@id":"https:\/\/www.nomadecrafts.com\/store\/puzzle-christmas-bauble-pattern\/#breadcrumb"},"inLanguage":"pt-PT","potentialAction":[{"@type":"ReadAction","target":["https:\/\/www.nomadecrafts.com\/store\/puzzle-christmas-bauble-pattern\/"]}]},{"@type":"ImageObject","inLanguage":"pt-PT","@id":"https:\/\/www.nomadecrafts.com\/store\/puzzle-christmas-bauble-pattern\/#primaryimage","url":"https:\/\/www.nomadecrafts.com\/wp-content\/uploads\/2025\/12\/Featured_template_Puzzle-Bauble-Main-scaled.webp","contentUrl":"https:\/\/www.nomadecrafts.com\/wp-content\/uploads\/2025\/12\/Featured_template_Puzzle-Bauble-Main-scaled.webp","width":2560,"height":1916},{"@type":"BreadcrumbList","@id":"https:\/\/www.nomadecrafts.com\/store\/puzzle-christmas-bauble-pattern\/#breadcrumb","itemListElement":[{"@type":"ListItem","position":1,"name":"Home","item":"https:\/\/www.nomadecrafts.com\/"},{"@type":"ListItem","position":2,"name":"Pattern Store","item":"https:\/\/www.nomadecrafts.com\/store\/"},{"@type":"ListItem","position":3,"name":"Puzzle Christmas Bauble Pattern"}]},{"@type":"WebSite","@id":"https:\/\/www.nomadecrafts.com\/#website","url":"https:\/\/www.nomadecrafts.com\/","name":"Artesanato e sonhos n\u00f4mades","description":"Your Leathercraft Haven: Padr\u00f5es, Tutoriais e Inspira\u00e7\u00e3o","publisher":{"@id":"https:\/\/www.nomadecrafts.com\/#organization"},"potentialAction":[{"@type":"SearchAction","target":{"@type":"EntryPoint","urlTemplate":"https:\/\/www.nomadecrafts.com\/?s={search_term_string}"},"query-input":{"@type":"PropertyValueSpecification","valueRequired":true,"valueName":"search_term_string"}}],"inLanguage":"pt-PT"},{"@type":"Organization","@id":"https:\/\/www.nomadecrafts.com\/#organization","name":"Nomadecraftsanddreams","url":"https:\/\/www.nomadecrafts.com\/","logo":{"@type":"ImageObject","inLanguage":"pt-PT","@id":"https:\/\/www.nomadecrafts.com\/#\/schema\/logo\/image\/","url":"https:\/\/nomadecrafts.com\/wp-content\/uploads\/2020\/11\/Nomade_logo_draft_bold.svg_.png","contentUrl":"https:\/\/nomadecrafts.com\/wp-content\/uploads\/2020\/11\/Nomade_logo_draft_bold.svg_.png","width":1000,"height":1000,"caption":"Nomadecraftsanddreams"},"image":{"@id":"https:\/\/www.nomadecrafts.com\/#\/schema\/logo\/image\/"},"sameAs":["https:\/\/www.instagram.com\/nomadecraftsanddreams\/","https:\/\/www.pinterest.es\/nomadecraftsanddreams\/","https:\/\/www.youtube.com\/channel\/UCKbAvDv7gdbmYTozbI-FCGg"]}]}},"_links":{"self":[{"href":"https:\/\/www.nomadecrafts.com\/pt\/wp-json\/wp\/v2\/product\/11610","targetHints":{"allow":["GET"]}}],"collection":[{"href":"https:\/\/www.nomadecrafts.com\/pt\/wp-json\/wp\/v2\/product"}],"about":[{"href":"https:\/\/www.nomadecrafts.com\/pt\/wp-json\/wp\/v2\/types\/product"}],"replies":[{"embeddable":true,"href":"https:\/\/www.nomadecrafts.com\/pt\/wp-json\/wp\/v2\/comments?post=11610"}],"wp:featuredmedia":[{"embeddable":true,"href":"https:\/\/www.nomadecrafts.com\/pt\/wp-json\/wp\/v2\/media\/11615"}],"wp:attachment":[{"href":"https:\/\/www.nomadecrafts.com\/pt\/wp-json\/wp\/v2\/media?parent=11610"}],"wp:term":[{"taxonomy":"product_brand","embeddable":true,"href":"https:\/\/www.nomadecrafts.com\/pt\/wp-json\/wp\/v2\/product_brand?post=11610"},{"taxonomy":"product_cat","embeddable":true,"href":"https:\/\/www.nomadecrafts.com\/pt\/wp-json\/wp\/v2\/product_cat?post=11610"},{"taxonomy":"product_tag","embeddable":true,"href":"https:\/\/www.nomadecrafts.com\/pt\/wp-json\/wp\/v2\/product_tag?post=11610"}],"curies":[{"name":"wp","href":"https:\/\/api.w.org\/{rel}","templated":true}]}}