{"id":9401,"date":"2025-04-02T10:32:58","date_gmt":"2025-04-02T10:32:58","guid":{"rendered":"https:\/\/www.nomadecrafts.com\/?page_id=9401"},"modified":"2025-04-02T11:05:59","modified_gmt":"2025-04-02T11:05:59","slug":"store-categories","status":"publish","type":"page","link":"https:\/\/www.nomadecrafts.com\/pt\/store-categories\/","title":{"rendered":"Categorias de padr\u00f5es"},"content":{"rendered":"<div class=\"wpb-content-wrapper\"><div class=\"nm-row nm-row-full vc_row wpb_row  vc_custom_1743591953406\"><div class=\"nm_column wpb_column vc_column_container col-sm-12\"><div class=\"vc_column-inner\"><div class=\"wpb_wrapper\"><h1 style=\"text-align: center\" class=\"vc_custom_heading vc_do_custom_heading\" >Categorias de padr\u00f5es<\/h1><\/div><\/div><\/div><\/div><div class=\"nm-row nm-row-full vc_row wpb_row\"><div class=\"nm_column wpb_column vc_column_container col-sm-12\"><div class=\"vc_column-inner\"><div class=\"wpb_wrapper\"><div class=\"nm-product-categories layout-default\"><div class=\"woocommerce columns-4\"><ul class=\"nm-products products xsmall-block-grid-1 small-block-grid-1 medium-block-grid-2 large-block-grid-4 grid-default layout-centered attributes-position-thumbnail has-action-links action-link-position-details\">\r\n    <li class=\"product-category product first\">\r\n\r\n        <div class=\"nm-product-category-inner\">\r\n            \r\n            <a href=\"https:\/\/www.nomadecrafts.com\/pt\/store\/product-category\/home-decor\/baby-mobiles\/\">\r\n            <img loading=\"lazy\" decoding=\"async\" src=\"https:\/\/www.nomadecrafts.com\/wp-content\/uploads\/2025\/04\/Categories_images_Baby-Mobiles.jpg\" alt=\"M\u00f3biles para beb\u00eas\" width=\"933\" height=\"933\" \/>            <\/a>\r\n\r\n            <div class=\"nm-product-category-text\">\r\n                <h1 class=\"nm-product-category-heading\"><a href=\"https:\/\/www.nomadecrafts.com\/pt\/store\/product-category\/home-decor\/baby-mobiles\/\">M\u00f3biles para beb\u00eas<\/a><\/h1>\r\n                \r\n                            <\/div>\r\n\r\n                    <\/div>\r\n\r\n    <\/li>\r\n\r\n    <li class=\"product-category product\">\r\n\r\n        <div class=\"nm-product-category-inner\">\r\n            \r\n            <a href=\"https:\/\/www.nomadecrafts.com\/pt\/store\/product-category\/bag-charms\/\">\r\n            <img loading=\"lazy\" decoding=\"async\" src=\"https:\/\/www.nomadecrafts.com\/wp-content\/uploads\/2025\/03\/Categories_images_Bag-Charms.jpg\" alt=\"Amuletos de bolsa\" width=\"933\" height=\"933\" \/>            <\/a>\r\n\r\n            <div class=\"nm-product-category-text\">\r\n                <h1 class=\"nm-product-category-heading\"><a href=\"https:\/\/www.nomadecrafts.com\/pt\/store\/product-category\/bag-charms\/\">Amuletos de bolsa<\/a><\/h1>\r\n                \r\n                            <\/div>\r\n\r\n                    <\/div>\r\n\r\n    <\/li>\r\n\r\n    <li class=\"product-category product\">\r\n\r\n        <div class=\"nm-product-category-inner\">\r\n            \r\n            <a href=\"https:\/\/www.nomadecrafts.com\/pt\/store\/product-category\/bags-purses\/\">\r\n            <img loading=\"lazy\" decoding=\"async\" src=\"https:\/\/www.nomadecrafts.com\/wp-content\/uploads\/2025\/03\/Categories_images_Bags-Purses.jpg\" alt=\"Bolsas e Carteiras\" width=\"933\" height=\"933\" \/>            <\/a>\r\n\r\n            <div class=\"nm-product-category-text\">\r\n                <h1 class=\"nm-product-category-heading\"><a href=\"https:\/\/www.nomadecrafts.com\/pt\/store\/product-category\/bags-purses\/\">Bolsas e bolsas<\/a><\/h1>\r\n                \r\n                            <\/div>\r\n\r\n                    <\/div>\r\n\r\n    <\/li>\r\n\r\n    <li class=\"product-category product last\">\r\n\r\n        <div class=\"nm-product-category-inner\">\r\n            \r\n            <a href=\"https:\/\/www.nomadecrafts.com\/pt\/store\/product-category\/bdsm\/\">\r\n            <img loading=\"lazy\" decoding=\"async\" src=\"https:\/\/www.nomadecrafts.com\/wp-content\/uploads\/2025\/04\/Categories_images_BDSM.jpg\" alt=\"BDSM\" width=\"933\" height=\"933\" \/>            <\/a>\r\n\r\n            <div class=\"nm-product-category-text\">\r\n                <h1 class=\"nm-product-category-heading\"><a href=\"https:\/\/www.nomadecrafts.com\/pt\/store\/product-category\/bdsm\/\">BDSM<\/a><\/h1>\r\n                \r\n                            <\/div>\r\n\r\n                    <\/div>\r\n\r\n    <\/li>\r\n\r\n    <li class=\"product-category product first\">\r\n\r\n        <div class=\"nm-product-category-inner\">\r\n            \r\n            <a href=\"https:\/\/www.nomadecrafts.com\/pt\/store\/product-category\/home-decor\/christmas-ornaments\/\">\r\n            <img loading=\"lazy\" decoding=\"async\" src=\"https:\/\/www.nomadecrafts.com\/wp-content\/uploads\/2025\/04\/Categories_images_Christmas-Ornaments.jpg\" alt=\"Enfeites de Natal\" width=\"933\" height=\"933\" \/>            <\/a>\r\n\r\n            <div class=\"nm-product-category-text\">\r\n                <h1 class=\"nm-product-category-heading\"><a href=\"https:\/\/www.nomadecrafts.com\/pt\/store\/product-category\/home-decor\/christmas-ornaments\/\">Enfeites de Natal<\/a><\/h1>\r\n                \r\n                            <\/div>\r\n\r\n                    <\/div>\r\n\r\n    <\/li>\r\n\r\n    <li class=\"product-category product\">\r\n\r\n        <div class=\"nm-product-category-inner\">\r\n            \r\n            <a href=\"https:\/\/www.nomadecrafts.com\/pt\/store\/product-category\/decorative-stitching\/\">\r\n            <img loading=\"lazy\" decoding=\"async\" src=\"https:\/\/www.nomadecrafts.com\/wp-content\/uploads\/2025\/04\/Categories_images_Decorative-Stitching.jpg\" alt=\"Costura Decorativa\" width=\"933\" height=\"933\" \/>            <\/a>\r\n\r\n            <div class=\"nm-product-category-text\">\r\n                <h1 class=\"nm-product-category-heading\"><a href=\"https:\/\/www.nomadecrafts.com\/pt\/store\/product-category\/decorative-stitching\/\">Costura Decorativa<\/a><\/h1>\r\n                \r\n                            <\/div>\r\n\r\n                    <\/div>\r\n\r\n    <\/li>\r\n\r\n    <li class=\"product-category product\">\r\n\r\n        <div class=\"nm-product-category-inner\">\r\n            \r\n            <a href=\"https:\/\/www.nomadecrafts.com\/pt\/store\/product-category\/free-patterns\/\">\r\n            <img loading=\"lazy\" decoding=\"async\" src=\"https:\/\/www.nomadecrafts.com\/wp-content\/uploads\/2025\/03\/Categories_images_Free-Patterns.jpg\" alt=\"Padr\u00f5es gr\u00e1tis\" width=\"933\" height=\"933\" \/>            <\/a>\r\n\r\n            <div class=\"nm-product-category-text\">\r\n                <h1 class=\"nm-product-category-heading\"><a href=\"https:\/\/www.nomadecrafts.com\/pt\/store\/product-category\/free-patterns\/\">Padr\u00f5es gr\u00e1tis<\/a><\/h1>\r\n                \r\n                            <\/div>\r\n\r\n                    <\/div>\r\n\r\n    <\/li>\r\n\r\n    <li class=\"product-category product last\">\r\n\r\n        <div class=\"nm-product-category-inner\">\r\n            \r\n            <a href=\"https:\/\/www.nomadecrafts.com\/pt\/store\/product-category\/home-decor\/halloween\/\">\r\n            <img loading=\"lazy\" decoding=\"async\" src=\"https:\/\/www.nomadecrafts.com\/wp-content\/uploads\/2025\/04\/Categories_images_Halloween.jpg\" alt=\"dia das Bruxas\" width=\"933\" height=\"933\" \/>            <\/a>\r\n\r\n            <div class=\"nm-product-category-text\">\r\n                <h1 class=\"nm-product-category-heading\"><a href=\"https:\/\/www.nomadecrafts.com\/pt\/store\/product-category\/home-decor\/halloween\/\">dia das Bruxas<\/a><\/h1>\r\n                \r\n                            <\/div>\r\n\r\n                    <\/div>\r\n\r\n    <\/li>\r\n\r\n    <li class=\"product-category product first\">\r\n\r\n        <div class=\"nm-product-category-inner\">\r\n            \r\n            <a href=\"https:\/\/www.nomadecrafts.com\/pt\/store\/product-category\/home-decor\/\">\r\n            <img loading=\"lazy\" decoding=\"async\" src=\"https:\/\/www.nomadecrafts.com\/wp-content\/uploads\/2025\/03\/Categories_images_Home-Decor.jpg\" alt=\"Decora\u00e7\u00e3o de casa\" width=\"933\" height=\"933\" \/>            <\/a>\r\n\r\n            <div class=\"nm-product-category-text\">\r\n                <h1 class=\"nm-product-category-heading\"><a href=\"https:\/\/www.nomadecrafts.com\/pt\/store\/product-category\/home-decor\/\">Decora\u00e7\u00e3o de casa<\/a><\/h1>\r\n                \r\n                            <\/div>\r\n\r\n                    <\/div>\r\n\r\n    <\/li>\r\n\r\n    <li class=\"product-category product\">\r\n\r\n        <div class=\"nm-product-category-inner\">\r\n            \r\n            <a href=\"https:\/\/www.nomadecrafts.com\/pt\/store\/product-category\/home-decor\/lamps\/\">\r\n            <img decoding=\"async\" src=\"https:\/\/www.nomadecrafts.com\/wp-content\/uploads\/woocommerce-placeholder-700x700.png\" \/>            <\/a>\r\n\r\n            <div class=\"nm-product-category-text\">\r\n                <h1 class=\"nm-product-category-heading\"><a href=\"https:\/\/www.nomadecrafts.com\/pt\/store\/product-category\/home-decor\/lamps\/\">L\u00e2mpadas<\/a><\/h1>\r\n                \r\n                            <\/div>\r\n\r\n                    <\/div>\r\n\r\n    <\/li>\r\n\r\n    <li class=\"product-category product\">\r\n\r\n        <div class=\"nm-product-category-inner\">\r\n            \r\n            <a href=\"https:\/\/www.nomadecrafts.com\/pt\/store\/product-category\/music\/\">\r\n            <img loading=\"lazy\" decoding=\"async\" src=\"https:\/\/www.nomadecrafts.com\/wp-content\/uploads\/2025\/04\/Categories_images_Music.jpg\" alt=\"M\u00fasica\" width=\"933\" height=\"933\" \/>            <\/a>\r\n\r\n            <div class=\"nm-product-category-text\">\r\n                <h1 class=\"nm-product-category-heading\"><a href=\"https:\/\/www.nomadecrafts.com\/pt\/store\/product-category\/music\/\">M\u00fasica<\/a><\/h1>\r\n                \r\n                            <\/div>\r\n\r\n                    <\/div>\r\n\r\n    <\/li>\r\n\r\n    <li class=\"product-category product last\">\r\n\r\n        <div class=\"nm-product-category-inner\">\r\n            \r\n            <a href=\"https:\/\/www.nomadecrafts.com\/pt\/store\/product-category\/plushies\/\">\r\n            <img loading=\"lazy\" decoding=\"async\" src=\"https:\/\/www.nomadecrafts.com\/wp-content\/uploads\/2025\/04\/Categories_images_Plushies.jpg\" alt=\"Peluches\" width=\"933\" height=\"933\" \/>            <\/a>\r\n\r\n            <div class=\"nm-product-category-text\">\r\n                <h1 class=\"nm-product-category-heading\"><a href=\"https:\/\/www.nomadecrafts.com\/pt\/store\/product-category\/plushies\/\">Peluches<\/a><\/h1>\r\n                \r\n                            <\/div>\r\n\r\n                    <\/div>\r\n\r\n    <\/li>\r\n\r\n    <li class=\"product-category product first\">\r\n\r\n        <div class=\"nm-product-category-inner\">\r\n            \r\n            <a href=\"https:\/\/www.nomadecrafts.com\/pt\/store\/product-category\/uncategorized\/popup-store\/\">\r\n            <img decoding=\"async\" src=\"https:\/\/www.nomadecrafts.com\/wp-content\/uploads\/woocommerce-placeholder-700x700.png\" \/>            <\/a>\r\n\r\n            <div class=\"nm-product-category-text\">\r\n                <h1 class=\"nm-product-category-heading\">Loja pop-up<\/h1>\r\n                \r\n                                <a href=\"https:\/\/www.nomadecrafts.com\/pt\/store\/product-category\/uncategorized\/popup-store\/\" class=\"invert-color\">Loja pop-up<\/a>\r\n                            <\/div>\r\n\r\n                    <\/div>\r\n\r\n    <\/li>\r\n\r\n    <li class=\"product-category product\">\r\n\r\n        <div class=\"nm-product-category-inner\">\r\n            \r\n            <a href=\"https:\/\/www.nomadecrafts.com\/pt\/store\/product-category\/uncategorized\/\">\r\n            <img decoding=\"async\" src=\"https:\/\/www.nomadecrafts.com\/wp-content\/uploads\/woocommerce-placeholder-700x700.png\" \/>            <\/a>\r\n\r\n            <div class=\"nm-product-category-text\">\r\n                <h1 class=\"nm-product-category-heading\">Diversos<\/h1>\r\n                \r\n                                <a href=\"https:\/\/www.nomadecrafts.com\/pt\/store\/product-category\/uncategorized\/\" class=\"invert-color\">Sem categoria<\/a>\r\n                            <\/div>\r\n\r\n                    <\/div>\r\n\r\n    <\/li>\r\n\r\n<\/ul>\r\n<\/div><\/div><\/div><\/div><\/div><\/div>\n<\/div>","protected":false},"excerpt":{"rendered":"Categorias de moldes: M\u00f3biles para beb\u00eas, Pingentes para bolsas, Bolsas e carteiras, BDSM, Enfeites de Natal, Costura decorativa, Moldes gratuitos, Halloween, Decora\u00e7\u00e3o para casa, Lumin\u00e1rias, M\u00fasica, Bichinhos de pel\u00facia, Loja pop-up, Diversos, Sem categoria","protected":false},"author":1,"featured_media":0,"parent":0,"menu_order":0,"comment_status":"closed","ping_status":"closed","template":"","meta":{"_vp_format_video_url":"","_vp_image_focal_point":[],"footnotes":""},"class_list":["post-9401","page","type-page","status-publish","hentry"],"yoast_head":"<!-- This site is optimized with the Yoast SEO plugin v27.4 - https:\/\/yoast.com\/product\/yoast-seo-wordpress\/ -->\n<title>Pattern Categories - NomadeCrafts<\/title>\n<meta name=\"robots\" content=\"index, follow, max-snippet:-1, max-image-preview:large, max-video-preview:-1\" \/>\n<link rel=\"canonical\" href=\"https:\/\/www.nomadecrafts.com\/pt\/store-categories\/\" \/>\n<meta property=\"og:locale\" content=\"pt_PT\" \/>\n<meta property=\"og:type\" content=\"article\" \/>\n<meta property=\"og:title\" content=\"Pattern Categories - NomadeCrafts\" \/>\n<meta property=\"og:url\" content=\"https:\/\/www.nomadecrafts.com\/pt\/store-categories\/\" \/>\n<meta property=\"og:site_name\" content=\"NomadeCrafts\" \/>\n<meta property=\"article:modified_time\" content=\"2025-04-02T11:05:59+00:00\" \/>\n<meta name=\"twitter:card\" content=\"summary_large_image\" \/>\n<script type=\"application\/ld+json\" class=\"yoast-schema-graph\">{\"@context\":\"https:\\\/\\\/schema.org\",\"@graph\":[{\"@type\":\"WebPage\",\"@id\":\"https:\\\/\\\/www.nomadecrafts.com\\\/store-categories\\\/\",\"url\":\"https:\\\/\\\/www.nomadecrafts.com\\\/store-categories\\\/\",\"name\":\"Pattern Categories - NomadeCrafts\",\"isPartOf\":{\"@id\":\"https:\\\/\\\/www.nomadecrafts.com\\\/#website\"},\"datePublished\":\"2025-04-02T10:32:58+00:00\",\"dateModified\":\"2025-04-02T11:05:59+00:00\",\"breadcrumb\":{\"@id\":\"https:\\\/\\\/www.nomadecrafts.com\\\/store-categories\\\/#breadcrumb\"},\"inLanguage\":\"pt-PT\",\"potentialAction\":[{\"@type\":\"ReadAction\",\"target\":[\"https:\\\/\\\/www.nomadecrafts.com\\\/store-categories\\\/\"]}]},{\"@type\":\"BreadcrumbList\",\"@id\":\"https:\\\/\\\/www.nomadecrafts.com\\\/store-categories\\\/#breadcrumb\",\"itemListElement\":[{\"@type\":\"ListItem\",\"position\":1,\"name\":\"Home\",\"item\":\"https:\\\/\\\/www.nomadecrafts.com\\\/\"},{\"@type\":\"ListItem\",\"position\":2,\"name\":\"Pattern Categories\"}]},{\"@type\":\"WebSite\",\"@id\":\"https:\\\/\\\/www.nomadecrafts.com\\\/#website\",\"url\":\"https:\\\/\\\/www.nomadecrafts.com\\\/\",\"name\":\"Nomade Crafts&Dreams\",\"description\":\"Your Leathercraft Haven: Patterns, Tutorials, and Inspiration\",\"publisher\":{\"@id\":\"https:\\\/\\\/www.nomadecrafts.com\\\/#organization\"},\"potentialAction\":[{\"@type\":\"SearchAction\",\"target\":{\"@type\":\"EntryPoint\",\"urlTemplate\":\"https:\\\/\\\/www.nomadecrafts.com\\\/?s={search_term_string}\"},\"query-input\":{\"@type\":\"PropertyValueSpecification\",\"valueRequired\":true,\"valueName\":\"search_term_string\"}}],\"inLanguage\":\"pt-PT\"},{\"@type\":\"Organization\",\"@id\":\"https:\\\/\\\/www.nomadecrafts.com\\\/#organization\",\"name\":\"Nomadecraftsanddreams\",\"url\":\"https:\\\/\\\/www.nomadecrafts.com\\\/\",\"logo\":{\"@type\":\"ImageObject\",\"inLanguage\":\"pt-PT\",\"@id\":\"https:\\\/\\\/www.nomadecrafts.com\\\/#\\\/schema\\\/logo\\\/image\\\/\",\"url\":\"https:\\\/\\\/nomadecrafts.com\\\/wp-content\\\/uploads\\\/2020\\\/11\\\/Nomade_logo_draft_bold.svg_.png\",\"contentUrl\":\"https:\\\/\\\/nomadecrafts.com\\\/wp-content\\\/uploads\\\/2020\\\/11\\\/Nomade_logo_draft_bold.svg_.png\",\"width\":1000,\"height\":1000,\"caption\":\"Nomadecraftsanddreams\"},\"image\":{\"@id\":\"https:\\\/\\\/www.nomadecrafts.com\\\/#\\\/schema\\\/logo\\\/image\\\/\"},\"sameAs\":[\"https:\\\/\\\/www.instagram.com\\\/nomadecraftsanddreams\\\/\",\"https:\\\/\\\/www.pinterest.es\\\/nomadecraftsanddreams\\\/\",\"https:\\\/\\\/www.youtube.com\\\/channel\\\/UCKbAvDv7gdbmYTozbI-FCGg\"]}]}<\/script>\n<!-- \/ Yoast SEO plugin. -->","yoast_head_json":{"title":"Categorias de padr\u00f5es - NomadeCrafts","robots":{"index":"index","follow":"follow","max-snippet":"max-snippet:-1","max-image-preview":"max-image-preview:large","max-video-preview":"max-video-preview:-1"},"canonical":"https:\/\/www.nomadecrafts.com\/pt\/store-categories\/","og_locale":"pt_PT","og_type":"article","og_title":"Pattern Categories - NomadeCrafts","og_url":"https:\/\/www.nomadecrafts.com\/pt\/store-categories\/","og_site_name":"NomadeCrafts","article_modified_time":"2025-04-02T11:05:59+00:00","twitter_card":"summary_large_image","schema":{"@context":"https:\/\/schema.org","@graph":[{"@type":"WebPage","@id":"https:\/\/www.nomadecrafts.com\/store-categories\/","url":"https:\/\/www.nomadecrafts.com\/store-categories\/","name":"Categorias de padr\u00f5es - NomadeCrafts","isPartOf":{"@id":"https:\/\/www.nomadecrafts.com\/#website"},"datePublished":"2025-04-02T10:32:58+00:00","dateModified":"2025-04-02T11:05:59+00:00","breadcrumb":{"@id":"https:\/\/www.nomadecrafts.com\/store-categories\/#breadcrumb"},"inLanguage":"pt-PT","potentialAction":[{"@type":"ReadAction","target":["https:\/\/www.nomadecrafts.com\/store-categories\/"]}]},{"@type":"BreadcrumbList","@id":"https:\/\/www.nomadecrafts.com\/store-categories\/#breadcrumb","itemListElement":[{"@type":"ListItem","position":1,"name":"Home","item":"https:\/\/www.nomadecrafts.com\/"},{"@type":"ListItem","position":2,"name":"Pattern Categories"}]},{"@type":"WebSite","@id":"https:\/\/www.nomadecrafts.com\/#website","url":"https:\/\/www.nomadecrafts.com\/","name":"Artesanato e sonhos n\u00f4mades","description":"Your Leathercraft Haven: Padr\u00f5es, Tutoriais e Inspira\u00e7\u00e3o","publisher":{"@id":"https:\/\/www.nomadecrafts.com\/#organization"},"potentialAction":[{"@type":"SearchAction","target":{"@type":"EntryPoint","urlTemplate":"https:\/\/www.nomadecrafts.com\/?s={search_term_string}"},"query-input":{"@type":"PropertyValueSpecification","valueRequired":true,"valueName":"search_term_string"}}],"inLanguage":"pt-PT"},{"@type":"Organization","@id":"https:\/\/www.nomadecrafts.com\/#organization","name":"Nomadecraftsanddreams","url":"https:\/\/www.nomadecrafts.com\/","logo":{"@type":"ImageObject","inLanguage":"pt-PT","@id":"https:\/\/www.nomadecrafts.com\/#\/schema\/logo\/image\/","url":"https:\/\/nomadecrafts.com\/wp-content\/uploads\/2020\/11\/Nomade_logo_draft_bold.svg_.png","contentUrl":"https:\/\/nomadecrafts.com\/wp-content\/uploads\/2020\/11\/Nomade_logo_draft_bold.svg_.png","width":1000,"height":1000,"caption":"Nomadecraftsanddreams"},"image":{"@id":"https:\/\/www.nomadecrafts.com\/#\/schema\/logo\/image\/"},"sameAs":["https:\/\/www.instagram.com\/nomadecraftsanddreams\/","https:\/\/www.pinterest.es\/nomadecraftsanddreams\/","https:\/\/www.youtube.com\/channel\/UCKbAvDv7gdbmYTozbI-FCGg"]}]}},"_links":{"self":[{"href":"https:\/\/www.nomadecrafts.com\/pt\/wp-json\/wp\/v2\/pages\/9401","targetHints":{"allow":["GET"]}}],"collection":[{"href":"https:\/\/www.nomadecrafts.com\/pt\/wp-json\/wp\/v2\/pages"}],"about":[{"href":"https:\/\/www.nomadecrafts.com\/pt\/wp-json\/wp\/v2\/types\/page"}],"author":[{"embeddable":true,"href":"https:\/\/www.nomadecrafts.com\/pt\/wp-json\/wp\/v2\/users\/1"}],"replies":[{"embeddable":true,"href":"https:\/\/www.nomadecrafts.com\/pt\/wp-json\/wp\/v2\/comments?post=9401"}],"version-history":[{"count":6,"href":"https:\/\/www.nomadecrafts.com\/pt\/wp-json\/wp\/v2\/pages\/9401\/revisions"}],"predecessor-version":[{"id":9407,"href":"https:\/\/www.nomadecrafts.com\/pt\/wp-json\/wp\/v2\/pages\/9401\/revisions\/9407"}],"wp:attachment":[{"href":"https:\/\/www.nomadecrafts.com\/pt\/wp-json\/wp\/v2\/media?parent=9401"}],"curies":[{"name":"wp","href":"https:\/\/api.w.org\/{rel}","templated":true}]}}