{"id":7793,"date":"2024-12-01T21:11:41","date_gmt":"2024-12-01T21:11:41","guid":{"rendered":"https:\/\/www.nomadecrafts.com\/?post_type=product&#038;p=7793"},"modified":"2026-01-03T11:30:38","modified_gmt":"2026-01-03T11:30:38","slug":"4-hanging-leather-ornaments-patterns-pack","status":"publish","type":"product","link":"https:\/\/www.nomadecrafts.com\/fr\/store\/4-hanging-leather-ornaments-patterns-pack\/","title":{"rendered":"Lot de 4 mod\u00e8les de d\u00e9corations en cuir \u00e0 suspendre"},"content":{"rendered":"<p>Si vous souhaitez r\u00e9aliser un ornement d&#039;une autre dimension, vous pouvez utiliser les fichiers vectoriels fournis pour mettre \u00e0 l&#039;\u00e9chelle les mod\u00e8les. N&#039;h\u00e9sitez pas \u00e0 me contacter si vous souhaitez de l&#039;aide dans ce processus.<\/p>\n<hr \/>\n<p>C&#039;est <strong>pas un produit physique<\/strong>, c&#039;est un ensemble de fichiers num\u00e9riques contenant :<\/p>\n<ul>\n<li>Les mod\u00e8les de 4 d\u00e9corations de No\u00ebl diff\u00e9rentes (PDF, AI, DXF, SVG).<\/li>\n<li>Un tutoriel illustr\u00e9 d\u00e9crivant toutes les \u00e9tapes n\u00e9cessaires \u00e0 la r\u00e9alisation de chaque ornement en cuir. (PDF).<\/li>\n<\/ul>\n<p>Ce patron est propos\u00e9 en version US letter et A4, ainsi qu&#039;en 3 formats de fichiers vectoriels diff\u00e9rents afin de le rendre utilisable avec des machines de d\u00e9coupe laser comme (Glowforge, XTool etc.) ou des traceurs de d\u00e9coupe (Cricut).<\/p>\n<p>&nbsp;<\/p>","protected":false},"excerpt":{"rendered":"<p>Choisissez entre 4 mod\u00e8les de d\u00e9corations de No\u00ebl diff\u00e9rents pour d\u00e9corer votre sapin de No\u00ebl cet hiver !<\/p>\n<p>Achetez ce pack de motifs et suivez le tutoriel pour cr\u00e9er votre propre d\u00e9coration de No\u00ebl suspendue en cuir.<\/p>\n<hr \/>\n<p><strong>Tutoriel associ\u00e9\u00a0: <\/strong><a href=\"\/fr\/making-leather-christmas-ornaments\/\">Fabriquer des d\u00e9corations de No\u00ebl avec du cuir<\/a><\/p>","protected":false},"featured_media":8947,"comment_status":"open","ping_status":"closed","template":"","meta":{"_vp_format_video_url":"","_vp_image_focal_point":[]},"product_brand":[423],"product_cat":[403],"product_tag":[565,853,861,856,1074,562,541,1080,1081,1084,859,852,543,538,857,865,848,862,755,1078,1075,1079,854,561,544,1077,1082,866,849,1085,962,860,1083,855,1076,564,595,545,553,539,590,504],"class_list":{"0":"post-7793","1":"product","2":"type-product","3":"status-publish","4":"has-post-thumbnail","6":"product_brand-nomadecrafts","7":"product_cat-christmas-ornaments","8":"product_tag-advanced-leather-project","9":"product_tag-christmas-gift-idea","10":"product_tag-christmas-leather-art","11":"product_tag-christmas-leather-craft","12":"product_tag-christmas-ornaments","13":"product_tag-cricut-leather-design","14":"product_tag-cricut-template","15":"product_tag-custom-leather-ornaments","16":"product_tag-customizable-ornaments","17":"product_tag-diy-christmas-decorations","18":"product_tag-diy-holiday-project","19":"product_tag-diy-leather-ornaments","20":"product_tag-diy-leather-project","21":"product_tag-dxf-file","22":"product_tag-festive-home-decor","23":"product_tag-festive-leather-art","24":"product_tag-festive-leather-craft","25":"product_tag-handmade-holiday-decor","26":"product_tag-handmade-leather-decor","27":"product_tag-handmade-ornaments","28":"product_tag-hanging-ornaments","29":"product_tag-holiday-ornament-set","30":"product_tag-holiday-themed-gift","31":"product_tag-laser-cut-leather-art","32":"product_tag-laser-cutting-project","33":"product_tag-leather-christmas-decor","34":"product_tag-leather-christmas-designs","35":"product_tag-leather-christmas-gift","36":"product_tag-leather-holiday-decor","37":"product_tag-leather-holiday-ornaments","38":"product_tag-leather-holiday-tutorial","39":"product_tag-leather-ornament-pattern","40":"product_tag-leather-ornament-set","41":"product_tag-leather-tree-decorations","42":"product_tag-leathercraft-christmas-patterns","43":"product_tag-leathercraft-for-beginners","44":"product_tag-leathercraft-tutorial","45":"product_tag-leatherworking-tutorial","46":"product_tag-pdf-leather-pattern","47":"product_tag-svg-file","48":"product_tag-unique-leather-gift","49":"product_tag-vector-files-for-laser-cutting","51":"first","52":"instock","53":"featured","54":"downloadable","55":"virtual","56":"sold-individually","57":"purchasable","58":"product-type-simple"},"yoast_head":"<!-- This site is optimized with the Yoast SEO plugin v27.4 - https:\/\/yoast.com\/product\/yoast-seo-wordpress\/ -->\n<title>4 Hanging Leather Ornaments Patterns Pack - NomadeCrafts<\/title>\n<meta name=\"description\" content=\"Make 4 festive hanging Christmas ornaments with this leathercraft pattern. Includes PDF &amp; vector files for laser cutting. Great for holiday decor!\" \/>\n<meta name=\"robots\" content=\"index, follow, max-snippet:-1, max-image-preview:large, max-video-preview:-1\" \/>\n<link rel=\"canonical\" href=\"https:\/\/www.nomadecrafts.com\/fr\/store\/4-hanging-leather-ornaments-patterns-pack\/\" \/>\n<meta property=\"og:locale\" content=\"fr_FR\" \/>\n<meta property=\"og:type\" content=\"article\" \/>\n<meta property=\"og:title\" content=\"4 Hanging Leather Ornaments Patterns Pack - NomadeCrafts\" \/>\n<meta property=\"og:description\" content=\"Make 4 festive hanging Christmas ornaments with this leathercraft pattern. Includes PDF &amp; vector files for laser cutting. Great for holiday decor!\" \/>\n<meta property=\"og:url\" content=\"https:\/\/www.nomadecrafts.com\/fr\/store\/4-hanging-leather-ornaments-patterns-pack\/\" \/>\n<meta property=\"og:site_name\" content=\"NomadeCrafts\" \/>\n<meta property=\"article:modified_time\" content=\"2026-01-03T11:30:38+00:00\" \/>\n<meta property=\"og:image\" content=\"https:\/\/www.nomadecrafts.com\/wp-content\/uploads\/2024\/12\/Etsy_featured_template_Main-scaled.jpg\" \/>\n\t<meta property=\"og:image:width\" content=\"2560\" \/>\n\t<meta property=\"og:image:height\" content=\"1916\" \/>\n\t<meta property=\"og:image:type\" content=\"image\/jpeg\" \/>\n<meta name=\"twitter:card\" content=\"summary_large_image\" \/>\n<meta name=\"twitter:label1\" content=\"Dur\u00e9e de lecture estim\u00e9e\" \/>\n\t<meta name=\"twitter:data1\" content=\"1 minute\" \/>\n<script type=\"application\/ld+json\" class=\"yoast-schema-graph\">{\"@context\":\"https:\\\/\\\/schema.org\",\"@graph\":[{\"@type\":\"WebPage\",\"@id\":\"https:\\\/\\\/www.nomadecrafts.com\\\/store\\\/4-hanging-leather-ornaments-patterns-pack\\\/\",\"url\":\"https:\\\/\\\/www.nomadecrafts.com\\\/store\\\/4-hanging-leather-ornaments-patterns-pack\\\/\",\"name\":\"4 Hanging Leather Ornaments Patterns Pack - NomadeCrafts\",\"isPartOf\":{\"@id\":\"https:\\\/\\\/www.nomadecrafts.com\\\/#website\"},\"primaryImageOfPage\":{\"@id\":\"https:\\\/\\\/www.nomadecrafts.com\\\/store\\\/4-hanging-leather-ornaments-patterns-pack\\\/#primaryimage\"},\"image\":{\"@id\":\"https:\\\/\\\/www.nomadecrafts.com\\\/store\\\/4-hanging-leather-ornaments-patterns-pack\\\/#primaryimage\"},\"thumbnailUrl\":\"https:\\\/\\\/www.nomadecrafts.com\\\/wp-content\\\/uploads\\\/2024\\\/12\\\/Etsy_featured_template_Main-scaled.jpg\",\"datePublished\":\"2024-12-01T21:11:41+00:00\",\"dateModified\":\"2026-01-03T11:30:38+00:00\",\"description\":\"Make 4 festive hanging Christmas ornaments with this leathercraft pattern. Includes PDF & vector files for laser cutting. Great for holiday decor!\",\"breadcrumb\":{\"@id\":\"https:\\\/\\\/www.nomadecrafts.com\\\/store\\\/4-hanging-leather-ornaments-patterns-pack\\\/#breadcrumb\"},\"inLanguage\":\"fr-FR\",\"potentialAction\":[{\"@type\":\"ReadAction\",\"target\":[\"https:\\\/\\\/www.nomadecrafts.com\\\/store\\\/4-hanging-leather-ornaments-patterns-pack\\\/\"]}]},{\"@type\":\"ImageObject\",\"inLanguage\":\"fr-FR\",\"@id\":\"https:\\\/\\\/www.nomadecrafts.com\\\/store\\\/4-hanging-leather-ornaments-patterns-pack\\\/#primaryimage\",\"url\":\"https:\\\/\\\/www.nomadecrafts.com\\\/wp-content\\\/uploads\\\/2024\\\/12\\\/Etsy_featured_template_Main-scaled.jpg\",\"contentUrl\":\"https:\\\/\\\/www.nomadecrafts.com\\\/wp-content\\\/uploads\\\/2024\\\/12\\\/Etsy_featured_template_Main-scaled.jpg\",\"width\":2560,\"height\":1916},{\"@type\":\"BreadcrumbList\",\"@id\":\"https:\\\/\\\/www.nomadecrafts.com\\\/store\\\/4-hanging-leather-ornaments-patterns-pack\\\/#breadcrumb\",\"itemListElement\":[{\"@type\":\"ListItem\",\"position\":1,\"name\":\"Home\",\"item\":\"https:\\\/\\\/www.nomadecrafts.com\\\/\"},{\"@type\":\"ListItem\",\"position\":2,\"name\":\"Pattern Store\",\"item\":\"https:\\\/\\\/www.nomadecrafts.com\\\/store\\\/\"},{\"@type\":\"ListItem\",\"position\":3,\"name\":\"4 Hanging Leather Ornaments Patterns Pack\"}]},{\"@type\":\"WebSite\",\"@id\":\"https:\\\/\\\/www.nomadecrafts.com\\\/#website\",\"url\":\"https:\\\/\\\/www.nomadecrafts.com\\\/\",\"name\":\"Nomade Crafts&Dreams\",\"description\":\"Your Leathercraft Haven: Patterns, Tutorials, and Inspiration\",\"publisher\":{\"@id\":\"https:\\\/\\\/www.nomadecrafts.com\\\/#organization\"},\"potentialAction\":[{\"@type\":\"SearchAction\",\"target\":{\"@type\":\"EntryPoint\",\"urlTemplate\":\"https:\\\/\\\/www.nomadecrafts.com\\\/?s={search_term_string}\"},\"query-input\":{\"@type\":\"PropertyValueSpecification\",\"valueRequired\":true,\"valueName\":\"search_term_string\"}}],\"inLanguage\":\"fr-FR\"},{\"@type\":\"Organization\",\"@id\":\"https:\\\/\\\/www.nomadecrafts.com\\\/#organization\",\"name\":\"Nomadecraftsanddreams\",\"url\":\"https:\\\/\\\/www.nomadecrafts.com\\\/\",\"logo\":{\"@type\":\"ImageObject\",\"inLanguage\":\"fr-FR\",\"@id\":\"https:\\\/\\\/www.nomadecrafts.com\\\/#\\\/schema\\\/logo\\\/image\\\/\",\"url\":\"https:\\\/\\\/nomadecrafts.com\\\/wp-content\\\/uploads\\\/2020\\\/11\\\/Nomade_logo_draft_bold.svg_.png\",\"contentUrl\":\"https:\\\/\\\/nomadecrafts.com\\\/wp-content\\\/uploads\\\/2020\\\/11\\\/Nomade_logo_draft_bold.svg_.png\",\"width\":1000,\"height\":1000,\"caption\":\"Nomadecraftsanddreams\"},\"image\":{\"@id\":\"https:\\\/\\\/www.nomadecrafts.com\\\/#\\\/schema\\\/logo\\\/image\\\/\"},\"sameAs\":[\"https:\\\/\\\/www.instagram.com\\\/nomadecraftsanddreams\\\/\",\"https:\\\/\\\/www.pinterest.es\\\/nomadecraftsanddreams\\\/\",\"https:\\\/\\\/www.youtube.com\\\/channel\\\/UCKbAvDv7gdbmYTozbI-FCGg\"]}]}<\/script>\n<!-- \/ Yoast SEO plugin. -->","yoast_head_json":{"title":"Lot de 4 mod\u00e8les de d\u00e9corations en cuir \u00e0 suspendre - NomadeCrafts","description":"R\u00e9alisez 4 d\u00e9corations de No\u00ebl festives \u00e0 suspendre avec ce patron de maroquinerie. Fichiers PDF et vectoriels inclus pour la d\u00e9coupe laser. Id\u00e9al pour une d\u00e9coration de No\u00ebl\u00a0!","robots":{"index":"index","follow":"follow","max-snippet":"max-snippet:-1","max-image-preview":"max-image-preview:large","max-video-preview":"max-video-preview:-1"},"canonical":"https:\/\/www.nomadecrafts.com\/fr\/store\/4-hanging-leather-ornaments-patterns-pack\/","og_locale":"fr_FR","og_type":"article","og_title":"4 Hanging Leather Ornaments Patterns Pack - NomadeCrafts","og_description":"Make 4 festive hanging Christmas ornaments with this leathercraft pattern. Includes PDF & vector files for laser cutting. Great for holiday decor!","og_url":"https:\/\/www.nomadecrafts.com\/fr\/store\/4-hanging-leather-ornaments-patterns-pack\/","og_site_name":"NomadeCrafts","article_modified_time":"2026-01-03T11:30:38+00:00","og_image":[{"width":2560,"height":1916,"url":"https:\/\/www.nomadecrafts.com\/wp-content\/uploads\/2024\/12\/Etsy_featured_template_Main-scaled.jpg","type":"image\/jpeg"}],"twitter_card":"summary_large_image","twitter_misc":{"Dur\u00e9e de lecture estim\u00e9e":"1 minute"},"schema":{"@context":"https:\/\/schema.org","@graph":[{"@type":"WebPage","@id":"https:\/\/www.nomadecrafts.com\/store\/4-hanging-leather-ornaments-patterns-pack\/","url":"https:\/\/www.nomadecrafts.com\/store\/4-hanging-leather-ornaments-patterns-pack\/","name":"Lot de 4 mod\u00e8les de d\u00e9corations en cuir \u00e0 suspendre - NomadeCrafts","isPartOf":{"@id":"https:\/\/www.nomadecrafts.com\/#website"},"primaryImageOfPage":{"@id":"https:\/\/www.nomadecrafts.com\/store\/4-hanging-leather-ornaments-patterns-pack\/#primaryimage"},"image":{"@id":"https:\/\/www.nomadecrafts.com\/store\/4-hanging-leather-ornaments-patterns-pack\/#primaryimage"},"thumbnailUrl":"https:\/\/www.nomadecrafts.com\/wp-content\/uploads\/2024\/12\/Etsy_featured_template_Main-scaled.jpg","datePublished":"2024-12-01T21:11:41+00:00","dateModified":"2026-01-03T11:30:38+00:00","description":"R\u00e9alisez 4 d\u00e9corations de No\u00ebl festives \u00e0 suspendre avec ce patron de maroquinerie. Fichiers PDF et vectoriels inclus pour la d\u00e9coupe laser. Id\u00e9al pour une d\u00e9coration de No\u00ebl\u00a0!","breadcrumb":{"@id":"https:\/\/www.nomadecrafts.com\/store\/4-hanging-leather-ornaments-patterns-pack\/#breadcrumb"},"inLanguage":"fr-FR","potentialAction":[{"@type":"ReadAction","target":["https:\/\/www.nomadecrafts.com\/store\/4-hanging-leather-ornaments-patterns-pack\/"]}]},{"@type":"ImageObject","inLanguage":"fr-FR","@id":"https:\/\/www.nomadecrafts.com\/store\/4-hanging-leather-ornaments-patterns-pack\/#primaryimage","url":"https:\/\/www.nomadecrafts.com\/wp-content\/uploads\/2024\/12\/Etsy_featured_template_Main-scaled.jpg","contentUrl":"https:\/\/www.nomadecrafts.com\/wp-content\/uploads\/2024\/12\/Etsy_featured_template_Main-scaled.jpg","width":2560,"height":1916},{"@type":"BreadcrumbList","@id":"https:\/\/www.nomadecrafts.com\/store\/4-hanging-leather-ornaments-patterns-pack\/#breadcrumb","itemListElement":[{"@type":"ListItem","position":1,"name":"Home","item":"https:\/\/www.nomadecrafts.com\/"},{"@type":"ListItem","position":2,"name":"Pattern Store","item":"https:\/\/www.nomadecrafts.com\/store\/"},{"@type":"ListItem","position":3,"name":"4 Hanging Leather Ornaments Patterns Pack"}]},{"@type":"WebSite","@id":"https:\/\/www.nomadecrafts.com\/#website","url":"https:\/\/www.nomadecrafts.com\/","name":"Nomade Crafts&amp;Dreams","description":"Votre paradis du travail du cuir : mod\u00e8les, tutoriels et inspiration","publisher":{"@id":"https:\/\/www.nomadecrafts.com\/#organization"},"potentialAction":[{"@type":"SearchAction","target":{"@type":"EntryPoint","urlTemplate":"https:\/\/www.nomadecrafts.com\/?s={search_term_string}"},"query-input":{"@type":"PropertyValueSpecification","valueRequired":true,"valueName":"search_term_string"}}],"inLanguage":"fr-FR"},{"@type":"Organization","@id":"https:\/\/www.nomadecrafts.com\/#organization","name":"Nomadecraftsanddreams","url":"https:\/\/www.nomadecrafts.com\/","logo":{"@type":"ImageObject","inLanguage":"fr-FR","@id":"https:\/\/www.nomadecrafts.com\/#\/schema\/logo\/image\/","url":"https:\/\/nomadecrafts.com\/wp-content\/uploads\/2020\/11\/Nomade_logo_draft_bold.svg_.png","contentUrl":"https:\/\/nomadecrafts.com\/wp-content\/uploads\/2020\/11\/Nomade_logo_draft_bold.svg_.png","width":1000,"height":1000,"caption":"Nomadecraftsanddreams"},"image":{"@id":"https:\/\/www.nomadecrafts.com\/#\/schema\/logo\/image\/"},"sameAs":["https:\/\/www.instagram.com\/nomadecraftsanddreams\/","https:\/\/www.pinterest.es\/nomadecraftsanddreams\/","https:\/\/www.youtube.com\/channel\/UCKbAvDv7gdbmYTozbI-FCGg"]}]}},"_links":{"self":[{"href":"https:\/\/www.nomadecrafts.com\/fr\/wp-json\/wp\/v2\/product\/7793","targetHints":{"allow":["GET"]}}],"collection":[{"href":"https:\/\/www.nomadecrafts.com\/fr\/wp-json\/wp\/v2\/product"}],"about":[{"href":"https:\/\/www.nomadecrafts.com\/fr\/wp-json\/wp\/v2\/types\/product"}],"replies":[{"embeddable":true,"href":"https:\/\/www.nomadecrafts.com\/fr\/wp-json\/wp\/v2\/comments?post=7793"}],"wp:featuredmedia":[{"embeddable":true,"href":"https:\/\/www.nomadecrafts.com\/fr\/wp-json\/wp\/v2\/media\/8947"}],"wp:attachment":[{"href":"https:\/\/www.nomadecrafts.com\/fr\/wp-json\/wp\/v2\/media?parent=7793"}],"wp:term":[{"taxonomy":"product_brand","embeddable":true,"href":"https:\/\/www.nomadecrafts.com\/fr\/wp-json\/wp\/v2\/product_brand?post=7793"},{"taxonomy":"product_cat","embeddable":true,"href":"https:\/\/www.nomadecrafts.com\/fr\/wp-json\/wp\/v2\/product_cat?post=7793"},{"taxonomy":"product_tag","embeddable":true,"href":"https:\/\/www.nomadecrafts.com\/fr\/wp-json\/wp\/v2\/product_tag?post=7793"}],"curies":[{"name":"wp","href":"https:\/\/api.w.org\/{rel}","templated":true}]}}