{"id":5758,"date":"2024-01-05T22:47:52","date_gmt":"2024-01-05T22:47:52","guid":{"rendered":"https:\/\/www.nomadecrafts.com\/product\/horse-baby-mobile-pattern-leathercraft-pdf-pattern-tutorial\/"},"modified":"2026-03-28T16:16:32","modified_gmt":"2026-03-28T16:16:32","slug":"horse-baby-mobile-pattern","status":"publish","type":"product","link":"https:\/\/www.nomadecrafts.com\/fr\/store\/horse-baby-mobile-pattern\/","title":{"rendered":"Mod\u00e8le de mobile pour b\u00e9b\u00e9 cheval"},"content":{"rendered":"<p>C&#039;est <strong>pas un produit physique<\/strong>, c&#039;est un ensemble de fichiers num\u00e9riques contenant :<\/p>\n<ul>\n<li>Le mod\u00e8le du projet pr\u00e9sent\u00e9 dans les photos de la liste (PDF, AI, DXF, SVG).<\/li>\n<li>Un tutoriel illustr\u00e9 d\u00e9crivant toutes les \u00e9tapes n\u00e9cessaires \u00e0 la r\u00e9alisation du projet.<\/li>\n<\/ul>\n<p>Ce patron est propos\u00e9 en version US letter et A4, ainsi qu&#039;en 3 formats de fichiers vectoriels diff\u00e9rents afin de le rendre utilisable avec des machines de d\u00e9coupe laser comme (Glowforge, XTool etc.) ou des traceurs de d\u00e9coupe (Cricut).<\/p>\n<p>&nbsp;<\/p>","protected":false},"excerpt":{"rendered":"<p>Achetez ce patron et suivez le tutoriel pour r\u00e9aliser votre propre mobile pour b\u00e9b\u00e9 inspir\u00e9 du cheval avec du cuir, un cerceau et un cordon en coton.<\/p>\n<hr \/>\n<p><strong>Tutoriel associ\u00e9\u00a0:<\/strong><a href=\"https:\/\/www.nomadecrafts.com\/fr\/mobile-pour-bebe-theme-equestre\/\"> Mobile pour b\u00e9b\u00e9 sur le th\u00e8me du cheval<\/a><\/p>","protected":false},"featured_media":8857,"comment_status":"open","ping_status":"closed","template":"","meta":{"_vp_format_video_url":"","_vp_image_focal_point":[]},"product_brand":[423],"product_cat":[402],"product_tag":[565,571,579,562,541,575,583,543,538,572,568,574,585,582,578,570,576,561,544,584,580,569,564,545,573,581,553,539,577,504],"class_list":{"0":"post-5758","1":"product","2":"type-product","3":"status-publish","4":"has-post-thumbnail","6":"product_brand-nomadecrafts","7":"product_cat-baby-mobiles","8":"product_tag-advanced-leather-project","9":"product_tag-baby-mobile-pattern","10":"product_tag-baby-shower-gift-idea","11":"product_tag-cricut-leather-design","12":"product_tag-cricut-template","13":"product_tag-custom-baby-mobile","14":"product_tag-customizable-baby-mobile","15":"product_tag-diy-leather-project","16":"product_tag-dxf-file","17":"product_tag-handmade-baby-mobile","18":"product_tag-horse-baby-mobile","19":"product_tag-horse-lover-gift","20":"product_tag-horse-nursery-theme","21":"product_tag-horse-silhouette-design","22":"product_tag-horse-themed-craft","23":"product_tag-horse-themed-nursery-decor","24":"product_tag-kids-room-decor","25":"product_tag-laser-cut-leather-art","26":"product_tag-laser-cutting-project","27":"product_tag-leather-baby-decor","28":"product_tag-leather-mobile-tutorial","29":"product_tag-leathercraft-baby-mobile","30":"product_tag-leathercraft-for-beginners","31":"product_tag-leatherworking-tutorial","32":"product_tag-nursery-decor-pattern","33":"product_tag-nursery-mobile-pattern","34":"product_tag-pdf-leather-pattern","35":"product_tag-svg-file","36":"product_tag-unique-baby-gift","37":"product_tag-vector-files-for-laser-cutting","39":"first","40":"instock","41":"downloadable","42":"virtual","43":"sold-individually","44":"purchasable","45":"product-type-simple"},"yoast_head":"<!-- This site is optimized with the Yoast SEO plugin v27.4 - https:\/\/yoast.com\/product\/yoast-seo-wordpress\/ -->\n<title>Horse Baby Mobile Pattern - NomadeCrafts<\/title>\n<meta name=\"description\" content=\"Make a charming horse-themed baby mobile with this leathercraft pattern. Includes PDF &amp; vector files for laser cutting. Perfect for nurseries!\" \/>\n<meta name=\"robots\" content=\"index, follow, max-snippet:-1, max-image-preview:large, max-video-preview:-1\" \/>\n<link rel=\"canonical\" href=\"https:\/\/www.nomadecrafts.com\/fr\/store\/horse-baby-mobile-pattern\/\" \/>\n<meta property=\"og:locale\" content=\"fr_FR\" \/>\n<meta property=\"og:type\" content=\"article\" \/>\n<meta property=\"og:title\" content=\"Horse Baby Mobile Pattern - NomadeCrafts\" \/>\n<meta property=\"og:description\" content=\"Make a charming horse-themed baby mobile with this leathercraft pattern. Includes PDF &amp; vector files for laser cutting. Perfect for nurseries!\" \/>\n<meta property=\"og:url\" content=\"https:\/\/www.nomadecrafts.com\/fr\/store\/horse-baby-mobile-pattern\/\" \/>\n<meta property=\"og:site_name\" content=\"NomadeCrafts\" \/>\n<meta property=\"article:modified_time\" content=\"2026-03-28T16:16:32+00:00\" \/>\n<meta property=\"og:image\" content=\"https:\/\/www.nomadecrafts.com\/wp-content\/uploads\/2024\/01\/Horse_baby_mobile_etsy_featured-scaled.jpg\" \/>\n\t<meta property=\"og:image:width\" content=\"2560\" \/>\n\t<meta property=\"og:image:height\" content=\"1916\" \/>\n\t<meta property=\"og:image:type\" content=\"image\/jpeg\" \/>\n<meta name=\"twitter:card\" content=\"summary_large_image\" \/>\n<script type=\"application\/ld+json\" class=\"yoast-schema-graph\">{\"@context\":\"https:\\\/\\\/schema.org\",\"@graph\":[{\"@type\":\"WebPage\",\"@id\":\"https:\\\/\\\/www.nomadecrafts.com\\\/store\\\/horse-baby-mobile-pattern\\\/\",\"url\":\"https:\\\/\\\/www.nomadecrafts.com\\\/store\\\/horse-baby-mobile-pattern\\\/\",\"name\":\"Horse Baby Mobile Pattern - NomadeCrafts\",\"isPartOf\":{\"@id\":\"https:\\\/\\\/www.nomadecrafts.com\\\/#website\"},\"primaryImageOfPage\":{\"@id\":\"https:\\\/\\\/www.nomadecrafts.com\\\/store\\\/horse-baby-mobile-pattern\\\/#primaryimage\"},\"image\":{\"@id\":\"https:\\\/\\\/www.nomadecrafts.com\\\/store\\\/horse-baby-mobile-pattern\\\/#primaryimage\"},\"thumbnailUrl\":\"https:\\\/\\\/www.nomadecrafts.com\\\/wp-content\\\/uploads\\\/2024\\\/01\\\/Horse_baby_mobile_etsy_featured-scaled.jpg\",\"datePublished\":\"2024-01-05T22:47:52+00:00\",\"dateModified\":\"2026-03-28T16:16:32+00:00\",\"description\":\"Make a charming horse-themed baby mobile with this leathercraft pattern. Includes PDF & vector files for laser cutting. Perfect for nurseries!\",\"breadcrumb\":{\"@id\":\"https:\\\/\\\/www.nomadecrafts.com\\\/store\\\/horse-baby-mobile-pattern\\\/#breadcrumb\"},\"inLanguage\":\"fr-FR\",\"potentialAction\":[{\"@type\":\"ReadAction\",\"target\":[\"https:\\\/\\\/www.nomadecrafts.com\\\/store\\\/horse-baby-mobile-pattern\\\/\"]}]},{\"@type\":\"ImageObject\",\"inLanguage\":\"fr-FR\",\"@id\":\"https:\\\/\\\/www.nomadecrafts.com\\\/store\\\/horse-baby-mobile-pattern\\\/#primaryimage\",\"url\":\"https:\\\/\\\/www.nomadecrafts.com\\\/wp-content\\\/uploads\\\/2024\\\/01\\\/Horse_baby_mobile_etsy_featured-scaled.jpg\",\"contentUrl\":\"https:\\\/\\\/www.nomadecrafts.com\\\/wp-content\\\/uploads\\\/2024\\\/01\\\/Horse_baby_mobile_etsy_featured-scaled.jpg\",\"width\":2560,\"height\":1916},{\"@type\":\"BreadcrumbList\",\"@id\":\"https:\\\/\\\/www.nomadecrafts.com\\\/store\\\/horse-baby-mobile-pattern\\\/#breadcrumb\",\"itemListElement\":[{\"@type\":\"ListItem\",\"position\":1,\"name\":\"Home\",\"item\":\"https:\\\/\\\/www.nomadecrafts.com\\\/\"},{\"@type\":\"ListItem\",\"position\":2,\"name\":\"Pattern Store\",\"item\":\"https:\\\/\\\/www.nomadecrafts.com\\\/store\\\/\"},{\"@type\":\"ListItem\",\"position\":3,\"name\":\"Horse Baby Mobile Pattern\"}]},{\"@type\":\"WebSite\",\"@id\":\"https:\\\/\\\/www.nomadecrafts.com\\\/#website\",\"url\":\"https:\\\/\\\/www.nomadecrafts.com\\\/\",\"name\":\"Nomade Crafts&Dreams\",\"description\":\"Your Leathercraft Haven: Patterns, Tutorials, and Inspiration\",\"publisher\":{\"@id\":\"https:\\\/\\\/www.nomadecrafts.com\\\/#organization\"},\"potentialAction\":[{\"@type\":\"SearchAction\",\"target\":{\"@type\":\"EntryPoint\",\"urlTemplate\":\"https:\\\/\\\/www.nomadecrafts.com\\\/?s={search_term_string}\"},\"query-input\":{\"@type\":\"PropertyValueSpecification\",\"valueRequired\":true,\"valueName\":\"search_term_string\"}}],\"inLanguage\":\"fr-FR\"},{\"@type\":\"Organization\",\"@id\":\"https:\\\/\\\/www.nomadecrafts.com\\\/#organization\",\"name\":\"Nomadecraftsanddreams\",\"url\":\"https:\\\/\\\/www.nomadecrafts.com\\\/\",\"logo\":{\"@type\":\"ImageObject\",\"inLanguage\":\"fr-FR\",\"@id\":\"https:\\\/\\\/www.nomadecrafts.com\\\/#\\\/schema\\\/logo\\\/image\\\/\",\"url\":\"https:\\\/\\\/nomadecrafts.com\\\/wp-content\\\/uploads\\\/2020\\\/11\\\/Nomade_logo_draft_bold.svg_.png\",\"contentUrl\":\"https:\\\/\\\/nomadecrafts.com\\\/wp-content\\\/uploads\\\/2020\\\/11\\\/Nomade_logo_draft_bold.svg_.png\",\"width\":1000,\"height\":1000,\"caption\":\"Nomadecraftsanddreams\"},\"image\":{\"@id\":\"https:\\\/\\\/www.nomadecrafts.com\\\/#\\\/schema\\\/logo\\\/image\\\/\"},\"sameAs\":[\"https:\\\/\\\/www.instagram.com\\\/nomadecraftsanddreams\\\/\",\"https:\\\/\\\/www.pinterest.es\\\/nomadecraftsanddreams\\\/\",\"https:\\\/\\\/www.youtube.com\\\/channel\\\/UCKbAvDv7gdbmYTozbI-FCGg\"]}]}<\/script>\n<!-- \/ Yoast SEO plugin. -->","yoast_head_json":{"title":"Patron de mobile cheval pour b\u00e9b\u00e9 - NomadeCrafts","description":"R\u00e9alisez un charmant mobile pour b\u00e9b\u00e9 sur le th\u00e8me du cheval avec ce patron de maroquinerie. Fichiers PDF et vectoriels inclus pour la d\u00e9coupe laser. Id\u00e9al pour la chambre de b\u00e9b\u00e9\u00a0!","robots":{"index":"index","follow":"follow","max-snippet":"max-snippet:-1","max-image-preview":"max-image-preview:large","max-video-preview":"max-video-preview:-1"},"canonical":"https:\/\/www.nomadecrafts.com\/fr\/store\/horse-baby-mobile-pattern\/","og_locale":"fr_FR","og_type":"article","og_title":"Horse Baby Mobile Pattern - NomadeCrafts","og_description":"Make a charming horse-themed baby mobile with this leathercraft pattern. Includes PDF & vector files for laser cutting. Perfect for nurseries!","og_url":"https:\/\/www.nomadecrafts.com\/fr\/store\/horse-baby-mobile-pattern\/","og_site_name":"NomadeCrafts","article_modified_time":"2026-03-28T16:16:32+00:00","og_image":[{"width":2560,"height":1916,"url":"https:\/\/www.nomadecrafts.com\/wp-content\/uploads\/2024\/01\/Horse_baby_mobile_etsy_featured-scaled.jpg","type":"image\/jpeg"}],"twitter_card":"summary_large_image","schema":{"@context":"https:\/\/schema.org","@graph":[{"@type":"WebPage","@id":"https:\/\/www.nomadecrafts.com\/store\/horse-baby-mobile-pattern\/","url":"https:\/\/www.nomadecrafts.com\/store\/horse-baby-mobile-pattern\/","name":"Patron de mobile cheval pour b\u00e9b\u00e9 - NomadeCrafts","isPartOf":{"@id":"https:\/\/www.nomadecrafts.com\/#website"},"primaryImageOfPage":{"@id":"https:\/\/www.nomadecrafts.com\/store\/horse-baby-mobile-pattern\/#primaryimage"},"image":{"@id":"https:\/\/www.nomadecrafts.com\/store\/horse-baby-mobile-pattern\/#primaryimage"},"thumbnailUrl":"https:\/\/www.nomadecrafts.com\/wp-content\/uploads\/2024\/01\/Horse_baby_mobile_etsy_featured-scaled.jpg","datePublished":"2024-01-05T22:47:52+00:00","dateModified":"2026-03-28T16:16:32+00:00","description":"R\u00e9alisez un charmant mobile pour b\u00e9b\u00e9 sur le th\u00e8me du cheval avec ce patron de maroquinerie. Fichiers PDF et vectoriels inclus pour la d\u00e9coupe laser. Id\u00e9al pour la chambre de b\u00e9b\u00e9\u00a0!","breadcrumb":{"@id":"https:\/\/www.nomadecrafts.com\/store\/horse-baby-mobile-pattern\/#breadcrumb"},"inLanguage":"fr-FR","potentialAction":[{"@type":"ReadAction","target":["https:\/\/www.nomadecrafts.com\/store\/horse-baby-mobile-pattern\/"]}]},{"@type":"ImageObject","inLanguage":"fr-FR","@id":"https:\/\/www.nomadecrafts.com\/store\/horse-baby-mobile-pattern\/#primaryimage","url":"https:\/\/www.nomadecrafts.com\/wp-content\/uploads\/2024\/01\/Horse_baby_mobile_etsy_featured-scaled.jpg","contentUrl":"https:\/\/www.nomadecrafts.com\/wp-content\/uploads\/2024\/01\/Horse_baby_mobile_etsy_featured-scaled.jpg","width":2560,"height":1916},{"@type":"BreadcrumbList","@id":"https:\/\/www.nomadecrafts.com\/store\/horse-baby-mobile-pattern\/#breadcrumb","itemListElement":[{"@type":"ListItem","position":1,"name":"Home","item":"https:\/\/www.nomadecrafts.com\/"},{"@type":"ListItem","position":2,"name":"Pattern Store","item":"https:\/\/www.nomadecrafts.com\/store\/"},{"@type":"ListItem","position":3,"name":"Horse Baby Mobile Pattern"}]},{"@type":"WebSite","@id":"https:\/\/www.nomadecrafts.com\/#website","url":"https:\/\/www.nomadecrafts.com\/","name":"Nomade Crafts&amp;Dreams","description":"Votre paradis du travail du cuir : mod\u00e8les, tutoriels et inspiration","publisher":{"@id":"https:\/\/www.nomadecrafts.com\/#organization"},"potentialAction":[{"@type":"SearchAction","target":{"@type":"EntryPoint","urlTemplate":"https:\/\/www.nomadecrafts.com\/?s={search_term_string}"},"query-input":{"@type":"PropertyValueSpecification","valueRequired":true,"valueName":"search_term_string"}}],"inLanguage":"fr-FR"},{"@type":"Organization","@id":"https:\/\/www.nomadecrafts.com\/#organization","name":"Nomadecraftsanddreams","url":"https:\/\/www.nomadecrafts.com\/","logo":{"@type":"ImageObject","inLanguage":"fr-FR","@id":"https:\/\/www.nomadecrafts.com\/#\/schema\/logo\/image\/","url":"https:\/\/nomadecrafts.com\/wp-content\/uploads\/2020\/11\/Nomade_logo_draft_bold.svg_.png","contentUrl":"https:\/\/nomadecrafts.com\/wp-content\/uploads\/2020\/11\/Nomade_logo_draft_bold.svg_.png","width":1000,"height":1000,"caption":"Nomadecraftsanddreams"},"image":{"@id":"https:\/\/www.nomadecrafts.com\/#\/schema\/logo\/image\/"},"sameAs":["https:\/\/www.instagram.com\/nomadecraftsanddreams\/","https:\/\/www.pinterest.es\/nomadecraftsanddreams\/","https:\/\/www.youtube.com\/channel\/UCKbAvDv7gdbmYTozbI-FCGg"]}]}},"_links":{"self":[{"href":"https:\/\/www.nomadecrafts.com\/fr\/wp-json\/wp\/v2\/product\/5758","targetHints":{"allow":["GET"]}}],"collection":[{"href":"https:\/\/www.nomadecrafts.com\/fr\/wp-json\/wp\/v2\/product"}],"about":[{"href":"https:\/\/www.nomadecrafts.com\/fr\/wp-json\/wp\/v2\/types\/product"}],"replies":[{"embeddable":true,"href":"https:\/\/www.nomadecrafts.com\/fr\/wp-json\/wp\/v2\/comments?post=5758"}],"wp:featuredmedia":[{"embeddable":true,"href":"https:\/\/www.nomadecrafts.com\/fr\/wp-json\/wp\/v2\/media\/8857"}],"wp:attachment":[{"href":"https:\/\/www.nomadecrafts.com\/fr\/wp-json\/wp\/v2\/media?parent=5758"}],"wp:term":[{"taxonomy":"product_brand","embeddable":true,"href":"https:\/\/www.nomadecrafts.com\/fr\/wp-json\/wp\/v2\/product_brand?post=5758"},{"taxonomy":"product_cat","embeddable":true,"href":"https:\/\/www.nomadecrafts.com\/fr\/wp-json\/wp\/v2\/product_cat?post=5758"},{"taxonomy":"product_tag","embeddable":true,"href":"https:\/\/www.nomadecrafts.com\/fr\/wp-json\/wp\/v2\/product_tag?post=5758"}],"curies":[{"name":"wp","href":"https:\/\/api.w.org\/{rel}","templated":true}]}}