{"id":5756,"date":"2024-01-05T22:47:48","date_gmt":"2024-01-05T22:47:48","guid":{"rendered":"https:\/\/www.nomadecrafts.com\/product\/stuffed-elephant-pattern-leathercraft-pattern-tutorial-pdf-ai-eps-svg\/"},"modified":"2026-03-28T16:16:52","modified_gmt":"2026-03-28T16:16:52","slug":"stuffed-elephant-pattern","status":"publish","type":"product","link":"https:\/\/www.nomadecrafts.com\/fr\/store\/stuffed-elephant-pattern\/","title":{"rendered":"Mod\u00e8le d&#039;\u00e9l\u00e9phant en peluche"},"content":{"rendered":"<p>C&#039;est <strong>pas un produit physique<\/strong>, c&#039;est un ensemble de fichiers num\u00e9riques contenant :<\/p>\n<ul>\n<li>Le mod\u00e8le du projet pr\u00e9sent\u00e9 dans les photos de la liste (PDF, AI, EPS, SVG).<\/li>\n<li>Un tutoriel illustr\u00e9 d\u00e9crivant toutes les \u00e9tapes n\u00e9cessaires \u00e0 la r\u00e9alisation du projet.<\/li>\n<\/ul>\n<p>Ce patron est propos\u00e9 en version US letter et A4, ainsi qu&#039;en 3 formats de fichiers vectoriels diff\u00e9rents afin de le rendre utilisable avec des machines de d\u00e9coupe laser comme (Glowforge, XTool etc.) ou des traceurs de d\u00e9coupe (Cricut).<\/p>","protected":false},"excerpt":{"rendered":"<p>Achetez ce patron et suivez le tutoriel pour r\u00e9aliser votre propre \u00e9l\u00e9phant en peluche en cuir !<\/p>\n<hr \/>\n<p>Tutoriel associ\u00e9\u00a0: <a href=\"https:\/\/www.nomadecrafts.com\/fr\/peluche-d-elephant-faite-en-cuir\/\">Peluche \u00e9l\u00e9phant<\/a><\/p>","protected":false},"featured_media":8865,"comment_status":"open","ping_status":"closed","template":"","meta":{"_vp_format_video_url":"","_vp_image_focal_point":[]},"product_brand":[423],"product_cat":[401],"product_tag":[565,607,562,541,605,609,611,600,538,604,602,614,603,606,610,613,608,601,598,564,595,545,599,612,597,539,590,504],"class_list":{"0":"post-5756","1":"product","2":"type-product","3":"status-publish","4":"has-post-thumbnail","6":"product_brand-nomadecrafts","7":"product_cat-plushies","8":"product_tag-advanced-leather-project","9":"product_tag-baby-gift-idea","10":"product_tag-cricut-leather-design","11":"product_tag-cricut-template","12":"product_tag-custom-leather-toy","13":"product_tag-customizable-stuffed-animal","14":"product_tag-diy-leather-toy","15":"product_tag-diy-stuffed-animal","16":"product_tag-dxf-file","17":"product_tag-elephant-plush-pattern","18":"product_tag-handmade-stuffed-elephant","19":"product_tag-handmade-toy-pattern","20":"product_tag-kids-toy-pattern","21":"product_tag-leather-animal-tutorial","22":"product_tag-leather-elephant-plush","23":"product_tag-leather-stuffed-animal","24":"product_tag-leather-toy-decor","25":"product_tag-leather-toy-pattern","26":"product_tag-leathercraft-elephant","27":"product_tag-leathercraft-for-beginners","28":"product_tag-leathercraft-tutorial","29":"product_tag-leatherworking-tutorial","30":"product_tag-pdf-sewing-pattern","31":"product_tag-sewing-pattern-for-elephant","32":"product_tag-stuffed-elephant-pattern","33":"product_tag-svg-file","34":"product_tag-unique-leather-gift","35":"product_tag-vector-files-for-laser-cutting","37":"first","38":"instock","39":"featured","40":"downloadable","41":"virtual","42":"sold-individually","43":"purchasable","44":"product-type-simple"},"yoast_head":"<!-- This site is optimized with the Yoast SEO plugin v27.4 - https:\/\/yoast.com\/product\/yoast-seo-wordpress\/ -->\n<title>Stuffed Elephant Pattern - NomadeCrafts<\/title>\n<meta name=\"description\" content=\"Sew a adorable stuffed elephant with this leathercraft pattern. Includes PDF &amp; vector files for laser cutting. Great for kids or gifts!\" \/>\n<meta name=\"robots\" content=\"index, follow, max-snippet:-1, max-image-preview:large, max-video-preview:-1\" \/>\n<link rel=\"canonical\" href=\"https:\/\/www.nomadecrafts.com\/fr\/store\/stuffed-elephant-pattern\/\" \/>\n<meta property=\"og:locale\" content=\"fr_FR\" \/>\n<meta property=\"og:type\" content=\"article\" \/>\n<meta property=\"og:title\" content=\"Stuffed Elephant Pattern - NomadeCrafts\" \/>\n<meta property=\"og:description\" content=\"Sew a adorable stuffed elephant with this leathercraft pattern. Includes PDF &amp; vector files for laser cutting. Great for kids or gifts!\" \/>\n<meta property=\"og:url\" content=\"https:\/\/www.nomadecrafts.com\/fr\/store\/stuffed-elephant-pattern\/\" \/>\n<meta property=\"og:site_name\" content=\"NomadeCrafts\" \/>\n<meta property=\"article:modified_time\" content=\"2026-03-28T16:16:52+00:00\" \/>\n<meta property=\"og:image\" content=\"https:\/\/www.nomadecrafts.com\/wp-content\/uploads\/2024\/01\/Etsy_template_Main-scaled.jpg\" \/>\n\t<meta property=\"og:image:width\" content=\"2560\" \/>\n\t<meta property=\"og:image:height\" content=\"1916\" \/>\n\t<meta property=\"og:image:type\" content=\"image\/jpeg\" \/>\n<meta name=\"twitter:card\" content=\"summary_large_image\" \/>\n<script type=\"application\/ld+json\" class=\"yoast-schema-graph\">{\"@context\":\"https:\\\/\\\/schema.org\",\"@graph\":[{\"@type\":\"WebPage\",\"@id\":\"https:\\\/\\\/www.nomadecrafts.com\\\/store\\\/stuffed-elephant-pattern\\\/\",\"url\":\"https:\\\/\\\/www.nomadecrafts.com\\\/store\\\/stuffed-elephant-pattern\\\/\",\"name\":\"Stuffed Elephant Pattern - NomadeCrafts\",\"isPartOf\":{\"@id\":\"https:\\\/\\\/www.nomadecrafts.com\\\/#website\"},\"primaryImageOfPage\":{\"@id\":\"https:\\\/\\\/www.nomadecrafts.com\\\/store\\\/stuffed-elephant-pattern\\\/#primaryimage\"},\"image\":{\"@id\":\"https:\\\/\\\/www.nomadecrafts.com\\\/store\\\/stuffed-elephant-pattern\\\/#primaryimage\"},\"thumbnailUrl\":\"https:\\\/\\\/www.nomadecrafts.com\\\/wp-content\\\/uploads\\\/2024\\\/01\\\/Etsy_template_Main-scaled.jpg\",\"datePublished\":\"2024-01-05T22:47:48+00:00\",\"dateModified\":\"2026-03-28T16:16:52+00:00\",\"description\":\"Sew a adorable stuffed elephant with this leathercraft pattern. Includes PDF & vector files for laser cutting. Great for kids or gifts!\",\"breadcrumb\":{\"@id\":\"https:\\\/\\\/www.nomadecrafts.com\\\/store\\\/stuffed-elephant-pattern\\\/#breadcrumb\"},\"inLanguage\":\"fr-FR\",\"potentialAction\":[{\"@type\":\"ReadAction\",\"target\":[\"https:\\\/\\\/www.nomadecrafts.com\\\/store\\\/stuffed-elephant-pattern\\\/\"]}]},{\"@type\":\"ImageObject\",\"inLanguage\":\"fr-FR\",\"@id\":\"https:\\\/\\\/www.nomadecrafts.com\\\/store\\\/stuffed-elephant-pattern\\\/#primaryimage\",\"url\":\"https:\\\/\\\/www.nomadecrafts.com\\\/wp-content\\\/uploads\\\/2024\\\/01\\\/Etsy_template_Main-scaled.jpg\",\"contentUrl\":\"https:\\\/\\\/www.nomadecrafts.com\\\/wp-content\\\/uploads\\\/2024\\\/01\\\/Etsy_template_Main-scaled.jpg\",\"width\":2560,\"height\":1916},{\"@type\":\"BreadcrumbList\",\"@id\":\"https:\\\/\\\/www.nomadecrafts.com\\\/store\\\/stuffed-elephant-pattern\\\/#breadcrumb\",\"itemListElement\":[{\"@type\":\"ListItem\",\"position\":1,\"name\":\"Home\",\"item\":\"https:\\\/\\\/www.nomadecrafts.com\\\/\"},{\"@type\":\"ListItem\",\"position\":2,\"name\":\"Pattern Store\",\"item\":\"https:\\\/\\\/www.nomadecrafts.com\\\/store\\\/\"},{\"@type\":\"ListItem\",\"position\":3,\"name\":\"Stuffed Elephant Pattern\"}]},{\"@type\":\"WebSite\",\"@id\":\"https:\\\/\\\/www.nomadecrafts.com\\\/#website\",\"url\":\"https:\\\/\\\/www.nomadecrafts.com\\\/\",\"name\":\"Nomade Crafts&Dreams\",\"description\":\"Your Leathercraft Haven: Patterns, Tutorials, and Inspiration\",\"publisher\":{\"@id\":\"https:\\\/\\\/www.nomadecrafts.com\\\/#organization\"},\"potentialAction\":[{\"@type\":\"SearchAction\",\"target\":{\"@type\":\"EntryPoint\",\"urlTemplate\":\"https:\\\/\\\/www.nomadecrafts.com\\\/?s={search_term_string}\"},\"query-input\":{\"@type\":\"PropertyValueSpecification\",\"valueRequired\":true,\"valueName\":\"search_term_string\"}}],\"inLanguage\":\"fr-FR\"},{\"@type\":\"Organization\",\"@id\":\"https:\\\/\\\/www.nomadecrafts.com\\\/#organization\",\"name\":\"Nomadecraftsanddreams\",\"url\":\"https:\\\/\\\/www.nomadecrafts.com\\\/\",\"logo\":{\"@type\":\"ImageObject\",\"inLanguage\":\"fr-FR\",\"@id\":\"https:\\\/\\\/www.nomadecrafts.com\\\/#\\\/schema\\\/logo\\\/image\\\/\",\"url\":\"https:\\\/\\\/nomadecrafts.com\\\/wp-content\\\/uploads\\\/2020\\\/11\\\/Nomade_logo_draft_bold.svg_.png\",\"contentUrl\":\"https:\\\/\\\/nomadecrafts.com\\\/wp-content\\\/uploads\\\/2020\\\/11\\\/Nomade_logo_draft_bold.svg_.png\",\"width\":1000,\"height\":1000,\"caption\":\"Nomadecraftsanddreams\"},\"image\":{\"@id\":\"https:\\\/\\\/www.nomadecrafts.com\\\/#\\\/schema\\\/logo\\\/image\\\/\"},\"sameAs\":[\"https:\\\/\\\/www.instagram.com\\\/nomadecraftsanddreams\\\/\",\"https:\\\/\\\/www.pinterest.es\\\/nomadecraftsanddreams\\\/\",\"https:\\\/\\\/www.youtube.com\\\/channel\\\/UCKbAvDv7gdbmYTozbI-FCGg\"]}]}<\/script>\n<!-- \/ Yoast SEO plugin. -->","yoast_head_json":{"title":"Mod\u00e8le d&#039;\u00e9l\u00e9phant en peluche - NomadeCrafts","description":"Cousez un adorable \u00e9l\u00e9phant en peluche avec ce patron de maroquinerie. Fichiers PDF et vectoriels inclus pour la d\u00e9coupe laser. Id\u00e9al pour les enfants ou comme cadeau\u00a0!","robots":{"index":"index","follow":"follow","max-snippet":"max-snippet:-1","max-image-preview":"max-image-preview:large","max-video-preview":"max-video-preview:-1"},"canonical":"https:\/\/www.nomadecrafts.com\/fr\/store\/stuffed-elephant-pattern\/","og_locale":"fr_FR","og_type":"article","og_title":"Stuffed Elephant Pattern - NomadeCrafts","og_description":"Sew a adorable stuffed elephant with this leathercraft pattern. Includes PDF & vector files for laser cutting. Great for kids or gifts!","og_url":"https:\/\/www.nomadecrafts.com\/fr\/store\/stuffed-elephant-pattern\/","og_site_name":"NomadeCrafts","article_modified_time":"2026-03-28T16:16:52+00:00","og_image":[{"width":2560,"height":1916,"url":"https:\/\/www.nomadecrafts.com\/wp-content\/uploads\/2024\/01\/Etsy_template_Main-scaled.jpg","type":"image\/jpeg"}],"twitter_card":"summary_large_image","schema":{"@context":"https:\/\/schema.org","@graph":[{"@type":"WebPage","@id":"https:\/\/www.nomadecrafts.com\/store\/stuffed-elephant-pattern\/","url":"https:\/\/www.nomadecrafts.com\/store\/stuffed-elephant-pattern\/","name":"Mod\u00e8le d&#039;\u00e9l\u00e9phant en peluche - NomadeCrafts","isPartOf":{"@id":"https:\/\/www.nomadecrafts.com\/#website"},"primaryImageOfPage":{"@id":"https:\/\/www.nomadecrafts.com\/store\/stuffed-elephant-pattern\/#primaryimage"},"image":{"@id":"https:\/\/www.nomadecrafts.com\/store\/stuffed-elephant-pattern\/#primaryimage"},"thumbnailUrl":"https:\/\/www.nomadecrafts.com\/wp-content\/uploads\/2024\/01\/Etsy_template_Main-scaled.jpg","datePublished":"2024-01-05T22:47:48+00:00","dateModified":"2026-03-28T16:16:52+00:00","description":"Cousez un adorable \u00e9l\u00e9phant en peluche avec ce patron de maroquinerie. Fichiers PDF et vectoriels inclus pour la d\u00e9coupe laser. Id\u00e9al pour les enfants ou comme cadeau\u00a0!","breadcrumb":{"@id":"https:\/\/www.nomadecrafts.com\/store\/stuffed-elephant-pattern\/#breadcrumb"},"inLanguage":"fr-FR","potentialAction":[{"@type":"ReadAction","target":["https:\/\/www.nomadecrafts.com\/store\/stuffed-elephant-pattern\/"]}]},{"@type":"ImageObject","inLanguage":"fr-FR","@id":"https:\/\/www.nomadecrafts.com\/store\/stuffed-elephant-pattern\/#primaryimage","url":"https:\/\/www.nomadecrafts.com\/wp-content\/uploads\/2024\/01\/Etsy_template_Main-scaled.jpg","contentUrl":"https:\/\/www.nomadecrafts.com\/wp-content\/uploads\/2024\/01\/Etsy_template_Main-scaled.jpg","width":2560,"height":1916},{"@type":"BreadcrumbList","@id":"https:\/\/www.nomadecrafts.com\/store\/stuffed-elephant-pattern\/#breadcrumb","itemListElement":[{"@type":"ListItem","position":1,"name":"Home","item":"https:\/\/www.nomadecrafts.com\/"},{"@type":"ListItem","position":2,"name":"Pattern Store","item":"https:\/\/www.nomadecrafts.com\/store\/"},{"@type":"ListItem","position":3,"name":"Stuffed Elephant Pattern"}]},{"@type":"WebSite","@id":"https:\/\/www.nomadecrafts.com\/#website","url":"https:\/\/www.nomadecrafts.com\/","name":"Nomade Crafts&amp;Dreams","description":"Votre paradis du travail du cuir : mod\u00e8les, tutoriels et inspiration","publisher":{"@id":"https:\/\/www.nomadecrafts.com\/#organization"},"potentialAction":[{"@type":"SearchAction","target":{"@type":"EntryPoint","urlTemplate":"https:\/\/www.nomadecrafts.com\/?s={search_term_string}"},"query-input":{"@type":"PropertyValueSpecification","valueRequired":true,"valueName":"search_term_string"}}],"inLanguage":"fr-FR"},{"@type":"Organization","@id":"https:\/\/www.nomadecrafts.com\/#organization","name":"Nomadecraftsanddreams","url":"https:\/\/www.nomadecrafts.com\/","logo":{"@type":"ImageObject","inLanguage":"fr-FR","@id":"https:\/\/www.nomadecrafts.com\/#\/schema\/logo\/image\/","url":"https:\/\/nomadecrafts.com\/wp-content\/uploads\/2020\/11\/Nomade_logo_draft_bold.svg_.png","contentUrl":"https:\/\/nomadecrafts.com\/wp-content\/uploads\/2020\/11\/Nomade_logo_draft_bold.svg_.png","width":1000,"height":1000,"caption":"Nomadecraftsanddreams"},"image":{"@id":"https:\/\/www.nomadecrafts.com\/#\/schema\/logo\/image\/"},"sameAs":["https:\/\/www.instagram.com\/nomadecraftsanddreams\/","https:\/\/www.pinterest.es\/nomadecraftsanddreams\/","https:\/\/www.youtube.com\/channel\/UCKbAvDv7gdbmYTozbI-FCGg"]}]}},"_links":{"self":[{"href":"https:\/\/www.nomadecrafts.com\/fr\/wp-json\/wp\/v2\/product\/5756","targetHints":{"allow":["GET"]}}],"collection":[{"href":"https:\/\/www.nomadecrafts.com\/fr\/wp-json\/wp\/v2\/product"}],"about":[{"href":"https:\/\/www.nomadecrafts.com\/fr\/wp-json\/wp\/v2\/types\/product"}],"replies":[{"embeddable":true,"href":"https:\/\/www.nomadecrafts.com\/fr\/wp-json\/wp\/v2\/comments?post=5756"}],"wp:featuredmedia":[{"embeddable":true,"href":"https:\/\/www.nomadecrafts.com\/fr\/wp-json\/wp\/v2\/media\/8865"}],"wp:attachment":[{"href":"https:\/\/www.nomadecrafts.com\/fr\/wp-json\/wp\/v2\/media?parent=5756"}],"wp:term":[{"taxonomy":"product_brand","embeddable":true,"href":"https:\/\/www.nomadecrafts.com\/fr\/wp-json\/wp\/v2\/product_brand?post=5756"},{"taxonomy":"product_cat","embeddable":true,"href":"https:\/\/www.nomadecrafts.com\/fr\/wp-json\/wp\/v2\/product_cat?post=5756"},{"taxonomy":"product_tag","embeddable":true,"href":"https:\/\/www.nomadecrafts.com\/fr\/wp-json\/wp\/v2\/product_tag?post=5756"}],"curies":[{"name":"wp","href":"https:\/\/api.w.org\/{rel}","templated":true}]}}