{"id":8438,"date":"2025-02-24T12:00:10","date_gmt":"2025-02-24T12:00:10","guid":{"rendered":"https:\/\/www.nomadecrafts.com\/?post_type=product&#038;p=8438"},"modified":"2025-12-02T11:53:38","modified_gmt":"2025-12-02T11:53:38","slug":"business-card-wallet-pattern","status":"publish","type":"product","link":"https:\/\/www.nomadecrafts.com\/es\/store\/business-card-wallet-pattern\/","title":{"rendered":"Patr\u00f3n de billetera para tarjetas de presentaci\u00f3n"},"content":{"rendered":"<p>\ud83c\udf1f <strong>\u00a1Este patr\u00f3n es gratuito para todos!<\/strong> \ud83c\udf1f<br \/>\nCreo que la creatividad deber\u00eda ser accesible para todos, as\u00ed que puedes descargar este patr\u00f3n completamente gratis. Sin embargo, si te ha gustado este dise\u00f1o y te ha resultado \u00fatil, puedes contribuir con la cantidad que desees. Tu apoyo me ayuda a crear m\u00e1s patrones y tutoriales de alta calidad para la comunidad de artesanos.<\/p>\n<p>Cada contribuci\u00f3n, por peque\u00f1a que sea, marca una gran diferencia y me permite seguir compartiendo mi pasi\u00f3n por la marroquiner\u00eda. Gracias por formar parte de este viaje; \u00a1su apoyo es fundamental!<\/p>\n<p><strong>Desc\u00e1rgalo gratis o paga lo que creas que vale.<\/strong><\/p>","protected":false},"excerpt":{"rendered":"<p>Sigue el tutorial para hacer tu propio tarjetero de cuero.<\/p>\n<hr \/>\n<p><strong>Tutorial relacionado:<\/strong> <a href=\"https:\/\/www.nomadecrafts.com\/es\/business-card-wallet\/\">Cartera para tarjetas de visita<\/a><\/p>","protected":false},"featured_media":8480,"comment_status":"open","ping_status":"closed","template":"","meta":{"_vp_format_video_url":"","_vp_image_focal_point":[]},"product_brand":[423],"product_cat":[495],"product_tag":[],"class_list":{"0":"post-8438","1":"product","2":"type-product","3":"status-publish","4":"has-post-thumbnail","6":"product_brand-nomadecrafts","7":"product_cat-free-patterns","9":"first","10":"instock","11":"downloadable","12":"virtual","13":"sold-individually","14":"purchasable","15":"product-type-simple"},"yoast_head":"<!-- This site is optimized with the Yoast SEO plugin v27.4 - https:\/\/yoast.com\/product\/yoast-seo-wordpress\/ -->\n<title>Business Card Wallet Pattern - NomadeCrafts<\/title>\n<meta name=\"robots\" content=\"index, follow, max-snippet:-1, max-image-preview:large, max-video-preview:-1\" \/>\n<link rel=\"canonical\" href=\"https:\/\/www.nomadecrafts.com\/es\/store\/business-card-wallet-pattern\/\" \/>\n<meta property=\"og:locale\" content=\"es_ES\" \/>\n<meta property=\"og:type\" content=\"article\" \/>\n<meta property=\"og:title\" content=\"Business Card Wallet Pattern - NomadeCrafts\" \/>\n<meta property=\"og:description\" content=\"Follow along the tutorial to make your own leather business card holder.    Related tutorial: Business card wallet\" \/>\n<meta property=\"og:url\" content=\"https:\/\/www.nomadecrafts.com\/es\/store\/business-card-wallet-pattern\/\" \/>\n<meta property=\"og:site_name\" content=\"NomadeCrafts\" \/>\n<meta property=\"article:modified_time\" content=\"2025-12-02T11:53:38+00:00\" \/>\n<meta property=\"og:image\" content=\"https:\/\/www.nomadecrafts.com\/wp-content\/uploads\/2025\/02\/Etsy_featured_template_business_card_wallet-scaled.jpg\" \/>\n\t<meta property=\"og:image:width\" content=\"2560\" \/>\n\t<meta property=\"og:image:height\" content=\"1916\" \/>\n\t<meta property=\"og:image:type\" content=\"image\/jpeg\" \/>\n<meta name=\"twitter:card\" content=\"summary_large_image\" \/>\n<meta name=\"twitter:label1\" content=\"Tiempo de lectura\" \/>\n\t<meta name=\"twitter:data1\" content=\"1 minuto\" \/>\n<script type=\"application\/ld+json\" class=\"yoast-schema-graph\">{\"@context\":\"https:\\\/\\\/schema.org\",\"@graph\":[{\"@type\":\"WebPage\",\"@id\":\"https:\\\/\\\/www.nomadecrafts.com\\\/store\\\/business-card-wallet-pattern\\\/\",\"url\":\"https:\\\/\\\/www.nomadecrafts.com\\\/store\\\/business-card-wallet-pattern\\\/\",\"name\":\"Business Card Wallet Pattern - NomadeCrafts\",\"isPartOf\":{\"@id\":\"https:\\\/\\\/www.nomadecrafts.com\\\/#website\"},\"primaryImageOfPage\":{\"@id\":\"https:\\\/\\\/www.nomadecrafts.com\\\/store\\\/business-card-wallet-pattern\\\/#primaryimage\"},\"image\":{\"@id\":\"https:\\\/\\\/www.nomadecrafts.com\\\/store\\\/business-card-wallet-pattern\\\/#primaryimage\"},\"thumbnailUrl\":\"https:\\\/\\\/www.nomadecrafts.com\\\/wp-content\\\/uploads\\\/2025\\\/02\\\/Etsy_featured_template_business_card_wallet-scaled.jpg\",\"datePublished\":\"2025-02-24T12:00:10+00:00\",\"dateModified\":\"2025-12-02T11:53:38+00:00\",\"breadcrumb\":{\"@id\":\"https:\\\/\\\/www.nomadecrafts.com\\\/store\\\/business-card-wallet-pattern\\\/#breadcrumb\"},\"inLanguage\":\"es\",\"potentialAction\":[{\"@type\":\"ReadAction\",\"target\":[\"https:\\\/\\\/www.nomadecrafts.com\\\/store\\\/business-card-wallet-pattern\\\/\"]}]},{\"@type\":\"ImageObject\",\"inLanguage\":\"es\",\"@id\":\"https:\\\/\\\/www.nomadecrafts.com\\\/store\\\/business-card-wallet-pattern\\\/#primaryimage\",\"url\":\"https:\\\/\\\/www.nomadecrafts.com\\\/wp-content\\\/uploads\\\/2025\\\/02\\\/Etsy_featured_template_business_card_wallet-scaled.jpg\",\"contentUrl\":\"https:\\\/\\\/www.nomadecrafts.com\\\/wp-content\\\/uploads\\\/2025\\\/02\\\/Etsy_featured_template_business_card_wallet-scaled.jpg\",\"width\":2560,\"height\":1916},{\"@type\":\"BreadcrumbList\",\"@id\":\"https:\\\/\\\/www.nomadecrafts.com\\\/store\\\/business-card-wallet-pattern\\\/#breadcrumb\",\"itemListElement\":[{\"@type\":\"ListItem\",\"position\":1,\"name\":\"Home\",\"item\":\"https:\\\/\\\/www.nomadecrafts.com\\\/\"},{\"@type\":\"ListItem\",\"position\":2,\"name\":\"Pattern Store\",\"item\":\"https:\\\/\\\/www.nomadecrafts.com\\\/store\\\/\"},{\"@type\":\"ListItem\",\"position\":3,\"name\":\"Business Card Wallet Pattern\"}]},{\"@type\":\"WebSite\",\"@id\":\"https:\\\/\\\/www.nomadecrafts.com\\\/#website\",\"url\":\"https:\\\/\\\/www.nomadecrafts.com\\\/\",\"name\":\"Nomade Crafts&Dreams\",\"description\":\"Your Leathercraft Haven: Patterns, Tutorials, and Inspiration\",\"publisher\":{\"@id\":\"https:\\\/\\\/www.nomadecrafts.com\\\/#organization\"},\"potentialAction\":[{\"@type\":\"SearchAction\",\"target\":{\"@type\":\"EntryPoint\",\"urlTemplate\":\"https:\\\/\\\/www.nomadecrafts.com\\\/?s={search_term_string}\"},\"query-input\":{\"@type\":\"PropertyValueSpecification\",\"valueRequired\":true,\"valueName\":\"search_term_string\"}}],\"inLanguage\":\"es\"},{\"@type\":\"Organization\",\"@id\":\"https:\\\/\\\/www.nomadecrafts.com\\\/#organization\",\"name\":\"Nomadecraftsanddreams\",\"url\":\"https:\\\/\\\/www.nomadecrafts.com\\\/\",\"logo\":{\"@type\":\"ImageObject\",\"inLanguage\":\"es\",\"@id\":\"https:\\\/\\\/www.nomadecrafts.com\\\/#\\\/schema\\\/logo\\\/image\\\/\",\"url\":\"https:\\\/\\\/nomadecrafts.com\\\/wp-content\\\/uploads\\\/2020\\\/11\\\/Nomade_logo_draft_bold.svg_.png\",\"contentUrl\":\"https:\\\/\\\/nomadecrafts.com\\\/wp-content\\\/uploads\\\/2020\\\/11\\\/Nomade_logo_draft_bold.svg_.png\",\"width\":1000,\"height\":1000,\"caption\":\"Nomadecraftsanddreams\"},\"image\":{\"@id\":\"https:\\\/\\\/www.nomadecrafts.com\\\/#\\\/schema\\\/logo\\\/image\\\/\"},\"sameAs\":[\"https:\\\/\\\/www.instagram.com\\\/nomadecraftsanddreams\\\/\",\"https:\\\/\\\/www.pinterest.es\\\/nomadecraftsanddreams\\\/\",\"https:\\\/\\\/www.youtube.com\\\/channel\\\/UCKbAvDv7gdbmYTozbI-FCGg\"]}]}<\/script>\n<!-- \/ Yoast SEO plugin. -->","yoast_head_json":{"title":"Patr\u00f3n de billetera para tarjetas de presentaci\u00f3n - NomadeCrafts","robots":{"index":"index","follow":"follow","max-snippet":"max-snippet:-1","max-image-preview":"max-image-preview:large","max-video-preview":"max-video-preview:-1"},"canonical":"https:\/\/www.nomadecrafts.com\/es\/store\/business-card-wallet-pattern\/","og_locale":"es_ES","og_type":"article","og_title":"Business Card Wallet Pattern - NomadeCrafts","og_description":"Follow along the tutorial to make your own leather business card holder.    Related tutorial: Business card wallet","og_url":"https:\/\/www.nomadecrafts.com\/es\/store\/business-card-wallet-pattern\/","og_site_name":"NomadeCrafts","article_modified_time":"2025-12-02T11:53:38+00:00","og_image":[{"width":2560,"height":1916,"url":"https:\/\/www.nomadecrafts.com\/wp-content\/uploads\/2025\/02\/Etsy_featured_template_business_card_wallet-scaled.jpg","type":"image\/jpeg"}],"twitter_card":"summary_large_image","twitter_misc":{"Tiempo de lectura":"1 minuto"},"schema":{"@context":"https:\/\/schema.org","@graph":[{"@type":"WebPage","@id":"https:\/\/www.nomadecrafts.com\/store\/business-card-wallet-pattern\/","url":"https:\/\/www.nomadecrafts.com\/store\/business-card-wallet-pattern\/","name":"Patr\u00f3n de billetera para tarjetas de presentaci\u00f3n - NomadeCrafts","isPartOf":{"@id":"https:\/\/www.nomadecrafts.com\/#website"},"primaryImageOfPage":{"@id":"https:\/\/www.nomadecrafts.com\/store\/business-card-wallet-pattern\/#primaryimage"},"image":{"@id":"https:\/\/www.nomadecrafts.com\/store\/business-card-wallet-pattern\/#primaryimage"},"thumbnailUrl":"https:\/\/www.nomadecrafts.com\/wp-content\/uploads\/2025\/02\/Etsy_featured_template_business_card_wallet-scaled.jpg","datePublished":"2025-02-24T12:00:10+00:00","dateModified":"2025-12-02T11:53:38+00:00","breadcrumb":{"@id":"https:\/\/www.nomadecrafts.com\/store\/business-card-wallet-pattern\/#breadcrumb"},"inLanguage":"es","potentialAction":[{"@type":"ReadAction","target":["https:\/\/www.nomadecrafts.com\/store\/business-card-wallet-pattern\/"]}]},{"@type":"ImageObject","inLanguage":"es","@id":"https:\/\/www.nomadecrafts.com\/store\/business-card-wallet-pattern\/#primaryimage","url":"https:\/\/www.nomadecrafts.com\/wp-content\/uploads\/2025\/02\/Etsy_featured_template_business_card_wallet-scaled.jpg","contentUrl":"https:\/\/www.nomadecrafts.com\/wp-content\/uploads\/2025\/02\/Etsy_featured_template_business_card_wallet-scaled.jpg","width":2560,"height":1916},{"@type":"BreadcrumbList","@id":"https:\/\/www.nomadecrafts.com\/store\/business-card-wallet-pattern\/#breadcrumb","itemListElement":[{"@type":"ListItem","position":1,"name":"Home","item":"https:\/\/www.nomadecrafts.com\/"},{"@type":"ListItem","position":2,"name":"Pattern Store","item":"https:\/\/www.nomadecrafts.com\/store\/"},{"@type":"ListItem","position":3,"name":"Business Card Wallet Pattern"}]},{"@type":"WebSite","@id":"https:\/\/www.nomadecrafts.com\/#website","url":"https:\/\/www.nomadecrafts.com\/","name":"Artesan\u00edas y sue\u00f1os n\u00f3madas","description":"Tu refugio para la artesan\u00eda en cuero: patrones, tutoriales e inspiraci\u00f3n","publisher":{"@id":"https:\/\/www.nomadecrafts.com\/#organization"},"potentialAction":[{"@type":"SearchAction","target":{"@type":"EntryPoint","urlTemplate":"https:\/\/www.nomadecrafts.com\/?s={search_term_string}"},"query-input":{"@type":"PropertyValueSpecification","valueRequired":true,"valueName":"search_term_string"}}],"inLanguage":"es"},{"@type":"Organization","@id":"https:\/\/www.nomadecrafts.com\/#organization","name":"Nomadecraftsanddreams","url":"https:\/\/www.nomadecrafts.com\/","logo":{"@type":"ImageObject","inLanguage":"es","@id":"https:\/\/www.nomadecrafts.com\/#\/schema\/logo\/image\/","url":"https:\/\/nomadecrafts.com\/wp-content\/uploads\/2020\/11\/Nomade_logo_draft_bold.svg_.png","contentUrl":"https:\/\/nomadecrafts.com\/wp-content\/uploads\/2020\/11\/Nomade_logo_draft_bold.svg_.png","width":1000,"height":1000,"caption":"Nomadecraftsanddreams"},"image":{"@id":"https:\/\/www.nomadecrafts.com\/#\/schema\/logo\/image\/"},"sameAs":["https:\/\/www.instagram.com\/nomadecraftsanddreams\/","https:\/\/www.pinterest.es\/nomadecraftsanddreams\/","https:\/\/www.youtube.com\/channel\/UCKbAvDv7gdbmYTozbI-FCGg"]}]}},"_links":{"self":[{"href":"https:\/\/www.nomadecrafts.com\/es\/wp-json\/wp\/v2\/product\/8438","targetHints":{"allow":["GET"]}}],"collection":[{"href":"https:\/\/www.nomadecrafts.com\/es\/wp-json\/wp\/v2\/product"}],"about":[{"href":"https:\/\/www.nomadecrafts.com\/es\/wp-json\/wp\/v2\/types\/product"}],"replies":[{"embeddable":true,"href":"https:\/\/www.nomadecrafts.com\/es\/wp-json\/wp\/v2\/comments?post=8438"}],"wp:featuredmedia":[{"embeddable":true,"href":"https:\/\/www.nomadecrafts.com\/es\/wp-json\/wp\/v2\/media\/8480"}],"wp:attachment":[{"href":"https:\/\/www.nomadecrafts.com\/es\/wp-json\/wp\/v2\/media?parent=8438"}],"wp:term":[{"taxonomy":"product_brand","embeddable":true,"href":"https:\/\/www.nomadecrafts.com\/es\/wp-json\/wp\/v2\/product_brand?post=8438"},{"taxonomy":"product_cat","embeddable":true,"href":"https:\/\/www.nomadecrafts.com\/es\/wp-json\/wp\/v2\/product_cat?post=8438"},{"taxonomy":"product_tag","embeddable":true,"href":"https:\/\/www.nomadecrafts.com\/es\/wp-json\/wp\/v2\/product_tag?post=8438"}],"curies":[{"name":"wp","href":"https:\/\/api.w.org\/{rel}","templated":true}]}}