{"id":6794,"date":"2024-02-24T11:48:41","date_gmt":"2024-02-24T11:48:41","guid":{"rendered":"https:\/\/www.nomadecrafts.com\/?post_type=product&#038;p=6794"},"modified":"2026-03-28T16:14:52","modified_gmt":"2026-03-28T16:14:52","slug":"llama-bag-charm-pattern","status":"publish","type":"product","link":"https:\/\/www.nomadecrafts.com\/es\/store\/llama-bag-charm-pattern\/","title":{"rendered":"Patr\u00f3n de dije de bolso de llama"},"content":{"rendered":"<p>Esto es <strong>no es un producto fisico<\/strong>, es un conjunto de archivos digitales que contienen:<\/p>\n<p>\ud83d\udcd8 El patr\u00f3n del proyecto mostrado en las fotos del listado (PDF, AI, DXF, SVG).<br \/>\n\ud83d\udcd4 Un tutorial ilustrado que describe todos los pasos necesarios para completar el proyecto.<\/p>\n<p>\ud83d\udca1 Este patr\u00f3n se ofrece tanto en versi\u00f3n carta estadounidense como en A4, as\u00ed como en 3 formatos de archivos vectoriales diferentes para que sea utilizable con m\u00e1quinas de corte por l\u00e1ser como (Glowforge, XTool, etc.) o trazadores de corte (Cricut).<\/p>","protected":false},"excerpt":{"rendered":"<p>\u00a1Compra este patr\u00f3n y sigue el tutorial para hacer tu propio dije colorido para bolso de llama con cuero!<\/p>\n<hr \/>\n<p><strong>Tutorial relacionado:<\/strong> <a href=\"\/es\/llama-bag-charm\/\">Charm para bolso de llama<\/a><\/p>","protected":false},"featured_media":8560,"comment_status":"open","ping_status":"closed","template":"","meta":{"_vp_format_video_url":"","_vp_image_focal_point":[]},"product_brand":[423],"product_cat":[393],"product_tag":[565,494,824,945,441,448,562,434,541,621,624,483,447,426,626,543,951,538,619,629,953,482,561,544,623,832,606,617,950,947,944,954,425,836,424,564,941,595,545,940,948,942,952,943,949,946,955,553,433,539,590,432,504,484],"class_list":{"0":"post-6794","1":"product","2":"type-product","3":"status-publish","4":"has-post-thumbnail","6":"product_brand-nomadecrafts","7":"product_cat-bag-charms","8":"product_tag-advanced-leather-project","9":"product_tag-animal-bag-charm","10":"product_tag-animal-leather-craft","11":"product_tag-animal-themed-gift","12":"product_tag-bag-charms","13":"product_tag-craft-tutorial","14":"product_tag-cricut-leather-design","15":"product_tag-cricut-project","16":"product_tag-cricut-template","17":"product_tag-custom-leather-charm","18":"product_tag-customizable-bag-charm","19":"product_tag-cute-keychain","20":"product_tag-diy-crafts","21":"product_tag-diy-leather","22":"product_tag-diy-leather-charm","23":"product_tag-diy-leather-project","24":"product_tag-diy-llama-keychain","25":"product_tag-dxf-file","26":"product_tag-handmade-bag-charm","27":"product_tag-handmade-leather-keychain","28":"product_tag-handmade-llama-charm","29":"product_tag-kids-crafts","30":"product_tag-laser-cut-leather-art","31":"product_tag-laser-cutting-project","32":"product_tag-leather-accessory-pattern","33":"product_tag-leather-animal-art","34":"product_tag-leather-animal-tutorial","35":"product_tag-leather-bag-charm","36":"product_tag-leather-llama-charm","37":"product_tag-leather-llama-decor","38":"product_tag-leather-llama-keychain","39":"product_tag-leather-llama-sculpture","40":"product_tag-leather-pattern","41":"product_tag-leather-pet-gift","42":"product_tag-leathercraft","43":"product_tag-leathercraft-for-beginners","44":"product_tag-leathercraft-llama-pattern","45":"product_tag-leathercraft-tutorial","46":"product_tag-leatherworking-tutorial","47":"product_tag-llama-bag-charm","48":"product_tag-llama-jewelry-charm","49":"product_tag-llama-keychain-pattern","50":"product_tag-llama-lover-accessory","51":"product_tag-llama-lover-gift","52":"product_tag-llama-themed-accessory","53":"product_tag-llama-themed-decor","54":"product_tag-llama-themed-leather-craft","55":"product_tag-pdf-leather-pattern","56":"product_tag-svg-dxf-pattern","57":"product_tag-svg-file","58":"product_tag-unique-leather-gift","59":"product_tag-vector-files","60":"product_tag-vector-files-for-laser-cutting","61":"product_tag-whimsical-crafts","63":"first","64":"instock","65":"featured","66":"downloadable","67":"virtual","68":"sold-individually","69":"purchasable","70":"product-type-simple"},"yoast_head":"<!-- This site is optimized with the Yoast SEO plugin v27.4 - https:\/\/yoast.com\/product\/yoast-seo-wordpress\/ -->\n<title>Llama Bag Charm Pattern - NomadeCrafts<\/title>\n<meta name=\"description\" content=\"Make a charming llama bag charm with our leathercraft pattern &amp; tutorial. Ideal for crafters of all levels to create a unique accessory!\" \/>\n<meta name=\"robots\" content=\"index, follow, max-snippet:-1, max-image-preview:large, max-video-preview:-1\" \/>\n<link rel=\"canonical\" href=\"https:\/\/www.nomadecrafts.com\/es\/store\/llama-bag-charm-pattern\/\" \/>\n<meta property=\"og:locale\" content=\"es_ES\" \/>\n<meta property=\"og:type\" content=\"article\" \/>\n<meta property=\"og:title\" content=\"Llama Bag Charm Pattern - NomadeCrafts\" \/>\n<meta property=\"og:description\" content=\"Make a charming llama bag charm with our leathercraft pattern &amp; tutorial. Ideal for crafters of all levels to create a unique accessory!\" \/>\n<meta property=\"og:url\" content=\"https:\/\/www.nomadecrafts.com\/es\/store\/llama-bag-charm-pattern\/\" \/>\n<meta property=\"og:site_name\" content=\"NomadeCrafts\" \/>\n<meta property=\"article:modified_time\" content=\"2026-03-28T16:14:52+00:00\" \/>\n<meta property=\"og:image\" content=\"https:\/\/www.nomadecrafts.com\/wp-content\/uploads\/2024\/02\/Etsy_featured_template_Main-1-scaled.jpg\" \/>\n\t<meta property=\"og:image:width\" content=\"2560\" \/>\n\t<meta property=\"og:image:height\" content=\"1916\" \/>\n\t<meta property=\"og:image:type\" content=\"image\/jpeg\" \/>\n<meta name=\"twitter:card\" content=\"summary_large_image\" \/>\n<script type=\"application\/ld+json\" class=\"yoast-schema-graph\">{\"@context\":\"https:\\\/\\\/schema.org\",\"@graph\":[{\"@type\":\"WebPage\",\"@id\":\"https:\\\/\\\/www.nomadecrafts.com\\\/store\\\/llama-bag-charm-pattern\\\/\",\"url\":\"https:\\\/\\\/www.nomadecrafts.com\\\/store\\\/llama-bag-charm-pattern\\\/\",\"name\":\"Llama Bag Charm Pattern - NomadeCrafts\",\"isPartOf\":{\"@id\":\"https:\\\/\\\/www.nomadecrafts.com\\\/#website\"},\"primaryImageOfPage\":{\"@id\":\"https:\\\/\\\/www.nomadecrafts.com\\\/store\\\/llama-bag-charm-pattern\\\/#primaryimage\"},\"image\":{\"@id\":\"https:\\\/\\\/www.nomadecrafts.com\\\/store\\\/llama-bag-charm-pattern\\\/#primaryimage\"},\"thumbnailUrl\":\"https:\\\/\\\/www.nomadecrafts.com\\\/wp-content\\\/uploads\\\/2024\\\/02\\\/Etsy_featured_template_Main-1-scaled.jpg\",\"datePublished\":\"2024-02-24T11:48:41+00:00\",\"dateModified\":\"2026-03-28T16:14:52+00:00\",\"description\":\"Make a charming llama bag charm with our leathercraft pattern & tutorial. Ideal for crafters of all levels to create a unique accessory!\",\"breadcrumb\":{\"@id\":\"https:\\\/\\\/www.nomadecrafts.com\\\/store\\\/llama-bag-charm-pattern\\\/#breadcrumb\"},\"inLanguage\":\"es\",\"potentialAction\":[{\"@type\":\"ReadAction\",\"target\":[\"https:\\\/\\\/www.nomadecrafts.com\\\/store\\\/llama-bag-charm-pattern\\\/\"]}]},{\"@type\":\"ImageObject\",\"inLanguage\":\"es\",\"@id\":\"https:\\\/\\\/www.nomadecrafts.com\\\/store\\\/llama-bag-charm-pattern\\\/#primaryimage\",\"url\":\"https:\\\/\\\/www.nomadecrafts.com\\\/wp-content\\\/uploads\\\/2024\\\/02\\\/Etsy_featured_template_Main-1-scaled.jpg\",\"contentUrl\":\"https:\\\/\\\/www.nomadecrafts.com\\\/wp-content\\\/uploads\\\/2024\\\/02\\\/Etsy_featured_template_Main-1-scaled.jpg\",\"width\":2560,\"height\":1916},{\"@type\":\"BreadcrumbList\",\"@id\":\"https:\\\/\\\/www.nomadecrafts.com\\\/store\\\/llama-bag-charm-pattern\\\/#breadcrumb\",\"itemListElement\":[{\"@type\":\"ListItem\",\"position\":1,\"name\":\"Home\",\"item\":\"https:\\\/\\\/www.nomadecrafts.com\\\/\"},{\"@type\":\"ListItem\",\"position\":2,\"name\":\"Pattern Store\",\"item\":\"https:\\\/\\\/www.nomadecrafts.com\\\/store\\\/\"},{\"@type\":\"ListItem\",\"position\":3,\"name\":\"Llama Bag Charm Pattern\"}]},{\"@type\":\"WebSite\",\"@id\":\"https:\\\/\\\/www.nomadecrafts.com\\\/#website\",\"url\":\"https:\\\/\\\/www.nomadecrafts.com\\\/\",\"name\":\"Nomade Crafts&Dreams\",\"description\":\"Your Leathercraft Haven: Patterns, Tutorials, and Inspiration\",\"publisher\":{\"@id\":\"https:\\\/\\\/www.nomadecrafts.com\\\/#organization\"},\"potentialAction\":[{\"@type\":\"SearchAction\",\"target\":{\"@type\":\"EntryPoint\",\"urlTemplate\":\"https:\\\/\\\/www.nomadecrafts.com\\\/?s={search_term_string}\"},\"query-input\":{\"@type\":\"PropertyValueSpecification\",\"valueRequired\":true,\"valueName\":\"search_term_string\"}}],\"inLanguage\":\"es\"},{\"@type\":\"Organization\",\"@id\":\"https:\\\/\\\/www.nomadecrafts.com\\\/#organization\",\"name\":\"Nomadecraftsanddreams\",\"url\":\"https:\\\/\\\/www.nomadecrafts.com\\\/\",\"logo\":{\"@type\":\"ImageObject\",\"inLanguage\":\"es\",\"@id\":\"https:\\\/\\\/www.nomadecrafts.com\\\/#\\\/schema\\\/logo\\\/image\\\/\",\"url\":\"https:\\\/\\\/nomadecrafts.com\\\/wp-content\\\/uploads\\\/2020\\\/11\\\/Nomade_logo_draft_bold.svg_.png\",\"contentUrl\":\"https:\\\/\\\/nomadecrafts.com\\\/wp-content\\\/uploads\\\/2020\\\/11\\\/Nomade_logo_draft_bold.svg_.png\",\"width\":1000,\"height\":1000,\"caption\":\"Nomadecraftsanddreams\"},\"image\":{\"@id\":\"https:\\\/\\\/www.nomadecrafts.com\\\/#\\\/schema\\\/logo\\\/image\\\/\"},\"sameAs\":[\"https:\\\/\\\/www.instagram.com\\\/nomadecraftsanddreams\\\/\",\"https:\\\/\\\/www.pinterest.es\\\/nomadecraftsanddreams\\\/\",\"https:\\\/\\\/www.youtube.com\\\/channel\\\/UCKbAvDv7gdbmYTozbI-FCGg\"]}]}<\/script>\n<!-- \/ Yoast SEO plugin. -->","yoast_head_json":{"title":"Patr\u00f3n de dije para bolso de llama - NomadeCrafts","description":"Crea un encantador colgante de llama para bolso con nuestro patr\u00f3n y tutorial de artesan\u00eda en cuero. \u00a1Ideal para que los artesanos de todos los niveles creen un accesorio \u00fanico!","robots":{"index":"index","follow":"follow","max-snippet":"max-snippet:-1","max-image-preview":"max-image-preview:large","max-video-preview":"max-video-preview:-1"},"canonical":"https:\/\/www.nomadecrafts.com\/es\/store\/llama-bag-charm-pattern\/","og_locale":"es_ES","og_type":"article","og_title":"Llama Bag Charm Pattern - NomadeCrafts","og_description":"Make a charming llama bag charm with our leathercraft pattern & tutorial. Ideal for crafters of all levels to create a unique accessory!","og_url":"https:\/\/www.nomadecrafts.com\/es\/store\/llama-bag-charm-pattern\/","og_site_name":"NomadeCrafts","article_modified_time":"2026-03-28T16:14:52+00:00","og_image":[{"width":2560,"height":1916,"url":"https:\/\/www.nomadecrafts.com\/wp-content\/uploads\/2024\/02\/Etsy_featured_template_Main-1-scaled.jpg","type":"image\/jpeg"}],"twitter_card":"summary_large_image","schema":{"@context":"https:\/\/schema.org","@graph":[{"@type":"WebPage","@id":"https:\/\/www.nomadecrafts.com\/store\/llama-bag-charm-pattern\/","url":"https:\/\/www.nomadecrafts.com\/store\/llama-bag-charm-pattern\/","name":"Patr\u00f3n de dije para bolso de llama - NomadeCrafts","isPartOf":{"@id":"https:\/\/www.nomadecrafts.com\/#website"},"primaryImageOfPage":{"@id":"https:\/\/www.nomadecrafts.com\/store\/llama-bag-charm-pattern\/#primaryimage"},"image":{"@id":"https:\/\/www.nomadecrafts.com\/store\/llama-bag-charm-pattern\/#primaryimage"},"thumbnailUrl":"https:\/\/www.nomadecrafts.com\/wp-content\/uploads\/2024\/02\/Etsy_featured_template_Main-1-scaled.jpg","datePublished":"2024-02-24T11:48:41+00:00","dateModified":"2026-03-28T16:14:52+00:00","description":"Crea un encantador colgante de llama para bolso con nuestro patr\u00f3n y tutorial de artesan\u00eda en cuero. \u00a1Ideal para que los artesanos de todos los niveles creen un accesorio \u00fanico!","breadcrumb":{"@id":"https:\/\/www.nomadecrafts.com\/store\/llama-bag-charm-pattern\/#breadcrumb"},"inLanguage":"es","potentialAction":[{"@type":"ReadAction","target":["https:\/\/www.nomadecrafts.com\/store\/llama-bag-charm-pattern\/"]}]},{"@type":"ImageObject","inLanguage":"es","@id":"https:\/\/www.nomadecrafts.com\/store\/llama-bag-charm-pattern\/#primaryimage","url":"https:\/\/www.nomadecrafts.com\/wp-content\/uploads\/2024\/02\/Etsy_featured_template_Main-1-scaled.jpg","contentUrl":"https:\/\/www.nomadecrafts.com\/wp-content\/uploads\/2024\/02\/Etsy_featured_template_Main-1-scaled.jpg","width":2560,"height":1916},{"@type":"BreadcrumbList","@id":"https:\/\/www.nomadecrafts.com\/store\/llama-bag-charm-pattern\/#breadcrumb","itemListElement":[{"@type":"ListItem","position":1,"name":"Home","item":"https:\/\/www.nomadecrafts.com\/"},{"@type":"ListItem","position":2,"name":"Pattern Store","item":"https:\/\/www.nomadecrafts.com\/store\/"},{"@type":"ListItem","position":3,"name":"Llama Bag Charm Pattern"}]},{"@type":"WebSite","@id":"https:\/\/www.nomadecrafts.com\/#website","url":"https:\/\/www.nomadecrafts.com\/","name":"Artesan\u00edas y sue\u00f1os n\u00f3madas","description":"Tu refugio para la artesan\u00eda en cuero: patrones, tutoriales e inspiraci\u00f3n","publisher":{"@id":"https:\/\/www.nomadecrafts.com\/#organization"},"potentialAction":[{"@type":"SearchAction","target":{"@type":"EntryPoint","urlTemplate":"https:\/\/www.nomadecrafts.com\/?s={search_term_string}"},"query-input":{"@type":"PropertyValueSpecification","valueRequired":true,"valueName":"search_term_string"}}],"inLanguage":"es"},{"@type":"Organization","@id":"https:\/\/www.nomadecrafts.com\/#organization","name":"Nomadecraftsanddreams","url":"https:\/\/www.nomadecrafts.com\/","logo":{"@type":"ImageObject","inLanguage":"es","@id":"https:\/\/www.nomadecrafts.com\/#\/schema\/logo\/image\/","url":"https:\/\/nomadecrafts.com\/wp-content\/uploads\/2020\/11\/Nomade_logo_draft_bold.svg_.png","contentUrl":"https:\/\/nomadecrafts.com\/wp-content\/uploads\/2020\/11\/Nomade_logo_draft_bold.svg_.png","width":1000,"height":1000,"caption":"Nomadecraftsanddreams"},"image":{"@id":"https:\/\/www.nomadecrafts.com\/#\/schema\/logo\/image\/"},"sameAs":["https:\/\/www.instagram.com\/nomadecraftsanddreams\/","https:\/\/www.pinterest.es\/nomadecraftsanddreams\/","https:\/\/www.youtube.com\/channel\/UCKbAvDv7gdbmYTozbI-FCGg"]}]}},"_links":{"self":[{"href":"https:\/\/www.nomadecrafts.com\/es\/wp-json\/wp\/v2\/product\/6794","targetHints":{"allow":["GET"]}}],"collection":[{"href":"https:\/\/www.nomadecrafts.com\/es\/wp-json\/wp\/v2\/product"}],"about":[{"href":"https:\/\/www.nomadecrafts.com\/es\/wp-json\/wp\/v2\/types\/product"}],"replies":[{"embeddable":true,"href":"https:\/\/www.nomadecrafts.com\/es\/wp-json\/wp\/v2\/comments?post=6794"}],"wp:featuredmedia":[{"embeddable":true,"href":"https:\/\/www.nomadecrafts.com\/es\/wp-json\/wp\/v2\/media\/8560"}],"wp:attachment":[{"href":"https:\/\/www.nomadecrafts.com\/es\/wp-json\/wp\/v2\/media?parent=6794"}],"wp:term":[{"taxonomy":"product_brand","embeddable":true,"href":"https:\/\/www.nomadecrafts.com\/es\/wp-json\/wp\/v2\/product_brand?post=6794"},{"taxonomy":"product_cat","embeddable":true,"href":"https:\/\/www.nomadecrafts.com\/es\/wp-json\/wp\/v2\/product_cat?post=6794"},{"taxonomy":"product_tag","embeddable":true,"href":"https:\/\/www.nomadecrafts.com\/es\/wp-json\/wp\/v2\/product_tag?post=6794"}],"curies":[{"name":"wp","href":"https:\/\/api.w.org\/{rel}","templated":true}]}}