{"id":5765,"date":"2024-01-05T22:47:56","date_gmt":"2024-01-05T22:47:56","guid":{"rendered":"https:\/\/www.nomadecrafts.com\/product\/jellyfish-bag-charm-pattern-leathercraft-pattern-tutorial-pdf-ai-eps-svg\/"},"modified":"2026-05-06T05:49:08","modified_gmt":"2026-05-06T05:49:08","slug":"jellyfish-bag-charm-pattern","status":"publish","type":"product","link":"https:\/\/www.nomadecrafts.com\/es\/store\/jellyfish-bag-charm-pattern\/","title":{"rendered":"Patr\u00f3n de dije de bolso de medusa"},"content":{"rendered":"<p>Esto es <strong>no es un producto fisico<\/strong>, es un conjunto de archivos digitales que contienen:<\/p>\n<ul>\n<li>El patr\u00f3n del proyecto mostrado en las fotos del listado (PDF, AI, DXF, SVG).<\/li>\n<li>Un tutorial ilustrado que describe todos los pasos necesarios para completar el proyecto.<\/li>\n<\/ul>\n<p>Este patr\u00f3n se ofrece tanto en versi\u00f3n carta estadounidense como en A4, as\u00ed como en 3 formatos de archivos vectoriales diferentes para que pueda utilizarse con m\u00e1quinas de corte por l\u00e1ser como (Glowforge, XTool, etc.) o trazadores de corte (Cricut).<\/p>","protected":false},"excerpt":{"rendered":"<p>Compra este patr\u00f3n y sigue el tutorial para hacer tu propio charm para bolso de medusa con cuero.<\/p>\n<hr \/>\n<p><strong>Tutorial relacionado:<\/strong> <a href=\"https:\/\/www.nomadecrafts.com\/es\/jellyfish-bag-charm\/\">Charm para bolso de medusa<\/a><\/p>","protected":false},"featured_media":8884,"comment_status":"open","ping_status":"closed","template":"","meta":{"_vp_format_video_url":"","_vp_image_focal_point":[]},"product_brand":[423],"product_cat":[393],"product_tag":[565,562,541,621,624,626,543,538,619,629,654,659,656,661,658,561,544,623,606,617,657,642,653,644,564,655,595,545,627,651,618,643,622,660,553,640,539,650,590,504],"class_list":{"0":"post-5765","1":"product","2":"type-product","3":"status-publish","4":"has-post-thumbnail","6":"product_brand-nomadecrafts","7":"product_cat-bag-charms","8":"product_tag-advanced-leather-project","9":"product_tag-cricut-leather-design","10":"product_tag-cricut-template","11":"product_tag-custom-leather-charm","12":"product_tag-customizable-bag-charm","13":"product_tag-diy-leather-charm","14":"product_tag-diy-leather-project","15":"product_tag-dxf-file","16":"product_tag-handmade-bag-charm","17":"product_tag-handmade-leather-keychain","18":"product_tag-jellyfish-bag-charm","19":"product_tag-jellyfish-jewelry-charm","20":"product_tag-jellyfish-keychain-pattern","21":"product_tag-jellyfish-leather-decor","22":"product_tag-jellyfish-lover-gift","23":"product_tag-laser-cut-leather-art","24":"product_tag-laser-cutting-project","25":"product_tag-leather-accessory-pattern","26":"product_tag-leather-animal-tutorial","27":"product_tag-leather-bag-charm","28":"product_tag-leather-jellyfish-keychain","29":"product_tag-leather-marine-decor","30":"product_tag-leather-ocean-creature","31":"product_tag-leather-sea-animal-pattern","32":"product_tag-leathercraft-for-beginners","33":"product_tag-leathercraft-jellyfish-pattern","34":"product_tag-leathercraft-tutorial","35":"product_tag-leatherworking-tutorial","36":"product_tag-marine-animal-pattern","37":"product_tag-marine-life-gift-idea","38":"product_tag-marine-life-leather-craft","39":"product_tag-ocean-lover-gift","40":"product_tag-ocean-themed-gift","41":"product_tag-oceanic-leather-art","42":"product_tag-pdf-leather-pattern","43":"product_tag-sea-creature-leather-craft","44":"product_tag-svg-file","45":"product_tag-tentacle-leather-design","46":"product_tag-unique-leather-gift","47":"product_tag-vector-files-for-laser-cutting","49":"first","50":"instock","51":"downloadable","52":"virtual","53":"sold-individually","54":"purchasable","55":"product-type-simple"},"yoast_head":"<!-- This site is optimized with the Yoast SEO plugin v27.4 - https:\/\/yoast.com\/product\/yoast-seo-wordpress\/ -->\n<title>Jellyfish Bag Charm Pattern - NomadeCrafts<\/title>\n<meta name=\"description\" content=\"Create a stunning jellyfish bag charm with this leathercraft pattern. Includes PDF &amp; vector files for laser cutting. Great for ocean lovers!\" \/>\n<meta name=\"robots\" content=\"index, follow, max-snippet:-1, max-image-preview:large, max-video-preview:-1\" \/>\n<link rel=\"canonical\" href=\"https:\/\/www.nomadecrafts.com\/es\/store\/jellyfish-bag-charm-pattern\/\" \/>\n<meta property=\"og:locale\" content=\"es_ES\" \/>\n<meta property=\"og:type\" content=\"article\" \/>\n<meta property=\"og:title\" content=\"Jellyfish Bag Charm Pattern - NomadeCrafts\" \/>\n<meta property=\"og:description\" content=\"Create a stunning jellyfish bag charm with this leathercraft pattern. Includes PDF &amp; vector files for laser cutting. Great for ocean lovers!\" \/>\n<meta property=\"og:url\" content=\"https:\/\/www.nomadecrafts.com\/es\/store\/jellyfish-bag-charm-pattern\/\" \/>\n<meta property=\"og:site_name\" content=\"NomadeCrafts\" \/>\n<meta property=\"article:modified_time\" content=\"2026-05-06T05:49:08+00:00\" \/>\n<meta property=\"og:image\" content=\"https:\/\/www.nomadecrafts.com\/wp-content\/uploads\/2024\/01\/Etsy_featured_template_Main-10-scaled.jpg\" \/>\n\t<meta property=\"og:image:width\" content=\"2560\" \/>\n\t<meta property=\"og:image:height\" content=\"1916\" \/>\n\t<meta property=\"og:image:type\" content=\"image\/jpeg\" \/>\n<meta name=\"twitter:card\" content=\"summary_large_image\" \/>\n<script type=\"application\/ld+json\" class=\"yoast-schema-graph\">{\"@context\":\"https:\\\/\\\/schema.org\",\"@graph\":[{\"@type\":\"WebPage\",\"@id\":\"https:\\\/\\\/www.nomadecrafts.com\\\/store\\\/jellyfish-bag-charm-pattern\\\/\",\"url\":\"https:\\\/\\\/www.nomadecrafts.com\\\/store\\\/jellyfish-bag-charm-pattern\\\/\",\"name\":\"Jellyfish Bag Charm Pattern - NomadeCrafts\",\"isPartOf\":{\"@id\":\"https:\\\/\\\/www.nomadecrafts.com\\\/#website\"},\"primaryImageOfPage\":{\"@id\":\"https:\\\/\\\/www.nomadecrafts.com\\\/store\\\/jellyfish-bag-charm-pattern\\\/#primaryimage\"},\"image\":{\"@id\":\"https:\\\/\\\/www.nomadecrafts.com\\\/store\\\/jellyfish-bag-charm-pattern\\\/#primaryimage\"},\"thumbnailUrl\":\"https:\\\/\\\/www.nomadecrafts.com\\\/wp-content\\\/uploads\\\/2024\\\/01\\\/Etsy_featured_template_Main-10-scaled.jpg\",\"datePublished\":\"2024-01-05T22:47:56+00:00\",\"dateModified\":\"2026-05-06T05:49:08+00:00\",\"description\":\"Create a stunning jellyfish bag charm with this leathercraft pattern. Includes PDF & vector files for laser cutting. Great for ocean lovers!\",\"breadcrumb\":{\"@id\":\"https:\\\/\\\/www.nomadecrafts.com\\\/store\\\/jellyfish-bag-charm-pattern\\\/#breadcrumb\"},\"inLanguage\":\"es\",\"potentialAction\":[{\"@type\":\"ReadAction\",\"target\":[\"https:\\\/\\\/www.nomadecrafts.com\\\/store\\\/jellyfish-bag-charm-pattern\\\/\"]}]},{\"@type\":\"ImageObject\",\"inLanguage\":\"es\",\"@id\":\"https:\\\/\\\/www.nomadecrafts.com\\\/store\\\/jellyfish-bag-charm-pattern\\\/#primaryimage\",\"url\":\"https:\\\/\\\/www.nomadecrafts.com\\\/wp-content\\\/uploads\\\/2024\\\/01\\\/Etsy_featured_template_Main-10-scaled.jpg\",\"contentUrl\":\"https:\\\/\\\/www.nomadecrafts.com\\\/wp-content\\\/uploads\\\/2024\\\/01\\\/Etsy_featured_template_Main-10-scaled.jpg\",\"width\":2560,\"height\":1916},{\"@type\":\"BreadcrumbList\",\"@id\":\"https:\\\/\\\/www.nomadecrafts.com\\\/store\\\/jellyfish-bag-charm-pattern\\\/#breadcrumb\",\"itemListElement\":[{\"@type\":\"ListItem\",\"position\":1,\"name\":\"Home\",\"item\":\"https:\\\/\\\/www.nomadecrafts.com\\\/\"},{\"@type\":\"ListItem\",\"position\":2,\"name\":\"Pattern Store\",\"item\":\"https:\\\/\\\/www.nomadecrafts.com\\\/store\\\/\"},{\"@type\":\"ListItem\",\"position\":3,\"name\":\"Jellyfish Bag Charm Pattern\"}]},{\"@type\":\"WebSite\",\"@id\":\"https:\\\/\\\/www.nomadecrafts.com\\\/#website\",\"url\":\"https:\\\/\\\/www.nomadecrafts.com\\\/\",\"name\":\"Nomade Crafts&Dreams\",\"description\":\"Your Leathercraft Haven: Patterns, Tutorials, and Inspiration\",\"publisher\":{\"@id\":\"https:\\\/\\\/www.nomadecrafts.com\\\/#organization\"},\"potentialAction\":[{\"@type\":\"SearchAction\",\"target\":{\"@type\":\"EntryPoint\",\"urlTemplate\":\"https:\\\/\\\/www.nomadecrafts.com\\\/?s={search_term_string}\"},\"query-input\":{\"@type\":\"PropertyValueSpecification\",\"valueRequired\":true,\"valueName\":\"search_term_string\"}}],\"inLanguage\":\"es\"},{\"@type\":\"Organization\",\"@id\":\"https:\\\/\\\/www.nomadecrafts.com\\\/#organization\",\"name\":\"Nomadecraftsanddreams\",\"url\":\"https:\\\/\\\/www.nomadecrafts.com\\\/\",\"logo\":{\"@type\":\"ImageObject\",\"inLanguage\":\"es\",\"@id\":\"https:\\\/\\\/www.nomadecrafts.com\\\/#\\\/schema\\\/logo\\\/image\\\/\",\"url\":\"https:\\\/\\\/nomadecrafts.com\\\/wp-content\\\/uploads\\\/2020\\\/11\\\/Nomade_logo_draft_bold.svg_.png\",\"contentUrl\":\"https:\\\/\\\/nomadecrafts.com\\\/wp-content\\\/uploads\\\/2020\\\/11\\\/Nomade_logo_draft_bold.svg_.png\",\"width\":1000,\"height\":1000,\"caption\":\"Nomadecraftsanddreams\"},\"image\":{\"@id\":\"https:\\\/\\\/www.nomadecrafts.com\\\/#\\\/schema\\\/logo\\\/image\\\/\"},\"sameAs\":[\"https:\\\/\\\/www.instagram.com\\\/nomadecraftsanddreams\\\/\",\"https:\\\/\\\/www.pinterest.es\\\/nomadecraftsanddreams\\\/\",\"https:\\\/\\\/www.youtube.com\\\/channel\\\/UCKbAvDv7gdbmYTozbI-FCGg\"]}]}<\/script>\n<!-- \/ Yoast SEO plugin. -->","yoast_head_json":{"title":"Patr\u00f3n de dije para bolso en forma de medusa - NomadeCrafts","description":"Crea un impresionante dije de medusa para bolso con este patr\u00f3n de cuero. Incluye archivos PDF y vectoriales para corte l\u00e1ser. \u00a1Ideal para los amantes del oc\u00e9ano!","robots":{"index":"index","follow":"follow","max-snippet":"max-snippet:-1","max-image-preview":"max-image-preview:large","max-video-preview":"max-video-preview:-1"},"canonical":"https:\/\/www.nomadecrafts.com\/es\/store\/jellyfish-bag-charm-pattern\/","og_locale":"es_ES","og_type":"article","og_title":"Jellyfish Bag Charm Pattern - NomadeCrafts","og_description":"Create a stunning jellyfish bag charm with this leathercraft pattern. Includes PDF & vector files for laser cutting. Great for ocean lovers!","og_url":"https:\/\/www.nomadecrafts.com\/es\/store\/jellyfish-bag-charm-pattern\/","og_site_name":"NomadeCrafts","article_modified_time":"2026-05-06T05:49:08+00:00","og_image":[{"width":2560,"height":1916,"url":"https:\/\/www.nomadecrafts.com\/wp-content\/uploads\/2024\/01\/Etsy_featured_template_Main-10-scaled.jpg","type":"image\/jpeg"}],"twitter_card":"summary_large_image","schema":{"@context":"https:\/\/schema.org","@graph":[{"@type":"WebPage","@id":"https:\/\/www.nomadecrafts.com\/store\/jellyfish-bag-charm-pattern\/","url":"https:\/\/www.nomadecrafts.com\/store\/jellyfish-bag-charm-pattern\/","name":"Patr\u00f3n de dije para bolso en forma de medusa - NomadeCrafts","isPartOf":{"@id":"https:\/\/www.nomadecrafts.com\/#website"},"primaryImageOfPage":{"@id":"https:\/\/www.nomadecrafts.com\/store\/jellyfish-bag-charm-pattern\/#primaryimage"},"image":{"@id":"https:\/\/www.nomadecrafts.com\/store\/jellyfish-bag-charm-pattern\/#primaryimage"},"thumbnailUrl":"https:\/\/www.nomadecrafts.com\/wp-content\/uploads\/2024\/01\/Etsy_featured_template_Main-10-scaled.jpg","datePublished":"2024-01-05T22:47:56+00:00","dateModified":"2026-05-06T05:49:08+00:00","description":"Crea un impresionante dije de medusa para bolso con este patr\u00f3n de cuero. Incluye archivos PDF y vectoriales para corte l\u00e1ser. \u00a1Ideal para los amantes del oc\u00e9ano!","breadcrumb":{"@id":"https:\/\/www.nomadecrafts.com\/store\/jellyfish-bag-charm-pattern\/#breadcrumb"},"inLanguage":"es","potentialAction":[{"@type":"ReadAction","target":["https:\/\/www.nomadecrafts.com\/store\/jellyfish-bag-charm-pattern\/"]}]},{"@type":"ImageObject","inLanguage":"es","@id":"https:\/\/www.nomadecrafts.com\/store\/jellyfish-bag-charm-pattern\/#primaryimage","url":"https:\/\/www.nomadecrafts.com\/wp-content\/uploads\/2024\/01\/Etsy_featured_template_Main-10-scaled.jpg","contentUrl":"https:\/\/www.nomadecrafts.com\/wp-content\/uploads\/2024\/01\/Etsy_featured_template_Main-10-scaled.jpg","width":2560,"height":1916},{"@type":"BreadcrumbList","@id":"https:\/\/www.nomadecrafts.com\/store\/jellyfish-bag-charm-pattern\/#breadcrumb","itemListElement":[{"@type":"ListItem","position":1,"name":"Home","item":"https:\/\/www.nomadecrafts.com\/"},{"@type":"ListItem","position":2,"name":"Pattern Store","item":"https:\/\/www.nomadecrafts.com\/store\/"},{"@type":"ListItem","position":3,"name":"Jellyfish Bag Charm Pattern"}]},{"@type":"WebSite","@id":"https:\/\/www.nomadecrafts.com\/#website","url":"https:\/\/www.nomadecrafts.com\/","name":"Artesan\u00edas y sue\u00f1os n\u00f3madas","description":"Tu refugio para la artesan\u00eda en cuero: patrones, tutoriales e inspiraci\u00f3n","publisher":{"@id":"https:\/\/www.nomadecrafts.com\/#organization"},"potentialAction":[{"@type":"SearchAction","target":{"@type":"EntryPoint","urlTemplate":"https:\/\/www.nomadecrafts.com\/?s={search_term_string}"},"query-input":{"@type":"PropertyValueSpecification","valueRequired":true,"valueName":"search_term_string"}}],"inLanguage":"es"},{"@type":"Organization","@id":"https:\/\/www.nomadecrafts.com\/#organization","name":"Nomadecraftsanddreams","url":"https:\/\/www.nomadecrafts.com\/","logo":{"@type":"ImageObject","inLanguage":"es","@id":"https:\/\/www.nomadecrafts.com\/#\/schema\/logo\/image\/","url":"https:\/\/nomadecrafts.com\/wp-content\/uploads\/2020\/11\/Nomade_logo_draft_bold.svg_.png","contentUrl":"https:\/\/nomadecrafts.com\/wp-content\/uploads\/2020\/11\/Nomade_logo_draft_bold.svg_.png","width":1000,"height":1000,"caption":"Nomadecraftsanddreams"},"image":{"@id":"https:\/\/www.nomadecrafts.com\/#\/schema\/logo\/image\/"},"sameAs":["https:\/\/www.instagram.com\/nomadecraftsanddreams\/","https:\/\/www.pinterest.es\/nomadecraftsanddreams\/","https:\/\/www.youtube.com\/channel\/UCKbAvDv7gdbmYTozbI-FCGg"]}]}},"_links":{"self":[{"href":"https:\/\/www.nomadecrafts.com\/es\/wp-json\/wp\/v2\/product\/5765","targetHints":{"allow":["GET"]}}],"collection":[{"href":"https:\/\/www.nomadecrafts.com\/es\/wp-json\/wp\/v2\/product"}],"about":[{"href":"https:\/\/www.nomadecrafts.com\/es\/wp-json\/wp\/v2\/types\/product"}],"replies":[{"embeddable":true,"href":"https:\/\/www.nomadecrafts.com\/es\/wp-json\/wp\/v2\/comments?post=5765"}],"wp:featuredmedia":[{"embeddable":true,"href":"https:\/\/www.nomadecrafts.com\/es\/wp-json\/wp\/v2\/media\/8884"}],"wp:attachment":[{"href":"https:\/\/www.nomadecrafts.com\/es\/wp-json\/wp\/v2\/media?parent=5765"}],"wp:term":[{"taxonomy":"product_brand","embeddable":true,"href":"https:\/\/www.nomadecrafts.com\/es\/wp-json\/wp\/v2\/product_brand?post=5765"},{"taxonomy":"product_cat","embeddable":true,"href":"https:\/\/www.nomadecrafts.com\/es\/wp-json\/wp\/v2\/product_cat?post=5765"},{"taxonomy":"product_tag","embeddable":true,"href":"https:\/\/www.nomadecrafts.com\/es\/wp-json\/wp\/v2\/product_tag?post=5765"}],"curies":[{"name":"wp","href":"https:\/\/api.w.org\/{rel}","templated":true}]}}