{"id":5761,"date":"2024-01-05T22:47:54","date_gmt":"2024-01-05T22:47:54","guid":{"rendered":"https:\/\/www.nomadecrafts.com\/product\/low-poly-bunny-decorative-sculpture-leathercraft-pattern-tutorial-pdf-ai-eps-svg\/"},"modified":"2026-03-28T16:16:09","modified_gmt":"2026-03-28T16:16:09","slug":"low-poly-bunny-decorative-sculpture-pattern","status":"publish","type":"product","link":"https:\/\/www.nomadecrafts.com\/es\/store\/low-poly-bunny-decorative-sculpture-pattern\/","title":{"rendered":"Patr\u00f3n de escultura decorativa de conejito de baja poli"},"content":{"rendered":"<p>Esto es <strong>no es un producto fisico<\/strong>, es un conjunto de archivos digitales que contienen:<\/p>\n<ul>\n<li>El patr\u00f3n del proyecto mostrado en las fotos del listado (PDF, AI, DXF, SVG).<\/li>\n<li>Un tutorial ilustrado que describe todos los pasos necesarios para completar el proyecto (PDF).<\/li>\n<\/ul>\n<p>Este patr\u00f3n se ofrece tanto en versi\u00f3n carta estadounidense como en A4, as\u00ed como en 3 formatos de archivos vectoriales diferentes para que pueda utilizarse con m\u00e1quinas de corte por l\u00e1ser como (Glowforge, XTool, etc.) o trazadores de corte (Cricut).<\/p>","protected":false},"excerpt":{"rendered":"<p>Compra este patr\u00f3n y sigue el tutorial para hacer tu propia escultura de conejito de baja poli con cuero.<\/p>\n<p>\u00a1Seguro que sorprender\u00e1s a tus invitados con esta decoraci\u00f3n interior \u00fanica!<\/p>\n<hr \/>\n<p><strong>Tutorial relacionado:<\/strong> <a href=\"https:\/\/www.nomadecrafts.com\/es\/bunny-sculpture\/\">Escultura de conejito de cuero de baja poli<\/a><\/p>","protected":false},"featured_media":8914,"comment_status":"open","ping_status":"closed","template":"","meta":{"_vp_format_video_url":"","_vp_image_focal_point":[]},"product_brand":[],"product_cat":[404,399],"product_tag":[753,565,754,562,541,748,750,763,543,752,538,749,745,760,756,746,755,561,544,764,759,606,766,761,560,751,744,743,564,595,545,747,762,742,758,765,757,553,539,590,504],"class_list":{"0":"post-5761","1":"product","2":"type-product","3":"status-publish","4":"has-post-thumbnail","6":"product_cat-halloween","7":"product_cat-home-decor","8":"product_tag-3d-leather-art","9":"product_tag-advanced-leather-project","10":"product_tag-bunny-lover-gift","11":"product_tag-cricut-leather-design","12":"product_tag-cricut-template","13":"product_tag-custom-leather-sculpture","14":"product_tag-customizable-sculpture","15":"product_tag-diy-geometric-sculpture","16":"product_tag-diy-leather-project","17":"product_tag-diy-leather-sculpture","18":"product_tag-dxf-file","19":"product_tag-geometric-art-gift","20":"product_tag-geometric-bunny-design","21":"product_tag-geometric-gift-idea","22":"product_tag-geometric-leather-craft","23":"product_tag-handmade-bunny-sculpture","24":"product_tag-handmade-leather-decor","25":"product_tag-laser-cut-leather-art","26":"product_tag-laser-cutting-project","27":"product_tag-leather-3d-design","28":"product_tag-leather-animal-sculpture","29":"product_tag-leather-animal-tutorial","30":"product_tag-leather-art-sculpture","31":"product_tag-leather-bunny-decor","32":"product_tag-leather-home-decor","33":"product_tag-leather-low-poly-bunny","34":"product_tag-leather-sculpture","35":"product_tag-leathercraft-bunny-pattern","36":"product_tag-leathercraft-for-beginners","37":"product_tag-leathercraft-tutorial","38":"product_tag-leatherworking-tutorial","39":"product_tag-low-poly-animal-pattern","40":"product_tag-low-poly-art-pattern","41":"product_tag-low-poly-bunny-sculpture","42":"product_tag-low-poly-decor-idea","43":"product_tag-modern-home-decor","44":"product_tag-modern-leather-art","45":"product_tag-pdf-leather-pattern","46":"product_tag-svg-file","47":"product_tag-unique-leather-gift","48":"product_tag-vector-files-for-laser-cutting","50":"first","51":"instock","52":"featured","53":"downloadable","54":"virtual","55":"sold-individually","56":"purchasable","57":"product-type-simple"},"yoast_head":"<!-- This site is optimized with the Yoast SEO plugin v27.4 - https:\/\/yoast.com\/product\/yoast-seo-wordpress\/ -->\n<title>Low Poly Bunny Decorative Sculpture Pattern - NomadeCrafts<\/title>\n<meta name=\"description\" content=\"Make a geometric low poly bunny sculpture with this leathercraft pattern. Includes PDF &amp; vector files for laser cutting. Perfect for modern decor!\" \/>\n<meta name=\"robots\" content=\"index, follow, max-snippet:-1, max-image-preview:large, max-video-preview:-1\" \/>\n<link rel=\"canonical\" href=\"https:\/\/www.nomadecrafts.com\/es\/store\/low-poly-bunny-decorative-sculpture-pattern\/\" \/>\n<meta property=\"og:locale\" content=\"es_ES\" \/>\n<meta property=\"og:type\" content=\"article\" \/>\n<meta property=\"og:title\" content=\"Low Poly Bunny Decorative Sculpture Pattern - NomadeCrafts\" \/>\n<meta property=\"og:description\" content=\"Make a geometric low poly bunny sculpture with this leathercraft pattern. Includes PDF &amp; vector files for laser cutting. Perfect for modern decor!\" \/>\n<meta property=\"og:url\" content=\"https:\/\/www.nomadecrafts.com\/es\/store\/low-poly-bunny-decorative-sculpture-pattern\/\" \/>\n<meta property=\"og:site_name\" content=\"NomadeCrafts\" \/>\n<meta property=\"article:modified_time\" content=\"2026-03-28T16:16:09+00:00\" \/>\n<meta property=\"og:image\" content=\"https:\/\/www.nomadecrafts.com\/wp-content\/uploads\/2024\/01\/Etsy_featured_template_Main-15-scaled.jpg\" \/>\n\t<meta property=\"og:image:width\" content=\"2560\" \/>\n\t<meta property=\"og:image:height\" content=\"1916\" \/>\n\t<meta property=\"og:image:type\" content=\"image\/jpeg\" \/>\n<meta name=\"twitter:card\" content=\"summary_large_image\" \/>\n<script type=\"application\/ld+json\" class=\"yoast-schema-graph\">{\"@context\":\"https:\\\/\\\/schema.org\",\"@graph\":[{\"@type\":\"WebPage\",\"@id\":\"https:\\\/\\\/www.nomadecrafts.com\\\/store\\\/low-poly-bunny-decorative-sculpture-pattern\\\/\",\"url\":\"https:\\\/\\\/www.nomadecrafts.com\\\/store\\\/low-poly-bunny-decorative-sculpture-pattern\\\/\",\"name\":\"Low Poly Bunny Decorative Sculpture Pattern - NomadeCrafts\",\"isPartOf\":{\"@id\":\"https:\\\/\\\/www.nomadecrafts.com\\\/#website\"},\"primaryImageOfPage\":{\"@id\":\"https:\\\/\\\/www.nomadecrafts.com\\\/store\\\/low-poly-bunny-decorative-sculpture-pattern\\\/#primaryimage\"},\"image\":{\"@id\":\"https:\\\/\\\/www.nomadecrafts.com\\\/store\\\/low-poly-bunny-decorative-sculpture-pattern\\\/#primaryimage\"},\"thumbnailUrl\":\"https:\\\/\\\/www.nomadecrafts.com\\\/wp-content\\\/uploads\\\/2024\\\/01\\\/Etsy_featured_template_Main-15-scaled.jpg\",\"datePublished\":\"2024-01-05T22:47:54+00:00\",\"dateModified\":\"2026-03-28T16:16:09+00:00\",\"description\":\"Make a geometric low poly bunny sculpture with this leathercraft pattern. Includes PDF & vector files for laser cutting. Perfect for modern decor!\",\"breadcrumb\":{\"@id\":\"https:\\\/\\\/www.nomadecrafts.com\\\/store\\\/low-poly-bunny-decorative-sculpture-pattern\\\/#breadcrumb\"},\"inLanguage\":\"es\",\"potentialAction\":[{\"@type\":\"ReadAction\",\"target\":[\"https:\\\/\\\/www.nomadecrafts.com\\\/store\\\/low-poly-bunny-decorative-sculpture-pattern\\\/\"]}]},{\"@type\":\"ImageObject\",\"inLanguage\":\"es\",\"@id\":\"https:\\\/\\\/www.nomadecrafts.com\\\/store\\\/low-poly-bunny-decorative-sculpture-pattern\\\/#primaryimage\",\"url\":\"https:\\\/\\\/www.nomadecrafts.com\\\/wp-content\\\/uploads\\\/2024\\\/01\\\/Etsy_featured_template_Main-15-scaled.jpg\",\"contentUrl\":\"https:\\\/\\\/www.nomadecrafts.com\\\/wp-content\\\/uploads\\\/2024\\\/01\\\/Etsy_featured_template_Main-15-scaled.jpg\",\"width\":2560,\"height\":1916},{\"@type\":\"BreadcrumbList\",\"@id\":\"https:\\\/\\\/www.nomadecrafts.com\\\/store\\\/low-poly-bunny-decorative-sculpture-pattern\\\/#breadcrumb\",\"itemListElement\":[{\"@type\":\"ListItem\",\"position\":1,\"name\":\"Home\",\"item\":\"https:\\\/\\\/www.nomadecrafts.com\\\/\"},{\"@type\":\"ListItem\",\"position\":2,\"name\":\"Pattern Store\",\"item\":\"https:\\\/\\\/www.nomadecrafts.com\\\/store\\\/\"},{\"@type\":\"ListItem\",\"position\":3,\"name\":\"Low Poly Bunny Decorative Sculpture Pattern\"}]},{\"@type\":\"WebSite\",\"@id\":\"https:\\\/\\\/www.nomadecrafts.com\\\/#website\",\"url\":\"https:\\\/\\\/www.nomadecrafts.com\\\/\",\"name\":\"Nomade Crafts&Dreams\",\"description\":\"Your Leathercraft Haven: Patterns, Tutorials, and Inspiration\",\"publisher\":{\"@id\":\"https:\\\/\\\/www.nomadecrafts.com\\\/#organization\"},\"potentialAction\":[{\"@type\":\"SearchAction\",\"target\":{\"@type\":\"EntryPoint\",\"urlTemplate\":\"https:\\\/\\\/www.nomadecrafts.com\\\/?s={search_term_string}\"},\"query-input\":{\"@type\":\"PropertyValueSpecification\",\"valueRequired\":true,\"valueName\":\"search_term_string\"}}],\"inLanguage\":\"es\"},{\"@type\":\"Organization\",\"@id\":\"https:\\\/\\\/www.nomadecrafts.com\\\/#organization\",\"name\":\"Nomadecraftsanddreams\",\"url\":\"https:\\\/\\\/www.nomadecrafts.com\\\/\",\"logo\":{\"@type\":\"ImageObject\",\"inLanguage\":\"es\",\"@id\":\"https:\\\/\\\/www.nomadecrafts.com\\\/#\\\/schema\\\/logo\\\/image\\\/\",\"url\":\"https:\\\/\\\/nomadecrafts.com\\\/wp-content\\\/uploads\\\/2020\\\/11\\\/Nomade_logo_draft_bold.svg_.png\",\"contentUrl\":\"https:\\\/\\\/nomadecrafts.com\\\/wp-content\\\/uploads\\\/2020\\\/11\\\/Nomade_logo_draft_bold.svg_.png\",\"width\":1000,\"height\":1000,\"caption\":\"Nomadecraftsanddreams\"},\"image\":{\"@id\":\"https:\\\/\\\/www.nomadecrafts.com\\\/#\\\/schema\\\/logo\\\/image\\\/\"},\"sameAs\":[\"https:\\\/\\\/www.instagram.com\\\/nomadecraftsanddreams\\\/\",\"https:\\\/\\\/www.pinterest.es\\\/nomadecraftsanddreams\\\/\",\"https:\\\/\\\/www.youtube.com\\\/channel\\\/UCKbAvDv7gdbmYTozbI-FCGg\"]}]}<\/script>\n<!-- \/ Yoast SEO plugin. -->","yoast_head_json":{"title":"Patr\u00f3n de escultura decorativa de conejo de baja poligonizaci\u00f3n - NomadeCrafts","description":"Crea una escultura geom\u00e9trica de conejo de baja poligonizaci\u00f3n con este patr\u00f3n de cuero. Incluye archivos PDF y vectoriales para corte l\u00e1ser. \u00a1Perfecto para decoraci\u00f3n moderna!","robots":{"index":"index","follow":"follow","max-snippet":"max-snippet:-1","max-image-preview":"max-image-preview:large","max-video-preview":"max-video-preview:-1"},"canonical":"https:\/\/www.nomadecrafts.com\/es\/store\/low-poly-bunny-decorative-sculpture-pattern\/","og_locale":"es_ES","og_type":"article","og_title":"Low Poly Bunny Decorative Sculpture Pattern - NomadeCrafts","og_description":"Make a geometric low poly bunny sculpture with this leathercraft pattern. Includes PDF & vector files for laser cutting. Perfect for modern decor!","og_url":"https:\/\/www.nomadecrafts.com\/es\/store\/low-poly-bunny-decorative-sculpture-pattern\/","og_site_name":"NomadeCrafts","article_modified_time":"2026-03-28T16:16:09+00:00","og_image":[{"width":2560,"height":1916,"url":"https:\/\/www.nomadecrafts.com\/wp-content\/uploads\/2024\/01\/Etsy_featured_template_Main-15-scaled.jpg","type":"image\/jpeg"}],"twitter_card":"summary_large_image","schema":{"@context":"https:\/\/schema.org","@graph":[{"@type":"WebPage","@id":"https:\/\/www.nomadecrafts.com\/store\/low-poly-bunny-decorative-sculpture-pattern\/","url":"https:\/\/www.nomadecrafts.com\/store\/low-poly-bunny-decorative-sculpture-pattern\/","name":"Patr\u00f3n de escultura decorativa de conejo de baja poligonizaci\u00f3n - NomadeCrafts","isPartOf":{"@id":"https:\/\/www.nomadecrafts.com\/#website"},"primaryImageOfPage":{"@id":"https:\/\/www.nomadecrafts.com\/store\/low-poly-bunny-decorative-sculpture-pattern\/#primaryimage"},"image":{"@id":"https:\/\/www.nomadecrafts.com\/store\/low-poly-bunny-decorative-sculpture-pattern\/#primaryimage"},"thumbnailUrl":"https:\/\/www.nomadecrafts.com\/wp-content\/uploads\/2024\/01\/Etsy_featured_template_Main-15-scaled.jpg","datePublished":"2024-01-05T22:47:54+00:00","dateModified":"2026-03-28T16:16:09+00:00","description":"Crea una escultura geom\u00e9trica de conejo de baja poligonizaci\u00f3n con este patr\u00f3n de cuero. Incluye archivos PDF y vectoriales para corte l\u00e1ser. \u00a1Perfecto para decoraci\u00f3n moderna!","breadcrumb":{"@id":"https:\/\/www.nomadecrafts.com\/store\/low-poly-bunny-decorative-sculpture-pattern\/#breadcrumb"},"inLanguage":"es","potentialAction":[{"@type":"ReadAction","target":["https:\/\/www.nomadecrafts.com\/store\/low-poly-bunny-decorative-sculpture-pattern\/"]}]},{"@type":"ImageObject","inLanguage":"es","@id":"https:\/\/www.nomadecrafts.com\/store\/low-poly-bunny-decorative-sculpture-pattern\/#primaryimage","url":"https:\/\/www.nomadecrafts.com\/wp-content\/uploads\/2024\/01\/Etsy_featured_template_Main-15-scaled.jpg","contentUrl":"https:\/\/www.nomadecrafts.com\/wp-content\/uploads\/2024\/01\/Etsy_featured_template_Main-15-scaled.jpg","width":2560,"height":1916},{"@type":"BreadcrumbList","@id":"https:\/\/www.nomadecrafts.com\/store\/low-poly-bunny-decorative-sculpture-pattern\/#breadcrumb","itemListElement":[{"@type":"ListItem","position":1,"name":"Home","item":"https:\/\/www.nomadecrafts.com\/"},{"@type":"ListItem","position":2,"name":"Pattern Store","item":"https:\/\/www.nomadecrafts.com\/store\/"},{"@type":"ListItem","position":3,"name":"Low Poly Bunny Decorative Sculpture Pattern"}]},{"@type":"WebSite","@id":"https:\/\/www.nomadecrafts.com\/#website","url":"https:\/\/www.nomadecrafts.com\/","name":"Artesan\u00edas y sue\u00f1os n\u00f3madas","description":"Tu refugio para la artesan\u00eda en cuero: patrones, tutoriales e inspiraci\u00f3n","publisher":{"@id":"https:\/\/www.nomadecrafts.com\/#organization"},"potentialAction":[{"@type":"SearchAction","target":{"@type":"EntryPoint","urlTemplate":"https:\/\/www.nomadecrafts.com\/?s={search_term_string}"},"query-input":{"@type":"PropertyValueSpecification","valueRequired":true,"valueName":"search_term_string"}}],"inLanguage":"es"},{"@type":"Organization","@id":"https:\/\/www.nomadecrafts.com\/#organization","name":"Nomadecraftsanddreams","url":"https:\/\/www.nomadecrafts.com\/","logo":{"@type":"ImageObject","inLanguage":"es","@id":"https:\/\/www.nomadecrafts.com\/#\/schema\/logo\/image\/","url":"https:\/\/nomadecrafts.com\/wp-content\/uploads\/2020\/11\/Nomade_logo_draft_bold.svg_.png","contentUrl":"https:\/\/nomadecrafts.com\/wp-content\/uploads\/2020\/11\/Nomade_logo_draft_bold.svg_.png","width":1000,"height":1000,"caption":"Nomadecraftsanddreams"},"image":{"@id":"https:\/\/www.nomadecrafts.com\/#\/schema\/logo\/image\/"},"sameAs":["https:\/\/www.instagram.com\/nomadecraftsanddreams\/","https:\/\/www.pinterest.es\/nomadecraftsanddreams\/","https:\/\/www.youtube.com\/channel\/UCKbAvDv7gdbmYTozbI-FCGg"]}]}},"_links":{"self":[{"href":"https:\/\/www.nomadecrafts.com\/es\/wp-json\/wp\/v2\/product\/5761","targetHints":{"allow":["GET"]}}],"collection":[{"href":"https:\/\/www.nomadecrafts.com\/es\/wp-json\/wp\/v2\/product"}],"about":[{"href":"https:\/\/www.nomadecrafts.com\/es\/wp-json\/wp\/v2\/types\/product"}],"replies":[{"embeddable":true,"href":"https:\/\/www.nomadecrafts.com\/es\/wp-json\/wp\/v2\/comments?post=5761"}],"wp:featuredmedia":[{"embeddable":true,"href":"https:\/\/www.nomadecrafts.com\/es\/wp-json\/wp\/v2\/media\/8914"}],"wp:attachment":[{"href":"https:\/\/www.nomadecrafts.com\/es\/wp-json\/wp\/v2\/media?parent=5761"}],"wp:term":[{"taxonomy":"product_brand","embeddable":true,"href":"https:\/\/www.nomadecrafts.com\/es\/wp-json\/wp\/v2\/product_brand?post=5761"},{"taxonomy":"product_cat","embeddable":true,"href":"https:\/\/www.nomadecrafts.com\/es\/wp-json\/wp\/v2\/product_cat?post=5761"},{"taxonomy":"product_tag","embeddable":true,"href":"https:\/\/www.nomadecrafts.com\/es\/wp-json\/wp\/v2\/product_tag?post=5761"}],"curies":[{"name":"wp","href":"https:\/\/api.w.org\/{rel}","templated":true}]}}