{"id":5754,"date":"2024-01-05T22:47:45","date_gmt":"2024-01-05T22:47:45","guid":{"rendered":"https:\/\/www.nomadecrafts.com\/product\/bucket-purse-pattern-3-sizes-no-stitching-leathercraft-pattern-instructions-pdf-ai-eps-svg\/"},"modified":"2026-03-28T16:17:10","modified_gmt":"2026-03-28T16:17:10","slug":"bucket-purse-pattern","status":"publish","type":"product","link":"https:\/\/www.nomadecrafts.com\/es\/store\/bucket-purse-pattern\/","title":{"rendered":"Patr\u00f3n de bolso cubo"},"content":{"rendered":"<p>El patr\u00f3n viene en tres tama\u00f1os para ofrecerle una amplia gama de opciones, desde el tama\u00f1o m\u00e1s peque\u00f1o, que ser\u00e1 el bolso lindo perfecto, hasta la opci\u00f3n m\u00e1s grande, que es similar a un bolso de mano.<\/p>\n<p>Dado que el dise\u00f1o utiliza un solo elemento, es ideal para cortarlo con la ayuda de un cortador l\u00e1ser. Tambi\u00e9n tiene la ventaja de poder enviarse en un paquete plano y montarse en recepci\u00f3n.<\/p>\n<p>Este dise\u00f1o funciona muy bien con o sin correa, seg\u00fan la funci\u00f3n y el estilo que prefiera.<\/p>\n<hr \/>\n<p>&nbsp;<\/p>\n<p>Esto es <strong>no es un producto fisico<\/strong>, es un conjunto de archivos digitales que contienen:<\/p>\n<ul>\n<li>El patr\u00f3n del proyecto que se muestra en las fotos del listado se present\u00f3 en tres tama\u00f1os diferentes junto con las instrucciones que describen todos los pasos necesarios para completarlo.<\/li>\n<\/ul>\n<p>Este patr\u00f3n se ofrece tanto en versi\u00f3n carta estadounidense como en A4, as\u00ed como en 3 formatos de archivos vectoriales diferentes para que pueda utilizarse con m\u00e1quinas de corte por l\u00e1ser como (Glowforge, XTool, etc.) o trazadores de corte (Cricut).<\/p>\n<p>&nbsp;<\/p>\n<p>&nbsp;<\/p>","protected":false},"excerpt":{"rendered":"<p>\u00a1Compra este patr\u00f3n y comienza a hacer un bolso tipo cubo \u00fanico!<\/p>","protected":false},"featured_media":8345,"comment_status":"open","ping_status":"closed","template":"","meta":{"_vp_format_video_url":"","_vp_image_focal_point":[]},"product_brand":[423],"product_cat":[395],"product_tag":[448,434,447,426,492,493,425,424,433],"class_list":{"0":"post-5754","1":"product","2":"type-product","3":"status-publish","4":"has-post-thumbnail","6":"product_brand-nomadecrafts","7":"product_cat-bags-purses","8":"product_tag-craft-tutorial","9":"product_tag-cricut-project","10":"product_tag-diy-crafts","11":"product_tag-diy-leather","12":"product_tag-diy-leather-purse","13":"product_tag-leather-bag-pattern","14":"product_tag-leather-pattern","15":"product_tag-leathercraft","16":"product_tag-svg-dxf-pattern","18":"first","19":"instock","20":"downloadable","21":"virtual","22":"sold-individually","23":"purchasable","24":"product-type-simple"},"yoast_head":"<!-- This site is optimized with the Yoast SEO plugin v27.4 - https:\/\/yoast.com\/product\/yoast-seo-wordpress\/ -->\n<title>Bucket Purse Pattern - NomadeCrafts<\/title>\n<meta name=\"description\" content=\"Create a chic, no-stitch leather bucket purse from one piece of leather! Download the easy pattern and start crafting today.\" \/>\n<meta name=\"robots\" content=\"index, follow, max-snippet:-1, max-image-preview:large, max-video-preview:-1\" \/>\n<link rel=\"canonical\" href=\"https:\/\/www.nomadecrafts.com\/es\/store\/bucket-purse-pattern\/\" \/>\n<meta property=\"og:locale\" content=\"es_ES\" \/>\n<meta property=\"og:type\" content=\"article\" \/>\n<meta property=\"og:title\" content=\"Bucket Purse Pattern - NomadeCrafts\" \/>\n<meta property=\"og:description\" content=\"Create a chic, no-stitch leather bucket purse from one piece of leather! Download the easy pattern and start crafting today.\" \/>\n<meta property=\"og:url\" content=\"https:\/\/www.nomadecrafts.com\/es\/store\/bucket-purse-pattern\/\" \/>\n<meta property=\"og:site_name\" content=\"NomadeCrafts\" \/>\n<meta property=\"article:modified_time\" content=\"2026-03-28T16:17:10+00:00\" \/>\n<meta property=\"og:image\" content=\"https:\/\/www.nomadecrafts.com\/wp-content\/uploads\/2024\/01\/Etsy_featured_template_Main-1-scaled.jpg\" \/>\n\t<meta property=\"og:image:width\" content=\"2560\" \/>\n\t<meta property=\"og:image:height\" content=\"1916\" \/>\n\t<meta property=\"og:image:type\" content=\"image\/jpeg\" \/>\n<meta name=\"twitter:card\" content=\"summary_large_image\" \/>\n<meta name=\"twitter:label1\" content=\"Tiempo de lectura\" \/>\n\t<meta name=\"twitter:data1\" content=\"1 minuto\" \/>\n<script type=\"application\/ld+json\" class=\"yoast-schema-graph\">{\"@context\":\"https:\\\/\\\/schema.org\",\"@graph\":[{\"@type\":\"WebPage\",\"@id\":\"https:\\\/\\\/www.nomadecrafts.com\\\/store\\\/bucket-purse-pattern\\\/\",\"url\":\"https:\\\/\\\/www.nomadecrafts.com\\\/store\\\/bucket-purse-pattern\\\/\",\"name\":\"Bucket Purse Pattern - NomadeCrafts\",\"isPartOf\":{\"@id\":\"https:\\\/\\\/www.nomadecrafts.com\\\/#website\"},\"primaryImageOfPage\":{\"@id\":\"https:\\\/\\\/www.nomadecrafts.com\\\/store\\\/bucket-purse-pattern\\\/#primaryimage\"},\"image\":{\"@id\":\"https:\\\/\\\/www.nomadecrafts.com\\\/store\\\/bucket-purse-pattern\\\/#primaryimage\"},\"thumbnailUrl\":\"https:\\\/\\\/www.nomadecrafts.com\\\/wp-content\\\/uploads\\\/2024\\\/01\\\/Etsy_featured_template_Main-1-scaled.jpg\",\"datePublished\":\"2024-01-05T22:47:45+00:00\",\"dateModified\":\"2026-03-28T16:17:10+00:00\",\"description\":\"Create a chic, no-stitch leather bucket purse from one piece of leather! Download the easy pattern and start crafting today.\",\"breadcrumb\":{\"@id\":\"https:\\\/\\\/www.nomadecrafts.com\\\/store\\\/bucket-purse-pattern\\\/#breadcrumb\"},\"inLanguage\":\"es\",\"potentialAction\":[{\"@type\":\"ReadAction\",\"target\":[\"https:\\\/\\\/www.nomadecrafts.com\\\/store\\\/bucket-purse-pattern\\\/\"]}]},{\"@type\":\"ImageObject\",\"inLanguage\":\"es\",\"@id\":\"https:\\\/\\\/www.nomadecrafts.com\\\/store\\\/bucket-purse-pattern\\\/#primaryimage\",\"url\":\"https:\\\/\\\/www.nomadecrafts.com\\\/wp-content\\\/uploads\\\/2024\\\/01\\\/Etsy_featured_template_Main-1-scaled.jpg\",\"contentUrl\":\"https:\\\/\\\/www.nomadecrafts.com\\\/wp-content\\\/uploads\\\/2024\\\/01\\\/Etsy_featured_template_Main-1-scaled.jpg\",\"width\":2560,\"height\":1916},{\"@type\":\"BreadcrumbList\",\"@id\":\"https:\\\/\\\/www.nomadecrafts.com\\\/store\\\/bucket-purse-pattern\\\/#breadcrumb\",\"itemListElement\":[{\"@type\":\"ListItem\",\"position\":1,\"name\":\"Home\",\"item\":\"https:\\\/\\\/www.nomadecrafts.com\\\/\"},{\"@type\":\"ListItem\",\"position\":2,\"name\":\"Pattern Store\",\"item\":\"https:\\\/\\\/www.nomadecrafts.com\\\/store\\\/\"},{\"@type\":\"ListItem\",\"position\":3,\"name\":\"Bucket Purse Pattern\"}]},{\"@type\":\"WebSite\",\"@id\":\"https:\\\/\\\/www.nomadecrafts.com\\\/#website\",\"url\":\"https:\\\/\\\/www.nomadecrafts.com\\\/\",\"name\":\"Nomade Crafts&Dreams\",\"description\":\"Your Leathercraft Haven: Patterns, Tutorials, and Inspiration\",\"publisher\":{\"@id\":\"https:\\\/\\\/www.nomadecrafts.com\\\/#organization\"},\"potentialAction\":[{\"@type\":\"SearchAction\",\"target\":{\"@type\":\"EntryPoint\",\"urlTemplate\":\"https:\\\/\\\/www.nomadecrafts.com\\\/?s={search_term_string}\"},\"query-input\":{\"@type\":\"PropertyValueSpecification\",\"valueRequired\":true,\"valueName\":\"search_term_string\"}}],\"inLanguage\":\"es\"},{\"@type\":\"Organization\",\"@id\":\"https:\\\/\\\/www.nomadecrafts.com\\\/#organization\",\"name\":\"Nomadecraftsanddreams\",\"url\":\"https:\\\/\\\/www.nomadecrafts.com\\\/\",\"logo\":{\"@type\":\"ImageObject\",\"inLanguage\":\"es\",\"@id\":\"https:\\\/\\\/www.nomadecrafts.com\\\/#\\\/schema\\\/logo\\\/image\\\/\",\"url\":\"https:\\\/\\\/nomadecrafts.com\\\/wp-content\\\/uploads\\\/2020\\\/11\\\/Nomade_logo_draft_bold.svg_.png\",\"contentUrl\":\"https:\\\/\\\/nomadecrafts.com\\\/wp-content\\\/uploads\\\/2020\\\/11\\\/Nomade_logo_draft_bold.svg_.png\",\"width\":1000,\"height\":1000,\"caption\":\"Nomadecraftsanddreams\"},\"image\":{\"@id\":\"https:\\\/\\\/www.nomadecrafts.com\\\/#\\\/schema\\\/logo\\\/image\\\/\"},\"sameAs\":[\"https:\\\/\\\/www.instagram.com\\\/nomadecraftsanddreams\\\/\",\"https:\\\/\\\/www.pinterest.es\\\/nomadecraftsanddreams\\\/\",\"https:\\\/\\\/www.youtube.com\\\/channel\\\/UCKbAvDv7gdbmYTozbI-FCGg\"]}]}<\/script>\n<!-- \/ Yoast SEO plugin. -->","yoast_head_json":{"title":"Patr\u00f3n de bolso de cubo - NomadeCrafts","description":"Crea un bolso de cuero elegante y sin costuras a partir de una sola pieza de cuero. Descarga el patr\u00f3n f\u00e1cil y comienza a crear hoy mismo.","robots":{"index":"index","follow":"follow","max-snippet":"max-snippet:-1","max-image-preview":"max-image-preview:large","max-video-preview":"max-video-preview:-1"},"canonical":"https:\/\/www.nomadecrafts.com\/es\/store\/bucket-purse-pattern\/","og_locale":"es_ES","og_type":"article","og_title":"Bucket Purse Pattern - NomadeCrafts","og_description":"Create a chic, no-stitch leather bucket purse from one piece of leather! Download the easy pattern and start crafting today.","og_url":"https:\/\/www.nomadecrafts.com\/es\/store\/bucket-purse-pattern\/","og_site_name":"NomadeCrafts","article_modified_time":"2026-03-28T16:17:10+00:00","og_image":[{"width":2560,"height":1916,"url":"https:\/\/www.nomadecrafts.com\/wp-content\/uploads\/2024\/01\/Etsy_featured_template_Main-1-scaled.jpg","type":"image\/jpeg"}],"twitter_card":"summary_large_image","twitter_misc":{"Tiempo de lectura":"1 minuto"},"schema":{"@context":"https:\/\/schema.org","@graph":[{"@type":"WebPage","@id":"https:\/\/www.nomadecrafts.com\/store\/bucket-purse-pattern\/","url":"https:\/\/www.nomadecrafts.com\/store\/bucket-purse-pattern\/","name":"Patr\u00f3n de bolso de cubo - NomadeCrafts","isPartOf":{"@id":"https:\/\/www.nomadecrafts.com\/#website"},"primaryImageOfPage":{"@id":"https:\/\/www.nomadecrafts.com\/store\/bucket-purse-pattern\/#primaryimage"},"image":{"@id":"https:\/\/www.nomadecrafts.com\/store\/bucket-purse-pattern\/#primaryimage"},"thumbnailUrl":"https:\/\/www.nomadecrafts.com\/wp-content\/uploads\/2024\/01\/Etsy_featured_template_Main-1-scaled.jpg","datePublished":"2024-01-05T22:47:45+00:00","dateModified":"2026-03-28T16:17:10+00:00","description":"Crea un bolso de cuero elegante y sin costuras a partir de una sola pieza de cuero. Descarga el patr\u00f3n f\u00e1cil y comienza a crear hoy mismo.","breadcrumb":{"@id":"https:\/\/www.nomadecrafts.com\/store\/bucket-purse-pattern\/#breadcrumb"},"inLanguage":"es","potentialAction":[{"@type":"ReadAction","target":["https:\/\/www.nomadecrafts.com\/store\/bucket-purse-pattern\/"]}]},{"@type":"ImageObject","inLanguage":"es","@id":"https:\/\/www.nomadecrafts.com\/store\/bucket-purse-pattern\/#primaryimage","url":"https:\/\/www.nomadecrafts.com\/wp-content\/uploads\/2024\/01\/Etsy_featured_template_Main-1-scaled.jpg","contentUrl":"https:\/\/www.nomadecrafts.com\/wp-content\/uploads\/2024\/01\/Etsy_featured_template_Main-1-scaled.jpg","width":2560,"height":1916},{"@type":"BreadcrumbList","@id":"https:\/\/www.nomadecrafts.com\/store\/bucket-purse-pattern\/#breadcrumb","itemListElement":[{"@type":"ListItem","position":1,"name":"Home","item":"https:\/\/www.nomadecrafts.com\/"},{"@type":"ListItem","position":2,"name":"Pattern Store","item":"https:\/\/www.nomadecrafts.com\/store\/"},{"@type":"ListItem","position":3,"name":"Bucket Purse Pattern"}]},{"@type":"WebSite","@id":"https:\/\/www.nomadecrafts.com\/#website","url":"https:\/\/www.nomadecrafts.com\/","name":"Artesan\u00edas y sue\u00f1os n\u00f3madas","description":"Tu refugio para la artesan\u00eda en cuero: patrones, tutoriales e inspiraci\u00f3n","publisher":{"@id":"https:\/\/www.nomadecrafts.com\/#organization"},"potentialAction":[{"@type":"SearchAction","target":{"@type":"EntryPoint","urlTemplate":"https:\/\/www.nomadecrafts.com\/?s={search_term_string}"},"query-input":{"@type":"PropertyValueSpecification","valueRequired":true,"valueName":"search_term_string"}}],"inLanguage":"es"},{"@type":"Organization","@id":"https:\/\/www.nomadecrafts.com\/#organization","name":"Nomadecraftsanddreams","url":"https:\/\/www.nomadecrafts.com\/","logo":{"@type":"ImageObject","inLanguage":"es","@id":"https:\/\/www.nomadecrafts.com\/#\/schema\/logo\/image\/","url":"https:\/\/nomadecrafts.com\/wp-content\/uploads\/2020\/11\/Nomade_logo_draft_bold.svg_.png","contentUrl":"https:\/\/nomadecrafts.com\/wp-content\/uploads\/2020\/11\/Nomade_logo_draft_bold.svg_.png","width":1000,"height":1000,"caption":"Nomadecraftsanddreams"},"image":{"@id":"https:\/\/www.nomadecrafts.com\/#\/schema\/logo\/image\/"},"sameAs":["https:\/\/www.instagram.com\/nomadecraftsanddreams\/","https:\/\/www.pinterest.es\/nomadecraftsanddreams\/","https:\/\/www.youtube.com\/channel\/UCKbAvDv7gdbmYTozbI-FCGg"]}]}},"_links":{"self":[{"href":"https:\/\/www.nomadecrafts.com\/es\/wp-json\/wp\/v2\/product\/5754","targetHints":{"allow":["GET"]}}],"collection":[{"href":"https:\/\/www.nomadecrafts.com\/es\/wp-json\/wp\/v2\/product"}],"about":[{"href":"https:\/\/www.nomadecrafts.com\/es\/wp-json\/wp\/v2\/types\/product"}],"replies":[{"embeddable":true,"href":"https:\/\/www.nomadecrafts.com\/es\/wp-json\/wp\/v2\/comments?post=5754"}],"wp:featuredmedia":[{"embeddable":true,"href":"https:\/\/www.nomadecrafts.com\/es\/wp-json\/wp\/v2\/media\/8345"}],"wp:attachment":[{"href":"https:\/\/www.nomadecrafts.com\/es\/wp-json\/wp\/v2\/media?parent=5754"}],"wp:term":[{"taxonomy":"product_brand","embeddable":true,"href":"https:\/\/www.nomadecrafts.com\/es\/wp-json\/wp\/v2\/product_brand?post=5754"},{"taxonomy":"product_cat","embeddable":true,"href":"https:\/\/www.nomadecrafts.com\/es\/wp-json\/wp\/v2\/product_cat?post=5754"},{"taxonomy":"product_tag","embeddable":true,"href":"https:\/\/www.nomadecrafts.com\/es\/wp-json\/wp\/v2\/product_tag?post=5754"}],"curies":[{"name":"wp","href":"https:\/\/api.w.org\/{rel}","templated":true}]}}