{"id":9651,"date":"2025-05-11T11:36:07","date_gmt":"2025-05-11T11:36:07","guid":{"rendered":"https:\/\/www.nomadecrafts.com\/?post_type=product&#038;p=9651"},"modified":"2026-03-31T10:51:13","modified_gmt":"2026-03-31T10:51:13","slug":"cordouan-lighthouse-lamp-pattern","status":"publish","type":"product","link":"https:\/\/www.nomadecrafts.com\/de\/store\/cordouan-lighthouse-lamp-pattern\/","title":{"rendered":"Cordouan Leuchtturm Lampenmuster"},"content":{"rendered":"<p>Hierbei handelt es sich nicht um ein physisches Produkt, sondern um eine Reihe digitaler PDF-Dateien, die Folgendes enthalten:<\/p>\n<p>\ud83d\udcd8 Das Muster des Projekts wird in den Fotos der Auflistung gezeigt (PDF, AI, DXF, SVG).<br \/>\n\ud83d\udcd4 Ein illustriertes Tutorial, das alle Schritte beschreibt, die zum Abschluss des Projekts erforderlich sind.<\/p>\n<p>\ud83d\udca1 Dieses Muster wird in den Versionen US Letter, A4 und A2 sowie in 3 verschiedenen Vektordateiformaten angeboten, um es mit Laserschneidmaschinen wie (Glowforge, XTool usw.) oder Schneideplottern (Cricut) verwenden zu k\u00f6nnen.<\/p>","protected":false},"excerpt":{"rendered":"<p>Kaufen Sie dieses Muster und folgen Sie der Anleitung zu einer einzigartigen und architektonisch pr\u00e4zisen Leuchtturmlampe mit Leder. Nach dem Vorbild des jahrhundertealten Leuchtturms von Cordouan in Frankreich.<\/p>\n<hr \/>\n<p><strong>Verwandtes Tutorial:<\/strong> <a href=\"https:\/\/www.nomadecrafts.com\/de\/cordouan-lighthouse-lamp\/\">Leuchtturmlampe von Cordouan<\/a><\/p>","protected":false},"featured_media":12505,"comment_status":"open","ping_status":"closed","template":"","meta":{"_vp_format_video_url":"","_vp_image_focal_point":[]},"product_brand":[423],"product_cat":[399,1129],"product_tag":[565,1127,1128,448,562,541,556,1126,543,538,557,561,544,560,564,552,545,1125,553,539,504],"class_list":{"0":"post-9651","1":"product","2":"type-product","3":"status-publish","4":"has-post-thumbnail","6":"product_brand-nomadecrafts","7":"product_cat-home-decor","8":"product_cat-lamps","9":"product_tag-advanced-leather-project","10":"product_tag-architectural-leather-art","11":"product_tag-cordouan-lighthouse","12":"product_tag-craft-tutorial","13":"product_tag-cricut-leather-design","14":"product_tag-cricut-template","15":"product_tag-custom-leather-lamp","16":"product_tag-decorative-lamp","17":"product_tag-diy-leather-project","18":"product_tag-dxf-file","19":"product_tag-handmade-lamp-pattern","20":"product_tag-laser-cut-leather-art","21":"product_tag-laser-cutting-project","22":"product_tag-leather-home-decor","23":"product_tag-leathercraft-for-beginners","24":"product_tag-leathercraft-lamp-design","25":"product_tag-leatherworking-tutorial","26":"product_tag-living-room-lamp","27":"product_tag-pdf-leather-pattern","28":"product_tag-svg-file","29":"product_tag-vector-files-for-laser-cutting","31":"first","32":"instock","33":"featured","34":"downloadable","35":"virtual","36":"sold-individually","37":"purchasable","38":"product-type-simple"},"yoast_head":"<!-- This site is optimized with the Yoast SEO plugin v27.4 - https:\/\/yoast.com\/product\/yoast-seo-wordpress\/ -->\n<title>Cordouan Lighthouse Lamp Pattern - NomadeCrafts<\/title>\n<meta name=\"description\" content=\"Create a stunning and architecturally accurate Cordouan lighthouse lamp with leather! This leathercraft pattern comes with PDF &amp; vector files.\" \/>\n<meta name=\"robots\" content=\"index, follow, max-snippet:-1, max-image-preview:large, max-video-preview:-1\" \/>\n<link rel=\"canonical\" href=\"https:\/\/www.nomadecrafts.com\/de\/store\/cordouan-lighthouse-lamp-pattern\/\" \/>\n<meta property=\"og:locale\" content=\"de_DE\" \/>\n<meta property=\"og:type\" content=\"article\" \/>\n<meta property=\"og:title\" content=\"Cordouan Lighthouse Lamp Pattern - NomadeCrafts\" \/>\n<meta property=\"og:description\" content=\"Create a stunning and architecturally accurate Cordouan lighthouse lamp with leather! This leathercraft pattern comes with PDF &amp; vector files.\" \/>\n<meta property=\"og:url\" content=\"https:\/\/www.nomadecrafts.com\/de\/store\/cordouan-lighthouse-lamp-pattern\/\" \/>\n<meta property=\"og:site_name\" content=\"NomadeCrafts\" \/>\n<meta property=\"article:modified_time\" content=\"2026-03-31T10:51:13+00:00\" \/>\n<meta property=\"og:image\" content=\"https:\/\/www.nomadecrafts.com\/wp-content\/uploads\/2026\/03\/Lighthouse_lamp_leather_pattern_listing_photos_Main-scaled.webp\" \/>\n\t<meta property=\"og:image:width\" content=\"2560\" \/>\n\t<meta property=\"og:image:height\" content=\"2560\" \/>\n\t<meta property=\"og:image:type\" content=\"image\/webp\" \/>\n<meta name=\"twitter:card\" content=\"summary_large_image\" \/>\n<script type=\"application\/ld+json\" class=\"yoast-schema-graph\">{\"@context\":\"https:\\\/\\\/schema.org\",\"@graph\":[{\"@type\":\"WebPage\",\"@id\":\"https:\\\/\\\/www.nomadecrafts.com\\\/store\\\/cordouan-lighthouse-lamp-pattern\\\/\",\"url\":\"https:\\\/\\\/www.nomadecrafts.com\\\/store\\\/cordouan-lighthouse-lamp-pattern\\\/\",\"name\":\"Cordouan Lighthouse Lamp Pattern - NomadeCrafts\",\"isPartOf\":{\"@id\":\"https:\\\/\\\/www.nomadecrafts.com\\\/#website\"},\"primaryImageOfPage\":{\"@id\":\"https:\\\/\\\/www.nomadecrafts.com\\\/store\\\/cordouan-lighthouse-lamp-pattern\\\/#primaryimage\"},\"image\":{\"@id\":\"https:\\\/\\\/www.nomadecrafts.com\\\/store\\\/cordouan-lighthouse-lamp-pattern\\\/#primaryimage\"},\"thumbnailUrl\":\"https:\\\/\\\/www.nomadecrafts.com\\\/wp-content\\\/uploads\\\/2026\\\/03\\\/Lighthouse_lamp_leather_pattern_listing_photos_Main-scaled.webp\",\"datePublished\":\"2025-05-11T11:36:07+00:00\",\"dateModified\":\"2026-03-31T10:51:13+00:00\",\"description\":\"Create a stunning and architecturally accurate Cordouan lighthouse lamp with leather! This leathercraft pattern comes with PDF & vector files.\",\"breadcrumb\":{\"@id\":\"https:\\\/\\\/www.nomadecrafts.com\\\/store\\\/cordouan-lighthouse-lamp-pattern\\\/#breadcrumb\"},\"inLanguage\":\"de\",\"potentialAction\":[{\"@type\":\"ReadAction\",\"target\":[\"https:\\\/\\\/www.nomadecrafts.com\\\/store\\\/cordouan-lighthouse-lamp-pattern\\\/\"]}]},{\"@type\":\"ImageObject\",\"inLanguage\":\"de\",\"@id\":\"https:\\\/\\\/www.nomadecrafts.com\\\/store\\\/cordouan-lighthouse-lamp-pattern\\\/#primaryimage\",\"url\":\"https:\\\/\\\/www.nomadecrafts.com\\\/wp-content\\\/uploads\\\/2026\\\/03\\\/Lighthouse_lamp_leather_pattern_listing_photos_Main-scaled.webp\",\"contentUrl\":\"https:\\\/\\\/www.nomadecrafts.com\\\/wp-content\\\/uploads\\\/2026\\\/03\\\/Lighthouse_lamp_leather_pattern_listing_photos_Main-scaled.webp\",\"width\":2560,\"height\":2560},{\"@type\":\"BreadcrumbList\",\"@id\":\"https:\\\/\\\/www.nomadecrafts.com\\\/store\\\/cordouan-lighthouse-lamp-pattern\\\/#breadcrumb\",\"itemListElement\":[{\"@type\":\"ListItem\",\"position\":1,\"name\":\"Home\",\"item\":\"https:\\\/\\\/www.nomadecrafts.com\\\/\"},{\"@type\":\"ListItem\",\"position\":2,\"name\":\"Pattern Store\",\"item\":\"https:\\\/\\\/www.nomadecrafts.com\\\/store\\\/\"},{\"@type\":\"ListItem\",\"position\":3,\"name\":\"Cordouan Lighthouse Lamp Pattern\"}]},{\"@type\":\"WebSite\",\"@id\":\"https:\\\/\\\/www.nomadecrafts.com\\\/#website\",\"url\":\"https:\\\/\\\/www.nomadecrafts.com\\\/\",\"name\":\"Nomade Crafts&Dreams\",\"description\":\"Your Leathercraft Haven: Patterns, Tutorials, and Inspiration\",\"publisher\":{\"@id\":\"https:\\\/\\\/www.nomadecrafts.com\\\/#organization\"},\"potentialAction\":[{\"@type\":\"SearchAction\",\"target\":{\"@type\":\"EntryPoint\",\"urlTemplate\":\"https:\\\/\\\/www.nomadecrafts.com\\\/?s={search_term_string}\"},\"query-input\":{\"@type\":\"PropertyValueSpecification\",\"valueRequired\":true,\"valueName\":\"search_term_string\"}}],\"inLanguage\":\"de\"},{\"@type\":\"Organization\",\"@id\":\"https:\\\/\\\/www.nomadecrafts.com\\\/#organization\",\"name\":\"Nomadecraftsanddreams\",\"url\":\"https:\\\/\\\/www.nomadecrafts.com\\\/\",\"logo\":{\"@type\":\"ImageObject\",\"inLanguage\":\"de\",\"@id\":\"https:\\\/\\\/www.nomadecrafts.com\\\/#\\\/schema\\\/logo\\\/image\\\/\",\"url\":\"https:\\\/\\\/nomadecrafts.com\\\/wp-content\\\/uploads\\\/2020\\\/11\\\/Nomade_logo_draft_bold.svg_.png\",\"contentUrl\":\"https:\\\/\\\/nomadecrafts.com\\\/wp-content\\\/uploads\\\/2020\\\/11\\\/Nomade_logo_draft_bold.svg_.png\",\"width\":1000,\"height\":1000,\"caption\":\"Nomadecraftsanddreams\"},\"image\":{\"@id\":\"https:\\\/\\\/www.nomadecrafts.com\\\/#\\\/schema\\\/logo\\\/image\\\/\"},\"sameAs\":[\"https:\\\/\\\/www.instagram.com\\\/nomadecraftsanddreams\\\/\",\"https:\\\/\\\/www.pinterest.es\\\/nomadecraftsanddreams\\\/\",\"https:\\\/\\\/www.youtube.com\\\/channel\\\/UCKbAvDv7gdbmYTozbI-FCGg\"]}]}<\/script>\n<!-- \/ Yoast SEO plugin. -->","yoast_head_json":{"title":"Muster f\u00fcr eine Cordouan-Leuchtturmlampe - NomadeCrafts","description":"Gestalten Sie eine atemberaubende und architektonisch pr\u00e4zise Cordouan-Leuchtturmlampe aus Leder! Dieses Lederhandwerksmuster enth\u00e4lt PDF- und Vektordateien.","robots":{"index":"index","follow":"follow","max-snippet":"max-snippet:-1","max-image-preview":"max-image-preview:large","max-video-preview":"max-video-preview:-1"},"canonical":"https:\/\/www.nomadecrafts.com\/de\/store\/cordouan-lighthouse-lamp-pattern\/","og_locale":"de_DE","og_type":"article","og_title":"Cordouan Lighthouse Lamp Pattern - NomadeCrafts","og_description":"Create a stunning and architecturally accurate Cordouan lighthouse lamp with leather! This leathercraft pattern comes with PDF & vector files.","og_url":"https:\/\/www.nomadecrafts.com\/de\/store\/cordouan-lighthouse-lamp-pattern\/","og_site_name":"NomadeCrafts","article_modified_time":"2026-03-31T10:51:13+00:00","og_image":[{"width":2560,"height":2560,"url":"https:\/\/www.nomadecrafts.com\/wp-content\/uploads\/2026\/03\/Lighthouse_lamp_leather_pattern_listing_photos_Main-scaled.webp","type":"image\/webp"}],"twitter_card":"summary_large_image","schema":{"@context":"https:\/\/schema.org","@graph":[{"@type":"WebPage","@id":"https:\/\/www.nomadecrafts.com\/store\/cordouan-lighthouse-lamp-pattern\/","url":"https:\/\/www.nomadecrafts.com\/store\/cordouan-lighthouse-lamp-pattern\/","name":"Muster f\u00fcr eine Cordouan-Leuchtturmlampe - NomadeCrafts","isPartOf":{"@id":"https:\/\/www.nomadecrafts.com\/#website"},"primaryImageOfPage":{"@id":"https:\/\/www.nomadecrafts.com\/store\/cordouan-lighthouse-lamp-pattern\/#primaryimage"},"image":{"@id":"https:\/\/www.nomadecrafts.com\/store\/cordouan-lighthouse-lamp-pattern\/#primaryimage"},"thumbnailUrl":"https:\/\/www.nomadecrafts.com\/wp-content\/uploads\/2026\/03\/Lighthouse_lamp_leather_pattern_listing_photos_Main-scaled.webp","datePublished":"2025-05-11T11:36:07+00:00","dateModified":"2026-03-31T10:51:13+00:00","description":"Gestalten Sie eine atemberaubende und architektonisch pr\u00e4zise Cordouan-Leuchtturmlampe aus Leder! Dieses Lederhandwerksmuster enth\u00e4lt PDF- und Vektordateien.","breadcrumb":{"@id":"https:\/\/www.nomadecrafts.com\/store\/cordouan-lighthouse-lamp-pattern\/#breadcrumb"},"inLanguage":"de","potentialAction":[{"@type":"ReadAction","target":["https:\/\/www.nomadecrafts.com\/store\/cordouan-lighthouse-lamp-pattern\/"]}]},{"@type":"ImageObject","inLanguage":"de","@id":"https:\/\/www.nomadecrafts.com\/store\/cordouan-lighthouse-lamp-pattern\/#primaryimage","url":"https:\/\/www.nomadecrafts.com\/wp-content\/uploads\/2026\/03\/Lighthouse_lamp_leather_pattern_listing_photos_Main-scaled.webp","contentUrl":"https:\/\/www.nomadecrafts.com\/wp-content\/uploads\/2026\/03\/Lighthouse_lamp_leather_pattern_listing_photos_Main-scaled.webp","width":2560,"height":2560},{"@type":"BreadcrumbList","@id":"https:\/\/www.nomadecrafts.com\/store\/cordouan-lighthouse-lamp-pattern\/#breadcrumb","itemListElement":[{"@type":"ListItem","position":1,"name":"Home","item":"https:\/\/www.nomadecrafts.com\/"},{"@type":"ListItem","position":2,"name":"Pattern Store","item":"https:\/\/www.nomadecrafts.com\/store\/"},{"@type":"ListItem","position":3,"name":"Cordouan Lighthouse Lamp Pattern"}]},{"@type":"WebSite","@id":"https:\/\/www.nomadecrafts.com\/#website","url":"https:\/\/www.nomadecrafts.com\/","name":"Nomade Crafts&amp;Dreams","description":"Ihr Paradies f\u00fcr Lederhandwerker: Muster, Anleitungen und Inspiration","publisher":{"@id":"https:\/\/www.nomadecrafts.com\/#organization"},"potentialAction":[{"@type":"SearchAction","target":{"@type":"EntryPoint","urlTemplate":"https:\/\/www.nomadecrafts.com\/?s={search_term_string}"},"query-input":{"@type":"PropertyValueSpecification","valueRequired":true,"valueName":"search_term_string"}}],"inLanguage":"de"},{"@type":"Organization","@id":"https:\/\/www.nomadecrafts.com\/#organization","name":"Nomadecraftsanddreams","url":"https:\/\/www.nomadecrafts.com\/","logo":{"@type":"ImageObject","inLanguage":"de","@id":"https:\/\/www.nomadecrafts.com\/#\/schema\/logo\/image\/","url":"https:\/\/nomadecrafts.com\/wp-content\/uploads\/2020\/11\/Nomade_logo_draft_bold.svg_.png","contentUrl":"https:\/\/nomadecrafts.com\/wp-content\/uploads\/2020\/11\/Nomade_logo_draft_bold.svg_.png","width":1000,"height":1000,"caption":"Nomadecraftsanddreams"},"image":{"@id":"https:\/\/www.nomadecrafts.com\/#\/schema\/logo\/image\/"},"sameAs":["https:\/\/www.instagram.com\/nomadecraftsanddreams\/","https:\/\/www.pinterest.es\/nomadecraftsanddreams\/","https:\/\/www.youtube.com\/channel\/UCKbAvDv7gdbmYTozbI-FCGg"]}]}},"_links":{"self":[{"href":"https:\/\/www.nomadecrafts.com\/de\/wp-json\/wp\/v2\/product\/9651","targetHints":{"allow":["GET"]}}],"collection":[{"href":"https:\/\/www.nomadecrafts.com\/de\/wp-json\/wp\/v2\/product"}],"about":[{"href":"https:\/\/www.nomadecrafts.com\/de\/wp-json\/wp\/v2\/types\/product"}],"replies":[{"embeddable":true,"href":"https:\/\/www.nomadecrafts.com\/de\/wp-json\/wp\/v2\/comments?post=9651"}],"wp:featuredmedia":[{"embeddable":true,"href":"https:\/\/www.nomadecrafts.com\/de\/wp-json\/wp\/v2\/media\/12505"}],"wp:attachment":[{"href":"https:\/\/www.nomadecrafts.com\/de\/wp-json\/wp\/v2\/media?parent=9651"}],"wp:term":[{"taxonomy":"product_brand","embeddable":true,"href":"https:\/\/www.nomadecrafts.com\/de\/wp-json\/wp\/v2\/product_brand?post=9651"},{"taxonomy":"product_cat","embeddable":true,"href":"https:\/\/www.nomadecrafts.com\/de\/wp-json\/wp\/v2\/product_cat?post=9651"},{"taxonomy":"product_tag","embeddable":true,"href":"https:\/\/www.nomadecrafts.com\/de\/wp-json\/wp\/v2\/product_tag?post=9651"}],"curies":[{"name":"wp","href":"https:\/\/api.w.org\/{rel}","templated":true}]}}