{"id":7992,"date":"2025-02-19T13:57:35","date_gmt":"2025-02-19T13:57:35","guid":{"rendered":"https:\/\/www.nomadecrafts.com\/?post_type=product&#038;p=7992"},"modified":"2026-03-30T09:56:43","modified_gmt":"2026-03-30T09:56:43","slug":"zodiac-signs-bag-charms-patterns-pack","status":"publish","type":"product","link":"https:\/\/www.nomadecrafts.com\/de\/store\/zodiac-signs-bag-charms-patterns-pack\/","title":{"rendered":"Musterpaket mit Taschenanh\u00e4ngern mit Sternzeichen"},"content":{"rendered":"<p>Das ist <strong>kein physisches Produkt<\/strong>Es handelt sich um eine Reihe digitaler Dateien, die Folgendes enthalten:<\/p>\n<ul>\n<li>Das Muster der Projekte wird in den Fotos der Auflistung gezeigt (PDF, AI, DXF, SVG).<\/li>\n<li>Eine bebilderte Anleitung, die alle notwendigen Schritte zur Fertigstellung der 12 Taschenanh\u00e4nger beschreibt (PDF).<\/li>\n<\/ul>\n<p>Dieses Muster wird sowohl in der US-Letter- als auch in der A4-Version sowie in 3 verschiedenen Vektordateiformaten angeboten, um es mit Laserschneidemaschinen wie (Glowforge, XTool usw.) oder Schneideplottern (Cricut) verwenden zu k\u00f6nnen.<\/p>\n<p>Wenn Sie einen fertigen Sternzeichen-Taschenanh\u00e4nger kaufen m\u00f6chten, sind sie <a href=\"\/de\/store\/zodiac-bag-charm\/\">nur f\u00fcr kurze Zeit hier erh\u00e4ltlich<\/a>.<\/p>","protected":false},"excerpt":{"rendered":"<p>Kaufen Sie dieses Musterpaket und folgen Sie der Anleitung, um diese Taschenanh\u00e4nger mit den 12 Sternzeichen herzustellen. Zeigen Sie Ihr Sternzeichen mit Stil!<\/p>\n<p>Dieses Musterpaket enth\u00e4lt ein kostenloses zus\u00e4tzliches Schl\u00fcsselh\u00fcllenmuster, bei dem die f\u00fcr die Herstellung des Taschenanh\u00e4ngers notwendigen Ausschnitte wiederverwendet werden.<\/p>\n<hr \/>\n<p><strong>Verwandtes Tutorial: <\/strong><a href=\"\/de\/12-zodiac-signs-bag-charms\/\">12 Sternzeichen Taschenanh\u00e4nger<\/a><\/p>","protected":false},"featured_media":12443,"comment_status":"open","ping_status":"closed","template":"","meta":{"_vp_format_video_url":"","_vp_image_focal_point":[]},"product_brand":[423],"product_cat":[393],"product_tag":[477,441,448,434,447,426,425,424,433,432],"class_list":{"0":"post-7992","1":"product","2":"type-product","3":"status-publish","4":"has-post-thumbnail","6":"product_brand-nomadecrafts","7":"product_cat-bag-charms","8":"product_tag-astrology","9":"product_tag-bag-charms","10":"product_tag-craft-tutorial","11":"product_tag-cricut-project","12":"product_tag-diy-crafts","13":"product_tag-diy-leather","14":"product_tag-leather-pattern","15":"product_tag-leathercraft","16":"product_tag-svg-dxf-pattern","17":"product_tag-vector-files","19":"first","20":"instock","21":"featured","22":"sold-individually","23":"shipping-taxable","24":"purchasable","25":"product-type-variable","26":"has-default-attributes"},"yoast_head":"<!-- This site is optimized with the Yoast SEO plugin v27.4 - https:\/\/yoast.com\/product\/yoast-seo-wordpress\/ -->\n<title>Zodiac Signs Bag Charms Patterns Pack - NomadeCrafts<\/title>\n<meta name=\"description\" content=\"Craft 12 zodiac-themed bag charms with this leathercraft pattern. Includes PDF &amp; vector files for laser cutting. Perfect for astrology lovers!\" \/>\n<meta name=\"robots\" content=\"index, follow, max-snippet:-1, max-image-preview:large, max-video-preview:-1\" \/>\n<link rel=\"canonical\" href=\"https:\/\/www.nomadecrafts.com\/de\/store\/zodiac-signs-bag-charms-patterns-pack\/\" \/>\n<meta property=\"og:locale\" content=\"de_DE\" \/>\n<meta property=\"og:type\" content=\"article\" \/>\n<meta property=\"og:title\" content=\"Zodiac Signs Bag Charms Patterns Pack - NomadeCrafts\" \/>\n<meta property=\"og:description\" content=\"Craft 12 zodiac-themed bag charms with this leathercraft pattern. Includes PDF &amp; vector files for laser cutting. Perfect for astrology lovers!\" \/>\n<meta property=\"og:url\" content=\"https:\/\/www.nomadecrafts.com\/de\/store\/zodiac-signs-bag-charms-patterns-pack\/\" \/>\n<meta property=\"og:site_name\" content=\"NomadeCrafts\" \/>\n<meta property=\"article:modified_time\" content=\"2026-03-30T09:56:43+00:00\" \/>\n<meta property=\"og:image\" content=\"https:\/\/www.nomadecrafts.com\/wp-content\/uploads\/2026\/03\/Zodiac_bag_charms_leather_pattern_listing_photos_Main-scaled.webp\" \/>\n\t<meta property=\"og:image:width\" content=\"2560\" \/>\n\t<meta property=\"og:image:height\" content=\"2560\" \/>\n\t<meta property=\"og:image:type\" content=\"image\/webp\" \/>\n<meta name=\"twitter:card\" content=\"summary_large_image\" \/>\n<script type=\"application\/ld+json\" class=\"yoast-schema-graph\">{\"@context\":\"https:\\\/\\\/schema.org\",\"@graph\":[{\"@type\":\"WebPage\",\"@id\":\"https:\\\/\\\/www.nomadecrafts.com\\\/store\\\/zodiac-signs-bag-charms-patterns-pack\\\/\",\"url\":\"https:\\\/\\\/www.nomadecrafts.com\\\/store\\\/zodiac-signs-bag-charms-patterns-pack\\\/\",\"name\":\"Zodiac Signs Bag Charms Patterns Pack - NomadeCrafts\",\"isPartOf\":{\"@id\":\"https:\\\/\\\/www.nomadecrafts.com\\\/#website\"},\"primaryImageOfPage\":{\"@id\":\"https:\\\/\\\/www.nomadecrafts.com\\\/store\\\/zodiac-signs-bag-charms-patterns-pack\\\/#primaryimage\"},\"image\":{\"@id\":\"https:\\\/\\\/www.nomadecrafts.com\\\/store\\\/zodiac-signs-bag-charms-patterns-pack\\\/#primaryimage\"},\"thumbnailUrl\":\"https:\\\/\\\/www.nomadecrafts.com\\\/wp-content\\\/uploads\\\/2026\\\/03\\\/Zodiac_bag_charms_leather_pattern_listing_photos_Main-scaled.webp\",\"datePublished\":\"2025-02-19T13:57:35+00:00\",\"dateModified\":\"2026-03-30T09:56:43+00:00\",\"description\":\"Craft 12 zodiac-themed bag charms with this leathercraft pattern. Includes PDF & vector files for laser cutting. Perfect for astrology lovers!\",\"breadcrumb\":{\"@id\":\"https:\\\/\\\/www.nomadecrafts.com\\\/store\\\/zodiac-signs-bag-charms-patterns-pack\\\/#breadcrumb\"},\"inLanguage\":\"de\",\"potentialAction\":[{\"@type\":\"ReadAction\",\"target\":[\"https:\\\/\\\/www.nomadecrafts.com\\\/store\\\/zodiac-signs-bag-charms-patterns-pack\\\/\"]}]},{\"@type\":\"ImageObject\",\"inLanguage\":\"de\",\"@id\":\"https:\\\/\\\/www.nomadecrafts.com\\\/store\\\/zodiac-signs-bag-charms-patterns-pack\\\/#primaryimage\",\"url\":\"https:\\\/\\\/www.nomadecrafts.com\\\/wp-content\\\/uploads\\\/2026\\\/03\\\/Zodiac_bag_charms_leather_pattern_listing_photos_Main-scaled.webp\",\"contentUrl\":\"https:\\\/\\\/www.nomadecrafts.com\\\/wp-content\\\/uploads\\\/2026\\\/03\\\/Zodiac_bag_charms_leather_pattern_listing_photos_Main-scaled.webp\",\"width\":2560,\"height\":2560},{\"@type\":\"BreadcrumbList\",\"@id\":\"https:\\\/\\\/www.nomadecrafts.com\\\/store\\\/zodiac-signs-bag-charms-patterns-pack\\\/#breadcrumb\",\"itemListElement\":[{\"@type\":\"ListItem\",\"position\":1,\"name\":\"Home\",\"item\":\"https:\\\/\\\/www.nomadecrafts.com\\\/\"},{\"@type\":\"ListItem\",\"position\":2,\"name\":\"Pattern Store\",\"item\":\"https:\\\/\\\/www.nomadecrafts.com\\\/store\\\/\"},{\"@type\":\"ListItem\",\"position\":3,\"name\":\"Zodiac Signs Bag Charms Patterns Pack\"}]},{\"@type\":\"WebSite\",\"@id\":\"https:\\\/\\\/www.nomadecrafts.com\\\/#website\",\"url\":\"https:\\\/\\\/www.nomadecrafts.com\\\/\",\"name\":\"Nomade Crafts&Dreams\",\"description\":\"Your Leathercraft Haven: Patterns, Tutorials, and Inspiration\",\"publisher\":{\"@id\":\"https:\\\/\\\/www.nomadecrafts.com\\\/#organization\"},\"potentialAction\":[{\"@type\":\"SearchAction\",\"target\":{\"@type\":\"EntryPoint\",\"urlTemplate\":\"https:\\\/\\\/www.nomadecrafts.com\\\/?s={search_term_string}\"},\"query-input\":{\"@type\":\"PropertyValueSpecification\",\"valueRequired\":true,\"valueName\":\"search_term_string\"}}],\"inLanguage\":\"de\"},{\"@type\":\"Organization\",\"@id\":\"https:\\\/\\\/www.nomadecrafts.com\\\/#organization\",\"name\":\"Nomadecraftsanddreams\",\"url\":\"https:\\\/\\\/www.nomadecrafts.com\\\/\",\"logo\":{\"@type\":\"ImageObject\",\"inLanguage\":\"de\",\"@id\":\"https:\\\/\\\/www.nomadecrafts.com\\\/#\\\/schema\\\/logo\\\/image\\\/\",\"url\":\"https:\\\/\\\/nomadecrafts.com\\\/wp-content\\\/uploads\\\/2020\\\/11\\\/Nomade_logo_draft_bold.svg_.png\",\"contentUrl\":\"https:\\\/\\\/nomadecrafts.com\\\/wp-content\\\/uploads\\\/2020\\\/11\\\/Nomade_logo_draft_bold.svg_.png\",\"width\":1000,\"height\":1000,\"caption\":\"Nomadecraftsanddreams\"},\"image\":{\"@id\":\"https:\\\/\\\/www.nomadecrafts.com\\\/#\\\/schema\\\/logo\\\/image\\\/\"},\"sameAs\":[\"https:\\\/\\\/www.instagram.com\\\/nomadecraftsanddreams\\\/\",\"https:\\\/\\\/www.pinterest.es\\\/nomadecraftsanddreams\\\/\",\"https:\\\/\\\/www.youtube.com\\\/channel\\\/UCKbAvDv7gdbmYTozbI-FCGg\"]}]}<\/script>\n<!-- \/ Yoast SEO plugin. -->","yoast_head_json":{"title":"Musterpaket mit Taschenanh\u00e4ngern mit Sternzeichen - NomadeCrafts","description":"Fertigen Sie mit dieser Lederhandwerksvorlage 12 Taschenanh\u00e4nger mit Sternzeichenmotiven an. Enth\u00e4lt PDF- und Vektordateien zum Laserschneiden. Perfekt f\u00fcr Astrologie-Fans!","robots":{"index":"index","follow":"follow","max-snippet":"max-snippet:-1","max-image-preview":"max-image-preview:large","max-video-preview":"max-video-preview:-1"},"canonical":"https:\/\/www.nomadecrafts.com\/de\/store\/zodiac-signs-bag-charms-patterns-pack\/","og_locale":"de_DE","og_type":"article","og_title":"Zodiac Signs Bag Charms Patterns Pack - NomadeCrafts","og_description":"Craft 12 zodiac-themed bag charms with this leathercraft pattern. Includes PDF & vector files for laser cutting. Perfect for astrology lovers!","og_url":"https:\/\/www.nomadecrafts.com\/de\/store\/zodiac-signs-bag-charms-patterns-pack\/","og_site_name":"NomadeCrafts","article_modified_time":"2026-03-30T09:56:43+00:00","og_image":[{"width":2560,"height":2560,"url":"https:\/\/www.nomadecrafts.com\/wp-content\/uploads\/2026\/03\/Zodiac_bag_charms_leather_pattern_listing_photos_Main-scaled.webp","type":"image\/webp"}],"twitter_card":"summary_large_image","schema":{"@context":"https:\/\/schema.org","@graph":[{"@type":"WebPage","@id":"https:\/\/www.nomadecrafts.com\/store\/zodiac-signs-bag-charms-patterns-pack\/","url":"https:\/\/www.nomadecrafts.com\/store\/zodiac-signs-bag-charms-patterns-pack\/","name":"Musterpaket mit Taschenanh\u00e4ngern mit Sternzeichen - NomadeCrafts","isPartOf":{"@id":"https:\/\/www.nomadecrafts.com\/#website"},"primaryImageOfPage":{"@id":"https:\/\/www.nomadecrafts.com\/store\/zodiac-signs-bag-charms-patterns-pack\/#primaryimage"},"image":{"@id":"https:\/\/www.nomadecrafts.com\/store\/zodiac-signs-bag-charms-patterns-pack\/#primaryimage"},"thumbnailUrl":"https:\/\/www.nomadecrafts.com\/wp-content\/uploads\/2026\/03\/Zodiac_bag_charms_leather_pattern_listing_photos_Main-scaled.webp","datePublished":"2025-02-19T13:57:35+00:00","dateModified":"2026-03-30T09:56:43+00:00","description":"Fertigen Sie mit dieser Lederhandwerksvorlage 12 Taschenanh\u00e4nger mit Sternzeichenmotiven an. Enth\u00e4lt PDF- und Vektordateien zum Laserschneiden. Perfekt f\u00fcr Astrologie-Fans!","breadcrumb":{"@id":"https:\/\/www.nomadecrafts.com\/store\/zodiac-signs-bag-charms-patterns-pack\/#breadcrumb"},"inLanguage":"de","potentialAction":[{"@type":"ReadAction","target":["https:\/\/www.nomadecrafts.com\/store\/zodiac-signs-bag-charms-patterns-pack\/"]}]},{"@type":"ImageObject","inLanguage":"de","@id":"https:\/\/www.nomadecrafts.com\/store\/zodiac-signs-bag-charms-patterns-pack\/#primaryimage","url":"https:\/\/www.nomadecrafts.com\/wp-content\/uploads\/2026\/03\/Zodiac_bag_charms_leather_pattern_listing_photos_Main-scaled.webp","contentUrl":"https:\/\/www.nomadecrafts.com\/wp-content\/uploads\/2026\/03\/Zodiac_bag_charms_leather_pattern_listing_photos_Main-scaled.webp","width":2560,"height":2560},{"@type":"BreadcrumbList","@id":"https:\/\/www.nomadecrafts.com\/store\/zodiac-signs-bag-charms-patterns-pack\/#breadcrumb","itemListElement":[{"@type":"ListItem","position":1,"name":"Home","item":"https:\/\/www.nomadecrafts.com\/"},{"@type":"ListItem","position":2,"name":"Pattern Store","item":"https:\/\/www.nomadecrafts.com\/store\/"},{"@type":"ListItem","position":3,"name":"Zodiac Signs Bag Charms Patterns Pack"}]},{"@type":"WebSite","@id":"https:\/\/www.nomadecrafts.com\/#website","url":"https:\/\/www.nomadecrafts.com\/","name":"Nomade Crafts&amp;Dreams","description":"Ihr Paradies f\u00fcr Lederhandwerker: Muster, Anleitungen und Inspiration","publisher":{"@id":"https:\/\/www.nomadecrafts.com\/#organization"},"potentialAction":[{"@type":"SearchAction","target":{"@type":"EntryPoint","urlTemplate":"https:\/\/www.nomadecrafts.com\/?s={search_term_string}"},"query-input":{"@type":"PropertyValueSpecification","valueRequired":true,"valueName":"search_term_string"}}],"inLanguage":"de"},{"@type":"Organization","@id":"https:\/\/www.nomadecrafts.com\/#organization","name":"Nomadecraftsanddreams","url":"https:\/\/www.nomadecrafts.com\/","logo":{"@type":"ImageObject","inLanguage":"de","@id":"https:\/\/www.nomadecrafts.com\/#\/schema\/logo\/image\/","url":"https:\/\/nomadecrafts.com\/wp-content\/uploads\/2020\/11\/Nomade_logo_draft_bold.svg_.png","contentUrl":"https:\/\/nomadecrafts.com\/wp-content\/uploads\/2020\/11\/Nomade_logo_draft_bold.svg_.png","width":1000,"height":1000,"caption":"Nomadecraftsanddreams"},"image":{"@id":"https:\/\/www.nomadecrafts.com\/#\/schema\/logo\/image\/"},"sameAs":["https:\/\/www.instagram.com\/nomadecraftsanddreams\/","https:\/\/www.pinterest.es\/nomadecraftsanddreams\/","https:\/\/www.youtube.com\/channel\/UCKbAvDv7gdbmYTozbI-FCGg"]}]}},"_links":{"self":[{"href":"https:\/\/www.nomadecrafts.com\/de\/wp-json\/wp\/v2\/product\/7992","targetHints":{"allow":["GET"]}}],"collection":[{"href":"https:\/\/www.nomadecrafts.com\/de\/wp-json\/wp\/v2\/product"}],"about":[{"href":"https:\/\/www.nomadecrafts.com\/de\/wp-json\/wp\/v2\/types\/product"}],"replies":[{"embeddable":true,"href":"https:\/\/www.nomadecrafts.com\/de\/wp-json\/wp\/v2\/comments?post=7992"}],"wp:featuredmedia":[{"embeddable":true,"href":"https:\/\/www.nomadecrafts.com\/de\/wp-json\/wp\/v2\/media\/12443"}],"wp:attachment":[{"href":"https:\/\/www.nomadecrafts.com\/de\/wp-json\/wp\/v2\/media?parent=7992"}],"wp:term":[{"taxonomy":"product_brand","embeddable":true,"href":"https:\/\/www.nomadecrafts.com\/de\/wp-json\/wp\/v2\/product_brand?post=7992"},{"taxonomy":"product_cat","embeddable":true,"href":"https:\/\/www.nomadecrafts.com\/de\/wp-json\/wp\/v2\/product_cat?post=7992"},{"taxonomy":"product_tag","embeddable":true,"href":"https:\/\/www.nomadecrafts.com\/de\/wp-json\/wp\/v2\/product_tag?post=7992"}],"curies":[{"name":"wp","href":"https:\/\/api.w.org\/{rel}","templated":true}]}}