{"id":5748,"date":"2024-01-05T22:47:41","date_gmt":"2024-01-05T22:47:41","guid":{"rendered":"https:\/\/www.nomadecrafts.com\/product\/puppy-bag-charm-pattern-leathercraft-pattern-tutorial-pdf-ai-eps-svg\/"},"modified":"2026-03-30T13:11:10","modified_gmt":"2026-03-30T13:11:10","slug":"puppy-bag-charm-pattern","status":"publish","type":"product","link":"https:\/\/www.nomadecrafts.com\/de\/store\/puppy-bag-charm-pattern\/","title":{"rendered":"Welpen-Taschenanh\u00e4nger-Muster"},"content":{"rendered":"<p>Das ist <strong>kein physisches Produkt<\/strong>Es handelt sich um eine Reihe digitaler Dateien, die Folgendes enthalten:<\/p>\n<ul>\n<li>Das Muster des Projekts wird in den Fotos der Auflistung (PDF, AI, DXF, SVG) gezeigt.<\/li>\n<li>Ein illustriertes Tutorial, das alle Schritte beschreibt, die zum Abschluss des Projekts erforderlich sind.<\/li>\n<\/ul>\n<p>Dieses Muster wird sowohl in der US-Letter- als auch in der A4-Version sowie in drei verschiedenen Vektordateiformaten angeboten, um es mit Laserschneidmaschinen wie (Glowforge, XTool usw.) oder Schneideplottern (Cricut) verwendbar zu machen.<\/p>","protected":false},"excerpt":{"rendered":"<p>Kaufen Sie dieses Muster und folgen Sie der Anleitung, um Ihren eigenen Taschenanh\u00e4nger mit Welpenmotiv aus Leder herzustellen!<\/p>\n<hr \/>\n<p><strong>Verwandtes Tutorial:<\/strong> <a href=\"https:\/\/www.nomadecrafts.com\/de\/puppy-bag-charm\/\">Welpe Taschenanh\u00e4nger<\/a><\/p>","protected":false},"featured_media":12464,"comment_status":"open","ping_status":"closed","template":"","meta":{"_vp_format_video_url":"","_vp_image_focal_point":[]},"product_brand":[423],"product_cat":[393],"product_tag":[565,494,824,441,448,562,434,541,621,624,483,447,835,426,626,543,822,831,825,837,826,833,828,840,538,619,838,629,482,561,544,623,832,606,617,834,830,827,839,425,836,424,823,564,595,545,553,829,433,539,590,432,504,484],"class_list":{"0":"post-5748","1":"product","2":"type-product","3":"status-publish","4":"has-post-thumbnail","6":"product_brand-nomadecrafts","7":"product_cat-bag-charms","8":"product_tag-advanced-leather-project","9":"product_tag-animal-bag-charm","10":"product_tag-animal-leather-craft","11":"product_tag-bag-charms","12":"product_tag-craft-tutorial","13":"product_tag-cricut-leather-design","14":"product_tag-cricut-project","15":"product_tag-cricut-template","16":"product_tag-custom-leather-charm","17":"product_tag-customizable-bag-charm","18":"product_tag-cute-keychain","19":"product_tag-diy-crafts","20":"product_tag-diy-dog-keychain","21":"product_tag-diy-leather","22":"product_tag-diy-leather-charm","23":"product_tag-diy-leather-project","24":"product_tag-dog-bag-charm","25":"product_tag-dog-jewelry-charm","26":"product_tag-dog-keychain-pattern","27":"product_tag-dog-lover-accessory","28":"product_tag-dog-lover-gift","29":"product_tag-dog-themed-accessory","30":"product_tag-dog-themed-gift","31":"product_tag-dog-themed-leather-craft","32":"product_tag-dxf-file","33":"product_tag-handmade-bag-charm","34":"product_tag-handmade-dog-charm","35":"product_tag-handmade-leather-keychain","36":"product_tag-kids-crafts","37":"product_tag-laser-cut-leather-art","38":"product_tag-laser-cutting-project","39":"product_tag-leather-accessory-pattern","40":"product_tag-leather-animal-art","41":"product_tag-leather-animal-tutorial","42":"product_tag-leather-bag-charm","43":"product_tag-leather-dog-charm","44":"product_tag-leather-dog-decor","45":"product_tag-leather-dog-keychain","46":"product_tag-leather-dog-sculpture","47":"product_tag-leather-pattern","48":"product_tag-leather-pet-gift","49":"product_tag-leathercraft","50":"product_tag-leathercraft-dog-pattern","51":"product_tag-leathercraft-for-beginners","52":"product_tag-leathercraft-tutorial","53":"product_tag-leatherworking-tutorial","54":"product_tag-pdf-leather-pattern","55":"product_tag-pet-lover-craft","56":"product_tag-svg-dxf-pattern","57":"product_tag-svg-file","58":"product_tag-unique-leather-gift","59":"product_tag-vector-files","60":"product_tag-vector-files-for-laser-cutting","61":"product_tag-whimsical-crafts","63":"first","64":"instock","65":"featured","66":"downloadable","67":"virtual","68":"sold-individually","69":"purchasable","70":"product-type-simple"},"yoast_head":"<!-- This site is optimized with the Yoast SEO plugin v27.4 - https:\/\/yoast.com\/product\/yoast-seo-wordpress\/ -->\n<title>Puppy Bag Charm Pattern - NomadeCrafts<\/title>\n<meta name=\"description\" content=\"Add a playful touch to your bag with our puppy leather charm pattern and easy tutorial. Handcrafted and stylish, perfect for animal lovers!\" \/>\n<meta name=\"robots\" content=\"index, follow, max-snippet:-1, max-image-preview:large, max-video-preview:-1\" \/>\n<link rel=\"canonical\" href=\"https:\/\/www.nomadecrafts.com\/de\/store\/puppy-bag-charm-pattern\/\" \/>\n<meta property=\"og:locale\" content=\"de_DE\" \/>\n<meta property=\"og:type\" content=\"article\" \/>\n<meta property=\"og:title\" content=\"Puppy Bag Charm Pattern - NomadeCrafts\" \/>\n<meta property=\"og:description\" content=\"Add a playful touch to your bag with our puppy leather charm pattern and easy tutorial. Handcrafted and stylish, perfect for animal lovers!\" \/>\n<meta property=\"og:url\" content=\"https:\/\/www.nomadecrafts.com\/de\/store\/puppy-bag-charm-pattern\/\" \/>\n<meta property=\"og:site_name\" content=\"NomadeCrafts\" \/>\n<meta property=\"article:modified_time\" content=\"2026-03-30T13:11:10+00:00\" \/>\n<meta property=\"og:image\" content=\"https:\/\/www.nomadecrafts.com\/wp-content\/uploads\/2026\/03\/Puppy_bag_charms_leather_pattern_listing_photos_Main-scaled.webp\" \/>\n\t<meta property=\"og:image:width\" content=\"2560\" \/>\n\t<meta property=\"og:image:height\" content=\"2560\" \/>\n\t<meta property=\"og:image:type\" content=\"image\/webp\" \/>\n<meta name=\"twitter:card\" content=\"summary_large_image\" \/>\n<script type=\"application\/ld+json\" class=\"yoast-schema-graph\">{\"@context\":\"https:\\\/\\\/schema.org\",\"@graph\":[{\"@type\":\"WebPage\",\"@id\":\"https:\\\/\\\/www.nomadecrafts.com\\\/store\\\/puppy-bag-charm-pattern\\\/\",\"url\":\"https:\\\/\\\/www.nomadecrafts.com\\\/store\\\/puppy-bag-charm-pattern\\\/\",\"name\":\"Puppy Bag Charm Pattern - NomadeCrafts\",\"isPartOf\":{\"@id\":\"https:\\\/\\\/www.nomadecrafts.com\\\/#website\"},\"primaryImageOfPage\":{\"@id\":\"https:\\\/\\\/www.nomadecrafts.com\\\/store\\\/puppy-bag-charm-pattern\\\/#primaryimage\"},\"image\":{\"@id\":\"https:\\\/\\\/www.nomadecrafts.com\\\/store\\\/puppy-bag-charm-pattern\\\/#primaryimage\"},\"thumbnailUrl\":\"https:\\\/\\\/www.nomadecrafts.com\\\/wp-content\\\/uploads\\\/2026\\\/03\\\/Puppy_bag_charms_leather_pattern_listing_photos_Main-scaled.webp\",\"datePublished\":\"2024-01-05T22:47:41+00:00\",\"dateModified\":\"2026-03-30T13:11:10+00:00\",\"description\":\"Add a playful touch to your bag with our puppy leather charm pattern and easy tutorial. Handcrafted and stylish, perfect for animal lovers!\",\"breadcrumb\":{\"@id\":\"https:\\\/\\\/www.nomadecrafts.com\\\/store\\\/puppy-bag-charm-pattern\\\/#breadcrumb\"},\"inLanguage\":\"de\",\"potentialAction\":[{\"@type\":\"ReadAction\",\"target\":[\"https:\\\/\\\/www.nomadecrafts.com\\\/store\\\/puppy-bag-charm-pattern\\\/\"]}]},{\"@type\":\"ImageObject\",\"inLanguage\":\"de\",\"@id\":\"https:\\\/\\\/www.nomadecrafts.com\\\/store\\\/puppy-bag-charm-pattern\\\/#primaryimage\",\"url\":\"https:\\\/\\\/www.nomadecrafts.com\\\/wp-content\\\/uploads\\\/2026\\\/03\\\/Puppy_bag_charms_leather_pattern_listing_photos_Main-scaled.webp\",\"contentUrl\":\"https:\\\/\\\/www.nomadecrafts.com\\\/wp-content\\\/uploads\\\/2026\\\/03\\\/Puppy_bag_charms_leather_pattern_listing_photos_Main-scaled.webp\",\"width\":2560,\"height\":2560},{\"@type\":\"BreadcrumbList\",\"@id\":\"https:\\\/\\\/www.nomadecrafts.com\\\/store\\\/puppy-bag-charm-pattern\\\/#breadcrumb\",\"itemListElement\":[{\"@type\":\"ListItem\",\"position\":1,\"name\":\"Home\",\"item\":\"https:\\\/\\\/www.nomadecrafts.com\\\/\"},{\"@type\":\"ListItem\",\"position\":2,\"name\":\"Pattern Store\",\"item\":\"https:\\\/\\\/www.nomadecrafts.com\\\/store\\\/\"},{\"@type\":\"ListItem\",\"position\":3,\"name\":\"Puppy Bag Charm Pattern\"}]},{\"@type\":\"WebSite\",\"@id\":\"https:\\\/\\\/www.nomadecrafts.com\\\/#website\",\"url\":\"https:\\\/\\\/www.nomadecrafts.com\\\/\",\"name\":\"Nomade Crafts&Dreams\",\"description\":\"Your Leathercraft Haven: Patterns, Tutorials, and Inspiration\",\"publisher\":{\"@id\":\"https:\\\/\\\/www.nomadecrafts.com\\\/#organization\"},\"potentialAction\":[{\"@type\":\"SearchAction\",\"target\":{\"@type\":\"EntryPoint\",\"urlTemplate\":\"https:\\\/\\\/www.nomadecrafts.com\\\/?s={search_term_string}\"},\"query-input\":{\"@type\":\"PropertyValueSpecification\",\"valueRequired\":true,\"valueName\":\"search_term_string\"}}],\"inLanguage\":\"de\"},{\"@type\":\"Organization\",\"@id\":\"https:\\\/\\\/www.nomadecrafts.com\\\/#organization\",\"name\":\"Nomadecraftsanddreams\",\"url\":\"https:\\\/\\\/www.nomadecrafts.com\\\/\",\"logo\":{\"@type\":\"ImageObject\",\"inLanguage\":\"de\",\"@id\":\"https:\\\/\\\/www.nomadecrafts.com\\\/#\\\/schema\\\/logo\\\/image\\\/\",\"url\":\"https:\\\/\\\/nomadecrafts.com\\\/wp-content\\\/uploads\\\/2020\\\/11\\\/Nomade_logo_draft_bold.svg_.png\",\"contentUrl\":\"https:\\\/\\\/nomadecrafts.com\\\/wp-content\\\/uploads\\\/2020\\\/11\\\/Nomade_logo_draft_bold.svg_.png\",\"width\":1000,\"height\":1000,\"caption\":\"Nomadecraftsanddreams\"},\"image\":{\"@id\":\"https:\\\/\\\/www.nomadecrafts.com\\\/#\\\/schema\\\/logo\\\/image\\\/\"},\"sameAs\":[\"https:\\\/\\\/www.instagram.com\\\/nomadecraftsanddreams\\\/\",\"https:\\\/\\\/www.pinterest.es\\\/nomadecraftsanddreams\\\/\",\"https:\\\/\\\/www.youtube.com\\\/channel\\\/UCKbAvDv7gdbmYTozbI-FCGg\"]}]}<\/script>\n<!-- \/ Yoast SEO plugin. -->","yoast_head_json":{"title":"Muster f\u00fcr einen Taschenanh\u00e4nger mit Welpenmotiv - NomadeCrafts","description":"Verleihen Sie Ihrer Tasche mit unserem Welpen-Lederanh\u00e4ngermuster und der einfachen Anleitung eine verspielte Note. Handgefertigt und stilvoll, perfekt f\u00fcr Tierliebhaber!","robots":{"index":"index","follow":"follow","max-snippet":"max-snippet:-1","max-image-preview":"max-image-preview:large","max-video-preview":"max-video-preview:-1"},"canonical":"https:\/\/www.nomadecrafts.com\/de\/store\/puppy-bag-charm-pattern\/","og_locale":"de_DE","og_type":"article","og_title":"Puppy Bag Charm Pattern - NomadeCrafts","og_description":"Add a playful touch to your bag with our puppy leather charm pattern and easy tutorial. Handcrafted and stylish, perfect for animal lovers!","og_url":"https:\/\/www.nomadecrafts.com\/de\/store\/puppy-bag-charm-pattern\/","og_site_name":"NomadeCrafts","article_modified_time":"2026-03-30T13:11:10+00:00","og_image":[{"width":2560,"height":2560,"url":"https:\/\/www.nomadecrafts.com\/wp-content\/uploads\/2026\/03\/Puppy_bag_charms_leather_pattern_listing_photos_Main-scaled.webp","type":"image\/webp"}],"twitter_card":"summary_large_image","schema":{"@context":"https:\/\/schema.org","@graph":[{"@type":"WebPage","@id":"https:\/\/www.nomadecrafts.com\/store\/puppy-bag-charm-pattern\/","url":"https:\/\/www.nomadecrafts.com\/store\/puppy-bag-charm-pattern\/","name":"Muster f\u00fcr einen Taschenanh\u00e4nger mit Welpenmotiv - NomadeCrafts","isPartOf":{"@id":"https:\/\/www.nomadecrafts.com\/#website"},"primaryImageOfPage":{"@id":"https:\/\/www.nomadecrafts.com\/store\/puppy-bag-charm-pattern\/#primaryimage"},"image":{"@id":"https:\/\/www.nomadecrafts.com\/store\/puppy-bag-charm-pattern\/#primaryimage"},"thumbnailUrl":"https:\/\/www.nomadecrafts.com\/wp-content\/uploads\/2026\/03\/Puppy_bag_charms_leather_pattern_listing_photos_Main-scaled.webp","datePublished":"2024-01-05T22:47:41+00:00","dateModified":"2026-03-30T13:11:10+00:00","description":"Verleihen Sie Ihrer Tasche mit unserem Welpen-Lederanh\u00e4ngermuster und der einfachen Anleitung eine verspielte Note. Handgefertigt und stilvoll, perfekt f\u00fcr Tierliebhaber!","breadcrumb":{"@id":"https:\/\/www.nomadecrafts.com\/store\/puppy-bag-charm-pattern\/#breadcrumb"},"inLanguage":"de","potentialAction":[{"@type":"ReadAction","target":["https:\/\/www.nomadecrafts.com\/store\/puppy-bag-charm-pattern\/"]}]},{"@type":"ImageObject","inLanguage":"de","@id":"https:\/\/www.nomadecrafts.com\/store\/puppy-bag-charm-pattern\/#primaryimage","url":"https:\/\/www.nomadecrafts.com\/wp-content\/uploads\/2026\/03\/Puppy_bag_charms_leather_pattern_listing_photos_Main-scaled.webp","contentUrl":"https:\/\/www.nomadecrafts.com\/wp-content\/uploads\/2026\/03\/Puppy_bag_charms_leather_pattern_listing_photos_Main-scaled.webp","width":2560,"height":2560},{"@type":"BreadcrumbList","@id":"https:\/\/www.nomadecrafts.com\/store\/puppy-bag-charm-pattern\/#breadcrumb","itemListElement":[{"@type":"ListItem","position":1,"name":"Home","item":"https:\/\/www.nomadecrafts.com\/"},{"@type":"ListItem","position":2,"name":"Pattern Store","item":"https:\/\/www.nomadecrafts.com\/store\/"},{"@type":"ListItem","position":3,"name":"Puppy Bag Charm Pattern"}]},{"@type":"WebSite","@id":"https:\/\/www.nomadecrafts.com\/#website","url":"https:\/\/www.nomadecrafts.com\/","name":"Nomade Crafts&amp;Dreams","description":"Ihr Paradies f\u00fcr Lederhandwerker: Muster, Anleitungen und Inspiration","publisher":{"@id":"https:\/\/www.nomadecrafts.com\/#organization"},"potentialAction":[{"@type":"SearchAction","target":{"@type":"EntryPoint","urlTemplate":"https:\/\/www.nomadecrafts.com\/?s={search_term_string}"},"query-input":{"@type":"PropertyValueSpecification","valueRequired":true,"valueName":"search_term_string"}}],"inLanguage":"de"},{"@type":"Organization","@id":"https:\/\/www.nomadecrafts.com\/#organization","name":"Nomadecraftsanddreams","url":"https:\/\/www.nomadecrafts.com\/","logo":{"@type":"ImageObject","inLanguage":"de","@id":"https:\/\/www.nomadecrafts.com\/#\/schema\/logo\/image\/","url":"https:\/\/nomadecrafts.com\/wp-content\/uploads\/2020\/11\/Nomade_logo_draft_bold.svg_.png","contentUrl":"https:\/\/nomadecrafts.com\/wp-content\/uploads\/2020\/11\/Nomade_logo_draft_bold.svg_.png","width":1000,"height":1000,"caption":"Nomadecraftsanddreams"},"image":{"@id":"https:\/\/www.nomadecrafts.com\/#\/schema\/logo\/image\/"},"sameAs":["https:\/\/www.instagram.com\/nomadecraftsanddreams\/","https:\/\/www.pinterest.es\/nomadecraftsanddreams\/","https:\/\/www.youtube.com\/channel\/UCKbAvDv7gdbmYTozbI-FCGg"]}]}},"_links":{"self":[{"href":"https:\/\/www.nomadecrafts.com\/de\/wp-json\/wp\/v2\/product\/5748","targetHints":{"allow":["GET"]}}],"collection":[{"href":"https:\/\/www.nomadecrafts.com\/de\/wp-json\/wp\/v2\/product"}],"about":[{"href":"https:\/\/www.nomadecrafts.com\/de\/wp-json\/wp\/v2\/types\/product"}],"replies":[{"embeddable":true,"href":"https:\/\/www.nomadecrafts.com\/de\/wp-json\/wp\/v2\/comments?post=5748"}],"wp:featuredmedia":[{"embeddable":true,"href":"https:\/\/www.nomadecrafts.com\/de\/wp-json\/wp\/v2\/media\/12464"}],"wp:attachment":[{"href":"https:\/\/www.nomadecrafts.com\/de\/wp-json\/wp\/v2\/media?parent=5748"}],"wp:term":[{"taxonomy":"product_brand","embeddable":true,"href":"https:\/\/www.nomadecrafts.com\/de\/wp-json\/wp\/v2\/product_brand?post=5748"},{"taxonomy":"product_cat","embeddable":true,"href":"https:\/\/www.nomadecrafts.com\/de\/wp-json\/wp\/v2\/product_cat?post=5748"},{"taxonomy":"product_tag","embeddable":true,"href":"https:\/\/www.nomadecrafts.com\/de\/wp-json\/wp\/v2\/product_tag?post=5748"}],"curies":[{"name":"wp","href":"https:\/\/api.w.org\/{rel}","templated":true}]}}