{"id":5747,"date":"2024-01-05T22:47:40","date_gmt":"2024-01-05T22:47:40","guid":{"rendered":"https:\/\/www.nomadecrafts.com\/product\/marine-life-themed-baby-mobile-pattern-leathercraft-pattern-tutorial-pdf-ai-eps-svg\/"},"modified":"2026-03-31T06:39:30","modified_gmt":"2026-03-31T06:39:30","slug":"marine-life-themed-baby-mobile-pattern","status":"publish","type":"product","link":"https:\/\/www.nomadecrafts.com\/de\/store\/marine-life-themed-baby-mobile-pattern\/","title":{"rendered":"Baby-Mobile-Muster zum Thema Meeresleben"},"content":{"rendered":"<p>Dieses Projekt ist f\u00fcr sehr geduldige Bastler gedacht, da es lange dauern wird, alle Elemente, aus denen die Szene besteht, zusammenzun\u00e4hen! Das Ergebnis ist es jedoch auf jeden Fall wert, da Sie ein wundersch\u00f6nes Andenken schaffen, das Sie jahrelang sch\u00e4tzen werden.<\/p>\n<hr \/>\n<p>Das ist <strong>kein physisches Produkt<\/strong>Es handelt sich um eine Reihe digitaler Dateien, die Folgendes enthalten:<\/p>\n<ul>\n<li>Das Muster des Projekts wird in den Fotos der Auflistung (PDF, AI, DXF, SVG) gezeigt.<\/li>\n<li>Ein illustriertes Tutorial, das alle Schritte beschreibt, die zum Abschluss des Projekts erforderlich sind.<\/li>\n<\/ul>\n<p>Dieses Muster wird sowohl in der US-Letter- als auch in der A4-Version sowie in drei verschiedenen Vektordateiformaten angeboten, um es mit Laserschneidmaschinen wie (Glowforge, XTool usw.) oder Schneideplottern (Cricut) verwendbar zu machen.<\/p>","protected":false},"excerpt":{"rendered":"<p>Kaufen Sie dieses Muster und folgen Sie der Anleitung, um Ihr eigenes Baby-Mobile im Meereslebewesen-Stil aus Leder, einem Reifen und einer Baumwollkordel herzustellen.<\/p>\n<hr \/>\n<p><strong>Verwandtes Tutorial:<\/strong> <a href=\"https:\/\/www.nomadecrafts.com\/de\/marine-life-baby-mobile\/\">Meereslebewesen-Baby-Mobile<\/a><\/p>","protected":false},"featured_media":8903,"comment_status":"open","ping_status":"closed","template":"","meta":{"_vp_format_video_url":"","_vp_image_focal_point":[]},"product_brand":[423],"product_cat":[402],"product_tag":[565,579,562,541,734,583,737,543,740,538,572,738,561,544,606,731,642,741,736,735,653,644,564,730,595,545,627,729,651,581,643,622,732,660,553,640,733,539,739,590,504],"class_list":{"0":"post-5747","1":"product","2":"type-product","3":"status-publish","4":"has-post-thumbnail","6":"product_brand-nomadecrafts","7":"product_cat-baby-mobiles","8":"product_tag-advanced-leather-project","9":"product_tag-baby-shower-gift-idea","10":"product_tag-cricut-leather-design","11":"product_tag-cricut-template","12":"product_tag-custom-leather-mobile","13":"product_tag-customizable-baby-mobile","14":"product_tag-diy-leather-mobile","15":"product_tag-diy-leather-project","16":"product_tag-diy-ocean-themed-mobile","17":"product_tag-dxf-file","18":"product_tag-handmade-baby-mobile","19":"product_tag-handmade-leather-mobile","20":"product_tag-laser-cut-leather-art","21":"product_tag-laser-cutting-project","22":"product_tag-leather-animal-tutorial","23":"product_tag-leather-baby-mobile","24":"product_tag-leather-marine-decor","25":"product_tag-leather-marine-life-set","26":"product_tag-leather-marine-mobile","27":"product_tag-leather-nursery-decor","28":"product_tag-leather-ocean-creature","29":"product_tag-leather-sea-animal-pattern","30":"product_tag-leathercraft-for-beginners","31":"product_tag-leathercraft-marine-mobile","32":"product_tag-leathercraft-tutorial","33":"product_tag-leatherworking-tutorial","34":"product_tag-marine-animal-pattern","35":"product_tag-marine-life-baby-mobile","36":"product_tag-marine-life-gift-idea","37":"product_tag-nursery-mobile-pattern","38":"product_tag-ocean-lover-gift","39":"product_tag-ocean-themed-gift","40":"product_tag-ocean-themed-nursery-decor","41":"product_tag-oceanic-leather-art","42":"product_tag-pdf-leather-pattern","43":"product_tag-sea-creature-leather-craft","44":"product_tag-sea-creature-mobile-pattern","45":"product_tag-svg-file","46":"product_tag-underwater-theme-mobile","47":"product_tag-unique-leather-gift","48":"product_tag-vector-files-for-laser-cutting","50":"first","51":"instock","52":"featured","53":"downloadable","54":"virtual","55":"sold-individually","56":"purchasable","57":"product-type-simple"},"yoast_head":"<!-- This site is optimized with the Yoast SEO plugin v27.4 - https:\/\/yoast.com\/product\/yoast-seo-wordpress\/ -->\n<title>Marine Life Themed Baby Mobile Pattern - NomadeCrafts<\/title>\n<meta name=\"description\" content=\"Create a marine life baby mobile with this leathercraft pattern. Includes PDF &amp; vector files for laser cutting. Great for ocean-themed nurseries!\" \/>\n<meta name=\"robots\" content=\"index, follow, max-snippet:-1, max-image-preview:large, max-video-preview:-1\" \/>\n<link rel=\"canonical\" href=\"https:\/\/www.nomadecrafts.com\/de\/store\/marine-life-themed-baby-mobile-pattern\/\" \/>\n<meta property=\"og:locale\" content=\"de_DE\" \/>\n<meta property=\"og:type\" content=\"article\" \/>\n<meta property=\"og:title\" content=\"Marine Life Themed Baby Mobile Pattern - NomadeCrafts\" \/>\n<meta property=\"og:description\" content=\"Create a marine life baby mobile with this leathercraft pattern. Includes PDF &amp; vector files for laser cutting. Great for ocean-themed nurseries!\" \/>\n<meta property=\"og:url\" content=\"https:\/\/www.nomadecrafts.com\/de\/store\/marine-life-themed-baby-mobile-pattern\/\" \/>\n<meta property=\"og:site_name\" content=\"NomadeCrafts\" \/>\n<meta property=\"article:modified_time\" content=\"2026-03-31T06:39:30+00:00\" \/>\n<meta property=\"og:image\" content=\"https:\/\/www.nomadecrafts.com\/wp-content\/uploads\/2024\/01\/Etsy_featured_template_Main-14-scaled.jpg\" \/>\n\t<meta property=\"og:image:width\" content=\"2560\" \/>\n\t<meta property=\"og:image:height\" content=\"1916\" \/>\n\t<meta property=\"og:image:type\" content=\"image\/jpeg\" \/>\n<meta name=\"twitter:card\" content=\"summary_large_image\" \/>\n<meta name=\"twitter:label1\" content=\"Gesch\u00e4tzte Lesezeit\" \/>\n\t<meta name=\"twitter:data1\" content=\"1\u00a0Minute\" \/>\n<script type=\"application\/ld+json\" class=\"yoast-schema-graph\">{\"@context\":\"https:\\\/\\\/schema.org\",\"@graph\":[{\"@type\":\"WebPage\",\"@id\":\"https:\\\/\\\/www.nomadecrafts.com\\\/store\\\/marine-life-themed-baby-mobile-pattern\\\/\",\"url\":\"https:\\\/\\\/www.nomadecrafts.com\\\/store\\\/marine-life-themed-baby-mobile-pattern\\\/\",\"name\":\"Marine Life Themed Baby Mobile Pattern - NomadeCrafts\",\"isPartOf\":{\"@id\":\"https:\\\/\\\/www.nomadecrafts.com\\\/#website\"},\"primaryImageOfPage\":{\"@id\":\"https:\\\/\\\/www.nomadecrafts.com\\\/store\\\/marine-life-themed-baby-mobile-pattern\\\/#primaryimage\"},\"image\":{\"@id\":\"https:\\\/\\\/www.nomadecrafts.com\\\/store\\\/marine-life-themed-baby-mobile-pattern\\\/#primaryimage\"},\"thumbnailUrl\":\"https:\\\/\\\/www.nomadecrafts.com\\\/wp-content\\\/uploads\\\/2024\\\/01\\\/Etsy_featured_template_Main-14-scaled.jpg\",\"datePublished\":\"2024-01-05T22:47:40+00:00\",\"dateModified\":\"2026-03-31T06:39:30+00:00\",\"description\":\"Create a marine life baby mobile with this leathercraft pattern. Includes PDF & vector files for laser cutting. Great for ocean-themed nurseries!\",\"breadcrumb\":{\"@id\":\"https:\\\/\\\/www.nomadecrafts.com\\\/store\\\/marine-life-themed-baby-mobile-pattern\\\/#breadcrumb\"},\"inLanguage\":\"de\",\"potentialAction\":[{\"@type\":\"ReadAction\",\"target\":[\"https:\\\/\\\/www.nomadecrafts.com\\\/store\\\/marine-life-themed-baby-mobile-pattern\\\/\"]}]},{\"@type\":\"ImageObject\",\"inLanguage\":\"de\",\"@id\":\"https:\\\/\\\/www.nomadecrafts.com\\\/store\\\/marine-life-themed-baby-mobile-pattern\\\/#primaryimage\",\"url\":\"https:\\\/\\\/www.nomadecrafts.com\\\/wp-content\\\/uploads\\\/2024\\\/01\\\/Etsy_featured_template_Main-14-scaled.jpg\",\"contentUrl\":\"https:\\\/\\\/www.nomadecrafts.com\\\/wp-content\\\/uploads\\\/2024\\\/01\\\/Etsy_featured_template_Main-14-scaled.jpg\",\"width\":2560,\"height\":1916},{\"@type\":\"BreadcrumbList\",\"@id\":\"https:\\\/\\\/www.nomadecrafts.com\\\/store\\\/marine-life-themed-baby-mobile-pattern\\\/#breadcrumb\",\"itemListElement\":[{\"@type\":\"ListItem\",\"position\":1,\"name\":\"Home\",\"item\":\"https:\\\/\\\/www.nomadecrafts.com\\\/\"},{\"@type\":\"ListItem\",\"position\":2,\"name\":\"Pattern Store\",\"item\":\"https:\\\/\\\/www.nomadecrafts.com\\\/store\\\/\"},{\"@type\":\"ListItem\",\"position\":3,\"name\":\"Marine Life Themed Baby Mobile Pattern\"}]},{\"@type\":\"WebSite\",\"@id\":\"https:\\\/\\\/www.nomadecrafts.com\\\/#website\",\"url\":\"https:\\\/\\\/www.nomadecrafts.com\\\/\",\"name\":\"Nomade Crafts&Dreams\",\"description\":\"Your Leathercraft Haven: Patterns, Tutorials, and Inspiration\",\"publisher\":{\"@id\":\"https:\\\/\\\/www.nomadecrafts.com\\\/#organization\"},\"potentialAction\":[{\"@type\":\"SearchAction\",\"target\":{\"@type\":\"EntryPoint\",\"urlTemplate\":\"https:\\\/\\\/www.nomadecrafts.com\\\/?s={search_term_string}\"},\"query-input\":{\"@type\":\"PropertyValueSpecification\",\"valueRequired\":true,\"valueName\":\"search_term_string\"}}],\"inLanguage\":\"de\"},{\"@type\":\"Organization\",\"@id\":\"https:\\\/\\\/www.nomadecrafts.com\\\/#organization\",\"name\":\"Nomadecraftsanddreams\",\"url\":\"https:\\\/\\\/www.nomadecrafts.com\\\/\",\"logo\":{\"@type\":\"ImageObject\",\"inLanguage\":\"de\",\"@id\":\"https:\\\/\\\/www.nomadecrafts.com\\\/#\\\/schema\\\/logo\\\/image\\\/\",\"url\":\"https:\\\/\\\/nomadecrafts.com\\\/wp-content\\\/uploads\\\/2020\\\/11\\\/Nomade_logo_draft_bold.svg_.png\",\"contentUrl\":\"https:\\\/\\\/nomadecrafts.com\\\/wp-content\\\/uploads\\\/2020\\\/11\\\/Nomade_logo_draft_bold.svg_.png\",\"width\":1000,\"height\":1000,\"caption\":\"Nomadecraftsanddreams\"},\"image\":{\"@id\":\"https:\\\/\\\/www.nomadecrafts.com\\\/#\\\/schema\\\/logo\\\/image\\\/\"},\"sameAs\":[\"https:\\\/\\\/www.instagram.com\\\/nomadecraftsanddreams\\\/\",\"https:\\\/\\\/www.pinterest.es\\\/nomadecraftsanddreams\\\/\",\"https:\\\/\\\/www.youtube.com\\\/channel\\\/UCKbAvDv7gdbmYTozbI-FCGg\"]}]}<\/script>\n<!-- \/ Yoast SEO plugin. -->","yoast_head_json":{"title":"Muster f\u00fcr Baby-Mobile mit Meeresmotiven - NomadeCrafts","description":"Basteln Sie mit dieser Lederhandwerksvorlage ein Baby-Mobile mit Meeresmotiven. Enth\u00e4lt PDF- und Vektordateien zum Laserschneiden. Ideal f\u00fcr Kinderzimmer mit Meeresmotiven!","robots":{"index":"index","follow":"follow","max-snippet":"max-snippet:-1","max-image-preview":"max-image-preview:large","max-video-preview":"max-video-preview:-1"},"canonical":"https:\/\/www.nomadecrafts.com\/de\/store\/marine-life-themed-baby-mobile-pattern\/","og_locale":"de_DE","og_type":"article","og_title":"Marine Life Themed Baby Mobile Pattern - NomadeCrafts","og_description":"Create a marine life baby mobile with this leathercraft pattern. Includes PDF & vector files for laser cutting. Great for ocean-themed nurseries!","og_url":"https:\/\/www.nomadecrafts.com\/de\/store\/marine-life-themed-baby-mobile-pattern\/","og_site_name":"NomadeCrafts","article_modified_time":"2026-03-31T06:39:30+00:00","og_image":[{"width":2560,"height":1916,"url":"https:\/\/www.nomadecrafts.com\/wp-content\/uploads\/2024\/01\/Etsy_featured_template_Main-14-scaled.jpg","type":"image\/jpeg"}],"twitter_card":"summary_large_image","twitter_misc":{"Gesch\u00e4tzte Lesezeit":"1\u00a0Minute"},"schema":{"@context":"https:\/\/schema.org","@graph":[{"@type":"WebPage","@id":"https:\/\/www.nomadecrafts.com\/store\/marine-life-themed-baby-mobile-pattern\/","url":"https:\/\/www.nomadecrafts.com\/store\/marine-life-themed-baby-mobile-pattern\/","name":"Muster f\u00fcr Baby-Mobile mit Meeresmotiven - NomadeCrafts","isPartOf":{"@id":"https:\/\/www.nomadecrafts.com\/#website"},"primaryImageOfPage":{"@id":"https:\/\/www.nomadecrafts.com\/store\/marine-life-themed-baby-mobile-pattern\/#primaryimage"},"image":{"@id":"https:\/\/www.nomadecrafts.com\/store\/marine-life-themed-baby-mobile-pattern\/#primaryimage"},"thumbnailUrl":"https:\/\/www.nomadecrafts.com\/wp-content\/uploads\/2024\/01\/Etsy_featured_template_Main-14-scaled.jpg","datePublished":"2024-01-05T22:47:40+00:00","dateModified":"2026-03-31T06:39:30+00:00","description":"Basteln Sie mit dieser Lederhandwerksvorlage ein Baby-Mobile mit Meeresmotiven. Enth\u00e4lt PDF- und Vektordateien zum Laserschneiden. Ideal f\u00fcr Kinderzimmer mit Meeresmotiven!","breadcrumb":{"@id":"https:\/\/www.nomadecrafts.com\/store\/marine-life-themed-baby-mobile-pattern\/#breadcrumb"},"inLanguage":"de","potentialAction":[{"@type":"ReadAction","target":["https:\/\/www.nomadecrafts.com\/store\/marine-life-themed-baby-mobile-pattern\/"]}]},{"@type":"ImageObject","inLanguage":"de","@id":"https:\/\/www.nomadecrafts.com\/store\/marine-life-themed-baby-mobile-pattern\/#primaryimage","url":"https:\/\/www.nomadecrafts.com\/wp-content\/uploads\/2024\/01\/Etsy_featured_template_Main-14-scaled.jpg","contentUrl":"https:\/\/www.nomadecrafts.com\/wp-content\/uploads\/2024\/01\/Etsy_featured_template_Main-14-scaled.jpg","width":2560,"height":1916},{"@type":"BreadcrumbList","@id":"https:\/\/www.nomadecrafts.com\/store\/marine-life-themed-baby-mobile-pattern\/#breadcrumb","itemListElement":[{"@type":"ListItem","position":1,"name":"Home","item":"https:\/\/www.nomadecrafts.com\/"},{"@type":"ListItem","position":2,"name":"Pattern Store","item":"https:\/\/www.nomadecrafts.com\/store\/"},{"@type":"ListItem","position":3,"name":"Marine Life Themed Baby Mobile Pattern"}]},{"@type":"WebSite","@id":"https:\/\/www.nomadecrafts.com\/#website","url":"https:\/\/www.nomadecrafts.com\/","name":"Nomade Crafts&amp;Dreams","description":"Ihr Paradies f\u00fcr Lederhandwerker: Muster, Anleitungen und Inspiration","publisher":{"@id":"https:\/\/www.nomadecrafts.com\/#organization"},"potentialAction":[{"@type":"SearchAction","target":{"@type":"EntryPoint","urlTemplate":"https:\/\/www.nomadecrafts.com\/?s={search_term_string}"},"query-input":{"@type":"PropertyValueSpecification","valueRequired":true,"valueName":"search_term_string"}}],"inLanguage":"de"},{"@type":"Organization","@id":"https:\/\/www.nomadecrafts.com\/#organization","name":"Nomadecraftsanddreams","url":"https:\/\/www.nomadecrafts.com\/","logo":{"@type":"ImageObject","inLanguage":"de","@id":"https:\/\/www.nomadecrafts.com\/#\/schema\/logo\/image\/","url":"https:\/\/nomadecrafts.com\/wp-content\/uploads\/2020\/11\/Nomade_logo_draft_bold.svg_.png","contentUrl":"https:\/\/nomadecrafts.com\/wp-content\/uploads\/2020\/11\/Nomade_logo_draft_bold.svg_.png","width":1000,"height":1000,"caption":"Nomadecraftsanddreams"},"image":{"@id":"https:\/\/www.nomadecrafts.com\/#\/schema\/logo\/image\/"},"sameAs":["https:\/\/www.instagram.com\/nomadecraftsanddreams\/","https:\/\/www.pinterest.es\/nomadecraftsanddreams\/","https:\/\/www.youtube.com\/channel\/UCKbAvDv7gdbmYTozbI-FCGg"]}]}},"_links":{"self":[{"href":"https:\/\/www.nomadecrafts.com\/de\/wp-json\/wp\/v2\/product\/5747","targetHints":{"allow":["GET"]}}],"collection":[{"href":"https:\/\/www.nomadecrafts.com\/de\/wp-json\/wp\/v2\/product"}],"about":[{"href":"https:\/\/www.nomadecrafts.com\/de\/wp-json\/wp\/v2\/types\/product"}],"replies":[{"embeddable":true,"href":"https:\/\/www.nomadecrafts.com\/de\/wp-json\/wp\/v2\/comments?post=5747"}],"wp:featuredmedia":[{"embeddable":true,"href":"https:\/\/www.nomadecrafts.com\/de\/wp-json\/wp\/v2\/media\/8903"}],"wp:attachment":[{"href":"https:\/\/www.nomadecrafts.com\/de\/wp-json\/wp\/v2\/media?parent=5747"}],"wp:term":[{"taxonomy":"product_brand","embeddable":true,"href":"https:\/\/www.nomadecrafts.com\/de\/wp-json\/wp\/v2\/product_brand?post=5747"},{"taxonomy":"product_cat","embeddable":true,"href":"https:\/\/www.nomadecrafts.com\/de\/wp-json\/wp\/v2\/product_cat?post=5747"},{"taxonomy":"product_tag","embeddable":true,"href":"https:\/\/www.nomadecrafts.com\/de\/wp-json\/wp\/v2\/product_tag?post=5747"}],"curies":[{"name":"wp","href":"https:\/\/api.w.org\/{rel}","templated":true}]}}